{"id":29232,"date":"2022-07-11T06:54:36","date_gmt":"2022-07-11T06:54:36","guid":{"rendered":"https:\/\/dev.trescaires.com\/?page_id=29232"},"modified":"2023-02-01T11:11:40","modified_gmt":"2023-02-01T11:11:40","slug":"politica-de-cookies","status":"publish","type":"page","link":"https:\/\/bodega.canfeliu.es\/tienda\/ca\/politica-de-cookies\/","title":{"rendered":"Pol\u00edtica de Cookies"},"content":{"rendered":"<div data-elementor-type=\"wp-page\" data-elementor-id=\"29232\" class=\"elementor elementor-29232\">\n\t\t\t\t\t\t\t\t\t<section class=\"wd-negative-gap elementor-section elementor-top-section elementor-element elementor-element-a90c2b5 elementor-section-boxed elementor-section-height-default elementor-section-height-default wd-section-disabled\" data-id=\"a90c2b5\" data-element_type=\"section\">\n\t\t\t\t\t\t<div class=\"elementor-container elementor-column-gap-default\">\n\t\t\t\t\t<div class=\"elementor-column elementor-col-100 elementor-top-column elementor-element elementor-element-ec56ef9\" data-id=\"ec56ef9\" data-element_type=\"column\">\n\t\t\t<div class=\"elementor-widget-wrap elementor-element-populated\">\n\t\t\t\t\t\t\t\t<div class=\"elementor-element elementor-element-28412ed elementor-widget elementor-widget-wd_text_block\" data-id=\"28412ed\" data-element_type=\"widget\" data-widget_type=\"wd_text_block.default\">\n\t\t\t\t<div class=\"elementor-widget-container\">\n\t\t\t\t\t<div class=\"wd-text-block reset-last-child text-left\">\n\t\t\t\n\t\t\t<p><strong>INFORMACI\u00d3 SOBRE COOKIES\u00a0<\/strong><\/p><p>Conformi amb la Llei 34\/2002, d&#039;11 de juliol, de serveis de la societat de la informaci\u00f3 i de comer\u00e7 electr\u00f2nic (LSSI), en relaci\u00f3 amb el Reglament (UE) 2016\/679 del Parlament Europeu i del Consell, de 27 de abril de 2016, General de Protecci\u00f3 de Dades (GDPR) i la Llei Org\u00e0nica 3\/2018, de 5 de desembre, de Protecci\u00f3 de Dades i Garantia dels Drets Digitals (LOPDGDD), \u00e9s obligat obtenir el consentiment expr\u00e9s de l&#039;usuari de totes les p\u00e0gines web que usen cookies prescindibles, abans que aquest navegui per elles. \u00a0<\/p><p><strong>QU\u00c8 S\u00d3N LES COOKIES?\u00a0<\/strong><\/p><p>Les\u00a0<em>cookies\u00a0<\/em>i altres tecnologies similars com ara local shared objects, flash\u00a0<em>cookies\u00a0<\/em>o p\u00edxels, s\u00f3n eines emprades pels servidors web per emmagatzemar i recuperar informaci\u00f3 sobre els seus visitants, aix\u00ed com per oferir un funcionament correcte del lloc.<\/p><p>Mitjan\u00e7ant l\u00fas daquests dispositius es permet al servidor web recordar algunes dades concernents a lusuari, com les seves prefer\u00e8ncies per a la visualitzaci\u00f3 de les p\u00e0gines daquest servidor, nom i contrasenya, productes que m\u00e9s li interessen, etc.\u00a0<\/p><p><strong>COOKIES AFECTADES PER LA NORMATIVA I COOKIES EXCEPTUADES\u00a0<\/strong><\/p><p>Segons la directiva de la UE, les\u00a0<em>cookies\u00a0<\/em>que requereixen el consentiment informat per part de l&#039;usuari s\u00f3n les\u00a0<em>cookies\u00a0<\/em>d&#039;anal\u00edtica i les de publicitat i afiliaci\u00f3, i queden exceptuades les de car\u00e0cter t\u00e8cnic i les necess\u00e0ries per al funcionament del lloc web o la prestaci\u00f3 de serveis expressament sol\u00b7licitats per l&#039;usuari.\u00a0<\/p><p><strong>\u00a0<\/strong><\/p><p><strong>TIPUS DE COOKIES<\/strong><\/p><p><strong>SEGONS LA FINALITAT<\/strong><\/p><ul><li><strong><em>Cookies\u00a0<\/em><\/strong><strong>t\u00e8cniques i funcionals<\/strong>: s\u00f3n aquelles que permeten a l&#039;usuari la navegaci\u00f3 a trav\u00e9s d&#039;una p\u00e0gina web, plataforma o aplicaci\u00f3 i la utilitzaci\u00f3 de les diferents opcions o serveis que hi hagi<em>.<\/em><\/li><li><strong><em>Cookies\u00a0<\/em><\/strong><strong>anal\u00edtiques<\/strong>: s\u00f3n aquelles que permeten al responsable de les mateixes el seguiment i an\u00e0lisi del comportament dels usuaris dels llocs web a qu\u00e8 estan vinculades. La informaci\u00f3 recollida mitjan\u00e7ant aquest tipus de\u00a0<em>cookies<\/em>s&#039;utilitza en el mesurament de l&#039;activitat dels llocs web, l&#039;aplicaci\u00f3 o la plataforma i per a l&#039;elaboraci\u00f3 de perfils de navegaci\u00f3 dels usuaris d&#039;aquests llocs, aplicacions i plataformes, per introduir millores en funci\u00f3 de l&#039;an\u00e0lisi de les dades d&#039;\u00fas que fan els usuaris del servei.<\/li><li><strong><em>Cookies<\/em><\/strong><strong>publicit\u00e0ries:<\/strong>\u00a0s\u00f3n aquelles que permeten la gesti\u00f3, de la manera m\u00e9s efica\u00e7 possible, dels espais publicitaris que, si escau, l&#039;editor hagi incl\u00f2s en una p\u00e0gina web, aplicaci\u00f3 o plataforma des de la qual presta el servei sol\u00b7licitat segons criteris com el contingut editat o la freq\u00fc\u00e8ncia en qu\u00e8 es mostren els anuncis.<\/li><li><strong><em>Cookies\u00a0<\/em><\/strong><strong>de publicitat comportamental<\/strong>: recullen informaci\u00f3 sobre les prefer\u00e8ncies i eleccions personals de l&#039;usuari (<em>retargeting<\/em>) per permetre la gesti\u00f3, de la manera m\u00e9s efica\u00e7 possible, dels espais publicitaris que, si escau, l&#039;editor hagi incl\u00f2s en una p\u00e0gina web, aplicaci\u00f3 o plataforma des de la qual presta el servei sol\u00b7licitat.<\/li><li><strong><em>Cookies\u00a0<\/em><\/strong><strong>socials<\/strong>: s\u00f3n establertes per les plataformes de xarxes socials en els serveis per permetre compartir contingut amb els seus amics i xarxes. Les plataformes de mitjans socials tenen la capacitat de rastrejar la seva activitat en l\u00ednia fora dels serveis. Aix\u00f2 pot afectar el contingut i els missatges que veieu en altres serveis que visiteu.<\/li><li><strong><em>Cookies\u00a0<\/em><\/strong><strong>d&#039;afiliats<\/strong>: permeten fer un seguiment de les visites procedents d&#039;altres webs, amb qu\u00e8 el lloc web estableix un contracte d&#039;afiliaci\u00f3 (empreses d&#039;afiliaci\u00f3).<\/li><li><strong><em>Cookies\u00a0<\/em><\/strong><strong>de seguretat<\/strong>: emmagatzemen informaci\u00f3 xifrada per evitar que les dades guardades siguin vulnerables a atacs maliciosos de tercers.<\/li><\/ul><p><strong>SEGONS LA PROPIETAT<\/strong><\/p><ul><li><strong><em>Cookies<\/em><\/strong><strong>pr\u00f2pies<\/strong>: s\u00f3n les que s&#039;envien a l&#039;equip terminal de l&#039;usuari des d&#039;un equip o domini gestionat pel mateix editor i des del qual es presta el servei sol\u00b7licitat per l&#039;usuari.<\/li><li><strong><em>Cookies<\/em><\/strong><strong>de tercers:<\/strong>\u00a0s\u00f3n aquelles que s&#039;envien a l&#039;equip terminal de l&#039;usuari des d&#039;un equip o domini que no \u00e9s gestionat per l&#039;editor, sin\u00f3 per una altra entitat que tracta les dades obtingudes a trav\u00e9s de les galetes.<\/li><\/ul><p><strong>SEGONS EL TERMINI DE CONSERVACI\u00d3<\/strong><\/p><ul><li><strong><em>Cookies<\/em><\/strong><strong>de sessi\u00f3:<\/strong>\u00a0s\u00f3n un tipus de\u00a0<em>cookies<\/em>\u00a0dissenyades per demanar i emmagatzemar dades mentre l&#039;usuari accedeix a una p\u00e0gina web.<\/li><li><strong><em>Cookies<\/em><\/strong><strong>persistents:<\/strong>\u00a0s\u00f3n un tipus de cookies en qu\u00e8 les dades segueixen emmagatzemades al terminal i poden ser accedides i tractades durant un per\u00edode definit pel responsable de la\u00a0<em>galeta<\/em>, i que pot anar duns minuts a diversos anys.<\/li><\/ul><p><strong>TRACTAMENT DE DADES PERSONALS\u00a0\u00a0<\/strong><\/p><p>Son Dagueta SL \u00e9s el\u00a0<strong>Responsable del tractament<\/strong>\u00a0de les dades personals del\u00a0<strong>Interessat\u00a0<\/strong>i us informa que aquestes dades seran tractades de conformitat amb el que disposa el Reglament (UE) 2016\/679, de 27 d&#039;abril de 2016 (GDPR), per la qual cosa se us facilita la informaci\u00f3 seg\u00fcent del tractament:<\/p><p><strong>Fins del tractament:\u00a0<\/strong>segons s&#039;especifica a l&#039;apartat de\u00a0<em>cookies\u00a0<\/em>que sutilitzen en aquest lloc web.<\/p><p><strong>Legitimaci\u00f3 del tractament<\/strong>: per consentiment de l&#039;interessat (art. 6.1 GDPR).<\/p><p><strong>Criteris de conservaci\u00f3 de les dades<\/strong>: segons s&#039;especifica a l&#039;apartat de\u00a0<em>cookies\u00a0<\/em>utilitzades a la web.<\/p><p><strong>Comunicaci\u00f3 de les dades<\/strong>: no es comunicaran les dades a tercers, excepte en cookies propietat de tercers o per obligaci\u00f3 legal.<\/p><p><strong>Drets que assisteixen a l&#039;interessat<\/strong>: Dret a retirar el consentiment en qualsevol moment.<br \/>- Dret d&#039;acc\u00e9s, rectificaci\u00f3, portabilitat i supressi\u00f3 de les dades, i de limitaci\u00f3 o oposici\u00f3 al tractament. Dret a presentar una reclamaci\u00f3 davant de l&#039;Autoritat de control (<a href=\"http:\/\/www.aepd.es\/\">www.aepd.es<\/a>) si considera que el tractament no s&#039;ajusta a la normativa vigent.<\/p><p><strong>Dades de contacte per exercir els seus drets:\u00a0<\/strong>S\u00f3n Dagueta SL<strong>\u00a0\u2013\u00a0<\/strong>C\/Parents, 4, 07260 Porreres, Balears\u00a0<strong>\u2013\u00a0<\/strong>E-mail:\u00a0<a href=\"mailto:info@canfeliu.es\">info@canfeliu.es<\/a><\/p><p><strong>COOKIES UTILITZADES EN AQUEST LLOC WEB<\/strong><\/p><p>L&#039;Entitat utilitza en aquest lloc web les cookies seg\u00fcents per a les finalitats que s&#039;exposen a continuaci\u00f3:<\/p><table width=\"100%\"><tbody><tr><td width=\"349\"><p><strong>Nom<\/strong><\/p><\/td><td width=\"349\"><p><strong>Temps d&#039;expiraci\u00f3<\/strong><\/p><\/td><td width=\"349\"><p><strong>Finalitat<\/strong><\/p><\/td><td width=\"116\"><p><strong>Pr\u00f2pia o de tercers<\/strong><\/p><\/td><\/tr><tr><td width=\"349\"><p>&quot;Din\u00e1miques&quot;<\/p><\/td><td width=\"349\"><p>Sessi\u00f3<\/p><\/td><td width=\"349\"><p>Cookie necess\u00e0ria per a la utilitzaci\u00f3 de les opcions i serveis del lloc web.<\/p><\/td><td width=\"116\"><p>Pr\u00f2pia<\/p><\/td><\/tr><tr><td width=\"349\"><p>web_status<\/p><\/td><td width=\"349\"><p>Sessi\u00f3\/any<\/p><\/td><td width=\"349\"><p>Aquesta galeta s&#039;utilitza per recordar si heu donat el vostre consentiment per a l&#039;\u00fas de cookies en aquest lloc web.<\/p><\/td><td width=\"116\"><p>Pr\u00f2pia<\/p><\/td><\/tr><tr><td width=\"349\"><p>web_essencials<\/p><\/td><td width=\"349\"><p>Sessi\u00f3\/any<\/p><\/td><td width=\"349\"><p>Cookie necess\u00e0ria per a la utilitzaci\u00f3 de les opcions i serveis del lloc web.<\/p><\/td><td width=\"116\"><p>Pr\u00f2pia<\/p><\/td><\/tr><tr><td width=\"349\"><p>analytics_storage<\/p><\/td><td width=\"349\"><p>Sessi\u00f3\/any<\/p><\/td><td width=\"349\"><p>Aquesta galeta s&#039;utilitza per recordar si heu donat el vostre consentiment per a l&#039;\u00fas de cookies anal\u00edtiques.<\/p><\/td><td width=\"116\"><p>Pr\u00f2pia<\/p><\/td><\/tr><tr><td width=\"349\"><p>ad_storage<\/p><\/td><td width=\"349\"><p>Sessi\u00f3\/any<\/p><\/td><td width=\"349\"><p>Aquesta galeta s&#039;utilitza per recordar si heu donat el vostre consentiment per a l&#039;\u00fas de cookies comercials.<\/p><\/td><td width=\"116\"><p>Pr\u00f2pia<\/p><\/td><\/tr><\/tbody><\/table><p>\u00a0<\/p><table width=\"100%\"><tbody><tr><td width=\"349\"><p><strong>Nom<\/strong><\/p><\/td><td width=\"349\"><p><strong>Temps d&#039;expiraci\u00f3<\/strong><\/p><\/td><td width=\"349\"><p><strong>Finalitat<\/strong><\/p><\/td><td width=\"116\"><p><strong>Pr\u00f2pia o de tercers<\/strong><\/p><\/td><\/tr><tr><td width=\"349\"><p>_gat_UA-90707811-4<\/p><\/td><td width=\"349\"><p>10 minuts<\/p><\/td><td width=\"349\"><p>Estad\u00edstica. Google Analytics<\/p><\/td><td width=\"116\"><p>Tercers<\/p><\/td><\/tr><tr><td width=\"349\"><p>_ga<\/p><\/td><td width=\"349\"><p>2 anys<\/p><\/td><td width=\"349\"><p>Estad\u00edstica. Google Analytics.<\/p><\/td><td width=\"116\"><p>Tercers<\/p><\/td><\/tr><tr><td width=\"349\"><p>_gid<\/p><\/td><td width=\"349\"><p>20 hores<\/p><\/td><td width=\"349\"><p>Estad\u00edstica. Google Analytics.<\/p><\/td><td width=\"116\"><p>Tercers<\/p><\/td><\/tr><tr><td width=\"349\"><p>_gcl_au<\/p><\/td><td width=\"349\"><p>75 dies<\/p><\/td><td width=\"349\"><p>Estad\u00edstica. Cookies de Google.<\/p><\/td><td width=\"116\"><p>Tercers<\/p><\/td><\/tr><tr><td width=\"349\"><p>_fbp<\/p><\/td><td width=\"349\"><p>3 mesos<\/p><\/td><td width=\"349\"><p>Galetes de Facebook.<\/p><\/td><td width=\"116\"><p>Tercers<\/p><\/td><\/tr><tr><td width=\"349\"><p>_fbc<\/p><\/td><td width=\"349\"><p>3 mesos<\/p><\/td><td width=\"349\"><p>Galetes de Facebook.<\/p><\/td><td width=\"116\"><p>Tercers<\/p><\/td><\/tr><\/tbody><\/table><p>\u00a0<\/p><table width=\"100%\"><tbody><tr><td width=\"625\"><p><strong>Nom<\/strong><\/p><\/td><td width=\"221\"><p><strong>Temps d&#039;expiraci\u00f3<\/strong><\/p><\/td><td width=\"220\"><p><strong>Finalitat<\/strong><\/p><\/td><td width=\"98\"><p><strong>Pr\u00f2pia o de tercers<\/strong><\/p><\/td><\/tr><tr><td width=\"625\"><p>IDE, SIDCC, __Secure-3PAPISID, __Secure-1PAPISID, SAPISID, HSID, __Secure-3PSID, SID, SSID, __Secure-1PSID, APISID, __Secure-3PSIDCC, AEC, CONSENT, NID, 1P_ APISID, __Secure-1PSID, SID, __Secure-3PSID, __Secure-1PAPISID, SSID, NID, CONSENT, OTZ<\/p><\/td><td width=\"221\"><p>De 1 dia a 2 anys<\/p><\/td><td width=\"220\"><p>Extern. Cookies de Google.<\/p><\/td><td width=\"98\"><p>Tercers<\/p><\/td><\/tr><tr><td width=\"625\"><p>datr, sb<\/p><\/td><td width=\"221\"><p>De 1 mes a 2 anys<\/p><\/td><td width=\"220\"><p>Extern. Galetes de Facebook.<\/p><\/td><td width=\"98\"><p>Tercers<\/p><\/td><\/tr><tr><td width=\"625\"><p>_hjAbsoluteSessionInProgress, _hjFirstSeen, _hjIncludedInPageviewSample,<br \/>_hjIncludedInSessionSample, _hjSessionUser_XXXXXX, _hjSession_XXXXXX<\/p><\/td><td width=\"221\"><p>De 1 dia a 1 any<\/p><\/td><td width=\"220\"><p>Extern. Galetes Anal\u00edtiques de Hotjar<\/p><\/td><td width=\"98\"><p>Tercers<\/p><\/td><\/tr><\/tbody><\/table><p><strong>COOKIES DE TERCERS<\/strong><\/p><p>Els serveis de tercers s\u00f3n aliens al control de l&#039;editor. Els prove\u00efdors poden modificar en tot moment les condicions de servei, finalitat i utilitzaci\u00f3 de les cookies, etc.<\/p><table width=\"100%\"><tbody><tr><td width=\"582\"><p><strong>Editor<\/strong><\/p><\/td><td width=\"582\"><p><strong>Pol\u00edtica de privadesa\u00a0<\/strong><\/p><\/td><\/tr><tr><td width=\"582\"><p>Google Analytics<\/p><\/td><td width=\"582\"><p><a href=\"https:\/\/privacy.google.com\/take-control.html\">https:\/\/privacy.google.com\/take-control.html<\/a><\/p><\/td><\/tr><tr><td width=\"582\"><p>Os\u00e0<\/p><\/td><td width=\"582\"><p>N\/A<\/p><\/td><\/tr><\/tbody><\/table><p><strong>COM GESTIONAR LES COOKIES DES DEL NAVEGADOR<\/strong><\/p><table width=\"100%\"><tbody><tr><td width=\"582\"><p><strong>Eliminar les galetes del dispositiu<\/strong><\/p><\/td><td width=\"582\"><p>Les galetes que ja estan en un dispositiu es poden eliminar esborrant l&#039;historial del navegador, de manera que se suprimeixen les galetes de tots els llocs web visitats.<br \/>No obstant aix\u00f2, tamb\u00e9 podeu perdre part de la informaci\u00f3 desada (per exemple, les dades d&#039;inici de sessi\u00f3 o les prefer\u00e8ncies de lloc web).<\/p><\/td><\/tr><tr><td width=\"582\"><p><strong>Gestionar les cookies espec\u00edfiques del lloc<\/strong><\/p><\/td><td width=\"582\"><p>Per tenir un control m\u00e9s prec\u00eds de les galetes espec\u00edfiques de cada lloc, els usuaris poden ajustar la seva configuraci\u00f3 de privadesa i galetes al navegador.<\/p><\/td><\/tr><tr><td width=\"582\"><p><strong>Bloquejar les cookies<\/strong><\/p><\/td><td width=\"582\"><p>Encara que la majoria dels navegadors moderns es poden configurar per evitar que s&#039;instal\u00b7lin galetes als dispositius, aix\u00f2 pot obligar a l&#039;ajustament manual de determinades prefer\u00e8ncies cada vegada que es visiti un lloc o p\u00e0gina. A m\u00e9s, alguns serveis i caracter\u00edstiques poden no funcionar correctament (per exemple, els inicis de sessi\u00f3 amb perfil).<\/p><\/td><\/tr><\/tbody><\/table><p><strong>COM ELIMINAR LES COOKIES DELS NAVEGADORS M\u00c9S COMUNS<\/strong><\/p><table width=\"100%\"><tbody><tr><td width=\"541\"><p><strong>Chrome<\/strong><\/p><\/td><td width=\"70%\"><p><a href=\"https:\/\/support.google.com\/chrome\/answer\/95647?hl=es\">http:\/\/support.google.com\/chrome\/answer\/95647?hl=es<\/a><\/p><\/td><\/tr><tr><td width=\"30%\"><p><strong>Internet Explorer. Versi\u00f3 11<\/strong><\/p><\/td><td width=\"70%\"><p><a href=\"https:\/\/support.microsoft.com\/es-es\/help\/278835\/how-to-delete-cookie-files-in-internet-explorer\">https:\/\/support.microsoft.com\/es-es\/help\/278835\/how-to-delete-cookie-files-in-internet-explorer<\/a><\/p><\/td><\/tr><tr><td width=\"30%\"><p><strong>Firefox. Versi\u00f3 65.0.1<\/strong><\/p><\/td><td width=\"70%\"><p><a href=\"https:\/\/www.mozilla.org\/es-ES\/privacy\/websites\/#cookies\">https:\/\/www.mozilla.org\/es-ES\/privacy\/websites\/#cookies<\/a><\/p><\/td><\/tr><tr><td width=\"30%\"><p><strong>Safari Versi\u00f3 5.1<\/strong><\/p><\/td><td width=\"70%\"><p><a href=\"https:\/\/support.apple.com\/es-es\/guide\/safari\/sfri11471\/mac\">https:\/\/support.apple.com\/es-es\/guide\/safari\/sfri11471\/mac<\/a><\/p><\/td><\/tr><tr><td width=\"30%\"><p><strong>Opera<\/strong><\/p><\/td><td width=\"70%\"><p><a href=\"https:\/\/help.opera.com\/en\/latest\/security-and-privacy\/#clearBrowsingData\">https:\/\/help.opera.com\/en\/latest\/security-and-privacy\/#clearBrowsingData<\/a><\/p><\/td><\/tr><\/tbody><\/table><p><strong>PANELL DE CONFIGURACI\u00d3 DE COOKIES<\/strong><\/p><p>Des del bot\u00f3 &quot;CONFIGURACI\u00d3 DE COOKIES&quot; que apareix sempre visible a la part inferior esquerra del web podr\u00e0 configurar les cookies que el lloc web pot instal\u00b7lar al vostre navegador, excepte les cookies t\u00e8cniques o funcionals que s\u00f3n necess\u00e0ries per a la navegaci\u00f3 i la utilitzaci\u00f3 de les diferents opcions o serveis que s&#039;hi ofereixen.<\/p><p>ACCEPTAR TOTES s&#039;acceptaran totes les cookies que utilitzem a la p\u00e0gina.<\/p><p>ACCEPTAR CONFIGURACI\u00d3 s&#039;acceptaran nom\u00e9s les galetes seleccionades.<\/p><p>GUARDAR NOM\u00c9S LES NECESS\u00c0RIES s&#039;acceptaran nom\u00e9s les galetes que s\u00f3n estrictament necess\u00e0ries perqu\u00e8 funcioni la p\u00e0gina.<\/p><p>\u00a0<\/p><p>\u00a0<\/p>\n\t\t\t\t\t<\/div>\n\t\t\t\t<\/div>\n\t\t\t\t<\/div>\n\t\t\t\t\t<\/div>\n\t\t<\/div>\n\t\t\t\t\t\t\t<\/div>\n\t\t<\/section>\n\t\t\t\t\t\t\t<\/div>","protected":false},"excerpt":{"rendered":"<p>INFORMACI\u00d3N SOBRE COOKIES\u00a0 Conforme con la Ley 34\/2002, de 11 de julio, de servicios de la sociedad de la informaci\u00f3n<\/p>","protected":false},"author":1,"featured_media":0,"parent":0,"menu_order":0,"comment_status":"closed","ping_status":"closed","template":"","meta":{"footnotes":""},"class_list":["post-29232","page","type-page","status-publish","hentry"],"yoast_head":"<!-- This site is optimized with the Yoast SEO plugin v23.5 - https:\/\/yoast.com\/wordpress\/plugins\/seo\/ -->\n<title>Bodega Can Feliu -<\/title>\n<meta name=\"description\" content=\"La bodega Can Feliu es el coraz\u00f3n de nuestro Agroturismo. Un alojamiento para amantes de la naturaleza. Una bodega en Mallorca donde encontrar\u00e1s la mejor selecci\u00f3n de vinos.\" \/>\n<meta name=\"robots\" content=\"index, follow, max-snippet:-1, max-image-preview:large, max-video-preview:-1\" \/>\n<link rel=\"canonical\" href=\"https:\/\/bodega.canfeliu.es\/tienda\/ca\/politica-de-cookies\/\" \/>\n<meta property=\"og:locale\" content=\"ca_ES\" \/>\n<meta property=\"og:type\" content=\"article\" \/>\n<meta property=\"og:title\" content=\"Bodega Can Feliu -\" \/>\n<meta property=\"og:description\" content=\"La bodega Can Feliu es el coraz\u00f3n de nuestro Agroturismo. Un alojamiento para amantes de la naturaleza. Una bodega en Mallorca donde encontrar\u00e1s la mejor selecci\u00f3n de vinos.\" \/>\n<meta property=\"og:url\" content=\"https:\/\/bodega.canfeliu.es\/tienda\/ca\/politica-de-cookies\/\" \/>\n<meta property=\"og:site_name\" content=\"Bodega Can Feliu\" \/>\n<meta property=\"article:publisher\" content=\"https:\/\/www.facebook.com\/destileriasjordiperello\" \/>\n<meta property=\"article:modified_time\" content=\"2023-02-01T11:11:40+00:00\" \/>\n<meta name=\"twitter:card\" content=\"summary_large_image\" \/>\n<meta name=\"twitter:site\" content=\"@trescaires\" \/>\n<script type=\"application\/ld+json\" class=\"yoast-schema-graph\">{\"@context\":\"https:\/\/schema.org\",\"@graph\":[{\"@type\":\"WebPage\",\"@id\":\"https:\/\/bodega.canfeliu.es\/tienda\/politica-de-cookies\/\",\"url\":\"https:\/\/bodega.canfeliu.es\/tienda\/politica-de-cookies\/\",\"name\":\"Bodega Can Feliu -\",\"isPartOf\":{\"@id\":\"https:\/\/bodega.canfeliu.es\/tienda\/#website\"},\"datePublished\":\"2022-07-11T06:54:36+00:00\",\"dateModified\":\"2023-02-01T11:11:40+00:00\",\"description\":\"La bodega Can Feliu es el coraz\u00f3n de nuestro Agroturismo. Un alojamiento para amantes de la naturaleza. Una bodega en Mallorca donde encontrar\u00e1s la mejor selecci\u00f3n de vinos.\",\"breadcrumb\":{\"@id\":\"https:\/\/bodega.canfeliu.es\/tienda\/politica-de-cookies\/#breadcrumb\"},\"inLanguage\":\"ca\",\"potentialAction\":[{\"@type\":\"ReadAction\",\"target\":[\"https:\/\/bodega.canfeliu.es\/tienda\/politica-de-cookies\/\"]}]},{\"@type\":\"BreadcrumbList\",\"@id\":\"https:\/\/bodega.canfeliu.es\/tienda\/politica-de-cookies\/#breadcrumb\",\"itemListElement\":[{\"@type\":\"ListItem\",\"position\":1,\"name\":\"Home\",\"item\":\"https:\/\/bodega.canfeliu.es\/tienda\/\"},{\"@type\":\"ListItem\",\"position\":2,\"name\":\"Pol\u00edtica de Cookies\"}]},{\"@type\":\"WebSite\",\"@id\":\"https:\/\/bodega.canfeliu.es\/tienda\/#website\",\"url\":\"https:\/\/bodega.canfeliu.es\/tienda\/\",\"name\":\"Tienda Online - Bodega Can Feliu\",\"description\":\"Tienda de vinos de Can Feliu\",\"publisher\":{\"@id\":\"https:\/\/bodega.canfeliu.es\/tienda\/#organization\"},\"potentialAction\":[{\"@type\":\"SearchAction\",\"target\":{\"@type\":\"EntryPoint\",\"urlTemplate\":\"https:\/\/bodega.canfeliu.es\/tienda\/?s={search_term_string}\"},\"query-input\":{\"@type\":\"PropertyValueSpecification\",\"valueRequired\":true,\"valueName\":\"search_term_string\"}}],\"inLanguage\":\"ca\"},{\"@type\":\"Organization\",\"@id\":\"https:\/\/bodega.canfeliu.es\/tienda\/#organization\",\"name\":\"Bodega Can Feliu\",\"url\":\"https:\/\/bodega.canfeliu.es\/tienda\/\",\"logo\":{\"@type\":\"ImageObject\",\"inLanguage\":\"ca\",\"@id\":\"https:\/\/bodega.canfeliu.es\/tienda\/#\/schema\/logo\/image\/\",\"url\":\"https:\/\/bodega.canfeliu.es\/wp-content\/uploads\/CANFELIU.png\",\"contentUrl\":\"https:\/\/bodega.canfeliu.es\/wp-content\/uploads\/CANFELIU.png\",\"width\":971,\"height\":679,\"caption\":\"Bodega Can Feliu\"},\"image\":{\"@id\":\"https:\/\/bodega.canfeliu.es\/tienda\/#\/schema\/logo\/image\/\"},\"sameAs\":[\"https:\/\/www.facebook.com\/destileriasjordiperello\",\"https:\/\/x.com\/trescaires\",\"https:\/\/www.instagram.com\/3caires\/\",\"https:\/\/www.youtube.com\/channel\/UC6ap8Z44twW0MjR2lQ6WeEw\"]}]}<\/script>\n<!-- \/ Yoast SEO plugin. -->","yoast_head_json":{"title":"Bodega Can Feliu -","description":"La bodega Can Feliu es el coraz\u00f3n de nuestro Agroturismo. Un alojamiento para amantes de la naturaleza. Una bodega en Mallorca donde encontrar\u00e1s la mejor selecci\u00f3n de vinos.","robots":{"index":"index","follow":"follow","max-snippet":"max-snippet:-1","max-image-preview":"max-image-preview:large","max-video-preview":"max-video-preview:-1"},"canonical":"https:\/\/bodega.canfeliu.es\/tienda\/ca\/politica-de-cookies\/","og_locale":"ca_ES","og_type":"article","og_title":"Bodega Can Feliu -","og_description":"La bodega Can Feliu es el coraz\u00f3n de nuestro Agroturismo. Un alojamiento para amantes de la naturaleza. Una bodega en Mallorca donde encontrar\u00e1s la mejor selecci\u00f3n de vinos.","og_url":"https:\/\/bodega.canfeliu.es\/tienda\/ca\/politica-de-cookies\/","og_site_name":"Bodega Can Feliu","article_publisher":"https:\/\/www.facebook.com\/destileriasjordiperello","article_modified_time":"2023-02-01T11:11:40+00:00","twitter_card":"summary_large_image","twitter_site":"@trescaires","schema":{"@context":"https:\/\/schema.org","@graph":[{"@type":"WebPage","@id":"https:\/\/bodega.canfeliu.es\/tienda\/politica-de-cookies\/","url":"https:\/\/bodega.canfeliu.es\/tienda\/politica-de-cookies\/","name":"Bodega Can Feliu -","isPartOf":{"@id":"https:\/\/bodega.canfeliu.es\/tienda\/#website"},"datePublished":"2022-07-11T06:54:36+00:00","dateModified":"2023-02-01T11:11:40+00:00","description":"La bodega Can Feliu es el coraz\u00f3n de nuestro Agroturismo. Un alojamiento para amantes de la naturaleza. Una bodega en Mallorca donde encontrar\u00e1s la mejor selecci\u00f3n de vinos.","breadcrumb":{"@id":"https:\/\/bodega.canfeliu.es\/tienda\/politica-de-cookies\/#breadcrumb"},"inLanguage":"ca","potentialAction":[{"@type":"ReadAction","target":["https:\/\/bodega.canfeliu.es\/tienda\/politica-de-cookies\/"]}]},{"@type":"BreadcrumbList","@id":"https:\/\/bodega.canfeliu.es\/tienda\/politica-de-cookies\/#breadcrumb","itemListElement":[{"@type":"ListItem","position":1,"name":"Home","item":"https:\/\/bodega.canfeliu.es\/tienda\/"},{"@type":"ListItem","position":2,"name":"Pol\u00edtica de Cookies"}]},{"@type":"WebSite","@id":"https:\/\/bodega.canfeliu.es\/tienda\/#website","url":"https:\/\/bodega.canfeliu.es\/tienda\/","name":"Tienda Online - Bodega Can Feliu","description":"Tienda de vinos de Can Feliu","publisher":{"@id":"https:\/\/bodega.canfeliu.es\/tienda\/#organization"},"potentialAction":[{"@type":"SearchAction","target":{"@type":"EntryPoint","urlTemplate":"https:\/\/bodega.canfeliu.es\/tienda\/?s={search_term_string}"},"query-input":{"@type":"PropertyValueSpecification","valueRequired":true,"valueName":"search_term_string"}}],"inLanguage":"ca"},{"@type":"Organization","@id":"https:\/\/bodega.canfeliu.es\/tienda\/#organization","name":"Bodega Can Feliu","url":"https:\/\/bodega.canfeliu.es\/tienda\/","logo":{"@type":"ImageObject","inLanguage":"ca","@id":"https:\/\/bodega.canfeliu.es\/tienda\/#\/schema\/logo\/image\/","url":"https:\/\/bodega.canfeliu.es\/wp-content\/uploads\/CANFELIU.png","contentUrl":"https:\/\/bodega.canfeliu.es\/wp-content\/uploads\/CANFELIU.png","width":971,"height":679,"caption":"Bodega Can Feliu"},"image":{"@id":"https:\/\/bodega.canfeliu.es\/tienda\/#\/schema\/logo\/image\/"},"sameAs":["https:\/\/www.facebook.com\/destileriasjordiperello","https:\/\/x.com\/trescaires","https:\/\/www.instagram.com\/3caires\/","https:\/\/www.youtube.com\/channel\/UC6ap8Z44twW0MjR2lQ6WeEw"]}]}},"_links":{"self":[{"href":"https:\/\/bodega.canfeliu.es\/tienda\/ca\/wp-json\/wp\/v2\/pages\/29232","targetHints":{"allow":["GET"]}}],"collection":[{"href":"https:\/\/bodega.canfeliu.es\/tienda\/ca\/wp-json\/wp\/v2\/pages"}],"about":[{"href":"https:\/\/bodega.canfeliu.es\/tienda\/ca\/wp-json\/wp\/v2\/types\/page"}],"author":[{"embeddable":true,"href":"https:\/\/bodega.canfeliu.es\/tienda\/ca\/wp-json\/wp\/v2\/users\/1"}],"replies":[{"embeddable":true,"href":"https:\/\/bodega.canfeliu.es\/tienda\/ca\/wp-json\/wp\/v2\/comments?post=29232"}],"version-history":[{"count":4,"href":"https:\/\/bodega.canfeliu.es\/tienda\/ca\/wp-json\/wp\/v2\/pages\/29232\/revisions"}],"predecessor-version":[{"id":35188,"href":"https:\/\/bodega.canfeliu.es\/tienda\/ca\/wp-json\/wp\/v2\/pages\/29232\/revisions\/35188"}],"wp:attachment":[{"href":"https:\/\/bodega.canfeliu.es\/tienda\/ca\/wp-json\/wp\/v2\/media?parent=29232"}],"curies":[{"name":"wp","href":"https:\/\/api.w.org\/{rel}","templated":true}]}}