{"id":31894,"date":"2022-07-12T06:48:06","date_gmt":"2022-07-12T06:48:06","guid":{"rendered":"https:\/\/dev.trescaires.com\/?page_id=31894"},"modified":"2023-02-01T11:14:34","modified_gmt":"2023-02-01T11:14:34","slug":"condiciones-de-envio-y-entrega","status":"publish","type":"page","link":"https:\/\/bodega.canfeliu.es\/tienda\/ca\/condicions-denviament-i-lliurament\/","title":{"rendered":"Condicions d&#039;enviament i entrega"},"content":{"rendered":"<div data-elementor-type=\"wp-page\" data-elementor-id=\"31894\" class=\"elementor elementor-31894\">\n\t\t\t\t\t\t\t\t\t<section class=\"wd-negative-gap elementor-section elementor-top-section elementor-element elementor-element-bd0356b elementor-section-boxed elementor-section-height-default elementor-section-height-default wd-section-disabled\" data-id=\"bd0356b\" data-element_type=\"section\">\n\t\t\t\t\t\t<div class=\"elementor-container elementor-column-gap-default\">\n\t\t\t\t\t<div class=\"elementor-column elementor-col-100 elementor-top-column elementor-element elementor-element-13eed65\" data-id=\"13eed65\" data-element_type=\"column\">\n\t\t\t<div class=\"elementor-widget-wrap elementor-element-populated\">\n\t\t\t\t\t\t\t\t<div class=\"elementor-element elementor-element-27d7791 elementor-widget elementor-widget-wd_text_block\" data-id=\"27d7791\" data-element_type=\"widget\" data-widget_type=\"wd_text_block.default\">\n\t\t\t\t<div class=\"elementor-widget-container\">\n\t\t\t\t\t<div class=\"wd-text-block reset-last-child text-left\">\n\t\t\t\n\t\t\t<p>Les presents Condicions Generals de Compravenda, d&#039;ara endavant, Condicions Generals que regulen el proc\u00e9s de compravenda dels productes de SON DAGUETA SL en endavant Celler CAN FELIU, a la p\u00e0gina web www.canfeliu.es, d&#039;ara endavant la p\u00e0gina web.<\/p><p>Les Condicions Generals vinculen a CELLER CAN FELIU, i al comprador, d&#039;ara endavant, el Client, atorgant-los una s\u00e8rie de drets i obligacions, des del moment en qu\u00e8 aquest realitza i accepta una comanda a trav\u00e9s de la P\u00e0gina Web. S\u00f3n de compliment obligat i coneixement per ambdues parts, per la qual cosa la seva acceptaci\u00f3 expressa per part del Client, \u00e9s imprescindible per poder formalitzar una comanda. El Client ha de llegir atentament aquestes condicions.<\/p><p>CELLER CAN FELIU amb nom fiscal Son Dagueta SL, prove\u00eft de CIF B-57171118 i domicili social al c\/ Cam\u00ed de Sa Serra KM. 1,2 (07260) Balears \u2013 Espanya. Inscrita al Registre Mercantil de Palma Tom 1946, Foli 72 i Full PM-42332 \u00e9s la titular de la p\u00e0gina www.canfeliu.es a la qual es podr\u00e0 accedir des de pa\u00efsos i altres territoris on el consum d&#039;alcohol sigui legal i per persones que legalment puguin consumir begudes alcoh\u00f2liques.\u00a0<\/p><p>\u00a0<\/p><p>El Client \u00e9s tot aquell usuari de la P\u00e0gina Web que faci una comanda i faci la seva acceptaci\u00f3. Per poder comprar, el Client haur\u00e0 de facilitar totes les dades sol\u00b7licitades. El Client declara que tota la informaci\u00f3 facilitada en el proc\u00e9s de compra \u00e9s completa, vera\u00e7 i est\u00e0 actualitzada. Les vostres dades personals es tractaran d&#039;acord amb el que estipulen la Pol\u00edtica de Privadesa i d&#039;acord amb els Termes i Condicions d&#039;\u00das de la P\u00e0gina Web.<\/p><p>La compra dels productes implica l&#039;acceptaci\u00f3 plena i sense reserves de les Condicions Generals, aix\u00ed com el que disposa la Pol\u00edtica de Privadesa i els Termes i Condicions d&#039;\u00das de la P\u00e0gina Web.<\/p><p>El Client declara ser major i estar en tot cas plenament capacitat i facultat per contractar d&#039;acord amb la legislaci\u00f3 que li sigui aplicable, i per assumir els compromisos d&#039;aquestes Condicions Generals, ja sigui per a si o en nom de la societat o entitat que si escau indiqui, representi o en l&#039;inter\u00e8s de la qual actu\u00ef.<\/p><p>A trav\u00e9s de la p\u00e0gina web es permet la compra a qualsevol part del m\u00f3n, sense perjudici de les condicions particulars de duanes i de transport de cada pa\u00eds.<\/p><p><strong>PRODUCTES<\/strong><\/p><p>Cada producte t\u00e9 una fitxa amb la descripci\u00f3 i el preu de venda amb IVA.<\/p><p>El preu final dels productes \u00e9s el que apareix a la P\u00e0gina Web en el moment de realitzaci\u00f3 de la comanda, un cop s&#039;ha establert una forma de pagament i lloc de lliurament.<\/p><p><strong>PAGAMENT <\/strong><\/p><p>L&#039;Usuari podr\u00e0 fer la compra de productes. El proc\u00e9s de compra es gestiona mitjan\u00e7ant un carret on l&#039;Usuari pot afegir els productes que vulgui adquirir.<\/p><p>Per afegir productes a la cistella de la compra, un cop l&#039;Usuari es troba a la p\u00e0gina del producte, heu de seleccionar la quantitat de productes i l&#039;opci\u00f3 \u201cAfegir a la cistella\u201d. En tot moment l&#039;usuari pot accedir i modificar el contingut de la cistella.<\/p><p>Un cop es trobin a la cistella de la compra tots els productes que vulgueu adquirir, l&#039;Usuari podr\u00e0 iniciar la tramitaci\u00f3 de la comanda, seleccionant l&#039;opci\u00f3 \u201cConfirmar la compra\u201d.<\/p><p>Seguidament, l&#039;Usuari haur\u00e0 de seleccionar un dels m\u00e8todes d&#039;enviament que m\u00e9s s&#039;ajusti amb les vostres necessitats, dins de les possibilitats que el Lloc Web proporciona en funci\u00f3 de l&#039;adre\u00e7a d&#039;enviament i el pa\u00eds especificat. L&#039;Usuari tamb\u00e9 tindr\u00e0 l&#039;opci\u00f3 d&#039;incloure comentaris, requisits o informaci\u00f3 addicional sobre la vostra comanda mitjan\u00e7ant un camp de text.<\/p><p>A continuaci\u00f3, l&#039;Usuari despr\u00e9s de seleccionar el m\u00e8tode de pagament i acceptar els termes i condicions de la compra aqu\u00ed exposats, l&#039;Usuari ha d&#039;assegurar-se que els productes indicats a la pantalla s\u00f3n els que voleu adquirir.<\/p><p>Finalment, per finalitzar la tramitaci\u00f3 de la comanda, l&#039;Usuari haur\u00e0 de triar la forma de lliurament i fer clic al bot\u00f3 \u201cRealitzar la compra\u201d, seleccionar la forma de pagament i autom\u00e0ticament ser\u00e0 redirigit a la passarel\u00b7la de pagament corresponent. Un cop tramitat el pagament correctament, es tramitar\u00e0 la comanda de forma autom\u00e0tica, confirmant en pantalla la informaci\u00f3 de la comanda i enviant un correu electr\u00f2nic a l&#039;Usuari confirmant l&#039;operaci\u00f3 i especificant les caracter\u00edstiques del producte, preu, forma d&#039;enviament seleccionada, data de contractaci\u00f3, i n\u00famero de comanda.<\/p><p>L&#039;usuari assumeix la responsabilitat de la introducci\u00f3 correcta i vera\u00e7 de les dades de lliurament del producte, no assumint el CELLER CAN FELIU cap responsabilitat en cas que el lliurament no es pugui realitzar per ra\u00f3 de la inexactitud o incorrecci\u00f3 de les dades.<\/p><p><strong>\u00a0<\/strong><\/p><p><strong>TERMINIS DE LLIURAMENT DE LES COMANDES I DESPESES D&#039;ENVIAMENT<\/strong><\/p><p>Tots els nostres productes es tramiten un cop verificat el pagament, en un termini m\u00e0xim de 72 hores, excloent-hi caps de setmana i festius segons el calendari laboral que correspongui al domicili de Celler Can FELIU.<\/p><p><strong>DEVOLUCIONS<\/strong><\/p><p>No s&#039;admeten canvis ni devolucions.<\/p><p><strong>MODIFICACIONS<\/strong><\/p><p>Celler CAN FELIU es reserva la facultat d&#039;efectuar, en qualsevol moment, modificacions i actualitzacions a la P\u00e0gina Web, els seus continguts, disponibilitat i presentaci\u00f3, aix\u00ed com de les presents condicions de venda, preus i despeses.<\/p><p><strong>LLEI APLICABLE I JURISDICCI\u00d3<\/strong><\/p><p>Aquestes Condicions Generals es regiran i interpretaran d&#039;acord amb la legislaci\u00f3 espanyola.\u00a0<\/p><p>El Client se sotmet a la jurisdicci\u00f3 i compet\u00e8ncia dels Jutjats i Tribunals de Manacor - Espanya, per a la resoluci\u00f3 de qualsevol q\u00fcesti\u00f3 que es pugui suscitar en relaci\u00f3 amb aquest.\u00a0<\/p><p>\u00a0<\/p>\n\t\t\t\t\t<\/div>\n\t\t\t\t<\/div>\n\t\t\t\t<\/div>\n\t\t\t\t\t<\/div>\n\t\t<\/div>\n\t\t\t\t\t\t\t<\/div>\n\t\t<\/section>\n\t\t\t\t\t\t\t<\/div>","protected":false},"excerpt":{"rendered":"<p>Las presentes Condiciones Generales de Compraventa, en adelante, Condiciones Generales que regulan el proceso de compraventa de los productos de<\/p>","protected":false},"author":1,"featured_media":0,"parent":0,"menu_order":0,"comment_status":"closed","ping_status":"closed","template":"","meta":{"footnotes":""},"class_list":["post-31894","page","type-page","status-publish","hentry"],"yoast_head":"<!-- This site is optimized with the Yoast SEO plugin v23.5 - https:\/\/yoast.com\/wordpress\/plugins\/seo\/ -->\n<title>Bodega Can Feliu -<\/title>\n<meta name=\"description\" content=\"La bodega Can Feliu es el coraz\u00f3n de nuestro Agroturismo. Un alojamiento para amantes de la naturaleza. Una bodega en Mallorca donde encontrar\u00e1s la mejor selecci\u00f3n de vinos.\" \/>\n<meta name=\"robots\" content=\"index, follow, max-snippet:-1, max-image-preview:large, max-video-preview:-1\" \/>\n<link rel=\"canonical\" href=\"https:\/\/bodega.canfeliu.es\/tienda\/ca\/condicions-denviament-i-lliurament\/\" \/>\n<meta property=\"og:locale\" content=\"ca_ES\" \/>\n<meta property=\"og:type\" content=\"article\" \/>\n<meta property=\"og:title\" content=\"Bodega Can Feliu -\" \/>\n<meta property=\"og:description\" content=\"La bodega Can Feliu es el coraz\u00f3n de nuestro Agroturismo. Un alojamiento para amantes de la naturaleza. Una bodega en Mallorca donde encontrar\u00e1s la mejor selecci\u00f3n de vinos.\" \/>\n<meta property=\"og:url\" content=\"https:\/\/bodega.canfeliu.es\/tienda\/ca\/condicions-denviament-i-lliurament\/\" \/>\n<meta property=\"og:site_name\" content=\"Bodega Can Feliu\" \/>\n<meta property=\"article:publisher\" content=\"https:\/\/www.facebook.com\/destileriasjordiperello\" \/>\n<meta property=\"article:modified_time\" content=\"2023-02-01T11:14:34+00:00\" \/>\n<meta name=\"twitter:card\" content=\"summary_large_image\" \/>\n<meta name=\"twitter:site\" content=\"@trescaires\" \/>\n<meta name=\"twitter:label1\" content=\"Temps estimat de lectura\" \/>\n\t<meta name=\"twitter:data1\" content=\"6 minuts\" \/>\n<script type=\"application\/ld+json\" class=\"yoast-schema-graph\">{\"@context\":\"https:\/\/schema.org\",\"@graph\":[{\"@type\":\"WebPage\",\"@id\":\"https:\/\/bodega.canfeliu.es\/tienda\/condiciones-de-envio-y-entrega\/\",\"url\":\"https:\/\/bodega.canfeliu.es\/tienda\/condiciones-de-envio-y-entrega\/\",\"name\":\"Bodega Can Feliu -\",\"isPartOf\":{\"@id\":\"https:\/\/bodega.canfeliu.es\/tienda\/#website\"},\"datePublished\":\"2022-07-12T06:48:06+00:00\",\"dateModified\":\"2023-02-01T11:14:34+00:00\",\"description\":\"La bodega Can Feliu es el coraz\u00f3n de nuestro Agroturismo. Un alojamiento para amantes de la naturaleza. Una bodega en Mallorca donde encontrar\u00e1s la mejor selecci\u00f3n de vinos.\",\"breadcrumb\":{\"@id\":\"https:\/\/bodega.canfeliu.es\/tienda\/condiciones-de-envio-y-entrega\/#breadcrumb\"},\"inLanguage\":\"ca\",\"potentialAction\":[{\"@type\":\"ReadAction\",\"target\":[\"https:\/\/bodega.canfeliu.es\/tienda\/condiciones-de-envio-y-entrega\/\"]}]},{\"@type\":\"BreadcrumbList\",\"@id\":\"https:\/\/bodega.canfeliu.es\/tienda\/condiciones-de-envio-y-entrega\/#breadcrumb\",\"itemListElement\":[{\"@type\":\"ListItem\",\"position\":1,\"name\":\"Home\",\"item\":\"https:\/\/bodega.canfeliu.es\/tienda\/\"},{\"@type\":\"ListItem\",\"position\":2,\"name\":\"Condiciones de env\u00edo y entrega\"}]},{\"@type\":\"WebSite\",\"@id\":\"https:\/\/bodega.canfeliu.es\/tienda\/#website\",\"url\":\"https:\/\/bodega.canfeliu.es\/tienda\/\",\"name\":\"Tienda Online - Bodega Can Feliu\",\"description\":\"Tienda de vinos de Can Feliu\",\"publisher\":{\"@id\":\"https:\/\/bodega.canfeliu.es\/tienda\/#organization\"},\"potentialAction\":[{\"@type\":\"SearchAction\",\"target\":{\"@type\":\"EntryPoint\",\"urlTemplate\":\"https:\/\/bodega.canfeliu.es\/tienda\/?s={search_term_string}\"},\"query-input\":{\"@type\":\"PropertyValueSpecification\",\"valueRequired\":true,\"valueName\":\"search_term_string\"}}],\"inLanguage\":\"ca\"},{\"@type\":\"Organization\",\"@id\":\"https:\/\/bodega.canfeliu.es\/tienda\/#organization\",\"name\":\"Bodega Can Feliu\",\"url\":\"https:\/\/bodega.canfeliu.es\/tienda\/\",\"logo\":{\"@type\":\"ImageObject\",\"inLanguage\":\"ca\",\"@id\":\"https:\/\/bodega.canfeliu.es\/tienda\/#\/schema\/logo\/image\/\",\"url\":\"https:\/\/bodega.canfeliu.es\/wp-content\/uploads\/CANFELIU.png\",\"contentUrl\":\"https:\/\/bodega.canfeliu.es\/wp-content\/uploads\/CANFELIU.png\",\"width\":971,\"height\":679,\"caption\":\"Bodega Can Feliu\"},\"image\":{\"@id\":\"https:\/\/bodega.canfeliu.es\/tienda\/#\/schema\/logo\/image\/\"},\"sameAs\":[\"https:\/\/www.facebook.com\/destileriasjordiperello\",\"https:\/\/x.com\/trescaires\",\"https:\/\/www.instagram.com\/3caires\/\",\"https:\/\/www.youtube.com\/channel\/UC6ap8Z44twW0MjR2lQ6WeEw\"]}]}<\/script>\n<!-- \/ Yoast SEO plugin. -->","yoast_head_json":{"title":"Bodega Can Feliu -","description":"La bodega Can Feliu es el coraz\u00f3n de nuestro Agroturismo. Un alojamiento para amantes de la naturaleza. Una bodega en Mallorca donde encontrar\u00e1s la mejor selecci\u00f3n de vinos.","robots":{"index":"index","follow":"follow","max-snippet":"max-snippet:-1","max-image-preview":"max-image-preview:large","max-video-preview":"max-video-preview:-1"},"canonical":"https:\/\/bodega.canfeliu.es\/tienda\/ca\/condicions-denviament-i-lliurament\/","og_locale":"ca_ES","og_type":"article","og_title":"Bodega Can Feliu -","og_description":"La bodega Can Feliu es el coraz\u00f3n de nuestro Agroturismo. Un alojamiento para amantes de la naturaleza. Una bodega en Mallorca donde encontrar\u00e1s la mejor selecci\u00f3n de vinos.","og_url":"https:\/\/bodega.canfeliu.es\/tienda\/ca\/condicions-denviament-i-lliurament\/","og_site_name":"Bodega Can Feliu","article_publisher":"https:\/\/www.facebook.com\/destileriasjordiperello","article_modified_time":"2023-02-01T11:14:34+00:00","twitter_card":"summary_large_image","twitter_site":"@trescaires","twitter_misc":{"Temps estimat de lectura":"6 minuts"},"schema":{"@context":"https:\/\/schema.org","@graph":[{"@type":"WebPage","@id":"https:\/\/bodega.canfeliu.es\/tienda\/condiciones-de-envio-y-entrega\/","url":"https:\/\/bodega.canfeliu.es\/tienda\/condiciones-de-envio-y-entrega\/","name":"Bodega Can Feliu -","isPartOf":{"@id":"https:\/\/bodega.canfeliu.es\/tienda\/#website"},"datePublished":"2022-07-12T06:48:06+00:00","dateModified":"2023-02-01T11:14:34+00:00","description":"La bodega Can Feliu es el coraz\u00f3n de nuestro Agroturismo. Un alojamiento para amantes de la naturaleza. Una bodega en Mallorca donde encontrar\u00e1s la mejor selecci\u00f3n de vinos.","breadcrumb":{"@id":"https:\/\/bodega.canfeliu.es\/tienda\/condiciones-de-envio-y-entrega\/#breadcrumb"},"inLanguage":"ca","potentialAction":[{"@type":"ReadAction","target":["https:\/\/bodega.canfeliu.es\/tienda\/condiciones-de-envio-y-entrega\/"]}]},{"@type":"BreadcrumbList","@id":"https:\/\/bodega.canfeliu.es\/tienda\/condiciones-de-envio-y-entrega\/#breadcrumb","itemListElement":[{"@type":"ListItem","position":1,"name":"Home","item":"https:\/\/bodega.canfeliu.es\/tienda\/"},{"@type":"ListItem","position":2,"name":"Condiciones de env\u00edo y entrega"}]},{"@type":"WebSite","@id":"https:\/\/bodega.canfeliu.es\/tienda\/#website","url":"https:\/\/bodega.canfeliu.es\/tienda\/","name":"Tienda Online - Bodega Can Feliu","description":"Tienda de vinos de Can Feliu","publisher":{"@id":"https:\/\/bodega.canfeliu.es\/tienda\/#organization"},"potentialAction":[{"@type":"SearchAction","target":{"@type":"EntryPoint","urlTemplate":"https:\/\/bodega.canfeliu.es\/tienda\/?s={search_term_string}"},"query-input":{"@type":"PropertyValueSpecification","valueRequired":true,"valueName":"search_term_string"}}],"inLanguage":"ca"},{"@type":"Organization","@id":"https:\/\/bodega.canfeliu.es\/tienda\/#organization","name":"Bodega Can Feliu","url":"https:\/\/bodega.canfeliu.es\/tienda\/","logo":{"@type":"ImageObject","inLanguage":"ca","@id":"https:\/\/bodega.canfeliu.es\/tienda\/#\/schema\/logo\/image\/","url":"https:\/\/bodega.canfeliu.es\/wp-content\/uploads\/CANFELIU.png","contentUrl":"https:\/\/bodega.canfeliu.es\/wp-content\/uploads\/CANFELIU.png","width":971,"height":679,"caption":"Bodega Can Feliu"},"image":{"@id":"https:\/\/bodega.canfeliu.es\/tienda\/#\/schema\/logo\/image\/"},"sameAs":["https:\/\/www.facebook.com\/destileriasjordiperello","https:\/\/x.com\/trescaires","https:\/\/www.instagram.com\/3caires\/","https:\/\/www.youtube.com\/channel\/UC6ap8Z44twW0MjR2lQ6WeEw"]}]}},"_links":{"self":[{"href":"https:\/\/bodega.canfeliu.es\/tienda\/ca\/wp-json\/wp\/v2\/pages\/31894","targetHints":{"allow":["GET"]}}],"collection":[{"href":"https:\/\/bodega.canfeliu.es\/tienda\/ca\/wp-json\/wp\/v2\/pages"}],"about":[{"href":"https:\/\/bodega.canfeliu.es\/tienda\/ca\/wp-json\/wp\/v2\/types\/page"}],"author":[{"embeddable":true,"href":"https:\/\/bodega.canfeliu.es\/tienda\/ca\/wp-json\/wp\/v2\/users\/1"}],"replies":[{"embeddable":true,"href":"https:\/\/bodega.canfeliu.es\/tienda\/ca\/wp-json\/wp\/v2\/comments?post=31894"}],"version-history":[{"count":3,"href":"https:\/\/bodega.canfeliu.es\/tienda\/ca\/wp-json\/wp\/v2\/pages\/31894\/revisions"}],"predecessor-version":[{"id":35192,"href":"https:\/\/bodega.canfeliu.es\/tienda\/ca\/wp-json\/wp\/v2\/pages\/31894\/revisions\/35192"}],"wp:attachment":[{"href":"https:\/\/bodega.canfeliu.es\/tienda\/ca\/wp-json\/wp\/v2\/media?parent=31894"}],"curies":[{"name":"wp","href":"https:\/\/api.w.org\/{rel}","templated":true}]}}