{"id":28957,"date":"2022-07-08T09:37:12","date_gmt":"2022-07-08T09:37:12","guid":{"rendered":"https:\/\/dev.trescaires.com\/producto\/rubi-es-padri-negre-vell\/"},"modified":"2025-11-21T12:06:50","modified_gmt":"2025-11-21T12:06:50","slug":"ale-de-alens-2018","status":"publish","type":"product","link":"https:\/\/bodega.canfeliu.es\/tienda\/ca\/product\/rubi-ca-padri-negre-vell\/","title":{"rendered":"Al\u00e8 de Alens 2022"},"content":{"rendered":"","protected":false},"excerpt":{"rendered":"<p><span style=\"font-weight: 400;\"><strong>NOM<\/strong>: Al\u00e8 d\u2019Alens 2022<\/span><\/p>\n<p><span style=\"font-weight: 400;\"><strong>ORIGEN<\/strong>: IGP Vi de la Terra de Mallorca.<\/span><\/p>\n<p><span style=\"font-weight: 400;\"><strong>TIPUS DE VI<\/strong>: Vino tinto tranquilo envejecido en barrica de roble franc\u00e9s.<\/span><\/p>\n<p><span style=\"font-weight: 400;\"><strong>VARIETATS<\/strong>: Merlot y Syrah.<\/span><\/p>\n<p><span style=\"font-weight: 400;\"><strong>COLLITA<\/strong>: El verano del 2022 fue seco y suave, perfecto para las condiciones fitosanitarias de la uva. El Syrah fue vendimiado la segunda semana de septiembre, y el Merlot la \u00faltima semana.<\/span><\/p>\n<p><span style=\"font-weight: 400;\"><strong>GRADUACI\u00d3<\/strong>: 13,5% vol.<\/span><\/p>\n<p><span style=\"font-weight: 400;\"><strong>PROC\u00c9S D&#039;ELABORACI\u00d3<\/strong>: Las uvas fueron seleccionadas y vendimiadas a mano en vi\u00f1edos cercanos a la propiedad. Se usaron m\u00e9todos tradicionales y biodin\u00e1micos, respetando las reglas estipuladas por Demeter internacional, sin levaduras ni bacterias a\u00f1adidas y s\u00f3lo con fermentaci\u00f3n espont\u00e1nea. La fermentaci\u00f3n a temperatura controlada se hizo en tanques de acero inoxidable y la crianza en barrica de roble franc\u00e9s fue de 24 meses. <\/span><\/p>\n<p>&nbsp;<\/p>\n<p><strong>NOTES DE TAST:<\/strong><\/p>\n<p><span style=\"font-weight: 400;\">Fase visual: De color rojo-p\u00farpura con ribetes viol\u00e1ceos, de intensidad media \u2013 alta.<\/span><\/p>\n<p><span style=\"font-weight: 400;\">Fase olfactiva: <\/span>Aromas a frutas negras maduras como moras, higos secos, violetas, cuero y ahumados propios de las barricas.<\/p>\n<p><span style=\"font-weight: 400;\">Fase gustativa: Tiene una entrada amable, estructurada, con mucha presencia en boca, con unos taninos suaves y perfectamente integrados, con un final goloso y fresco. <\/span><\/p>\n<p><span style=\"font-weight: 400;\">Temperatura de servicio: 15\u00ba \u2013 17\u00ba C\u00a0 aproximadamente. Mejor maridado con carnes rojas, guisos, embutidos y quesos.<\/span><\/p>","protected":false},"featured_media":35210,"comment_status":"open","ping_status":"closed","template":"","meta":[],"product_cat":[271],"product_tag":[],"class_list":{"0":"post-28957","1":"product","2":"type-product","3":"status-publish","4":"has-post-thumbnail","6":"product_cat-vinos-tinto","8":"first","9":"instock","10":"shipping-taxable","11":"purchasable","12":"product-type-simple"},"yoast_head":"<!-- This site is optimized with the Yoast SEO plugin v23.5 - https:\/\/yoast.com\/wordpress\/plugins\/seo\/ -->\n<title>Al\u00e8 de Alens 2022 - Bodega Can Feliu<\/title>\n<meta name=\"robots\" content=\"index, follow, max-snippet:-1, max-image-preview:large, max-video-preview:-1\" \/>\n<link rel=\"canonical\" href=\"https:\/\/bodega.canfeliu.es\/tienda\/ca\/product\/rubi-ca-padri-negre-vell\/\" \/>\n<meta property=\"og:locale\" content=\"ca_ES\" \/>\n<meta property=\"og:type\" content=\"article\" \/>\n<meta property=\"og:title\" content=\"Al\u00e8 de Alens 2022 - Bodega Can Feliu\" \/>\n<meta property=\"og:description\" content=\"NOMBRE: Al\u00e8 d\u2019Alens 2022  ORIGEN: IGP Vi de la Terra de Mallorca.  TIPO DE VINO: Vino tinto tranquilo envejecido en barrica de roble franc\u00e9s.  VARIEDADES: Merlot y Syrah.  COSECHA: El verano del 2022 fue seco y suave, perfecto para las condiciones fitosanitarias de la uva. El Syrah fue vendimiado la segunda semana de septiembre, y el Merlot la \u00faltima semana.  GRADUACI\u00d3N: 13,5% vol.  PROCESO DE ELABORACI\u00d3N: Las uvas fueron seleccionadas y vendimiadas a mano en vi\u00f1edos cercanos a la propiedad. Se usaron m\u00e9todos tradicionales y biodin\u00e1micos, respetando las reglas estipuladas por Demeter internacional, sin levaduras ni bacterias a\u00f1adidas y s\u00f3lo con fermentaci\u00f3n espont\u00e1nea. La fermentaci\u00f3n a temperatura controlada se hizo en tanques de acero inoxidable y la crianza en barrica de roble franc\u00e9s fue de 24 meses.   &nbsp;  NOTAS DE CATA:  Fase visual: De color rojo-p\u00farpura con ribetes viol\u00e1ceos, de intensidad media \u2013 alta.  Fase olfativa: Aromas a frutas negras maduras como moras, higos secos, violetas, cuero y ahumados propios de las barricas.  Fase gustativa: Tiene una entrada amable, estructurada, con mucha presencia en boca, con unos taninos suaves y perfectamente integrados, con un final goloso y fresco.   Temperatura de servicio: 15\u00ba \u2013 17\u00ba C\u00a0 aproximadamente. Mejor maridado con carnes rojas, guisos, embutidos y quesos.\" \/>\n<meta property=\"og:url\" content=\"https:\/\/bodega.canfeliu.es\/tienda\/ca\/product\/rubi-ca-padri-negre-vell\/\" \/>\n<meta property=\"og:site_name\" content=\"Bodega Can Feliu\" \/>\n<meta property=\"article:publisher\" content=\"https:\/\/www.facebook.com\/destileriasjordiperello\" \/>\n<meta property=\"article:modified_time\" content=\"2025-11-21T12:06:50+00:00\" \/>\n<meta property=\"og:image\" content=\"https:\/\/bodega.canfeliu.es\/wp-content\/uploads\/aledalens_tinto-scaled-e1683800990956.jpg\" \/>\n\t<meta property=\"og:image:width\" content=\"1280\" \/>\n\t<meta property=\"og:image:height\" content=\"2560\" \/>\n\t<meta property=\"og:image:type\" content=\"image\/jpeg\" \/>\n<meta name=\"twitter:card\" content=\"summary_large_image\" \/>\n<meta name=\"twitter:site\" content=\"@trescaires\" \/>\n<meta name=\"twitter:label1\" content=\"Temps estimat de lectura\" \/>\n\t<meta name=\"twitter:data1\" content=\"1 minut\" \/>\n<script type=\"application\/ld+json\" class=\"yoast-schema-graph\">{\"@context\":\"https:\/\/schema.org\",\"@graph\":[{\"@type\":\"WebPage\",\"@id\":\"https:\/\/bodega.canfeliu.es\/tienda\/producto\/ale-de-alens-2018\/\",\"url\":\"https:\/\/bodega.canfeliu.es\/tienda\/producto\/ale-de-alens-2018\/\",\"name\":\"Al\u00e8 de Alens 2022 - Bodega Can Feliu\",\"isPartOf\":{\"@id\":\"https:\/\/bodega.canfeliu.es\/tienda\/#website\"},\"primaryImageOfPage\":{\"@id\":\"https:\/\/bodega.canfeliu.es\/tienda\/producto\/ale-de-alens-2018\/#primaryimage\"},\"image\":{\"@id\":\"https:\/\/bodega.canfeliu.es\/tienda\/producto\/ale-de-alens-2018\/#primaryimage\"},\"thumbnailUrl\":\"https:\/\/bodega.canfeliu.es\/wp-content\/uploads\/aledalens_tinto-scaled-e1683800990956.jpg\",\"datePublished\":\"2022-07-08T09:37:12+00:00\",\"dateModified\":\"2025-11-21T12:06:50+00:00\",\"breadcrumb\":{\"@id\":\"https:\/\/bodega.canfeliu.es\/tienda\/producto\/ale-de-alens-2018\/#breadcrumb\"},\"inLanguage\":\"ca\",\"potentialAction\":[{\"@type\":\"ReadAction\",\"target\":[\"https:\/\/bodega.canfeliu.es\/tienda\/producto\/ale-de-alens-2018\/\"]}]},{\"@type\":\"ImageObject\",\"inLanguage\":\"ca\",\"@id\":\"https:\/\/bodega.canfeliu.es\/tienda\/producto\/ale-de-alens-2018\/#primaryimage\",\"url\":\"https:\/\/bodega.canfeliu.es\/wp-content\/uploads\/aledalens_tinto-scaled-e1683800990956.jpg\",\"contentUrl\":\"https:\/\/bodega.canfeliu.es\/wp-content\/uploads\/aledalens_tinto-scaled-e1683800990956.jpg\",\"width\":1280,\"height\":2560},{\"@type\":\"BreadcrumbList\",\"@id\":\"https:\/\/bodega.canfeliu.es\/tienda\/producto\/ale-de-alens-2018\/#breadcrumb\",\"itemListElement\":[{\"@type\":\"ListItem\",\"position\":1,\"name\":\"Home\",\"item\":\"https:\/\/bodega.canfeliu.es\/tienda\/\"},{\"@type\":\"ListItem\",\"position\":2,\"name\":\"Tienda\",\"item\":\"https:\/\/bodega.canfeliu.es\/tienda\/\"},{\"@type\":\"ListItem\",\"position\":3,\"name\":\"Al\u00e8 de Alens 2022\"}]},{\"@type\":\"WebSite\",\"@id\":\"https:\/\/bodega.canfeliu.es\/tienda\/#website\",\"url\":\"https:\/\/bodega.canfeliu.es\/tienda\/\",\"name\":\"Tienda Online - Bodega Can Feliu\",\"description\":\"Tienda de vinos de Can Feliu\",\"publisher\":{\"@id\":\"https:\/\/bodega.canfeliu.es\/tienda\/#organization\"},\"potentialAction\":[{\"@type\":\"SearchAction\",\"target\":{\"@type\":\"EntryPoint\",\"urlTemplate\":\"https:\/\/bodega.canfeliu.es\/tienda\/?s={search_term_string}\"},\"query-input\":{\"@type\":\"PropertyValueSpecification\",\"valueRequired\":true,\"valueName\":\"search_term_string\"}}],\"inLanguage\":\"ca\"},{\"@type\":\"Organization\",\"@id\":\"https:\/\/bodega.canfeliu.es\/tienda\/#organization\",\"name\":\"Bodega Can Feliu\",\"url\":\"https:\/\/bodega.canfeliu.es\/tienda\/\",\"logo\":{\"@type\":\"ImageObject\",\"inLanguage\":\"ca\",\"@id\":\"https:\/\/bodega.canfeliu.es\/tienda\/#\/schema\/logo\/image\/\",\"url\":\"https:\/\/bodega.canfeliu.es\/wp-content\/uploads\/CANFELIU.png\",\"contentUrl\":\"https:\/\/bodega.canfeliu.es\/wp-content\/uploads\/CANFELIU.png\",\"width\":971,\"height\":679,\"caption\":\"Bodega Can Feliu\"},\"image\":{\"@id\":\"https:\/\/bodega.canfeliu.es\/tienda\/#\/schema\/logo\/image\/\"},\"sameAs\":[\"https:\/\/www.facebook.com\/destileriasjordiperello\",\"https:\/\/x.com\/trescaires\",\"https:\/\/www.instagram.com\/3caires\/\",\"https:\/\/www.youtube.com\/channel\/UC6ap8Z44twW0MjR2lQ6WeEw\"]}]}<\/script>\n<!-- \/ Yoast SEO plugin. -->","yoast_head_json":{"title":"Al\u00e8 de Alens 2022 - Bodega Can Feliu","robots":{"index":"index","follow":"follow","max-snippet":"max-snippet:-1","max-image-preview":"max-image-preview:large","max-video-preview":"max-video-preview:-1"},"canonical":"https:\/\/bodega.canfeliu.es\/tienda\/ca\/product\/rubi-ca-padri-negre-vell\/","og_locale":"ca_ES","og_type":"article","og_title":"Al\u00e8 de Alens 2022 - Bodega Can Feliu","og_description":"NOMBRE: Al\u00e8 d\u2019Alens 2022  ORIGEN: IGP Vi de la Terra de Mallorca.  TIPO DE VINO: Vino tinto tranquilo envejecido en barrica de roble franc\u00e9s.  VARIEDADES: Merlot y Syrah.  COSECHA: El verano del 2022 fue seco y suave, perfecto para las condiciones fitosanitarias de la uva. El Syrah fue vendimiado la segunda semana de septiembre, y el Merlot la \u00faltima semana.  GRADUACI\u00d3N: 13,5% vol.  PROCESO DE ELABORACI\u00d3N: Las uvas fueron seleccionadas y vendimiadas a mano en vi\u00f1edos cercanos a la propiedad. Se usaron m\u00e9todos tradicionales y biodin\u00e1micos, respetando las reglas estipuladas por Demeter internacional, sin levaduras ni bacterias a\u00f1adidas y s\u00f3lo con fermentaci\u00f3n espont\u00e1nea. La fermentaci\u00f3n a temperatura controlada se hizo en tanques de acero inoxidable y la crianza en barrica de roble franc\u00e9s fue de 24 meses.   &nbsp;  NOTAS DE CATA:  Fase visual: De color rojo-p\u00farpura con ribetes viol\u00e1ceos, de intensidad media \u2013 alta.  Fase olfativa: Aromas a frutas negras maduras como moras, higos secos, violetas, cuero y ahumados propios de las barricas.  Fase gustativa: Tiene una entrada amable, estructurada, con mucha presencia en boca, con unos taninos suaves y perfectamente integrados, con un final goloso y fresco.   Temperatura de servicio: 15\u00ba \u2013 17\u00ba C\u00a0 aproximadamente. Mejor maridado con carnes rojas, guisos, embutidos y quesos.","og_url":"https:\/\/bodega.canfeliu.es\/tienda\/ca\/product\/rubi-ca-padri-negre-vell\/","og_site_name":"Bodega Can Feliu","article_publisher":"https:\/\/www.facebook.com\/destileriasjordiperello","article_modified_time":"2025-11-21T12:06:50+00:00","og_image":[{"width":1280,"height":2560,"url":"https:\/\/bodega.canfeliu.es\/wp-content\/uploads\/aledalens_tinto-scaled-e1683800990956.jpg","type":"image\/jpeg"}],"twitter_card":"summary_large_image","twitter_site":"@trescaires","twitter_misc":{"Temps estimat de lectura":"1 minut"},"schema":{"@context":"https:\/\/schema.org","@graph":[{"@type":"WebPage","@id":"https:\/\/bodega.canfeliu.es\/tienda\/producto\/ale-de-alens-2018\/","url":"https:\/\/bodega.canfeliu.es\/tienda\/producto\/ale-de-alens-2018\/","name":"Al\u00e8 de Alens 2022 - Bodega Can Feliu","isPartOf":{"@id":"https:\/\/bodega.canfeliu.es\/tienda\/#website"},"primaryImageOfPage":{"@id":"https:\/\/bodega.canfeliu.es\/tienda\/producto\/ale-de-alens-2018\/#primaryimage"},"image":{"@id":"https:\/\/bodega.canfeliu.es\/tienda\/producto\/ale-de-alens-2018\/#primaryimage"},"thumbnailUrl":"https:\/\/bodega.canfeliu.es\/wp-content\/uploads\/aledalens_tinto-scaled-e1683800990956.jpg","datePublished":"2022-07-08T09:37:12+00:00","dateModified":"2025-11-21T12:06:50+00:00","breadcrumb":{"@id":"https:\/\/bodega.canfeliu.es\/tienda\/producto\/ale-de-alens-2018\/#breadcrumb"},"inLanguage":"ca","potentialAction":[{"@type":"ReadAction","target":["https:\/\/bodega.canfeliu.es\/tienda\/producto\/ale-de-alens-2018\/"]}]},{"@type":"ImageObject","inLanguage":"ca","@id":"https:\/\/bodega.canfeliu.es\/tienda\/producto\/ale-de-alens-2018\/#primaryimage","url":"https:\/\/bodega.canfeliu.es\/wp-content\/uploads\/aledalens_tinto-scaled-e1683800990956.jpg","contentUrl":"https:\/\/bodega.canfeliu.es\/wp-content\/uploads\/aledalens_tinto-scaled-e1683800990956.jpg","width":1280,"height":2560},{"@type":"BreadcrumbList","@id":"https:\/\/bodega.canfeliu.es\/tienda\/producto\/ale-de-alens-2018\/#breadcrumb","itemListElement":[{"@type":"ListItem","position":1,"name":"Home","item":"https:\/\/bodega.canfeliu.es\/tienda\/"},{"@type":"ListItem","position":2,"name":"Tienda","item":"https:\/\/bodega.canfeliu.es\/tienda\/"},{"@type":"ListItem","position":3,"name":"Al\u00e8 de Alens 2022"}]},{"@type":"WebSite","@id":"https:\/\/bodega.canfeliu.es\/tienda\/#website","url":"https:\/\/bodega.canfeliu.es\/tienda\/","name":"Tienda Online - Bodega Can Feliu","description":"Tienda de vinos de Can Feliu","publisher":{"@id":"https:\/\/bodega.canfeliu.es\/tienda\/#organization"},"potentialAction":[{"@type":"SearchAction","target":{"@type":"EntryPoint","urlTemplate":"https:\/\/bodega.canfeliu.es\/tienda\/?s={search_term_string}"},"query-input":{"@type":"PropertyValueSpecification","valueRequired":true,"valueName":"search_term_string"}}],"inLanguage":"ca"},{"@type":"Organization","@id":"https:\/\/bodega.canfeliu.es\/tienda\/#organization","name":"Bodega Can Feliu","url":"https:\/\/bodega.canfeliu.es\/tienda\/","logo":{"@type":"ImageObject","inLanguage":"ca","@id":"https:\/\/bodega.canfeliu.es\/tienda\/#\/schema\/logo\/image\/","url":"https:\/\/bodega.canfeliu.es\/wp-content\/uploads\/CANFELIU.png","contentUrl":"https:\/\/bodega.canfeliu.es\/wp-content\/uploads\/CANFELIU.png","width":971,"height":679,"caption":"Bodega Can Feliu"},"image":{"@id":"https:\/\/bodega.canfeliu.es\/tienda\/#\/schema\/logo\/image\/"},"sameAs":["https:\/\/www.facebook.com\/destileriasjordiperello","https:\/\/x.com\/trescaires","https:\/\/www.instagram.com\/3caires\/","https:\/\/www.youtube.com\/channel\/UC6ap8Z44twW0MjR2lQ6WeEw"]}]}},"_links":{"self":[{"href":"https:\/\/bodega.canfeliu.es\/tienda\/ca\/wp-json\/wp\/v2\/product\/28957","targetHints":{"allow":["GET"]}}],"collection":[{"href":"https:\/\/bodega.canfeliu.es\/tienda\/ca\/wp-json\/wp\/v2\/product"}],"about":[{"href":"https:\/\/bodega.canfeliu.es\/tienda\/ca\/wp-json\/wp\/v2\/types\/product"}],"replies":[{"embeddable":true,"href":"https:\/\/bodega.canfeliu.es\/tienda\/ca\/wp-json\/wp\/v2\/comments?post=28957"}],"version-history":[{"count":5,"href":"https:\/\/bodega.canfeliu.es\/tienda\/ca\/wp-json\/wp\/v2\/product\/28957\/revisions"}],"predecessor-version":[{"id":35378,"href":"https:\/\/bodega.canfeliu.es\/tienda\/ca\/wp-json\/wp\/v2\/product\/28957\/revisions\/35378"}],"wp:featuredmedia":[{"embeddable":true,"href":"https:\/\/bodega.canfeliu.es\/tienda\/ca\/wp-json\/wp\/v2\/media\/35210"}],"wp:attachment":[{"href":"https:\/\/bodega.canfeliu.es\/tienda\/ca\/wp-json\/wp\/v2\/media?parent=28957"}],"wp:term":[{"taxonomy":"product_cat","embeddable":true,"href":"https:\/\/bodega.canfeliu.es\/tienda\/ca\/wp-json\/wp\/v2\/product_cat?post=28957"},{"taxonomy":"product_tag","embeddable":true,"href":"https:\/\/bodega.canfeliu.es\/tienda\/ca\/wp-json\/wp\/v2\/product_tag?post=28957"}],"curies":[{"name":"wp","href":"https:\/\/api.w.org\/{rel}","templated":true}]}}