{"id":29232,"date":"2022-07-11T06:54:36","date_gmt":"2022-07-11T06:54:36","guid":{"rendered":"https:\/\/dev.trescaires.com\/?page_id=29232"},"modified":"2023-02-01T11:11:40","modified_gmt":"2023-02-01T11:11:40","slug":"politica-de-cookies","status":"publish","type":"page","link":"https:\/\/bodega.canfeliu.es\/tienda\/de\/cookie-richtlinie\/","title":{"rendered":"Cookie-Richtlinie"},"content":{"rendered":"<div data-elementor-type=\"wp-page\" data-elementor-id=\"29232\" class=\"elementor elementor-29232\">\n\t\t\t\t\t\t\t\t\t<section class=\"wd-negative-gap elementor-section elementor-top-section elementor-element elementor-element-a90c2b5 elementor-section-boxed elementor-section-height-default elementor-section-height-default wd-section-disabled\" data-id=\"a90c2b5\" data-element_type=\"section\">\n\t\t\t\t\t\t<div class=\"elementor-container elementor-column-gap-default\">\n\t\t\t\t\t<div class=\"elementor-column elementor-col-100 elementor-top-column elementor-element elementor-element-ec56ef9\" data-id=\"ec56ef9\" data-element_type=\"column\">\n\t\t\t<div class=\"elementor-widget-wrap elementor-element-populated\">\n\t\t\t\t\t\t\t\t<div class=\"elementor-element elementor-element-28412ed elementor-widget elementor-widget-wd_text_block\" data-id=\"28412ed\" data-element_type=\"widget\" data-widget_type=\"wd_text_block.default\">\n\t\t\t\t<div class=\"elementor-widget-container\">\n\t\t\t\t\t<div class=\"wd-text-block reset-last-child text-left\">\n\t\t\t\n\t\t\t<p><strong>INFORMATIONEN \u00dcBER COOKIES\u00a0<\/strong><\/p><p>In \u00dcbereinstimmung mit dem Gesetz 34\/2002 vom 11. Juli \u00fcber Dienste der Informationsgesellschaft und des elektronischen Gesch\u00e4ftsverkehrs (LSSI) in Bezug auf die Verordnung (EU) 2016\/679 des Europ\u00e4ischen Parlaments und des Rates vom 27. April 2016, Allgemeines Datenschutz (DSGVO) und Organgesetz 3\/2018 vom 5. Dezember \u00fcber Datenschutz und Gew\u00e4hrleistung digitaler Rechte (LOPDGDD) ist es zwingend erforderlich, die ausdr\u00fcckliche Zustimmung des Benutzers aller Webseiten, die entbehrliche Cookies verwenden, vor Ihnen einzuholen durch sie navigieren. \u00a0<\/p><p><strong>WAS SIND COOKIES?\u00a0<\/strong><\/p><p>Die\u00a0<em>Kekse\u00a0<\/em>und andere \u00e4hnliche Technologien wie Local Shared Objects, Flash\u00a0<em>Kekse\u00a0<\/em>oder Pixel sind Werkzeuge, die von Webservern verwendet werden, um Informationen \u00fcber ihre Besucher zu speichern und abzurufen, sowie um ein korrektes Funktionieren der Website anzubieten.<\/p><p>Durch die Verwendung dieser Ger\u00e4te kann sich der Webserver einige Daten \u00fcber den Benutzer merken, wie z. B. seine Pr\u00e4ferenzen f\u00fcr die Anzeige der Seiten dieses Servers, Name und Passwort, Produkte, die ihn am meisten interessieren usw.\u00a0<\/p><p><strong>VON DER VERORDNUNG BETROFFENE COOKIES UND AUSGENOMMENE COOKIES\u00a0<\/strong><\/p><p>Laut EU-Richtlinie ist die\u00a0<em>Kekse\u00a0<\/em>die die informierte Zustimmung des Benutzers erfordern, sind die\u00a0<em>Kekse\u00a0<\/em>Analyse und Werbung und Zugeh\u00f6rigkeit, mit Ausnahme derjenigen technischer Art und derjenigen, die f\u00fcr den Betrieb der Website oder die Erbringung von ausdr\u00fccklich vom Benutzer angeforderten Diensten erforderlich sind.\u00a0<\/p><p><strong>\u00a0<\/strong><\/p><p><strong>ARTEN VON COOKIES<\/strong><\/p><p><strong>NACH DEM ZWECK<\/strong><\/p><ul><li><strong><em>Kekse\u00a0<\/em><\/strong><strong>technisch und funktional<\/strong>: sind diejenigen, die es dem Benutzer erm\u00f6glichen, durch eine Webseite, Plattform oder Anwendung zu navigieren und die verschiedenen darin enthaltenen Optionen oder Dienste zu nutzen<em>.<\/em><\/li><li><strong><em>Kekse\u00a0<\/em><\/strong><strong>analytisch<\/strong>: sind solche, die es der f\u00fcr sie verantwortlichen Person erm\u00f6glichen, das Verhalten der Benutzer der Websites, auf die sie verlinkt sind, zu \u00fcberwachen und zu analysieren. Die durch diese Art von gesammelten Informationen\u00a0<em>Kekse<\/em>Es wird verwendet, um die Aktivit\u00e4t der Websites, Anwendungen oder Plattformen zu messen und Browsing-Profile der Benutzer dieser Websites, Anwendungen und Plattformen zu erstellen, um Verbesserungen basierend auf der Analyse von Nutzungsdaten einzuf\u00fchren.<\/li><li><strong><em>Kekse<\/em><\/strong><strong>Werbung:<\/strong>\u00a0sind diejenigen, die eine m\u00f6glichst effiziente Verwaltung der Werbefl\u00e4chen erm\u00f6glichen, die der Herausgeber gegebenenfalls in eine Webseite, Anwendung oder Plattform aufgenommen hat, von der aus der angeforderte Dienst bereitgestellt wird, basierend auf Kriterien wie bearbeitetem Inhalt oder die H\u00e4ufigkeit, mit der die Anzeigen gezeigt werden.<\/li><li><strong><em>Kekse\u00a0<\/em><\/strong><strong>Verhaltenswerbung<\/strong>: Sammeln Sie Informationen \u00fcber die Pr\u00e4ferenzen und pers\u00f6nlichen Entscheidungen des Benutzers (<em>Retargeting<\/em>), um eine m\u00f6glichst effiziente Verwaltung der Werbefl\u00e4chen zu erm\u00f6glichen, die der Herausgeber gegebenenfalls in eine Webseite, Anwendung oder Plattform aufgenommen hat, von der aus der angeforderte Dienst bereitgestellt wird.<\/li><li><strong><em>Kekse\u00a0<\/em><\/strong><strong>Sozial<\/strong>: werden von den Social-Media-Plattformen auf den Diensten festgelegt, damit Sie Inhalte mit Ihren Freunden und Netzwerken teilen k\u00f6nnen. Social-Media-Plattformen haben die M\u00f6glichkeit, Ihre Online-Aktivit\u00e4ten au\u00dferhalb der Dienste zu verfolgen. Dies kann sich auf die Inhalte und Nachrichten auswirken, die Sie auf anderen von Ihnen besuchten Diensten sehen.<\/li><li><strong><em>Kekse\u00a0<\/em><\/strong><strong>von verbundenen Unternehmen<\/strong>: \u00dcberwachung der Besuche von anderen Websites zulassen, mit denen die Website einen Partnervertrag abschlie\u00dft (Partnerunternehmen).<\/li><li><strong><em>Kekse\u00a0<\/em><\/strong><strong>der Sicherheit<\/strong>: Speichern Sie verschl\u00fcsselte Informationen, um zu verhindern, dass darauf gespeicherte Daten b\u00f6swilligen Angriffen Dritter ausgesetzt sind.<\/li><\/ul><p><strong>NACH DEM EIGENTUM<\/strong><\/p><ul><li><strong><em>Kekse<\/em><\/strong><strong>besitzen<\/strong>: sind diejenigen, die von einem Computer oder einer Dom\u00e4ne, die vom Herausgeber selbst verwaltet werden und von denen aus der vom Benutzer angeforderte Dienst bereitgestellt wird, an das Endger\u00e4t des Benutzers gesendet werden.<\/li><li><strong><em>Kekse<\/em><\/strong><strong>von Dritten:<\/strong>\u00a0Dies sind diejenigen, die von einem Computer oder einer Dom\u00e4ne, die nicht vom Herausgeber verwaltet werden, sondern von einer anderen Stelle, die die durch Cookies erhaltenen Daten verarbeitet, an das Endger\u00e4t des Benutzers gesendet werden.<\/li><\/ul><p><strong>NACH DEM ERHALTUNGSZEITRAUM<\/strong><\/p><ul><li><strong><em>Kekse<\/em><\/strong><strong>Sitzung:<\/strong>\u00a0sind eine Art\u00a0<em>Kekse<\/em>\u00a0entwickelt, um Daten zu sammeln und zu speichern, w\u00e4hrend der Benutzer auf eine Webseite zugreift.<\/li><li><strong><em>Kekse<\/em><\/strong><strong>hartn\u00e4ckig:<\/strong>\u00a0Sie sind eine Art von Cookies, bei denen die Daten weiterhin im Endger\u00e4t gespeichert sind und w\u00e4hrend eines vom Datenverantwortlichen festgelegten Zeitraums abgerufen und verarbeitet werden k\u00f6nnen.\u00a0<em>Kekse<\/em>, und das kann von wenigen Minuten bis zu mehreren Jahren reichen.<\/li><\/ul><p><strong>VERARBEITUNG PERSONENBEZOGENER DATEN\u00a0\u00a0<\/strong><\/p><p>Son Dagueta SL ist die\u00a0<strong>Verantwortlich f\u00fcr die Behandlung<\/strong>\u00a0der personenbezogenen Daten der\u00a0<strong>Interessiert\u00a0<\/strong>und informiert Sie dar\u00fcber, dass diese Daten gem\u00e4\u00df den Bestimmungen der Verordnung (EU) 2016\/679 vom 27. April 2016 (DSGVO) verarbeitet werden, f\u00fcr die die folgenden Behandlungsinformationen bereitgestellt werden:<\/p><p><strong>Zwecke der Behandlung:\u00a0<\/strong>wie im Abschnitt \u00fcber angegeben\u00a0<em>Kekse\u00a0<\/em>die auf dieser Website verwendet werden.<\/p><p><strong>Legitimation der Behandlung<\/strong>: mit Zustimmung der interessierten Partei (Art. 6.1 DSGVO).<\/p><p><strong>Kriterien f\u00fcr die Datenspeicherung<\/strong>: wie im Abschnitt \u00fcber angegeben\u00a0<em>Kekse\u00a0<\/em>im Netz verwendet.<\/p><p><strong>Datenkommunikation<\/strong>: Die Daten werden nicht an Dritte weitergegeben, au\u00dfer in Cookies, die Dritten geh\u00f6ren oder aufgrund einer gesetzlichen Verpflichtung.<\/p><p><strong>Rechte, die der interessierten Partei helfen<\/strong>: Recht auf jederzeitigen Widerruf der Einwilligung.<br \/>- Recht auf Auskunft, Berichtigung, \u00dcbertragbarkeit und L\u00f6schung Ihrer Daten sowie Einschr\u00e4nkung oder Widerspruch gegen ihre Behandlung. Anspruchsrecht bei der Kontrollbeh\u00f6rde (<a href=\"http:\/\/www.aepd.es\/\">www.aepd.es<\/a>), wenn Sie der Meinung sind, dass die Behandlung nicht den geltenden Vorschriften entspricht.<\/p><p><strong>Kontaktdaten zur Aus\u00fcbung Ihrer Rechte:\u00a0<\/strong>Sohn Dagueta SL<strong>\u00a0\u2013\u00a0<\/strong>C\/Eltern, 4, 07260 Porreres, Balearen\u00a0<strong>\u2013\u00a0<\/strong>Email:\u00a0<a href=\"mailto:info@canfeliu.es\">info@canfeliu.es<\/a><\/p><p><strong>AUF DIESER WEBSITE VERWENDETE COOKIES<\/strong><\/p><p>Das Unternehmen verwendet die folgenden Cookies auf dieser Website f\u00fcr die unten aufgef\u00fchrten Zwecke:<\/p><table width=\"100%\"><tbody><tr><td width=\"349\"><p><strong>Name<\/strong><\/p><\/td><td width=\"349\"><p><strong>Ablaufdatum<\/strong><\/p><\/td><td width=\"349\"><p><strong>Zweck<\/strong><\/p><\/td><td width=\"116\"><p><strong>Eigene oder von Dritten<\/strong><\/p><\/td><\/tr><tr><td width=\"349\"><p>&quot;Dynamik&quot;<\/p><\/td><td width=\"349\"><p>Sitzung<\/p><\/td><td width=\"349\"><p>Cookie, das f\u00fcr die Nutzung der Optionen und Dienste der Website erforderlich ist.<\/p><\/td><td width=\"116\"><p>besitzen<\/p><\/td><\/tr><tr><td width=\"349\"><p>web_status<\/p><\/td><td width=\"349\"><p>Sitzung \/ Jahr<\/p><\/td><td width=\"349\"><p>Dieses Cookie wird verwendet, um sich daran zu erinnern, ob Sie der Verwendung von Cookies auf dieser Website zugestimmt haben.<\/p><\/td><td width=\"116\"><p>besitzen<\/p><\/td><\/tr><tr><td width=\"349\"><p>wesentliches_web<\/p><\/td><td width=\"349\"><p>Sitzung \/ Jahr<\/p><\/td><td width=\"349\"><p>Cookie, das f\u00fcr die Nutzung der Optionen und Dienste der Website erforderlich ist.<\/p><\/td><td width=\"116\"><p>besitzen<\/p><\/td><\/tr><tr><td width=\"349\"><p>Analytics_Speicher<\/p><\/td><td width=\"349\"><p>Sitzung \/ Jahr<\/p><\/td><td width=\"349\"><p>Dieses Cookie wird verwendet, um sich daran zu erinnern, ob Sie der Verwendung von analytischen Cookies zugestimmt haben.<\/p><\/td><td width=\"116\"><p>besitzen<\/p><\/td><\/tr><tr><td width=\"349\"><p>ad_storage<\/p><\/td><td width=\"349\"><p>Sitzung \/ Jahr<\/p><\/td><td width=\"349\"><p>Dieses Cookie wird verwendet, um sich daran zu erinnern, ob Sie der Verwendung von kommerziellen Cookies zugestimmt haben.<\/p><\/td><td width=\"116\"><p>besitzen<\/p><\/td><\/tr><\/tbody><\/table><p>\u00a0<\/p><table width=\"100%\"><tbody><tr><td width=\"349\"><p><strong>Name<\/strong><\/p><\/td><td width=\"349\"><p><strong>Ablaufdatum<\/strong><\/p><\/td><td width=\"349\"><p><strong>Zweck<\/strong><\/p><\/td><td width=\"116\"><p><strong>Eigene oder von Dritten<\/strong><\/p><\/td><\/tr><tr><td width=\"349\"><p>_gat_UA-90707811-4<\/p><\/td><td width=\"349\"><p>10 Minuten<\/p><\/td><td width=\"349\"><p>Statistiken. Google Analytics<\/p><\/td><td width=\"116\"><p>Dritte<\/p><\/td><\/tr><tr><td width=\"349\"><p>_ga<\/p><\/td><td width=\"349\"><p>zwei Jahre<\/p><\/td><td width=\"349\"><p>Statistiken. Google Analytics.<\/p><\/td><td width=\"116\"><p>Dritte<\/p><\/td><\/tr><tr><td width=\"349\"><p>_gid<\/p><\/td><td width=\"349\"><p>20 Stunden<\/p><\/td><td width=\"349\"><p>Statistiken. Google Analytics.<\/p><\/td><td width=\"116\"><p>Dritte<\/p><\/td><\/tr><tr><td width=\"349\"><p>_gcl_au<\/p><\/td><td width=\"349\"><p>75 Tage<\/p><\/td><td width=\"349\"><p>Statistiken. Google-Cookies.<\/p><\/td><td width=\"116\"><p>Dritte<\/p><\/td><\/tr><tr><td width=\"349\"><p>_fbp<\/p><\/td><td width=\"349\"><p>3 Monate<\/p><\/td><td width=\"349\"><p>Facebook-Cookies.<\/p><\/td><td width=\"116\"><p>Dritte<\/p><\/td><\/tr><tr><td width=\"349\"><p>_fbc<\/p><\/td><td width=\"349\"><p>3 Monate<\/p><\/td><td width=\"349\"><p>Facebook-Cookies.<\/p><\/td><td width=\"116\"><p>Dritte<\/p><\/td><\/tr><\/tbody><\/table><p>\u00a0<\/p><table width=\"100%\"><tbody><tr><td width=\"625\"><p><strong>Name<\/strong><\/p><\/td><td width=\"221\"><p><strong>Ablaufdatum<\/strong><\/p><\/td><td width=\"220\"><p><strong>Zweck<\/strong><\/p><\/td><td width=\"98\"><p><strong>Eigene oder von Dritten<\/strong><\/p><\/td><\/tr><tr><td width=\"625\"><p>IDE, SIDCC, __Secure-3PAPISID, __Secure-1PAPISID, SAPISID, HSID, __Secure-3PSID, SID, SSID, __Secure-1PSID, APISID, __Secure-3PSIDCC, AEC, ZUSTIMMUNG, NID, 1P_JAR, SAPISID, HSID, __Secure-3PAPISID, APISID, __Secure-1PSID, SID, __Secure-3PSID, __Secure-1PAPISID, SSID, NID, ZUSTIMMUNG, OTZ<\/p><\/td><td width=\"221\"><p>Von 1 Tag bis 2 Jahre<\/p><\/td><td width=\"220\"><p>Extern. Google-Cookies.<\/p><\/td><td width=\"98\"><p>Dritte<\/p><\/td><\/tr><tr><td width=\"625\"><p>datr, jdn<\/p><\/td><td width=\"221\"><p>Von 1 Monat bis 2 Jahre<\/p><\/td><td width=\"220\"><p>Extern. Facebook-Cookies.<\/p><\/td><td width=\"98\"><p>Dritte<\/p><\/td><\/tr><tr><td width=\"625\"><p>_hjAbsoluteSessionInProgress, _hjFirstSeen, _hjIncludedInPageviewSample,<br \/>_hjIncludedInSessionSample, _hjSessionUser_XXXXXX, _hjSession_XXXXXX<\/p><\/td><td width=\"221\"><p>Von 1 Tag bis 1 Jahr<\/p><\/td><td width=\"220\"><p>Extern. Hotjar Analytics-Cookies<\/p><\/td><td width=\"98\"><p>Dritte<\/p><\/td><\/tr><\/tbody><\/table><p><strong>Cookies von Drittanbietern<\/strong><\/p><p>Dienste Dritter liegen au\u00dferhalb der Kontrolle des Herausgebers. Die Anbieter k\u00f6nnen ihre Servicebedingungen, den Zweck und die Verwendung von Cookies usw. jederzeit \u00e4ndern.<\/p><table width=\"100%\"><tbody><tr><td width=\"582\"><p><strong>Editor<\/strong><\/p><\/td><td width=\"582\"><p><strong>Datenschutzerkl\u00e4rung\u00a0<\/strong><\/p><\/td><\/tr><tr><td width=\"582\"><p>Google Analytics<\/p><\/td><td width=\"582\"><p><a href=\"https:\/\/privacy.google.com\/take-control.html\">https:\/\/privacy.google.com\/take-control.html<\/a><\/p><\/td><\/tr><tr><td width=\"582\"><p>Osano<\/p><\/td><td width=\"582\"><p>N \/ A<\/p><\/td><\/tr><\/tbody><\/table><p><strong>WIE MAN COOKIES VOM BROWSER VERWALTET<\/strong><\/p><table width=\"100%\"><tbody><tr><td width=\"582\"><p><strong>Cookies vom Ger\u00e4t l\u00f6schen<\/strong><\/p><\/td><td width=\"582\"><p>Cookies, die sich bereits auf einem Ger\u00e4t befinden, k\u00f6nnen entfernt werden, indem der Browserverlauf gel\u00f6scht wird, wodurch Cookies von allen besuchten Websites entfernt werden.<br \/>Einige der gespeicherten Informationen (z. B. Anmeldedaten oder Website-Einstellungen) k\u00f6nnen jedoch auch verloren gehen.<\/p><\/td><\/tr><tr><td width=\"582\"><p><strong>Websitespezifische Cookies verwalten<\/strong><\/p><\/td><td width=\"582\"><p>F\u00fcr eine genauere Kontrolle \u00fcber seitenspezifische Cookies k\u00f6nnen Benutzer ihre Datenschutz- und Cookie-Einstellungen im Browser anpassen.<\/p><\/td><\/tr><tr><td width=\"582\"><p><strong>Cookies blockieren<\/strong><\/p><\/td><td width=\"582\"><p>Obwohl die meisten modernen Browser so konfiguriert werden k\u00f6nnen, dass sie verhindern, dass Cookies auf Ger\u00e4ten installiert werden, kann dies die manuelle Anpassung bestimmter Einstellungen bei jedem Besuch einer Website oder Seite erfordern. Dar\u00fcber hinaus funktionieren einige Dienste und Funktionen m\u00f6glicherweise nicht richtig (z. B. Profilanmeldungen).<\/p><\/td><\/tr><\/tbody><\/table><p><strong>SO L\u00d6SCHEN SIE COOKIES VON DEN G\u00c4NGIGSTEN BROWSERN<\/strong><\/p><table width=\"100%\"><tbody><tr><td width=\"541\"><p><strong>Chrom<\/strong><\/p><\/td><td width=\"70%\"><p><a href=\"https:\/\/support.google.com\/chrome\/answer\/95647?hl=es\">http:\/\/support.google.com\/chrome\/answer\/95647?hl=es<\/a><\/p><\/td><\/tr><tr><td width=\"30%\"><p><strong>Internet Explorer. Fassung 11<\/strong><\/p><\/td><td width=\"70%\"><p><a href=\"https:\/\/support.microsoft.com\/es-es\/help\/278835\/how-to-delete-cookie-files-in-internet-explorer\">https:\/\/support.microsoft.com\/es-es\/help\/278835\/how-to-delete-cookie-files-in-internet-explorer<\/a><\/p><\/td><\/tr><tr><td width=\"30%\"><p><strong>Feuerfuchs. Version 65.0.1<\/strong><\/p><\/td><td width=\"70%\"><p><a href=\"https:\/\/www.mozilla.org\/es-ES\/privacy\/websites\/#cookies\">https:\/\/www.mozilla.org\/es-ES\/privacy\/websites\/#cookies<\/a><\/p><\/td><\/tr><tr><td width=\"30%\"><p><strong>Safari-Version 5.1<\/strong><\/p><\/td><td width=\"70%\"><p><a href=\"https:\/\/support.apple.com\/es-es\/guide\/safari\/sfri11471\/mac\">https:\/\/support.apple.com\/es-es\/guide\/safari\/sfri11471\/mac<\/a><\/p><\/td><\/tr><tr><td width=\"30%\"><p><strong>Oper<\/strong><\/p><\/td><td width=\"70%\"><p><a href=\"https:\/\/help.opera.com\/en\/latest\/security-and-privacy\/#clearBrowsingData\">https:\/\/help.opera.com\/en\/latest\/security-and-privacy\/#clearBrowsingData<\/a><\/p><\/td><\/tr><\/tbody><\/table><p><strong>COOKIES-KONFIGURATIONSFELD<\/strong><\/p><p>\u00dcber die Schaltfl\u00e4che \u201eCOOKIES-KONFIGURATION\u201c, die immer unten links auf der Website sichtbar ist, k\u00f6nnen Sie die Cookies konfigurieren, die die Website in Ihrem Browser installieren kann, mit Ausnahme von technischen oder funktionalen Cookies, die f\u00fcr das Surfen und die Verwendung der anderen erforderlich sind angebotenen Optionen oder Dienstleistungen.<\/p><p>ALLE AKZEPTIEREN Alle Cookies, die wir auf der Seite verwenden, werden akzeptiert.<\/p><p>KONFIGURATION AKZEPTIEREN Nur die ausgew\u00e4hlten Cookies werden akzeptiert.<\/p><p>SPEICHERN SIE NUR DIE ERFORDERLICHEN, nur die Cookies, die f\u00fcr das Funktionieren der Seite unbedingt erforderlich sind, werden akzeptiert.<\/p><p>\u00a0<\/p><p>\u00a0<\/p>\n\t\t\t\t\t<\/div>\n\t\t\t\t<\/div>\n\t\t\t\t<\/div>\n\t\t\t\t\t<\/div>\n\t\t<\/div>\n\t\t\t\t\t\t\t<\/div>\n\t\t<\/section>\n\t\t\t\t\t\t\t<\/div>","protected":false},"excerpt":{"rendered":"<p>INFORMATIONEN \u00dcBER COOKIES Gem\u00e4\u00df Gesetz 34\/2002 vom 11. Juli \u00fcber Dienste der Informationsgesellschaft<\/p>","protected":false},"author":1,"featured_media":0,"parent":0,"menu_order":0,"comment_status":"closed","ping_status":"closed","template":"","meta":{"footnotes":""},"class_list":["post-29232","page","type-page","status-publish","hentry"],"yoast_head":"<!-- This site is optimized with the Yoast SEO plugin v23.5 - https:\/\/yoast.com\/wordpress\/plugins\/seo\/ -->\n<title>Bodega Can Feliu -<\/title>\n<meta name=\"description\" content=\"La bodega Can Feliu es el coraz\u00f3n de nuestro Agroturismo. Un alojamiento para amantes de la naturaleza. Una bodega en Mallorca donde encontrar\u00e1s la mejor selecci\u00f3n de vinos.\" \/>\n<meta name=\"robots\" content=\"index, follow, max-snippet:-1, max-image-preview:large, max-video-preview:-1\" \/>\n<link rel=\"canonical\" href=\"https:\/\/bodega.canfeliu.es\/tienda\/de\/cookie-richtlinie\/\" \/>\n<meta property=\"og:locale\" content=\"de_DE\" \/>\n<meta property=\"og:type\" content=\"article\" \/>\n<meta property=\"og:title\" content=\"Bodega Can Feliu -\" \/>\n<meta property=\"og:description\" content=\"La bodega Can Feliu es el coraz\u00f3n de nuestro Agroturismo. Un alojamiento para amantes de la naturaleza. Una bodega en Mallorca donde encontrar\u00e1s la mejor selecci\u00f3n de vinos.\" \/>\n<meta property=\"og:url\" content=\"https:\/\/bodega.canfeliu.es\/tienda\/de\/cookie-richtlinie\/\" \/>\n<meta property=\"og:site_name\" content=\"Bodega Can Feliu\" \/>\n<meta property=\"article:publisher\" content=\"https:\/\/www.facebook.com\/destileriasjordiperello\" \/>\n<meta property=\"article:modified_time\" content=\"2023-02-01T11:11:40+00:00\" \/>\n<meta name=\"twitter:card\" content=\"summary_large_image\" \/>\n<meta name=\"twitter:site\" content=\"@trescaires\" \/>\n<script type=\"application\/ld+json\" class=\"yoast-schema-graph\">{\"@context\":\"https:\/\/schema.org\",\"@graph\":[{\"@type\":\"WebPage\",\"@id\":\"https:\/\/bodega.canfeliu.es\/tienda\/politica-de-cookies\/\",\"url\":\"https:\/\/bodega.canfeliu.es\/tienda\/politica-de-cookies\/\",\"name\":\"Bodega Can Feliu -\",\"isPartOf\":{\"@id\":\"https:\/\/bodega.canfeliu.es\/tienda\/#website\"},\"datePublished\":\"2022-07-11T06:54:36+00:00\",\"dateModified\":\"2023-02-01T11:11:40+00:00\",\"description\":\"La bodega Can Feliu es el coraz\u00f3n de nuestro Agroturismo. Un alojamiento para amantes de la naturaleza. Una bodega en Mallorca donde encontrar\u00e1s la mejor selecci\u00f3n de vinos.\",\"breadcrumb\":{\"@id\":\"https:\/\/bodega.canfeliu.es\/tienda\/politica-de-cookies\/#breadcrumb\"},\"inLanguage\":\"de\",\"potentialAction\":[{\"@type\":\"ReadAction\",\"target\":[\"https:\/\/bodega.canfeliu.es\/tienda\/politica-de-cookies\/\"]}]},{\"@type\":\"BreadcrumbList\",\"@id\":\"https:\/\/bodega.canfeliu.es\/tienda\/politica-de-cookies\/#breadcrumb\",\"itemListElement\":[{\"@type\":\"ListItem\",\"position\":1,\"name\":\"Home\",\"item\":\"https:\/\/bodega.canfeliu.es\/tienda\/\"},{\"@type\":\"ListItem\",\"position\":2,\"name\":\"Pol\u00edtica de Cookies\"}]},{\"@type\":\"WebSite\",\"@id\":\"https:\/\/bodega.canfeliu.es\/tienda\/#website\",\"url\":\"https:\/\/bodega.canfeliu.es\/tienda\/\",\"name\":\"Tienda Online - Bodega Can Feliu\",\"description\":\"Tienda de vinos de Can Feliu\",\"publisher\":{\"@id\":\"https:\/\/bodega.canfeliu.es\/tienda\/#organization\"},\"potentialAction\":[{\"@type\":\"SearchAction\",\"target\":{\"@type\":\"EntryPoint\",\"urlTemplate\":\"https:\/\/bodega.canfeliu.es\/tienda\/?s={search_term_string}\"},\"query-input\":{\"@type\":\"PropertyValueSpecification\",\"valueRequired\":true,\"valueName\":\"search_term_string\"}}],\"inLanguage\":\"de\"},{\"@type\":\"Organization\",\"@id\":\"https:\/\/bodega.canfeliu.es\/tienda\/#organization\",\"name\":\"Bodega Can Feliu\",\"url\":\"https:\/\/bodega.canfeliu.es\/tienda\/\",\"logo\":{\"@type\":\"ImageObject\",\"inLanguage\":\"de\",\"@id\":\"https:\/\/bodega.canfeliu.es\/tienda\/#\/schema\/logo\/image\/\",\"url\":\"https:\/\/bodega.canfeliu.es\/wp-content\/uploads\/CANFELIU.png\",\"contentUrl\":\"https:\/\/bodega.canfeliu.es\/wp-content\/uploads\/CANFELIU.png\",\"width\":971,\"height\":679,\"caption\":\"Bodega Can Feliu\"},\"image\":{\"@id\":\"https:\/\/bodega.canfeliu.es\/tienda\/#\/schema\/logo\/image\/\"},\"sameAs\":[\"https:\/\/www.facebook.com\/destileriasjordiperello\",\"https:\/\/x.com\/trescaires\",\"https:\/\/www.instagram.com\/3caires\/\",\"https:\/\/www.youtube.com\/channel\/UC6ap8Z44twW0MjR2lQ6WeEw\"]}]}<\/script>\n<!-- \/ Yoast SEO plugin. -->","yoast_head_json":{"title":"Bodega Can Feliu -","description":"La bodega Can Feliu es el coraz\u00f3n de nuestro Agroturismo. Un alojamiento para amantes de la naturaleza. Una bodega en Mallorca donde encontrar\u00e1s la mejor selecci\u00f3n de vinos.","robots":{"index":"index","follow":"follow","max-snippet":"max-snippet:-1","max-image-preview":"max-image-preview:large","max-video-preview":"max-video-preview:-1"},"canonical":"https:\/\/bodega.canfeliu.es\/tienda\/de\/cookie-richtlinie\/","og_locale":"de_DE","og_type":"article","og_title":"Bodega Can Feliu -","og_description":"La bodega Can Feliu es el coraz\u00f3n de nuestro Agroturismo. Un alojamiento para amantes de la naturaleza. Una bodega en Mallorca donde encontrar\u00e1s la mejor selecci\u00f3n de vinos.","og_url":"https:\/\/bodega.canfeliu.es\/tienda\/de\/cookie-richtlinie\/","og_site_name":"Bodega Can Feliu","article_publisher":"https:\/\/www.facebook.com\/destileriasjordiperello","article_modified_time":"2023-02-01T11:11:40+00:00","twitter_card":"summary_large_image","twitter_site":"@trescaires","schema":{"@context":"https:\/\/schema.org","@graph":[{"@type":"WebPage","@id":"https:\/\/bodega.canfeliu.es\/tienda\/politica-de-cookies\/","url":"https:\/\/bodega.canfeliu.es\/tienda\/politica-de-cookies\/","name":"Bodega Can Feliu -","isPartOf":{"@id":"https:\/\/bodega.canfeliu.es\/tienda\/#website"},"datePublished":"2022-07-11T06:54:36+00:00","dateModified":"2023-02-01T11:11:40+00:00","description":"La bodega Can Feliu es el coraz\u00f3n de nuestro Agroturismo. Un alojamiento para amantes de la naturaleza. Una bodega en Mallorca donde encontrar\u00e1s la mejor selecci\u00f3n de vinos.","breadcrumb":{"@id":"https:\/\/bodega.canfeliu.es\/tienda\/politica-de-cookies\/#breadcrumb"},"inLanguage":"de","potentialAction":[{"@type":"ReadAction","target":["https:\/\/bodega.canfeliu.es\/tienda\/politica-de-cookies\/"]}]},{"@type":"BreadcrumbList","@id":"https:\/\/bodega.canfeliu.es\/tienda\/politica-de-cookies\/#breadcrumb","itemListElement":[{"@type":"ListItem","position":1,"name":"Home","item":"https:\/\/bodega.canfeliu.es\/tienda\/"},{"@type":"ListItem","position":2,"name":"Pol\u00edtica de Cookies"}]},{"@type":"WebSite","@id":"https:\/\/bodega.canfeliu.es\/tienda\/#website","url":"https:\/\/bodega.canfeliu.es\/tienda\/","name":"Tienda Online - Bodega Can Feliu","description":"Tienda de vinos de Can Feliu","publisher":{"@id":"https:\/\/bodega.canfeliu.es\/tienda\/#organization"},"potentialAction":[{"@type":"SearchAction","target":{"@type":"EntryPoint","urlTemplate":"https:\/\/bodega.canfeliu.es\/tienda\/?s={search_term_string}"},"query-input":{"@type":"PropertyValueSpecification","valueRequired":true,"valueName":"search_term_string"}}],"inLanguage":"de"},{"@type":"Organization","@id":"https:\/\/bodega.canfeliu.es\/tienda\/#organization","name":"Bodega Can Feliu","url":"https:\/\/bodega.canfeliu.es\/tienda\/","logo":{"@type":"ImageObject","inLanguage":"de","@id":"https:\/\/bodega.canfeliu.es\/tienda\/#\/schema\/logo\/image\/","url":"https:\/\/bodega.canfeliu.es\/wp-content\/uploads\/CANFELIU.png","contentUrl":"https:\/\/bodega.canfeliu.es\/wp-content\/uploads\/CANFELIU.png","width":971,"height":679,"caption":"Bodega Can Feliu"},"image":{"@id":"https:\/\/bodega.canfeliu.es\/tienda\/#\/schema\/logo\/image\/"},"sameAs":["https:\/\/www.facebook.com\/destileriasjordiperello","https:\/\/x.com\/trescaires","https:\/\/www.instagram.com\/3caires\/","https:\/\/www.youtube.com\/channel\/UC6ap8Z44twW0MjR2lQ6WeEw"]}]}},"_links":{"self":[{"href":"https:\/\/bodega.canfeliu.es\/tienda\/de\/wp-json\/wp\/v2\/pages\/29232","targetHints":{"allow":["GET"]}}],"collection":[{"href":"https:\/\/bodega.canfeliu.es\/tienda\/de\/wp-json\/wp\/v2\/pages"}],"about":[{"href":"https:\/\/bodega.canfeliu.es\/tienda\/de\/wp-json\/wp\/v2\/types\/page"}],"author":[{"embeddable":true,"href":"https:\/\/bodega.canfeliu.es\/tienda\/de\/wp-json\/wp\/v2\/users\/1"}],"replies":[{"embeddable":true,"href":"https:\/\/bodega.canfeliu.es\/tienda\/de\/wp-json\/wp\/v2\/comments?post=29232"}],"version-history":[{"count":4,"href":"https:\/\/bodega.canfeliu.es\/tienda\/de\/wp-json\/wp\/v2\/pages\/29232\/revisions"}],"predecessor-version":[{"id":35188,"href":"https:\/\/bodega.canfeliu.es\/tienda\/de\/wp-json\/wp\/v2\/pages\/29232\/revisions\/35188"}],"wp:attachment":[{"href":"https:\/\/bodega.canfeliu.es\/tienda\/de\/wp-json\/wp\/v2\/media?parent=29232"}],"curies":[{"name":"wp","href":"https:\/\/api.w.org\/{rel}","templated":true}]}}