{"id":31894,"date":"2022-07-12T06:48:06","date_gmt":"2022-07-12T06:48:06","guid":{"rendered":"https:\/\/dev.trescaires.com\/?page_id=31894"},"modified":"2023-02-01T11:14:34","modified_gmt":"2023-02-01T11:14:34","slug":"condiciones-de-envio-y-entrega","status":"publish","type":"page","link":"https:\/\/bodega.canfeliu.es\/tienda\/de\/versand-und-lieferbedingungen\/","title":{"rendered":"Die Bedingungen Versand und Lieferung"},"content":{"rendered":"<div data-elementor-type=\"wp-page\" data-elementor-id=\"31894\" class=\"elementor elementor-31894\">\n\t\t\t\t\t\t\t\t\t<section class=\"wd-negative-gap elementor-section elementor-top-section elementor-element elementor-element-bd0356b elementor-section-boxed elementor-section-height-default elementor-section-height-default wd-section-disabled\" data-id=\"bd0356b\" data-element_type=\"section\">\n\t\t\t\t\t\t<div class=\"elementor-container elementor-column-gap-default\">\n\t\t\t\t\t<div class=\"elementor-column elementor-col-100 elementor-top-column elementor-element elementor-element-13eed65\" data-id=\"13eed65\" data-element_type=\"column\">\n\t\t\t<div class=\"elementor-widget-wrap elementor-element-populated\">\n\t\t\t\t\t\t\t\t<div class=\"elementor-element elementor-element-27d7791 elementor-widget elementor-widget-wd_text_block\" data-id=\"27d7791\" data-element_type=\"widget\" data-widget_type=\"wd_text_block.default\">\n\t\t\t\t<div class=\"elementor-widget-container\">\n\t\t\t\t\t<div class=\"wd-text-block reset-last-child text-left\">\n\t\t\t\n\t\t\t<p>Diese Allgemeinen Verkaufsbedingungen, im Folgenden Allgemeine Bedingungen, regeln den Kauf- und Verkaufsprozess der Produkte von SON DAGUETA SL, im Folgenden Bodega CAN FELIU, auf der Website www.canfeliu.es, ab sofort auf der Website.<\/p><p>Die Allgemeinen Gesch\u00e4ftsbedingungen binden BODEGA CAN FELIU und den K\u00e4ufer, im Folgenden der Kunde, und gew\u00e4hren ihnen eine Reihe von Rechten und Pflichten ab dem Zeitpunkt, an dem letzterer eine Bestellung \u00fcber die Website aufgibt und annimmt. Sie sind obligatorisch und beiden Parteien bekannt, daher ist ihre ausdr\u00fcckliche Annahme durch den Kunden unerl\u00e4sslich, um einen Auftrag formalisieren zu k\u00f6nnen. Der Kunde muss diese Bedingungen sorgf\u00e4ltig lesen.<\/p><p>BODEGA CAN FELIU mit Steuername Son Dagueta SL, versehen mit CIF B-57171118 und Sitz in C\/ Cam\u00ed de Sa Serra KM. 1,2 (07260) Balearen \u2013 Spanien. Eingetragen im Handelsregister von Palma, Band 1946, Blatt 72 und Seite PM-42332, ist der Eigent\u00fcmer der Seite www.canfeliu.es, auf die von L\u00e4ndern und anderen Gebieten aus zugegriffen werden kann, in denen der Alkoholkonsum legal ist, und von Personen, die Alkohol legal konsumieren d\u00fcrfen Getr\u00e4nke.\u00a0<\/p><p>\u00a0<\/p><p>Der Kunde ist jeder Benutzer der Website, der eine Bestellung aufgibt und diese annimmt. Um zu kaufen, muss der Kunde alle angeforderten Informationen angeben. Der Kunde erkl\u00e4rt, dass alle im Kaufprozess gemachten Angaben vollst\u00e4ndig, wahrheitsgem\u00e4\u00df und aktuell sind. Ihre personenbezogenen Daten werden gem\u00e4\u00df den Bestimmungen der Datenschutzrichtlinie und gem\u00e4\u00df den Nutzungsbedingungen der Website verarbeitet.<\/p><p>Der Kauf der Produkte impliziert die vollst\u00e4ndige und vorbehaltlose Annahme der Allgemeinen Gesch\u00e4ftsbedingungen sowie der Bestimmungen der Datenschutzrichtlinie und der Nutzungsbedingungen der Website.<\/p><p>Der Kunde erkl\u00e4rt, vollj\u00e4hrig und in jedem Fall voll qualifiziert und befugt zu sein, gem\u00e4\u00df den f\u00fcr ihn geltenden Rechtsvorschriften Vertr\u00e4ge abzuschlie\u00dfen und die Verpflichtungen dieser Allgemeinen Gesch\u00e4ftsbedingungen entweder f\u00fcr sich oder im Namen des Unternehmens einzugehen oder K\u00f6rperschaft, die gegebenenfalls angibt, vertritt oder in deren Interesse sie handelt.<\/p><p>\u00dcber die Website sind K\u00e4ufe \u00fcberall auf der Welt erlaubt, unbeschadet der besonderen Zoll- und Transportbedingungen jedes Landes.<\/p><p><strong>PRODUKTE<\/strong><\/p><p>Jedes Produkt hat eine Datei mit seiner Beschreibung und seinem Verkaufspreis mit Mehrwertsteuer.<\/p><p>Der endg\u00fcltige Preis der Produkte ist derjenige, der zum Zeitpunkt der Bestellung auf der Website erscheint, nachdem eine Zahlungsmethode und ein Lieferort festgelegt wurden.<\/p><p><strong>ICH ZAHLE <\/strong><\/p><p>Der Benutzer kann den Kauf von Produkten t\u00e4tigen. Der Kaufvorgang wird \u00fcber einen Warenkorb verwaltet, in dem der Benutzer die Produkte hinzuf\u00fcgen kann, die er kaufen m\u00f6chte.<\/p><p>Um Produkte in den Warenkorb zu legen, muss der Benutzer, sobald er sich auf der Produktseite befindet, die Anzahl der Produkte und die Option \u201eIn den Warenkorb\u201c ausw\u00e4hlen. Der Benutzer kann jederzeit auf den Inhalt des Warenkorbs zugreifen und ihn \u00e4ndern.<\/p><p>Sobald sich alle Produkte, die Sie kaufen m\u00f6chten, im Warenkorb befinden, kann der Benutzer mit der Bearbeitung der Bestellung beginnen, indem er die Option \u201eKauf best\u00e4tigen\u201c ausw\u00e4hlt.<\/p><p>Als n\u00e4chstes muss der Benutzer eine der Versandmethoden ausw\u00e4hlen, die seinen Bed\u00fcrfnissen am besten entspricht, innerhalb der M\u00f6glichkeiten, die die Website basierend auf der Lieferadresse und dem angegebenen Land bietet. Der Benutzer hat auch die M\u00f6glichkeit, Kommentare, Anforderungen oder zus\u00e4tzliche Informationen zu seiner Bestellung \u00fcber ein Textfeld anzugeben.<\/p><p>Als N\u00e4chstes muss der Benutzer, nachdem er die Zahlungsmethode ausgew\u00e4hlt und die hier dargelegten Einkaufsbedingungen akzeptiert hat, sicherstellen, dass die auf dem Bildschirm angezeigten Produkte die sind, die er kaufen m\u00f6chte.<\/p><p>Um die Bestellung abzuschlie\u00dfen, muss der Benutzer schlie\u00dflich die Liefermethode ausw\u00e4hlen und auf die Schaltfl\u00e4che \u201eKaufen\u201c klicken, die Zahlungsmethode ausw\u00e4hlen und wird automatisch zum entsprechenden Zahlungsgateway weitergeleitet. Sobald die Zahlung korrekt verarbeitet wurde, wird die Bestellung automatisch verarbeitet, wobei die Bestellinformationen auf dem Bildschirm best\u00e4tigt und eine E-Mail an den Benutzer gesendet werden, in der der Vorgang best\u00e4tigt und die Eigenschaften des Produkts, der Preis, die ausgew\u00e4hlte Versandart, das Vertragsdatum und angegeben werden Bestellnummer.<\/p><p>Der Benutzer \u00fcbernimmt die Verantwortung f\u00fcr die korrekte und wahrheitsgem\u00e4\u00dfe Eingabe der Produktlieferdaten, und BODEGA CAN FELIU \u00fcbernimmt keine Verantwortung f\u00fcr den Fall, dass die Lieferung aufgrund von Ungenauigkeiten oder falschen Daten nicht erfolgen kann.<\/p><p><strong>\u00a0<\/strong><\/p><p><strong>LIEFERZEITEN F\u00dcR BESTELLUNGEN UND VERSANDKOSTEN<\/strong><\/p><p>Alle unsere Produkte werden nach \u00dcberpr\u00fcfung der Zahlung innerhalb von maximal 72 Stunden bearbeitet, Wochenenden und Feiertage ausgenommen, gem\u00e4\u00df dem Arbeitskalender, der der Adresse von Bodega Can FELIU entspricht.<\/p><p><strong>KEHRT ZUR\u00dcCK<\/strong><\/p><p>Es sind keine \u00c4nderungen oder R\u00fcckerstattungen zul\u00e4ssig.<\/p><p><strong>\u00c4NDERUNGEN<\/strong><\/p><p>Bodega CAN FELIU beh\u00e4lt sich das Recht vor, jederzeit \u00c4nderungen und Aktualisierungen der Website, ihres Inhalts, ihrer Verf\u00fcgbarkeit und Pr\u00e4sentation sowie dieser Verkaufsbedingungen, Preise und Kosten vorzunehmen.<\/p><p><strong>ANWENDBARES RECHT UND GERICHTSSTAND<\/strong><\/p><p>Diese Allgemeinen Gesch\u00e4ftsbedingungen unterliegen dem spanischen Recht und werden in \u00dcbereinstimmung mit diesem ausgelegt.\u00a0<\/p><p>Der Kunde unterwirft sich der Gerichtsbarkeit und Zust\u00e4ndigkeit der Gerichte von Manacor \u2013 Spanien, f\u00fcr die L\u00f6sung aller diesbez\u00fcglichen Fragen.\u00a0<\/p><p>\u00a0<\/p>\n\t\t\t\t\t<\/div>\n\t\t\t\t<\/div>\n\t\t\t\t<\/div>\n\t\t\t\t\t<\/div>\n\t\t<\/div>\n\t\t\t\t\t\t\t<\/div>\n\t\t<\/section>\n\t\t\t\t\t\t\t<\/div>","protected":false},"excerpt":{"rendered":"<p>Diese Allgemeinen Verkaufsbedingungen, im Folgenden Allgemeine Bedingungen, die den Verkaufsprozess der Produkte von regeln<\/p>","protected":false},"author":1,"featured_media":0,"parent":0,"menu_order":0,"comment_status":"closed","ping_status":"closed","template":"","meta":{"footnotes":""},"class_list":["post-31894","page","type-page","status-publish","hentry"],"yoast_head":"<!-- This site is optimized with the Yoast SEO plugin v23.5 - https:\/\/yoast.com\/wordpress\/plugins\/seo\/ -->\n<title>Bodega Can Feliu -<\/title>\n<meta name=\"description\" content=\"La bodega Can Feliu es el coraz\u00f3n de nuestro Agroturismo. Un alojamiento para amantes de la naturaleza. Una bodega en Mallorca donde encontrar\u00e1s la mejor selecci\u00f3n de vinos.\" \/>\n<meta name=\"robots\" content=\"index, follow, max-snippet:-1, max-image-preview:large, max-video-preview:-1\" \/>\n<link rel=\"canonical\" href=\"https:\/\/bodega.canfeliu.es\/tienda\/de\/versand-und-lieferbedingungen\/\" \/>\n<meta property=\"og:locale\" content=\"de_DE\" \/>\n<meta property=\"og:type\" content=\"article\" \/>\n<meta property=\"og:title\" content=\"Bodega Can Feliu -\" \/>\n<meta property=\"og:description\" content=\"La bodega Can Feliu es el coraz\u00f3n de nuestro Agroturismo. Un alojamiento para amantes de la naturaleza. Una bodega en Mallorca donde encontrar\u00e1s la mejor selecci\u00f3n de vinos.\" \/>\n<meta property=\"og:url\" content=\"https:\/\/bodega.canfeliu.es\/tienda\/de\/versand-und-lieferbedingungen\/\" \/>\n<meta property=\"og:site_name\" content=\"Bodega Can Feliu\" \/>\n<meta property=\"article:publisher\" content=\"https:\/\/www.facebook.com\/destileriasjordiperello\" \/>\n<meta property=\"article:modified_time\" content=\"2023-02-01T11:14:34+00:00\" \/>\n<meta name=\"twitter:card\" content=\"summary_large_image\" \/>\n<meta name=\"twitter:site\" content=\"@trescaires\" \/>\n<meta name=\"twitter:label1\" content=\"Gesch\u00e4tzte Lesezeit\" \/>\n\t<meta name=\"twitter:data1\" content=\"6\u00a0Minuten\" \/>\n<script type=\"application\/ld+json\" class=\"yoast-schema-graph\">{\"@context\":\"https:\/\/schema.org\",\"@graph\":[{\"@type\":\"WebPage\",\"@id\":\"https:\/\/bodega.canfeliu.es\/tienda\/condiciones-de-envio-y-entrega\/\",\"url\":\"https:\/\/bodega.canfeliu.es\/tienda\/condiciones-de-envio-y-entrega\/\",\"name\":\"Bodega Can Feliu -\",\"isPartOf\":{\"@id\":\"https:\/\/bodega.canfeliu.es\/tienda\/#website\"},\"datePublished\":\"2022-07-12T06:48:06+00:00\",\"dateModified\":\"2023-02-01T11:14:34+00:00\",\"description\":\"La bodega Can Feliu es el coraz\u00f3n de nuestro Agroturismo. Un alojamiento para amantes de la naturaleza. Una bodega en Mallorca donde encontrar\u00e1s la mejor selecci\u00f3n de vinos.\",\"breadcrumb\":{\"@id\":\"https:\/\/bodega.canfeliu.es\/tienda\/condiciones-de-envio-y-entrega\/#breadcrumb\"},\"inLanguage\":\"de\",\"potentialAction\":[{\"@type\":\"ReadAction\",\"target\":[\"https:\/\/bodega.canfeliu.es\/tienda\/condiciones-de-envio-y-entrega\/\"]}]},{\"@type\":\"BreadcrumbList\",\"@id\":\"https:\/\/bodega.canfeliu.es\/tienda\/condiciones-de-envio-y-entrega\/#breadcrumb\",\"itemListElement\":[{\"@type\":\"ListItem\",\"position\":1,\"name\":\"Home\",\"item\":\"https:\/\/bodega.canfeliu.es\/tienda\/\"},{\"@type\":\"ListItem\",\"position\":2,\"name\":\"Condiciones de env\u00edo y entrega\"}]},{\"@type\":\"WebSite\",\"@id\":\"https:\/\/bodega.canfeliu.es\/tienda\/#website\",\"url\":\"https:\/\/bodega.canfeliu.es\/tienda\/\",\"name\":\"Tienda Online - Bodega Can Feliu\",\"description\":\"Tienda de vinos de Can Feliu\",\"publisher\":{\"@id\":\"https:\/\/bodega.canfeliu.es\/tienda\/#organization\"},\"potentialAction\":[{\"@type\":\"SearchAction\",\"target\":{\"@type\":\"EntryPoint\",\"urlTemplate\":\"https:\/\/bodega.canfeliu.es\/tienda\/?s={search_term_string}\"},\"query-input\":{\"@type\":\"PropertyValueSpecification\",\"valueRequired\":true,\"valueName\":\"search_term_string\"}}],\"inLanguage\":\"de\"},{\"@type\":\"Organization\",\"@id\":\"https:\/\/bodega.canfeliu.es\/tienda\/#organization\",\"name\":\"Bodega Can Feliu\",\"url\":\"https:\/\/bodega.canfeliu.es\/tienda\/\",\"logo\":{\"@type\":\"ImageObject\",\"inLanguage\":\"de\",\"@id\":\"https:\/\/bodega.canfeliu.es\/tienda\/#\/schema\/logo\/image\/\",\"url\":\"https:\/\/bodega.canfeliu.es\/wp-content\/uploads\/CANFELIU.png\",\"contentUrl\":\"https:\/\/bodega.canfeliu.es\/wp-content\/uploads\/CANFELIU.png\",\"width\":971,\"height\":679,\"caption\":\"Bodega Can Feliu\"},\"image\":{\"@id\":\"https:\/\/bodega.canfeliu.es\/tienda\/#\/schema\/logo\/image\/\"},\"sameAs\":[\"https:\/\/www.facebook.com\/destileriasjordiperello\",\"https:\/\/x.com\/trescaires\",\"https:\/\/www.instagram.com\/3caires\/\",\"https:\/\/www.youtube.com\/channel\/UC6ap8Z44twW0MjR2lQ6WeEw\"]}]}<\/script>\n<!-- \/ Yoast SEO plugin. -->","yoast_head_json":{"title":"Bodega Can Feliu -","description":"La bodega Can Feliu es el coraz\u00f3n de nuestro Agroturismo. Un alojamiento para amantes de la naturaleza. Una bodega en Mallorca donde encontrar\u00e1s la mejor selecci\u00f3n de vinos.","robots":{"index":"index","follow":"follow","max-snippet":"max-snippet:-1","max-image-preview":"max-image-preview:large","max-video-preview":"max-video-preview:-1"},"canonical":"https:\/\/bodega.canfeliu.es\/tienda\/de\/versand-und-lieferbedingungen\/","og_locale":"de_DE","og_type":"article","og_title":"Bodega Can Feliu -","og_description":"La bodega Can Feliu es el coraz\u00f3n de nuestro Agroturismo. Un alojamiento para amantes de la naturaleza. Una bodega en Mallorca donde encontrar\u00e1s la mejor selecci\u00f3n de vinos.","og_url":"https:\/\/bodega.canfeliu.es\/tienda\/de\/versand-und-lieferbedingungen\/","og_site_name":"Bodega Can Feliu","article_publisher":"https:\/\/www.facebook.com\/destileriasjordiperello","article_modified_time":"2023-02-01T11:14:34+00:00","twitter_card":"summary_large_image","twitter_site":"@trescaires","twitter_misc":{"Gesch\u00e4tzte Lesezeit":"6\u00a0Minuten"},"schema":{"@context":"https:\/\/schema.org","@graph":[{"@type":"WebPage","@id":"https:\/\/bodega.canfeliu.es\/tienda\/condiciones-de-envio-y-entrega\/","url":"https:\/\/bodega.canfeliu.es\/tienda\/condiciones-de-envio-y-entrega\/","name":"Bodega Can Feliu -","isPartOf":{"@id":"https:\/\/bodega.canfeliu.es\/tienda\/#website"},"datePublished":"2022-07-12T06:48:06+00:00","dateModified":"2023-02-01T11:14:34+00:00","description":"La bodega Can Feliu es el coraz\u00f3n de nuestro Agroturismo. Un alojamiento para amantes de la naturaleza. Una bodega en Mallorca donde encontrar\u00e1s la mejor selecci\u00f3n de vinos.","breadcrumb":{"@id":"https:\/\/bodega.canfeliu.es\/tienda\/condiciones-de-envio-y-entrega\/#breadcrumb"},"inLanguage":"de","potentialAction":[{"@type":"ReadAction","target":["https:\/\/bodega.canfeliu.es\/tienda\/condiciones-de-envio-y-entrega\/"]}]},{"@type":"BreadcrumbList","@id":"https:\/\/bodega.canfeliu.es\/tienda\/condiciones-de-envio-y-entrega\/#breadcrumb","itemListElement":[{"@type":"ListItem","position":1,"name":"Home","item":"https:\/\/bodega.canfeliu.es\/tienda\/"},{"@type":"ListItem","position":2,"name":"Condiciones de env\u00edo y entrega"}]},{"@type":"WebSite","@id":"https:\/\/bodega.canfeliu.es\/tienda\/#website","url":"https:\/\/bodega.canfeliu.es\/tienda\/","name":"Tienda Online - Bodega Can Feliu","description":"Tienda de vinos de Can Feliu","publisher":{"@id":"https:\/\/bodega.canfeliu.es\/tienda\/#organization"},"potentialAction":[{"@type":"SearchAction","target":{"@type":"EntryPoint","urlTemplate":"https:\/\/bodega.canfeliu.es\/tienda\/?s={search_term_string}"},"query-input":{"@type":"PropertyValueSpecification","valueRequired":true,"valueName":"search_term_string"}}],"inLanguage":"de"},{"@type":"Organization","@id":"https:\/\/bodega.canfeliu.es\/tienda\/#organization","name":"Bodega Can Feliu","url":"https:\/\/bodega.canfeliu.es\/tienda\/","logo":{"@type":"ImageObject","inLanguage":"de","@id":"https:\/\/bodega.canfeliu.es\/tienda\/#\/schema\/logo\/image\/","url":"https:\/\/bodega.canfeliu.es\/wp-content\/uploads\/CANFELIU.png","contentUrl":"https:\/\/bodega.canfeliu.es\/wp-content\/uploads\/CANFELIU.png","width":971,"height":679,"caption":"Bodega Can Feliu"},"image":{"@id":"https:\/\/bodega.canfeliu.es\/tienda\/#\/schema\/logo\/image\/"},"sameAs":["https:\/\/www.facebook.com\/destileriasjordiperello","https:\/\/x.com\/trescaires","https:\/\/www.instagram.com\/3caires\/","https:\/\/www.youtube.com\/channel\/UC6ap8Z44twW0MjR2lQ6WeEw"]}]}},"_links":{"self":[{"href":"https:\/\/bodega.canfeliu.es\/tienda\/de\/wp-json\/wp\/v2\/pages\/31894","targetHints":{"allow":["GET"]}}],"collection":[{"href":"https:\/\/bodega.canfeliu.es\/tienda\/de\/wp-json\/wp\/v2\/pages"}],"about":[{"href":"https:\/\/bodega.canfeliu.es\/tienda\/de\/wp-json\/wp\/v2\/types\/page"}],"author":[{"embeddable":true,"href":"https:\/\/bodega.canfeliu.es\/tienda\/de\/wp-json\/wp\/v2\/users\/1"}],"replies":[{"embeddable":true,"href":"https:\/\/bodega.canfeliu.es\/tienda\/de\/wp-json\/wp\/v2\/comments?post=31894"}],"version-history":[{"count":3,"href":"https:\/\/bodega.canfeliu.es\/tienda\/de\/wp-json\/wp\/v2\/pages\/31894\/revisions"}],"predecessor-version":[{"id":35192,"href":"https:\/\/bodega.canfeliu.es\/tienda\/de\/wp-json\/wp\/v2\/pages\/31894\/revisions\/35192"}],"wp:attachment":[{"href":"https:\/\/bodega.canfeliu.es\/tienda\/de\/wp-json\/wp\/v2\/media?parent=31894"}],"curies":[{"name":"wp","href":"https:\/\/api.w.org\/{rel}","templated":true}]}}