{"id":28838,"date":"2022-07-08T09:34:28","date_gmt":"2022-07-08T09:34:28","guid":{"rendered":"https:\/\/dev.trescaires.com\/producto\/monte-olivos-seleccion-500-ml\/"},"modified":"2026-03-18T19:16:04","modified_gmt":"2026-03-18T19:16:04","slug":"aove-bullfish","status":"publish","type":"product","link":"https:\/\/bodega.canfeliu.es\/tienda\/de\/product\/monte-olivos-selection-500-ml\/","title":{"rendered":"EVOO Bullfish 0,5 Liter"},"content":{"rendered":"","protected":false},"excerpt":{"rendered":"<p><span style=\"font-weight: 400;\">\u2013 EVOO Bullfish<\/span><\/p>\n<p><span style=\"font-weight: 400;\">\u2013 Arbequina 100%.<\/span><\/p>\n<p><span style=\"font-weight: 400;\">\u2013 DO-Mallorca-\u00d6l.<\/span><\/p>\n<p>-Volumen: 500ml<\/p>\n<p>-Natives Oliven\u00f6l extra<\/p>\n<p>-Oliven\u00f6l <strong>Superior-Kategorie<\/strong>, direkt aus Oliven und nur durch mechanische Verfahren gewonnen.<\/p>\n<p>-Kaltextraktion<\/p>\n<p><strong>EMPFEHLUNG F\u00dcR DEN GEBRAUCH<\/strong>Pairing: Seine Geschmacks- und Aromaintensit\u00e4t macht ihn ideal zum Fr\u00fchst\u00fcck mit Toast, kalten Gerichten, rohen Gerichten, Nudelgerichten und gekochtem Gem\u00fcse.<\/p>\n<p><strong>FORMATE<\/strong>: 500-ml-Glasflasche.<\/p>","protected":false},"featured_media":34828,"comment_status":"open","ping_status":"closed","template":"","meta":[],"product_cat":[272],"product_tag":[628,629],"class_list":{"0":"post-28838","1":"product","2":"type-product","3":"status-publish","4":"has-post-thumbnail","6":"product_cat-aceite","7":"product_tag-aceite","8":"product_tag-oliva","10":"first","11":"instock","12":"shipping-taxable","13":"purchasable","14":"product-type-simple"},"yoast_head":"<!-- This site is optimized with the Yoast SEO plugin v23.5 - https:\/\/yoast.com\/wordpress\/plugins\/seo\/ -->\n<title>AOVE Bullfish 0,5 litros - Bodega Can Feliu<\/title>\n<meta name=\"robots\" content=\"index, follow, max-snippet:-1, max-image-preview:large, max-video-preview:-1\" \/>\n<link rel=\"canonical\" href=\"https:\/\/bodega.canfeliu.es\/tienda\/de\/product\/monte-olivos-selection-500-ml\/\" \/>\n<meta property=\"og:locale\" content=\"de_DE\" \/>\n<meta property=\"og:type\" content=\"article\" \/>\n<meta property=\"og:title\" content=\"AOVE Bullfish 0,5 litros - Bodega Can Feliu\" \/>\n<meta property=\"og:description\" content=\"-\u00a0 AOVE Bullfish  - Arbequina 100%.  - D. O. Aceite de Mallorca.  -Volumen: 500 ml  -Aceite de oliva VIRGEN EXTRA  -Aceite de oliva de categor\u00eda superior, obtenido directamente de aceitunas y solo mediante procedimientos mec\u00e1nicos.  -Extracci\u00f3n en fr\u00edo  RECOMENDACI\u00d3N DE USO: Su intensidad en sabor y aroma lo hace ideal para degustarlo en el desayuno con tostadas, platos fr\u00edos, crudos, platos de pasta y verduras cocidas.  FORMATOS: Botella de cristal de 500 ml.\" \/>\n<meta property=\"og:url\" content=\"https:\/\/bodega.canfeliu.es\/tienda\/de\/product\/monte-olivos-selection-500-ml\/\" \/>\n<meta property=\"og:site_name\" content=\"Bodega Can Feliu\" \/>\n<meta property=\"article:publisher\" content=\"https:\/\/www.facebook.com\/destileriasjordiperello\" \/>\n<meta property=\"article:modified_time\" content=\"2026-03-18T19:16:04+00:00\" \/>\n<meta property=\"og:image\" content=\"https:\/\/bodega.canfeliu.es\/wp-content\/uploads\/bullfish_oli1-scaled.jpg\" \/>\n\t<meta property=\"og:image:width\" content=\"2560\" \/>\n\t<meta property=\"og:image:height\" content=\"2560\" \/>\n\t<meta property=\"og:image:type\" content=\"image\/jpeg\" \/>\n<meta name=\"twitter:card\" content=\"summary_large_image\" \/>\n<meta name=\"twitter:site\" content=\"@trescaires\" \/>\n<script type=\"application\/ld+json\" class=\"yoast-schema-graph\">{\"@context\":\"https:\/\/schema.org\",\"@graph\":[{\"@type\":\"WebPage\",\"@id\":\"https:\/\/bodega.canfeliu.es\/tienda\/producto\/aove-bullfish\/\",\"url\":\"https:\/\/bodega.canfeliu.es\/tienda\/producto\/aove-bullfish\/\",\"name\":\"AOVE Bullfish 0,5 litros - Bodega Can Feliu\",\"isPartOf\":{\"@id\":\"https:\/\/bodega.canfeliu.es\/tienda\/#website\"},\"primaryImageOfPage\":{\"@id\":\"https:\/\/bodega.canfeliu.es\/tienda\/producto\/aove-bullfish\/#primaryimage\"},\"image\":{\"@id\":\"https:\/\/bodega.canfeliu.es\/tienda\/producto\/aove-bullfish\/#primaryimage\"},\"thumbnailUrl\":\"https:\/\/bodega.canfeliu.es\/wp-content\/uploads\/bullfish_oli1-scaled-e1683801637961.jpg\",\"datePublished\":\"2022-07-08T09:34:28+00:00\",\"dateModified\":\"2026-03-18T19:16:04+00:00\",\"breadcrumb\":{\"@id\":\"https:\/\/bodega.canfeliu.es\/tienda\/producto\/aove-bullfish\/#breadcrumb\"},\"inLanguage\":\"de\",\"potentialAction\":[{\"@type\":\"ReadAction\",\"target\":[\"https:\/\/bodega.canfeliu.es\/tienda\/producto\/aove-bullfish\/\"]}]},{\"@type\":\"ImageObject\",\"inLanguage\":\"de\",\"@id\":\"https:\/\/bodega.canfeliu.es\/tienda\/producto\/aove-bullfish\/#primaryimage\",\"url\":\"https:\/\/bodega.canfeliu.es\/wp-content\/uploads\/bullfish_oli1-scaled-e1683801637961.jpg\",\"contentUrl\":\"https:\/\/bodega.canfeliu.es\/wp-content\/uploads\/bullfish_oli1-scaled-e1683801637961.jpg\",\"width\":324,\"height\":600},{\"@type\":\"BreadcrumbList\",\"@id\":\"https:\/\/bodega.canfeliu.es\/tienda\/producto\/aove-bullfish\/#breadcrumb\",\"itemListElement\":[{\"@type\":\"ListItem\",\"position\":1,\"name\":\"Home\",\"item\":\"https:\/\/bodega.canfeliu.es\/tienda\/\"},{\"@type\":\"ListItem\",\"position\":2,\"name\":\"Tienda\",\"item\":\"https:\/\/bodega.canfeliu.es\/tienda\/\"},{\"@type\":\"ListItem\",\"position\":3,\"name\":\"AOVE Bullfish 0,5 litros\"}]},{\"@type\":\"WebSite\",\"@id\":\"https:\/\/bodega.canfeliu.es\/tienda\/#website\",\"url\":\"https:\/\/bodega.canfeliu.es\/tienda\/\",\"name\":\"Tienda Online - Bodega Can Feliu\",\"description\":\"Tienda de vinos de Can Feliu\",\"publisher\":{\"@id\":\"https:\/\/bodega.canfeliu.es\/tienda\/#organization\"},\"potentialAction\":[{\"@type\":\"SearchAction\",\"target\":{\"@type\":\"EntryPoint\",\"urlTemplate\":\"https:\/\/bodega.canfeliu.es\/tienda\/?s={search_term_string}\"},\"query-input\":{\"@type\":\"PropertyValueSpecification\",\"valueRequired\":true,\"valueName\":\"search_term_string\"}}],\"inLanguage\":\"de\"},{\"@type\":\"Organization\",\"@id\":\"https:\/\/bodega.canfeliu.es\/tienda\/#organization\",\"name\":\"Bodega Can Feliu\",\"url\":\"https:\/\/bodega.canfeliu.es\/tienda\/\",\"logo\":{\"@type\":\"ImageObject\",\"inLanguage\":\"de\",\"@id\":\"https:\/\/bodega.canfeliu.es\/tienda\/#\/schema\/logo\/image\/\",\"url\":\"https:\/\/bodega.canfeliu.es\/wp-content\/uploads\/CANFELIU.png\",\"contentUrl\":\"https:\/\/bodega.canfeliu.es\/wp-content\/uploads\/CANFELIU.png\",\"width\":971,\"height\":679,\"caption\":\"Bodega Can Feliu\"},\"image\":{\"@id\":\"https:\/\/bodega.canfeliu.es\/tienda\/#\/schema\/logo\/image\/\"},\"sameAs\":[\"https:\/\/www.facebook.com\/destileriasjordiperello\",\"https:\/\/x.com\/trescaires\",\"https:\/\/www.instagram.com\/3caires\/\",\"https:\/\/www.youtube.com\/channel\/UC6ap8Z44twW0MjR2lQ6WeEw\"]}]}<\/script>\n<!-- \/ Yoast SEO plugin. -->","yoast_head_json":{"title":"AOVE Bullfish 0,5 litros - Bodega Can Feliu","robots":{"index":"index","follow":"follow","max-snippet":"max-snippet:-1","max-image-preview":"max-image-preview:large","max-video-preview":"max-video-preview:-1"},"canonical":"https:\/\/bodega.canfeliu.es\/tienda\/de\/product\/monte-olivos-selection-500-ml\/","og_locale":"de_DE","og_type":"article","og_title":"AOVE Bullfish 0,5 litros - Bodega Can Feliu","og_description":"-\u00a0 AOVE Bullfish  - Arbequina 100%.  - D. O. Aceite de Mallorca.  -Volumen: 500 ml  -Aceite de oliva VIRGEN EXTRA  -Aceite de oliva de categor\u00eda superior, obtenido directamente de aceitunas y solo mediante procedimientos mec\u00e1nicos.  -Extracci\u00f3n en fr\u00edo  RECOMENDACI\u00d3N DE USO: Su intensidad en sabor y aroma lo hace ideal para degustarlo en el desayuno con tostadas, platos fr\u00edos, crudos, platos de pasta y verduras cocidas.  FORMATOS: Botella de cristal de 500 ml.","og_url":"https:\/\/bodega.canfeliu.es\/tienda\/de\/product\/monte-olivos-selection-500-ml\/","og_site_name":"Bodega Can Feliu","article_publisher":"https:\/\/www.facebook.com\/destileriasjordiperello","article_modified_time":"2026-03-18T19:16:04+00:00","og_image":[{"width":2560,"height":2560,"url":"https:\/\/bodega.canfeliu.es\/wp-content\/uploads\/bullfish_oli1-scaled.jpg","type":"image\/jpeg"}],"twitter_card":"summary_large_image","twitter_site":"@trescaires","schema":{"@context":"https:\/\/schema.org","@graph":[{"@type":"WebPage","@id":"https:\/\/bodega.canfeliu.es\/tienda\/producto\/aove-bullfish\/","url":"https:\/\/bodega.canfeliu.es\/tienda\/producto\/aove-bullfish\/","name":"AOVE Bullfish 0,5 litros - Bodega Can Feliu","isPartOf":{"@id":"https:\/\/bodega.canfeliu.es\/tienda\/#website"},"primaryImageOfPage":{"@id":"https:\/\/bodega.canfeliu.es\/tienda\/producto\/aove-bullfish\/#primaryimage"},"image":{"@id":"https:\/\/bodega.canfeliu.es\/tienda\/producto\/aove-bullfish\/#primaryimage"},"thumbnailUrl":"https:\/\/bodega.canfeliu.es\/wp-content\/uploads\/bullfish_oli1-scaled-e1683801637961.jpg","datePublished":"2022-07-08T09:34:28+00:00","dateModified":"2026-03-18T19:16:04+00:00","breadcrumb":{"@id":"https:\/\/bodega.canfeliu.es\/tienda\/producto\/aove-bullfish\/#breadcrumb"},"inLanguage":"de","potentialAction":[{"@type":"ReadAction","target":["https:\/\/bodega.canfeliu.es\/tienda\/producto\/aove-bullfish\/"]}]},{"@type":"ImageObject","inLanguage":"de","@id":"https:\/\/bodega.canfeliu.es\/tienda\/producto\/aove-bullfish\/#primaryimage","url":"https:\/\/bodega.canfeliu.es\/wp-content\/uploads\/bullfish_oli1-scaled-e1683801637961.jpg","contentUrl":"https:\/\/bodega.canfeliu.es\/wp-content\/uploads\/bullfish_oli1-scaled-e1683801637961.jpg","width":324,"height":600},{"@type":"BreadcrumbList","@id":"https:\/\/bodega.canfeliu.es\/tienda\/producto\/aove-bullfish\/#breadcrumb","itemListElement":[{"@type":"ListItem","position":1,"name":"Home","item":"https:\/\/bodega.canfeliu.es\/tienda\/"},{"@type":"ListItem","position":2,"name":"Tienda","item":"https:\/\/bodega.canfeliu.es\/tienda\/"},{"@type":"ListItem","position":3,"name":"AOVE Bullfish 0,5 litros"}]},{"@type":"WebSite","@id":"https:\/\/bodega.canfeliu.es\/tienda\/#website","url":"https:\/\/bodega.canfeliu.es\/tienda\/","name":"Tienda Online - Bodega Can Feliu","description":"Tienda de vinos de Can Feliu","publisher":{"@id":"https:\/\/bodega.canfeliu.es\/tienda\/#organization"},"potentialAction":[{"@type":"SearchAction","target":{"@type":"EntryPoint","urlTemplate":"https:\/\/bodega.canfeliu.es\/tienda\/?s={search_term_string}"},"query-input":{"@type":"PropertyValueSpecification","valueRequired":true,"valueName":"search_term_string"}}],"inLanguage":"de"},{"@type":"Organization","@id":"https:\/\/bodega.canfeliu.es\/tienda\/#organization","name":"Bodega Can Feliu","url":"https:\/\/bodega.canfeliu.es\/tienda\/","logo":{"@type":"ImageObject","inLanguage":"de","@id":"https:\/\/bodega.canfeliu.es\/tienda\/#\/schema\/logo\/image\/","url":"https:\/\/bodega.canfeliu.es\/wp-content\/uploads\/CANFELIU.png","contentUrl":"https:\/\/bodega.canfeliu.es\/wp-content\/uploads\/CANFELIU.png","width":971,"height":679,"caption":"Bodega Can Feliu"},"image":{"@id":"https:\/\/bodega.canfeliu.es\/tienda\/#\/schema\/logo\/image\/"},"sameAs":["https:\/\/www.facebook.com\/destileriasjordiperello","https:\/\/x.com\/trescaires","https:\/\/www.instagram.com\/3caires\/","https:\/\/www.youtube.com\/channel\/UC6ap8Z44twW0MjR2lQ6WeEw"]}]}},"_links":{"self":[{"href":"https:\/\/bodega.canfeliu.es\/tienda\/de\/wp-json\/wp\/v2\/product\/28838","targetHints":{"allow":["GET"]}}],"collection":[{"href":"https:\/\/bodega.canfeliu.es\/tienda\/de\/wp-json\/wp\/v2\/product"}],"about":[{"href":"https:\/\/bodega.canfeliu.es\/tienda\/de\/wp-json\/wp\/v2\/types\/product"}],"replies":[{"embeddable":true,"href":"https:\/\/bodega.canfeliu.es\/tienda\/de\/wp-json\/wp\/v2\/comments?post=28838"}],"version-history":[{"count":3,"href":"https:\/\/bodega.canfeliu.es\/tienda\/de\/wp-json\/wp\/v2\/product\/28838\/revisions"}],"predecessor-version":[{"id":35216,"href":"https:\/\/bodega.canfeliu.es\/tienda\/de\/wp-json\/wp\/v2\/product\/28838\/revisions\/35216"}],"wp:featuredmedia":[{"embeddable":true,"href":"https:\/\/bodega.canfeliu.es\/tienda\/de\/wp-json\/wp\/v2\/media\/34828"}],"wp:attachment":[{"href":"https:\/\/bodega.canfeliu.es\/tienda\/de\/wp-json\/wp\/v2\/media?parent=28838"}],"wp:term":[{"taxonomy":"product_cat","embeddable":true,"href":"https:\/\/bodega.canfeliu.es\/tienda\/de\/wp-json\/wp\/v2\/product_cat?post=28838"},{"taxonomy":"product_tag","embeddable":true,"href":"https:\/\/bodega.canfeliu.es\/tienda\/de\/wp-json\/wp\/v2\/product_tag?post=28838"}],"curies":[{"name":"wp","href":"https:\/\/api.w.org\/{rel}","templated":true}]}}