{"id":28953,"date":"2022-07-08T09:37:07","date_gmt":"2022-07-08T09:37:07","guid":{"rendered":"https:\/\/dev.trescaires.com\/producto\/can-rubi-blanc\/"},"modified":"2024-08-09T20:20:05","modified_gmt":"2024-08-09T20:20:05","slug":"bullfish-blanco-barrica-2021","status":"publish","type":"product","link":"https:\/\/bodega.canfeliu.es\/tienda\/de\/product\/kann-rubi-blanc\/","title":{"rendered":"Bullfish White Barrel 2021"},"content":{"rendered":"","protected":false},"excerpt":{"rendered":"<p><span style=\"font-weight: 400;\">Bullfish White Barrel 2021<\/span><\/p>\n<p><span style=\"font-weight: 400;\"><strong>QUELLE<\/strong>: IGP Vi de la Terra de Mallorca.<\/span><\/p>\n<p><span style=\"font-weight: 400;\"><strong>WEINART<\/strong>: Junger Wei\u00dfwein.<\/span><\/p>\n<p><span style=\"font-weight: 400;\"><strong>SORTEN<\/strong>: Sauvignon Blanc und Viognier.<\/span><\/p>\n<p><span style=\"font-weight: 400;\"><strong>ERNTE<\/strong>: 2021. Der Sauvignon Blanc wurde am 12. August und der Viognier am 21. August geerntet, als es den ganzen Monat \u00fcber nicht regnete und auch mild war, Ereignisse, die die perfekte Gesundheit der Trauben und die Reifung beg\u00fcnstigten.<\/span><\/p>\n<p><span style=\"font-weight: 400;\"><strong>ALKOHOLISCHE G\u00dcTE<\/strong>: 14,51 TP2T-Vol.<\/span><\/p>\n<p><span style=\"font-weight: 400;\"><strong>AUSARBEITUNGSPROZESS<\/strong>: Von Hand ausgew\u00e4hlte und geerntete Trauben in Weinbergen in Porreres (Mallorca \u2013 Balearen).<\/span><\/p>\n<p><span style=\"font-weight: 400;\">Traditionelle Herstellungsmethoden, ohne Zugabe von Hefen oder Bakterien (gem\u00e4\u00df den von DEMETER INTERNATIONAL definierten Bedingungen). Die spontane G\u00e4rung fand in einem Edelstahltank statt und wurde dann nach der H\u00e4lfte der G\u00e4rung in franz\u00f6sische Eichenf\u00e4sser umgef\u00fcllt, wo die G\u00e4rung endete und f\u00fcr eine Gesamtzeit von etwa 4 Monaten verblieb.<\/span><\/p>\n<p><strong>SENSORISCHE ANALYSE:<\/strong><\/p>\n<p><span style=\"font-weight: 400;\">Sehphase: Hell, hell, strohgelb. Die<\/span><span style=\"font-weight: 400;\">im Glas rei\u00dfen<\/span><\/p>\n<p><span style=\"font-weight: 400;\">Geruchsphase: Sehr hohe Intensit\u00e4t mit balsamischen Aromen <\/span><span style=\"font-weight: 400;\">und Beeren, charakteristisch f\u00fcr die Sorte Sauvignon Blanc.<\/span><\/p>\n<p><span style=\"font-weight: 400;\">Tropischer Litschi-Typ und w\u00fcrziges Merkmal des <\/span><span style=\"font-weight: 400;\">Franz\u00f6sische Eiche wie Zimt und Nelken.<\/span><\/p>\n<p><span style=\"font-weight: 400;\">Geschmacksphase: Es ist ein frischer, samtiger Wein, mit viel <\/span><span style=\"font-weight: 400;\">Volumen und Balance. Sehr langer Nachgeschmack.<\/span><\/p>\n<p><span style=\"font-weight: 400;\">Serviertemperatur: ca. 8-10 \u1d52<\/span><\/p>\n<p>&nbsp;<\/p>","protected":false},"featured_media":35023,"comment_status":"open","ping_status":"closed","template":"","meta":[],"product_cat":[157],"product_tag":[],"class_list":{"0":"post-28953","1":"product","2":"type-product","3":"status-publish","4":"has-post-thumbnail","6":"product_cat-vino-blanco","8":"first","9":"instock","10":"shipping-taxable","11":"purchasable","12":"product-type-simple"},"yoast_head":"<!-- This site is optimized with the Yoast SEO plugin v23.5 - https:\/\/yoast.com\/wordpress\/plugins\/seo\/ -->\n<title>Bullfish Blanco Barrica 2021 - Bodega Can Feliu<\/title>\n<meta name=\"robots\" content=\"index, follow, max-snippet:-1, max-image-preview:large, max-video-preview:-1\" \/>\n<link rel=\"canonical\" href=\"https:\/\/bodega.canfeliu.es\/tienda\/de\/product\/kann-rubi-blanc\/\" \/>\n<meta property=\"og:locale\" content=\"de_DE\" \/>\n<meta property=\"og:type\" content=\"article\" \/>\n<meta property=\"og:title\" content=\"Bullfish Blanco Barrica 2021 - Bodega Can Feliu\" \/>\n<meta property=\"og:description\" content=\"Bullfish Blanco Barrica 2021  ORIGEN: IGP Vi de la Terra de Mallorca.  TIPO DE VINO: Vino blanco joven.  VARIEDADES: Sauvignon Blanc y Viognier.  COSECHA: 2021. El Sauvignon Blanc se vendimi\u00f3 el 12 de agosto y el Viognier el 21 cuando no llovi\u00f3 en todo el mes y adem\u00e1s fue suave, hechos que favorecieron el perfecto estado sanitario de la uva y la maduraci\u00f3n.  GRADO ALCOHOLICO: 14,5% vol.  PROCESO DE ELABORACI\u00d3N: Uvas seleccionadas y vendimiadas a mano\u00a0 en vi\u00f1edos situados en Porreres (Mallorca - Islas Baleares).  M\u00e9todos de elaboraci\u00f3n tradicionales, sin adici\u00f3n de levaduras ni bacterias (seg\u00fan condiciones definidas por DEMETER INTERNATIONAL). La fermentaci\u00f3n espont\u00e1nea tuvo lugar en dep\u00f3sito de acero inoxidable, para luego a media fermentaci\u00f3n trasvasarlo a barrica de roble franc\u00e9s donde terminar\u00eda la fermentaci\u00f3n y estar\u00eda por un tiempo total de unos 4 meses.  AN\u00c1LISIS SENSORIAL:  Fase visual: Franco, brillante, amarillo pajizo. Se aprecia ellagrimeo en la copa.  Fase Olfativa: Intensidad muy alta con aromas bals\u00e1micos y de bayas, caracter\u00edsticos de la variedad Sauvignon Blanc.  Tropicales tipo Lychee y especiados caracter\u00edsticos del roble franc\u00e9s como canela y clavo.  Fase gustativa: Es un vino fresco, aterciopelado, con mucho volumen y equilibrio. Retrogusto muy largo.  Temperatura de servicio: 8-10 \u1d52 aproximadamente  &nbsp;\" \/>\n<meta property=\"og:url\" content=\"https:\/\/bodega.canfeliu.es\/tienda\/de\/product\/kann-rubi-blanc\/\" \/>\n<meta property=\"og:site_name\" content=\"Bodega Can Feliu\" \/>\n<meta property=\"article:publisher\" content=\"https:\/\/www.facebook.com\/destileriasjordiperello\" \/>\n<meta property=\"article:modified_time\" content=\"2024-08-09T20:20:05+00:00\" \/>\n<meta property=\"og:image\" content=\"https:\/\/bodega.canfeliu.es\/wp-content\/uploads\/bullfish_blancbotella-scaled.jpg\" \/>\n\t<meta property=\"og:image:width\" content=\"2560\" \/>\n\t<meta property=\"og:image:height\" content=\"2560\" \/>\n\t<meta property=\"og:image:type\" content=\"image\/jpeg\" \/>\n<meta name=\"twitter:card\" content=\"summary_large_image\" \/>\n<meta name=\"twitter:site\" content=\"@trescaires\" \/>\n<script type=\"application\/ld+json\" class=\"yoast-schema-graph\">{\"@context\":\"https:\/\/schema.org\",\"@graph\":[{\"@type\":\"WebPage\",\"@id\":\"https:\/\/bodega.canfeliu.es\/tienda\/producto\/bullfish-blanco-barrica-2021\/\",\"url\":\"https:\/\/bodega.canfeliu.es\/tienda\/producto\/bullfish-blanco-barrica-2021\/\",\"name\":\"Bullfish Blanco Barrica 2021 - Bodega Can Feliu\",\"isPartOf\":{\"@id\":\"https:\/\/bodega.canfeliu.es\/tienda\/#website\"},\"primaryImageOfPage\":{\"@id\":\"https:\/\/bodega.canfeliu.es\/tienda\/producto\/bullfish-blanco-barrica-2021\/#primaryimage\"},\"image\":{\"@id\":\"https:\/\/bodega.canfeliu.es\/tienda\/producto\/bullfish-blanco-barrica-2021\/#primaryimage\"},\"thumbnailUrl\":\"https:\/\/bodega.canfeliu.es\/wp-content\/uploads\/bullfish_blancbotella-scaled.jpg\",\"datePublished\":\"2022-07-08T09:37:07+00:00\",\"dateModified\":\"2024-08-09T20:20:05+00:00\",\"breadcrumb\":{\"@id\":\"https:\/\/bodega.canfeliu.es\/tienda\/producto\/bullfish-blanco-barrica-2021\/#breadcrumb\"},\"inLanguage\":\"de\",\"potentialAction\":[{\"@type\":\"ReadAction\",\"target\":[\"https:\/\/bodega.canfeliu.es\/tienda\/producto\/bullfish-blanco-barrica-2021\/\"]}]},{\"@type\":\"ImageObject\",\"inLanguage\":\"de\",\"@id\":\"https:\/\/bodega.canfeliu.es\/tienda\/producto\/bullfish-blanco-barrica-2021\/#primaryimage\",\"url\":\"https:\/\/bodega.canfeliu.es\/wp-content\/uploads\/bullfish_blancbotella-scaled.jpg\",\"contentUrl\":\"https:\/\/bodega.canfeliu.es\/wp-content\/uploads\/bullfish_blancbotella-scaled.jpg\",\"width\":2560,\"height\":2560},{\"@type\":\"BreadcrumbList\",\"@id\":\"https:\/\/bodega.canfeliu.es\/tienda\/producto\/bullfish-blanco-barrica-2021\/#breadcrumb\",\"itemListElement\":[{\"@type\":\"ListItem\",\"position\":1,\"name\":\"Home\",\"item\":\"https:\/\/bodega.canfeliu.es\/tienda\/\"},{\"@type\":\"ListItem\",\"position\":2,\"name\":\"Tienda\",\"item\":\"https:\/\/bodega.canfeliu.es\/tienda\/\"},{\"@type\":\"ListItem\",\"position\":3,\"name\":\"Bullfish Blanco Barrica 2021\"}]},{\"@type\":\"WebSite\",\"@id\":\"https:\/\/bodega.canfeliu.es\/tienda\/#website\",\"url\":\"https:\/\/bodega.canfeliu.es\/tienda\/\",\"name\":\"Tienda Online - Bodega Can Feliu\",\"description\":\"Tienda de vinos de Can Feliu\",\"publisher\":{\"@id\":\"https:\/\/bodega.canfeliu.es\/tienda\/#organization\"},\"potentialAction\":[{\"@type\":\"SearchAction\",\"target\":{\"@type\":\"EntryPoint\",\"urlTemplate\":\"https:\/\/bodega.canfeliu.es\/tienda\/?s={search_term_string}\"},\"query-input\":{\"@type\":\"PropertyValueSpecification\",\"valueRequired\":true,\"valueName\":\"search_term_string\"}}],\"inLanguage\":\"de\"},{\"@type\":\"Organization\",\"@id\":\"https:\/\/bodega.canfeliu.es\/tienda\/#organization\",\"name\":\"Bodega Can Feliu\",\"url\":\"https:\/\/bodega.canfeliu.es\/tienda\/\",\"logo\":{\"@type\":\"ImageObject\",\"inLanguage\":\"de\",\"@id\":\"https:\/\/bodega.canfeliu.es\/tienda\/#\/schema\/logo\/image\/\",\"url\":\"https:\/\/bodega.canfeliu.es\/wp-content\/uploads\/CANFELIU.png\",\"contentUrl\":\"https:\/\/bodega.canfeliu.es\/wp-content\/uploads\/CANFELIU.png\",\"width\":971,\"height\":679,\"caption\":\"Bodega Can Feliu\"},\"image\":{\"@id\":\"https:\/\/bodega.canfeliu.es\/tienda\/#\/schema\/logo\/image\/\"},\"sameAs\":[\"https:\/\/www.facebook.com\/destileriasjordiperello\",\"https:\/\/x.com\/trescaires\",\"https:\/\/www.instagram.com\/3caires\/\",\"https:\/\/www.youtube.com\/channel\/UC6ap8Z44twW0MjR2lQ6WeEw\"]}]}<\/script>\n<!-- \/ Yoast SEO plugin. -->","yoast_head_json":{"title":"Bullfish Blanco Barrica 2021 - Bodega Can Feliu","robots":{"index":"index","follow":"follow","max-snippet":"max-snippet:-1","max-image-preview":"max-image-preview:large","max-video-preview":"max-video-preview:-1"},"canonical":"https:\/\/bodega.canfeliu.es\/tienda\/de\/product\/kann-rubi-blanc\/","og_locale":"de_DE","og_type":"article","og_title":"Bullfish Blanco Barrica 2021 - Bodega Can Feliu","og_description":"Bullfish Blanco Barrica 2021  ORIGEN: IGP Vi de la Terra de Mallorca.  TIPO DE VINO: Vino blanco joven.  VARIEDADES: Sauvignon Blanc y Viognier.  COSECHA: 2021. El Sauvignon Blanc se vendimi\u00f3 el 12 de agosto y el Viognier el 21 cuando no llovi\u00f3 en todo el mes y adem\u00e1s fue suave, hechos que favorecieron el perfecto estado sanitario de la uva y la maduraci\u00f3n.  GRADO ALCOHOLICO: 14,5% vol.  PROCESO DE ELABORACI\u00d3N: Uvas seleccionadas y vendimiadas a mano\u00a0 en vi\u00f1edos situados en Porreres (Mallorca - Islas Baleares).  M\u00e9todos de elaboraci\u00f3n tradicionales, sin adici\u00f3n de levaduras ni bacterias (seg\u00fan condiciones definidas por DEMETER INTERNATIONAL). La fermentaci\u00f3n espont\u00e1nea tuvo lugar en dep\u00f3sito de acero inoxidable, para luego a media fermentaci\u00f3n trasvasarlo a barrica de roble franc\u00e9s donde terminar\u00eda la fermentaci\u00f3n y estar\u00eda por un tiempo total de unos 4 meses.  AN\u00c1LISIS SENSORIAL:  Fase visual: Franco, brillante, amarillo pajizo. Se aprecia ellagrimeo en la copa.  Fase Olfativa: Intensidad muy alta con aromas bals\u00e1micos y de bayas, caracter\u00edsticos de la variedad Sauvignon Blanc.  Tropicales tipo Lychee y especiados caracter\u00edsticos del roble franc\u00e9s como canela y clavo.  Fase gustativa: Es un vino fresco, aterciopelado, con mucho volumen y equilibrio. Retrogusto muy largo.  Temperatura de servicio: 8-10 \u1d52 aproximadamente  &nbsp;","og_url":"https:\/\/bodega.canfeliu.es\/tienda\/de\/product\/kann-rubi-blanc\/","og_site_name":"Bodega Can Feliu","article_publisher":"https:\/\/www.facebook.com\/destileriasjordiperello","article_modified_time":"2024-08-09T20:20:05+00:00","og_image":[{"width":2560,"height":2560,"url":"https:\/\/bodega.canfeliu.es\/wp-content\/uploads\/bullfish_blancbotella-scaled.jpg","type":"image\/jpeg"}],"twitter_card":"summary_large_image","twitter_site":"@trescaires","schema":{"@context":"https:\/\/schema.org","@graph":[{"@type":"WebPage","@id":"https:\/\/bodega.canfeliu.es\/tienda\/producto\/bullfish-blanco-barrica-2021\/","url":"https:\/\/bodega.canfeliu.es\/tienda\/producto\/bullfish-blanco-barrica-2021\/","name":"Bullfish Blanco Barrica 2021 - Bodega Can Feliu","isPartOf":{"@id":"https:\/\/bodega.canfeliu.es\/tienda\/#website"},"primaryImageOfPage":{"@id":"https:\/\/bodega.canfeliu.es\/tienda\/producto\/bullfish-blanco-barrica-2021\/#primaryimage"},"image":{"@id":"https:\/\/bodega.canfeliu.es\/tienda\/producto\/bullfish-blanco-barrica-2021\/#primaryimage"},"thumbnailUrl":"https:\/\/bodega.canfeliu.es\/wp-content\/uploads\/bullfish_blancbotella-scaled.jpg","datePublished":"2022-07-08T09:37:07+00:00","dateModified":"2024-08-09T20:20:05+00:00","breadcrumb":{"@id":"https:\/\/bodega.canfeliu.es\/tienda\/producto\/bullfish-blanco-barrica-2021\/#breadcrumb"},"inLanguage":"de","potentialAction":[{"@type":"ReadAction","target":["https:\/\/bodega.canfeliu.es\/tienda\/producto\/bullfish-blanco-barrica-2021\/"]}]},{"@type":"ImageObject","inLanguage":"de","@id":"https:\/\/bodega.canfeliu.es\/tienda\/producto\/bullfish-blanco-barrica-2021\/#primaryimage","url":"https:\/\/bodega.canfeliu.es\/wp-content\/uploads\/bullfish_blancbotella-scaled.jpg","contentUrl":"https:\/\/bodega.canfeliu.es\/wp-content\/uploads\/bullfish_blancbotella-scaled.jpg","width":2560,"height":2560},{"@type":"BreadcrumbList","@id":"https:\/\/bodega.canfeliu.es\/tienda\/producto\/bullfish-blanco-barrica-2021\/#breadcrumb","itemListElement":[{"@type":"ListItem","position":1,"name":"Home","item":"https:\/\/bodega.canfeliu.es\/tienda\/"},{"@type":"ListItem","position":2,"name":"Tienda","item":"https:\/\/bodega.canfeliu.es\/tienda\/"},{"@type":"ListItem","position":3,"name":"Bullfish Blanco Barrica 2021"}]},{"@type":"WebSite","@id":"https:\/\/bodega.canfeliu.es\/tienda\/#website","url":"https:\/\/bodega.canfeliu.es\/tienda\/","name":"Tienda Online - Bodega Can Feliu","description":"Tienda de vinos de Can Feliu","publisher":{"@id":"https:\/\/bodega.canfeliu.es\/tienda\/#organization"},"potentialAction":[{"@type":"SearchAction","target":{"@type":"EntryPoint","urlTemplate":"https:\/\/bodega.canfeliu.es\/tienda\/?s={search_term_string}"},"query-input":{"@type":"PropertyValueSpecification","valueRequired":true,"valueName":"search_term_string"}}],"inLanguage":"de"},{"@type":"Organization","@id":"https:\/\/bodega.canfeliu.es\/tienda\/#organization","name":"Bodega Can Feliu","url":"https:\/\/bodega.canfeliu.es\/tienda\/","logo":{"@type":"ImageObject","inLanguage":"de","@id":"https:\/\/bodega.canfeliu.es\/tienda\/#\/schema\/logo\/image\/","url":"https:\/\/bodega.canfeliu.es\/wp-content\/uploads\/CANFELIU.png","contentUrl":"https:\/\/bodega.canfeliu.es\/wp-content\/uploads\/CANFELIU.png","width":971,"height":679,"caption":"Bodega Can Feliu"},"image":{"@id":"https:\/\/bodega.canfeliu.es\/tienda\/#\/schema\/logo\/image\/"},"sameAs":["https:\/\/www.facebook.com\/destileriasjordiperello","https:\/\/x.com\/trescaires","https:\/\/www.instagram.com\/3caires\/","https:\/\/www.youtube.com\/channel\/UC6ap8Z44twW0MjR2lQ6WeEw"]}]}},"_links":{"self":[{"href":"https:\/\/bodega.canfeliu.es\/tienda\/de\/wp-json\/wp\/v2\/product\/28953","targetHints":{"allow":["GET"]}}],"collection":[{"href":"https:\/\/bodega.canfeliu.es\/tienda\/de\/wp-json\/wp\/v2\/product"}],"about":[{"href":"https:\/\/bodega.canfeliu.es\/tienda\/de\/wp-json\/wp\/v2\/types\/product"}],"replies":[{"embeddable":true,"href":"https:\/\/bodega.canfeliu.es\/tienda\/de\/wp-json\/wp\/v2\/comments?post=28953"}],"version-history":[{"count":1,"href":"https:\/\/bodega.canfeliu.es\/tienda\/de\/wp-json\/wp\/v2\/product\/28953\/revisions"}],"predecessor-version":[{"id":35139,"href":"https:\/\/bodega.canfeliu.es\/tienda\/de\/wp-json\/wp\/v2\/product\/28953\/revisions\/35139"}],"wp:featuredmedia":[{"embeddable":true,"href":"https:\/\/bodega.canfeliu.es\/tienda\/de\/wp-json\/wp\/v2\/media\/35023"}],"wp:attachment":[{"href":"https:\/\/bodega.canfeliu.es\/tienda\/de\/wp-json\/wp\/v2\/media?parent=28953"}],"wp:term":[{"taxonomy":"product_cat","embeddable":true,"href":"https:\/\/bodega.canfeliu.es\/tienda\/de\/wp-json\/wp\/v2\/product_cat?post=28953"},{"taxonomy":"product_tag","embeddable":true,"href":"https:\/\/bodega.canfeliu.es\/tienda\/de\/wp-json\/wp\/v2\/product_tag?post=28953"}],"curies":[{"name":"wp","href":"https:\/\/api.w.org\/{rel}","templated":true}]}}