{"id":28956,"date":"2022-07-08T09:37:11","date_gmt":"2022-07-08T09:37:11","guid":{"rendered":"https:\/\/dev.trescaires.com\/producto\/rubi-negre-fusta\/"},"modified":"2024-09-17T13:45:14","modified_gmt":"2024-09-17T13:45:14","slug":"bulfish-tinto-2012","status":"publish","type":"product","link":"https:\/\/bodega.canfeliu.es\/tienda\/de\/product\/rubinschwarz-crop\/","title":{"rendered":"Bulfish tinto 2017"},"content":{"rendered":"","protected":false},"excerpt":{"rendered":"<p><span style=\"font-weight: 400;\"><strong>NAME<\/strong>: Bullfish Tinto 2017<\/span><\/p>\n<p><span style=\"font-weight: 400;\"><strong>QUELLE<\/strong>: IGP Vi de la Terra de Mallorca.<\/span><\/p>\n<p><span style=\"font-weight: 400;\"><strong>WEINART<\/strong>: Vino tinto envejecido en barrica de roble franc\u00e9s<\/span><\/p>\n<p><span style=\"font-weight: 400;\"><strong>SORTEN<\/strong>: Cabernet Sauvignon 100%.<\/span><\/p>\n<p><span style=\"font-weight: 400;\"><strong>ERNTE<\/strong>: El verano del 2014 fue seco y caluroso, perfecto para la maduraci\u00f3n y perfecto estado sanitaria de las bayas. El Cabernet Sauvignon fue vendimiado la \u00faltima semana de septiembre.<\/span><\/p>\n<p><span style=\"font-weight: 400;\"><strong>ALKOHOLGEHALT<\/strong>: 14%-Vol.<\/span><\/p>\n<p><span style=\"font-weight: 400;\"><strong>AUSARBEITUNGSPROZESS<\/strong>: <\/span>Los racimos fueron seleccionados y cosechados a mano en las vi\u00f1as cerca de la bodega en Porreres. Se utilizaron m\u00e9todos tradicionales y biodin\u00e1micos, sin levadura ni bacterias a\u00f1adidas respetando las reglas definidas de Demeter Internacional. La fermentaci\u00f3n espont\u00e1nea a temperatura controlada se hizo en dep\u00f3sito de acero inoxidable y el envejecimiento en barricas de roble franc\u00e9s de 225 litros cada una por un plazo de tiempo de 12 a 15 meses.<\/p>\n<p><strong>SENSORISCHE ANALYSE:<\/strong><\/p>\n<p><span style=\"font-weight: 400;\">&#8211;\u00a0 \u00a0 \u00a0 <\/span> <span style=\"font-weight: 400;\"><strong>Fase Visual<\/strong>: Rojo teja con toques viol\u00e1ceos de capa media. Intensidad media-alta.<\/span><\/p>\n<p><span style=\"font-weight: 400;\">&#8211;\u00a0 \u00a0 \u00a0 <\/span> <span style=\"font-weight: 400;\"><strong>Fase Olfativa<\/strong>: <\/span>En nariz es claramente representativo de la variedad, pues afloran aromas de fruta negra madura, miel de algarroba, bals\u00e1micos, pimienta rosa en grano y ahumados. (propio de la barrica de roble franc\u00e9s) y ligeramente tostado.<\/p>\n<p><span style=\"font-weight: 400;\">&#8211;\u00a0 \u00a0 \u00a0 <\/span> <span style=\"font-weight: 400;\"><strong>Fase gustativa<\/strong>: En el paladar se confirma el perfecto equilibrio del vino, con aromas concentrados de frutas negras maduras del bosque, apoyados por una estructura integrada de taninos y una acidez bien equilibrada. Se confirma la perfecta integraci\u00f3n de la barrica en la crianza, con un final largo y goloso que invita a seguir bebiendo.<\/span><\/p>\n<p>&nbsp;<\/p>\n<p><span style=\"font-weight: 400;\"><strong>Temperatura de servicio<\/strong>: 15-17\u1d52 C aproximadamente.<\/span><\/p>\n<p><span style=\"font-weight: 400;\"><strong>Maridaje y armon\u00eda<\/strong>: Carnes blancas y rojas, guisos y quesos. Postres con chocolate.<\/span><\/p>","protected":false},"featured_media":35015,"comment_status":"open","ping_status":"closed","template":"","meta":[],"product_cat":[271],"product_tag":[],"class_list":{"0":"post-28956","1":"product","2":"type-product","3":"status-publish","4":"has-post-thumbnail","6":"product_cat-vinos-tinto","8":"first","9":"instock","10":"shipping-taxable","11":"purchasable","12":"product-type-simple"},"yoast_head":"<!-- This site is optimized with the Yoast SEO plugin v23.5 - https:\/\/yoast.com\/wordpress\/plugins\/seo\/ -->\n<title>Bulfish tinto 2017 - Bodega Can Feliu<\/title>\n<meta name=\"robots\" content=\"index, follow, max-snippet:-1, max-image-preview:large, max-video-preview:-1\" \/>\n<link rel=\"canonical\" href=\"https:\/\/bodega.canfeliu.es\/tienda\/de\/product\/rubinschwarz-crop\/\" \/>\n<meta property=\"og:locale\" content=\"de_DE\" \/>\n<meta property=\"og:type\" content=\"article\" \/>\n<meta property=\"og:title\" content=\"Bulfish tinto 2017 - Bodega Can Feliu\" \/>\n<meta property=\"og:description\" content=\"NOMBRE: Bullfish Tinto 2017  ORIGEN: IGP Vi de la Terra de Mallorca.  TIPO DE VINO: Vino tinto envejecido en barrica de roble franc\u00e9s  VARIEDADES: Cabernet Sauvignon 100%.  COSECHA: El verano del 2014 fue seco y caluroso, perfecto para la maduraci\u00f3n y perfecto estado sanitaria de las bayas. El Cabernet Sauvignon fue vendimiado la \u00faltima semana de septiembre.  GRADUACI\u00d3N ALCOH\u00d3LICA: 14% vol.  PROCESO DE ELABORACI\u00d3N: Los racimos fueron seleccionados y cosechados a mano en las vi\u00f1as cerca de la bodega en Porreres. Se utilizaron m\u00e9todos tradicionales y biodin\u00e1micos, sin levadura ni bacterias a\u00f1adidas respetando las reglas definidas de Demeter Internacional. La fermentaci\u00f3n espont\u00e1nea a temperatura controlada se hizo en dep\u00f3sito de acero inoxidable y el envejecimiento en barricas de roble franc\u00e9s de 225 litros cada una por un plazo de tiempo de 12 a 15 meses.  AN\u00c1LISIS SENSORIAL:  -\u00a0 \u00a0 \u00a0 Fase Visual: Rojo teja con toques viol\u00e1ceos de capa media. Intensidad media-alta.  -\u00a0 \u00a0 \u00a0 Fase Olfativa: En nariz es claramente representativo de la variedad, pues afloran aromas de fruta negra madura, miel de algarroba, bals\u00e1micos, pimienta rosa en grano y ahumados. (propio de la barrica de roble franc\u00e9s) y ligeramente tostado.  -\u00a0 \u00a0 \u00a0 Fase gustativa: En el paladar se confirma el perfecto equilibrio del vino, con aromas concentrados de frutas negras maduras del bosque, apoyados por una estructura integrada de taninos y una acidez bien equilibrada. Se confirma la perfecta integraci\u00f3n de la barrica en la crianza, con un final largo y goloso que invita a seguir bebiendo.  &nbsp;  Temperatura de servicio: 15-17\u1d52 C aproximadamente.  Maridaje y armon\u00eda: Carnes blancas y rojas, guisos y quesos. Postres con chocolate.\" \/>\n<meta property=\"og:url\" content=\"https:\/\/bodega.canfeliu.es\/tienda\/de\/product\/rubinschwarz-crop\/\" \/>\n<meta property=\"og:site_name\" content=\"Bodega Can Feliu\" \/>\n<meta property=\"article:publisher\" content=\"https:\/\/www.facebook.com\/destileriasjordiperello\" \/>\n<meta property=\"article:modified_time\" content=\"2024-09-17T13:45:14+00:00\" \/>\n<meta property=\"og:image\" content=\"https:\/\/bodega.canfeliu.es\/wp-content\/uploads\/bullfish_tinto-scaled-e1683801754331.jpg\" \/>\n\t<meta property=\"og:image:width\" content=\"249\" \/>\n\t<meta property=\"og:image:height\" content=\"484\" \/>\n\t<meta property=\"og:image:type\" content=\"image\/jpeg\" \/>\n<meta name=\"twitter:card\" content=\"summary_large_image\" \/>\n<meta name=\"twitter:site\" content=\"@trescaires\" \/>\n<meta name=\"twitter:label1\" content=\"Gesch\u00e4tzte Lesezeit\" \/>\n\t<meta name=\"twitter:data1\" content=\"1\u00a0Minute\" \/>\n<script type=\"application\/ld+json\" class=\"yoast-schema-graph\">{\"@context\":\"https:\/\/schema.org\",\"@graph\":[{\"@type\":\"WebPage\",\"@id\":\"https:\/\/bodega.canfeliu.es\/tienda\/producto\/bulfish-tinto-2012\/\",\"url\":\"https:\/\/bodega.canfeliu.es\/tienda\/producto\/bulfish-tinto-2012\/\",\"name\":\"Bulfish tinto 2017 - Bodega Can Feliu\",\"isPartOf\":{\"@id\":\"https:\/\/bodega.canfeliu.es\/tienda\/#website\"},\"primaryImageOfPage\":{\"@id\":\"https:\/\/bodega.canfeliu.es\/tienda\/producto\/bulfish-tinto-2012\/#primaryimage\"},\"image\":{\"@id\":\"https:\/\/bodega.canfeliu.es\/tienda\/producto\/bulfish-tinto-2012\/#primaryimage\"},\"thumbnailUrl\":\"https:\/\/bodega.canfeliu.es\/wp-content\/uploads\/bullfish_tinto-scaled-e1683801754331.jpg\",\"datePublished\":\"2022-07-08T09:37:11+00:00\",\"dateModified\":\"2024-09-17T13:45:14+00:00\",\"breadcrumb\":{\"@id\":\"https:\/\/bodega.canfeliu.es\/tienda\/producto\/bulfish-tinto-2012\/#breadcrumb\"},\"inLanguage\":\"de\",\"potentialAction\":[{\"@type\":\"ReadAction\",\"target\":[\"https:\/\/bodega.canfeliu.es\/tienda\/producto\/bulfish-tinto-2012\/\"]}]},{\"@type\":\"ImageObject\",\"inLanguage\":\"de\",\"@id\":\"https:\/\/bodega.canfeliu.es\/tienda\/producto\/bulfish-tinto-2012\/#primaryimage\",\"url\":\"https:\/\/bodega.canfeliu.es\/wp-content\/uploads\/bullfish_tinto-scaled-e1683801754331.jpg\",\"contentUrl\":\"https:\/\/bodega.canfeliu.es\/wp-content\/uploads\/bullfish_tinto-scaled-e1683801754331.jpg\",\"width\":249,\"height\":484},{\"@type\":\"BreadcrumbList\",\"@id\":\"https:\/\/bodega.canfeliu.es\/tienda\/producto\/bulfish-tinto-2012\/#breadcrumb\",\"itemListElement\":[{\"@type\":\"ListItem\",\"position\":1,\"name\":\"Home\",\"item\":\"https:\/\/bodega.canfeliu.es\/tienda\/\"},{\"@type\":\"ListItem\",\"position\":2,\"name\":\"Tienda\",\"item\":\"https:\/\/bodega.canfeliu.es\/tienda\/\"},{\"@type\":\"ListItem\",\"position\":3,\"name\":\"Bulfish tinto 2017\"}]},{\"@type\":\"WebSite\",\"@id\":\"https:\/\/bodega.canfeliu.es\/tienda\/#website\",\"url\":\"https:\/\/bodega.canfeliu.es\/tienda\/\",\"name\":\"Tienda Online - Bodega Can Feliu\",\"description\":\"Tienda de vinos de Can Feliu\",\"publisher\":{\"@id\":\"https:\/\/bodega.canfeliu.es\/tienda\/#organization\"},\"potentialAction\":[{\"@type\":\"SearchAction\",\"target\":{\"@type\":\"EntryPoint\",\"urlTemplate\":\"https:\/\/bodega.canfeliu.es\/tienda\/?s={search_term_string}\"},\"query-input\":{\"@type\":\"PropertyValueSpecification\",\"valueRequired\":true,\"valueName\":\"search_term_string\"}}],\"inLanguage\":\"de\"},{\"@type\":\"Organization\",\"@id\":\"https:\/\/bodega.canfeliu.es\/tienda\/#organization\",\"name\":\"Bodega Can Feliu\",\"url\":\"https:\/\/bodega.canfeliu.es\/tienda\/\",\"logo\":{\"@type\":\"ImageObject\",\"inLanguage\":\"de\",\"@id\":\"https:\/\/bodega.canfeliu.es\/tienda\/#\/schema\/logo\/image\/\",\"url\":\"https:\/\/bodega.canfeliu.es\/wp-content\/uploads\/CANFELIU.png\",\"contentUrl\":\"https:\/\/bodega.canfeliu.es\/wp-content\/uploads\/CANFELIU.png\",\"width\":971,\"height\":679,\"caption\":\"Bodega Can Feliu\"},\"image\":{\"@id\":\"https:\/\/bodega.canfeliu.es\/tienda\/#\/schema\/logo\/image\/\"},\"sameAs\":[\"https:\/\/www.facebook.com\/destileriasjordiperello\",\"https:\/\/x.com\/trescaires\",\"https:\/\/www.instagram.com\/3caires\/\",\"https:\/\/www.youtube.com\/channel\/UC6ap8Z44twW0MjR2lQ6WeEw\"]}]}<\/script>\n<!-- \/ Yoast SEO plugin. -->","yoast_head_json":{"title":"Bulfish tinto 2017 - Bodega Can Feliu","robots":{"index":"index","follow":"follow","max-snippet":"max-snippet:-1","max-image-preview":"max-image-preview:large","max-video-preview":"max-video-preview:-1"},"canonical":"https:\/\/bodega.canfeliu.es\/tienda\/de\/product\/rubinschwarz-crop\/","og_locale":"de_DE","og_type":"article","og_title":"Bulfish tinto 2017 - Bodega Can Feliu","og_description":"NOMBRE: Bullfish Tinto 2017  ORIGEN: IGP Vi de la Terra de Mallorca.  TIPO DE VINO: Vino tinto envejecido en barrica de roble franc\u00e9s  VARIEDADES: Cabernet Sauvignon 100%.  COSECHA: El verano del 2014 fue seco y caluroso, perfecto para la maduraci\u00f3n y perfecto estado sanitaria de las bayas. El Cabernet Sauvignon fue vendimiado la \u00faltima semana de septiembre.  GRADUACI\u00d3N ALCOH\u00d3LICA: 14% vol.  PROCESO DE ELABORACI\u00d3N: Los racimos fueron seleccionados y cosechados a mano en las vi\u00f1as cerca de la bodega en Porreres. Se utilizaron m\u00e9todos tradicionales y biodin\u00e1micos, sin levadura ni bacterias a\u00f1adidas respetando las reglas definidas de Demeter Internacional. La fermentaci\u00f3n espont\u00e1nea a temperatura controlada se hizo en dep\u00f3sito de acero inoxidable y el envejecimiento en barricas de roble franc\u00e9s de 225 litros cada una por un plazo de tiempo de 12 a 15 meses.  AN\u00c1LISIS SENSORIAL:  -\u00a0 \u00a0 \u00a0 Fase Visual: Rojo teja con toques viol\u00e1ceos de capa media. Intensidad media-alta.  -\u00a0 \u00a0 \u00a0 Fase Olfativa: En nariz es claramente representativo de la variedad, pues afloran aromas de fruta negra madura, miel de algarroba, bals\u00e1micos, pimienta rosa en grano y ahumados. (propio de la barrica de roble franc\u00e9s) y ligeramente tostado.  -\u00a0 \u00a0 \u00a0 Fase gustativa: En el paladar se confirma el perfecto equilibrio del vino, con aromas concentrados de frutas negras maduras del bosque, apoyados por una estructura integrada de taninos y una acidez bien equilibrada. Se confirma la perfecta integraci\u00f3n de la barrica en la crianza, con un final largo y goloso que invita a seguir bebiendo.  &nbsp;  Temperatura de servicio: 15-17\u1d52 C aproximadamente.  Maridaje y armon\u00eda: Carnes blancas y rojas, guisos y quesos. Postres con chocolate.","og_url":"https:\/\/bodega.canfeliu.es\/tienda\/de\/product\/rubinschwarz-crop\/","og_site_name":"Bodega Can Feliu","article_publisher":"https:\/\/www.facebook.com\/destileriasjordiperello","article_modified_time":"2024-09-17T13:45:14+00:00","og_image":[{"width":249,"height":484,"url":"https:\/\/bodega.canfeliu.es\/wp-content\/uploads\/bullfish_tinto-scaled-e1683801754331.jpg","type":"image\/jpeg"}],"twitter_card":"summary_large_image","twitter_site":"@trescaires","twitter_misc":{"Gesch\u00e4tzte Lesezeit":"1\u00a0Minute"},"schema":{"@context":"https:\/\/schema.org","@graph":[{"@type":"WebPage","@id":"https:\/\/bodega.canfeliu.es\/tienda\/producto\/bulfish-tinto-2012\/","url":"https:\/\/bodega.canfeliu.es\/tienda\/producto\/bulfish-tinto-2012\/","name":"Bulfish tinto 2017 - Bodega Can Feliu","isPartOf":{"@id":"https:\/\/bodega.canfeliu.es\/tienda\/#website"},"primaryImageOfPage":{"@id":"https:\/\/bodega.canfeliu.es\/tienda\/producto\/bulfish-tinto-2012\/#primaryimage"},"image":{"@id":"https:\/\/bodega.canfeliu.es\/tienda\/producto\/bulfish-tinto-2012\/#primaryimage"},"thumbnailUrl":"https:\/\/bodega.canfeliu.es\/wp-content\/uploads\/bullfish_tinto-scaled-e1683801754331.jpg","datePublished":"2022-07-08T09:37:11+00:00","dateModified":"2024-09-17T13:45:14+00:00","breadcrumb":{"@id":"https:\/\/bodega.canfeliu.es\/tienda\/producto\/bulfish-tinto-2012\/#breadcrumb"},"inLanguage":"de","potentialAction":[{"@type":"ReadAction","target":["https:\/\/bodega.canfeliu.es\/tienda\/producto\/bulfish-tinto-2012\/"]}]},{"@type":"ImageObject","inLanguage":"de","@id":"https:\/\/bodega.canfeliu.es\/tienda\/producto\/bulfish-tinto-2012\/#primaryimage","url":"https:\/\/bodega.canfeliu.es\/wp-content\/uploads\/bullfish_tinto-scaled-e1683801754331.jpg","contentUrl":"https:\/\/bodega.canfeliu.es\/wp-content\/uploads\/bullfish_tinto-scaled-e1683801754331.jpg","width":249,"height":484},{"@type":"BreadcrumbList","@id":"https:\/\/bodega.canfeliu.es\/tienda\/producto\/bulfish-tinto-2012\/#breadcrumb","itemListElement":[{"@type":"ListItem","position":1,"name":"Home","item":"https:\/\/bodega.canfeliu.es\/tienda\/"},{"@type":"ListItem","position":2,"name":"Tienda","item":"https:\/\/bodega.canfeliu.es\/tienda\/"},{"@type":"ListItem","position":3,"name":"Bulfish tinto 2017"}]},{"@type":"WebSite","@id":"https:\/\/bodega.canfeliu.es\/tienda\/#website","url":"https:\/\/bodega.canfeliu.es\/tienda\/","name":"Tienda Online - Bodega Can Feliu","description":"Tienda de vinos de Can Feliu","publisher":{"@id":"https:\/\/bodega.canfeliu.es\/tienda\/#organization"},"potentialAction":[{"@type":"SearchAction","target":{"@type":"EntryPoint","urlTemplate":"https:\/\/bodega.canfeliu.es\/tienda\/?s={search_term_string}"},"query-input":{"@type":"PropertyValueSpecification","valueRequired":true,"valueName":"search_term_string"}}],"inLanguage":"de"},{"@type":"Organization","@id":"https:\/\/bodega.canfeliu.es\/tienda\/#organization","name":"Bodega Can Feliu","url":"https:\/\/bodega.canfeliu.es\/tienda\/","logo":{"@type":"ImageObject","inLanguage":"de","@id":"https:\/\/bodega.canfeliu.es\/tienda\/#\/schema\/logo\/image\/","url":"https:\/\/bodega.canfeliu.es\/wp-content\/uploads\/CANFELIU.png","contentUrl":"https:\/\/bodega.canfeliu.es\/wp-content\/uploads\/CANFELIU.png","width":971,"height":679,"caption":"Bodega Can Feliu"},"image":{"@id":"https:\/\/bodega.canfeliu.es\/tienda\/#\/schema\/logo\/image\/"},"sameAs":["https:\/\/www.facebook.com\/destileriasjordiperello","https:\/\/x.com\/trescaires","https:\/\/www.instagram.com\/3caires\/","https:\/\/www.youtube.com\/channel\/UC6ap8Z44twW0MjR2lQ6WeEw"]}]}},"_links":{"self":[{"href":"https:\/\/bodega.canfeliu.es\/tienda\/de\/wp-json\/wp\/v2\/product\/28956","targetHints":{"allow":["GET"]}}],"collection":[{"href":"https:\/\/bodega.canfeliu.es\/tienda\/de\/wp-json\/wp\/v2\/product"}],"about":[{"href":"https:\/\/bodega.canfeliu.es\/tienda\/de\/wp-json\/wp\/v2\/types\/product"}],"replies":[{"embeddable":true,"href":"https:\/\/bodega.canfeliu.es\/tienda\/de\/wp-json\/wp\/v2\/comments?post=28956"}],"version-history":[{"count":5,"href":"https:\/\/bodega.canfeliu.es\/tienda\/de\/wp-json\/wp\/v2\/product\/28956\/revisions"}],"predecessor-version":[{"id":35327,"href":"https:\/\/bodega.canfeliu.es\/tienda\/de\/wp-json\/wp\/v2\/product\/28956\/revisions\/35327"}],"wp:featuredmedia":[{"embeddable":true,"href":"https:\/\/bodega.canfeliu.es\/tienda\/de\/wp-json\/wp\/v2\/media\/35015"}],"wp:attachment":[{"href":"https:\/\/bodega.canfeliu.es\/tienda\/de\/wp-json\/wp\/v2\/media?parent=28956"}],"wp:term":[{"taxonomy":"product_cat","embeddable":true,"href":"https:\/\/bodega.canfeliu.es\/tienda\/de\/wp-json\/wp\/v2\/product_cat?post=28956"},{"taxonomy":"product_tag","embeddable":true,"href":"https:\/\/bodega.canfeliu.es\/tienda\/de\/wp-json\/wp\/v2\/product_tag?post=28956"}],"curies":[{"name":"wp","href":"https:\/\/api.w.org\/{rel}","templated":true}]}}