{"id":12,"date":"2022-06-17T08:42:31","date_gmt":"2022-06-17T08:42:31","guid":{"rendered":"https:\/\/dev.trescaires.com\/?page_id=12"},"modified":"2022-07-06T10:17:05","modified_gmt":"2022-07-06T10:17:05","slug":"my-account","status":"publish","type":"page","link":"https:\/\/bodega.canfeliu.es\/tienda\/en\/my-account\/","title":{"rendered":"My account"},"content":{"rendered":"<div data-elementor-type=\"wp-page\" data-elementor-id=\"12\" class=\"elementor elementor-12\">\n\t\t\t\t\t\t\t\t\t<section class=\"wd-negative-gap elementor-section elementor-top-section elementor-element elementor-element-5b3c6c8b elementor-section-boxed elementor-section-height-default elementor-section-height-default wd-section-disabled\" data-id=\"5b3c6c8b\" data-element_type=\"section\">\n\t\t\t\t\t\t<div class=\"elementor-container elementor-column-gap-default\">\n\t\t\t\t\t<div class=\"elementor-column elementor-col-100 elementor-top-column elementor-element elementor-element-598143ce\" data-id=\"598143ce\" data-element_type=\"column\">\n\t\t\t<div class=\"elementor-widget-wrap elementor-element-populated\">\n\t\t\t\t\t\t\t\t<div class=\"elementor-element elementor-element-9d546f7 color-scheme-inherit text-left elementor-widget elementor-widget-text-editor\" data-id=\"9d546f7\" data-element_type=\"widget\" data-widget_type=\"text-editor.default\">\n\t\t\t\t<div class=\"elementor-widget-container\">\n\t\t\t<style>\/*! elementor - v3.9.0 - 06-12-2022 *\/\n.elementor-widget-text-editor.elementor-drop-cap-view-stacked .elementor-drop-cap{background-color:#818a91;color:#fff}.elementor-widget-text-editor.elementor-drop-cap-view-framed .elementor-drop-cap{color:#818a91;border:3px solid;background-color:transparent}.elementor-widget-text-editor:not(.elementor-drop-cap-view-default) .elementor-drop-cap{margin-top:8px}.elementor-widget-text-editor:not(.elementor-drop-cap-view-default) .elementor-drop-cap-letter{width:1em;height:1em}.elementor-widget-text-editor .elementor-drop-cap{float:left;text-align:center;line-height:1;font-size:50px}.elementor-widget-text-editor .elementor-drop-cap-letter{display:inline-block}<\/style>\t\t\t\t<!-- wp:shortcode --><div class=\"woocommerce\"><\/div><!-- \/wp:shortcode -->\t\t\t\t\t\t<\/div>\n\t\t\t\t<\/div>\n\t\t\t\t\t<\/div>\n\t\t<\/div>\n\t\t\t\t\t\t\t<\/div>\n\t\t<\/section>\n\t\t\t\t\t\t\t<\/div>","protected":false},"excerpt":{"rendered":"","protected":false},"author":1,"featured_media":0,"parent":0,"menu_order":0,"comment_status":"closed","ping_status":"closed","template":"","meta":{"footnotes":""},"class_list":["post-12","page","type-page","status-publish","hentry"],"yoast_head":"<!-- This site is optimized with the Yoast SEO plugin v23.5 - https:\/\/yoast.com\/wordpress\/plugins\/seo\/ -->\n<title>Bodega Can Feliu -<\/title>\n<meta name=\"description\" content=\"La bodega Can Feliu es el coraz\u00f3n de nuestro Agroturismo. Un alojamiento para amantes de la naturaleza. Una bodega en Mallorca donde encontrar\u00e1s la mejor selecci\u00f3n de vinos.\" \/>\n<meta name=\"robots\" content=\"index, follow, max-snippet:-1, max-image-preview:large, max-video-preview:-1\" \/>\n<link rel=\"canonical\" href=\"https:\/\/bodega.canfeliu.es\/tienda\/en\/my-account\/\" \/>\n<meta property=\"og:locale\" content=\"en_GB\" \/>\n<meta property=\"og:type\" content=\"article\" \/>\n<meta property=\"og:title\" content=\"Bodega Can Feliu -\" \/>\n<meta property=\"og:description\" content=\"La bodega Can Feliu es el coraz\u00f3n de nuestro Agroturismo. Un alojamiento para amantes de la naturaleza. Una bodega en Mallorca donde encontrar\u00e1s la mejor selecci\u00f3n de vinos.\" \/>\n<meta property=\"og:url\" content=\"https:\/\/bodega.canfeliu.es\/tienda\/en\/my-account\/\" \/>\n<meta property=\"og:site_name\" content=\"Bodega Can Feliu\" \/>\n<meta property=\"article:publisher\" content=\"https:\/\/www.facebook.com\/destileriasjordiperello\" \/>\n<meta property=\"article:modified_time\" content=\"2022-07-06T10:17:05+00:00\" \/>\n<meta name=\"twitter:card\" content=\"summary_large_image\" \/>\n<meta name=\"twitter:site\" content=\"@trescaires\" \/>\n<meta name=\"twitter:label1\" content=\"Estimated reading time\" \/>\n\t<meta name=\"twitter:data1\" content=\"1 minute\" \/>\n<script type=\"application\/ld+json\" class=\"yoast-schema-graph\">{\"@context\":\"https:\/\/schema.org\",\"@graph\":[{\"@type\":\"WebPage\",\"@id\":\"https:\/\/bodega.canfeliu.es\/tienda\/my-account\/\",\"url\":\"https:\/\/bodega.canfeliu.es\/tienda\/my-account\/\",\"name\":\"Bodega Can Feliu -\",\"isPartOf\":{\"@id\":\"https:\/\/bodega.canfeliu.es\/tienda\/#website\"},\"datePublished\":\"2022-06-17T08:42:31+00:00\",\"dateModified\":\"2022-07-06T10:17:05+00:00\",\"description\":\"La bodega Can Feliu es el coraz\u00f3n de nuestro Agroturismo. Un alojamiento para amantes de la naturaleza. Una bodega en Mallorca donde encontrar\u00e1s la mejor selecci\u00f3n de vinos.\",\"breadcrumb\":{\"@id\":\"https:\/\/bodega.canfeliu.es\/tienda\/my-account\/#breadcrumb\"},\"inLanguage\":\"en-GB\",\"potentialAction\":[{\"@type\":\"ReadAction\",\"target\":[\"https:\/\/bodega.canfeliu.es\/tienda\/my-account\/\"]}]},{\"@type\":\"BreadcrumbList\",\"@id\":\"https:\/\/bodega.canfeliu.es\/tienda\/my-account\/#breadcrumb\",\"itemListElement\":[{\"@type\":\"ListItem\",\"position\":1,\"name\":\"Home\",\"item\":\"https:\/\/bodega.canfeliu.es\/tienda\/\"},{\"@type\":\"ListItem\",\"position\":2,\"name\":\"Mi cuenta\"}]},{\"@type\":\"WebSite\",\"@id\":\"https:\/\/bodega.canfeliu.es\/tienda\/#website\",\"url\":\"https:\/\/bodega.canfeliu.es\/tienda\/\",\"name\":\"Tienda Online - Bodega Can Feliu\",\"description\":\"Tienda de vinos de Can Feliu\",\"publisher\":{\"@id\":\"https:\/\/bodega.canfeliu.es\/tienda\/#organization\"},\"potentialAction\":[{\"@type\":\"SearchAction\",\"target\":{\"@type\":\"EntryPoint\",\"urlTemplate\":\"https:\/\/bodega.canfeliu.es\/tienda\/?s={search_term_string}\"},\"query-input\":{\"@type\":\"PropertyValueSpecification\",\"valueRequired\":true,\"valueName\":\"search_term_string\"}}],\"inLanguage\":\"en-GB\"},{\"@type\":\"Organization\",\"@id\":\"https:\/\/bodega.canfeliu.es\/tienda\/#organization\",\"name\":\"Bodega Can Feliu\",\"url\":\"https:\/\/bodega.canfeliu.es\/tienda\/\",\"logo\":{\"@type\":\"ImageObject\",\"inLanguage\":\"en-GB\",\"@id\":\"https:\/\/bodega.canfeliu.es\/tienda\/#\/schema\/logo\/image\/\",\"url\":\"https:\/\/bodega.canfeliu.es\/wp-content\/uploads\/CANFELIU.png\",\"contentUrl\":\"https:\/\/bodega.canfeliu.es\/wp-content\/uploads\/CANFELIU.png\",\"width\":971,\"height\":679,\"caption\":\"Bodega Can Feliu\"},\"image\":{\"@id\":\"https:\/\/bodega.canfeliu.es\/tienda\/#\/schema\/logo\/image\/\"},\"sameAs\":[\"https:\/\/www.facebook.com\/destileriasjordiperello\",\"https:\/\/x.com\/trescaires\",\"https:\/\/www.instagram.com\/3caires\/\",\"https:\/\/www.youtube.com\/channel\/UC6ap8Z44twW0MjR2lQ6WeEw\"]}]}<\/script>\n<!-- \/ Yoast SEO plugin. -->","yoast_head_json":{"title":"Bodega Can Feliu -","description":"La bodega Can Feliu es el coraz\u00f3n de nuestro Agroturismo. Un alojamiento para amantes de la naturaleza. Una bodega en Mallorca donde encontrar\u00e1s la mejor selecci\u00f3n de vinos.","robots":{"index":"index","follow":"follow","max-snippet":"max-snippet:-1","max-image-preview":"max-image-preview:large","max-video-preview":"max-video-preview:-1"},"canonical":"https:\/\/bodega.canfeliu.es\/tienda\/en\/my-account\/","og_locale":"en_GB","og_type":"article","og_title":"Bodega Can Feliu -","og_description":"La bodega Can Feliu es el coraz\u00f3n de nuestro Agroturismo. Un alojamiento para amantes de la naturaleza. Una bodega en Mallorca donde encontrar\u00e1s la mejor selecci\u00f3n de vinos.","og_url":"https:\/\/bodega.canfeliu.es\/tienda\/en\/my-account\/","og_site_name":"Bodega Can Feliu","article_publisher":"https:\/\/www.facebook.com\/destileriasjordiperello","article_modified_time":"2022-07-06T10:17:05+00:00","twitter_card":"summary_large_image","twitter_site":"@trescaires","twitter_misc":{"Estimated reading time":"1 minute"},"schema":{"@context":"https:\/\/schema.org","@graph":[{"@type":"WebPage","@id":"https:\/\/bodega.canfeliu.es\/tienda\/my-account\/","url":"https:\/\/bodega.canfeliu.es\/tienda\/my-account\/","name":"Bodega Can Feliu -","isPartOf":{"@id":"https:\/\/bodega.canfeliu.es\/tienda\/#website"},"datePublished":"2022-06-17T08:42:31+00:00","dateModified":"2022-07-06T10:17:05+00:00","description":"La bodega Can Feliu es el coraz\u00f3n de nuestro Agroturismo. Un alojamiento para amantes de la naturaleza. Una bodega en Mallorca donde encontrar\u00e1s la mejor selecci\u00f3n de vinos.","breadcrumb":{"@id":"https:\/\/bodega.canfeliu.es\/tienda\/my-account\/#breadcrumb"},"inLanguage":"en-GB","potentialAction":[{"@type":"ReadAction","target":["https:\/\/bodega.canfeliu.es\/tienda\/my-account\/"]}]},{"@type":"BreadcrumbList","@id":"https:\/\/bodega.canfeliu.es\/tienda\/my-account\/#breadcrumb","itemListElement":[{"@type":"ListItem","position":1,"name":"Home","item":"https:\/\/bodega.canfeliu.es\/tienda\/"},{"@type":"ListItem","position":2,"name":"Mi cuenta"}]},{"@type":"WebSite","@id":"https:\/\/bodega.canfeliu.es\/tienda\/#website","url":"https:\/\/bodega.canfeliu.es\/tienda\/","name":"Tienda Online - Bodega Can Feliu","description":"Tienda de vinos de Can Feliu","publisher":{"@id":"https:\/\/bodega.canfeliu.es\/tienda\/#organization"},"potentialAction":[{"@type":"SearchAction","target":{"@type":"EntryPoint","urlTemplate":"https:\/\/bodega.canfeliu.es\/tienda\/?s={search_term_string}"},"query-input":{"@type":"PropertyValueSpecification","valueRequired":true,"valueName":"search_term_string"}}],"inLanguage":"en-GB"},{"@type":"Organization","@id":"https:\/\/bodega.canfeliu.es\/tienda\/#organization","name":"Bodega Can Feliu","url":"https:\/\/bodega.canfeliu.es\/tienda\/","logo":{"@type":"ImageObject","inLanguage":"en-GB","@id":"https:\/\/bodega.canfeliu.es\/tienda\/#\/schema\/logo\/image\/","url":"https:\/\/bodega.canfeliu.es\/wp-content\/uploads\/CANFELIU.png","contentUrl":"https:\/\/bodega.canfeliu.es\/wp-content\/uploads\/CANFELIU.png","width":971,"height":679,"caption":"Bodega Can Feliu"},"image":{"@id":"https:\/\/bodega.canfeliu.es\/tienda\/#\/schema\/logo\/image\/"},"sameAs":["https:\/\/www.facebook.com\/destileriasjordiperello","https:\/\/x.com\/trescaires","https:\/\/www.instagram.com\/3caires\/","https:\/\/www.youtube.com\/channel\/UC6ap8Z44twW0MjR2lQ6WeEw"]}]}},"_links":{"self":[{"href":"https:\/\/bodega.canfeliu.es\/tienda\/en\/wp-json\/wp\/v2\/pages\/12","targetHints":{"allow":["GET"]}}],"collection":[{"href":"https:\/\/bodega.canfeliu.es\/tienda\/en\/wp-json\/wp\/v2\/pages"}],"about":[{"href":"https:\/\/bodega.canfeliu.es\/tienda\/en\/wp-json\/wp\/v2\/types\/page"}],"author":[{"embeddable":true,"href":"https:\/\/bodega.canfeliu.es\/tienda\/en\/wp-json\/wp\/v2\/users\/1"}],"replies":[{"embeddable":true,"href":"https:\/\/bodega.canfeliu.es\/tienda\/en\/wp-json\/wp\/v2\/comments?post=12"}],"version-history":[{"count":0,"href":"https:\/\/bodega.canfeliu.es\/tienda\/en\/wp-json\/wp\/v2\/pages\/12\/revisions"}],"wp:attachment":[{"href":"https:\/\/bodega.canfeliu.es\/tienda\/en\/wp-json\/wp\/v2\/media?parent=12"}],"curies":[{"name":"wp","href":"https:\/\/api.w.org\/{rel}","templated":true}]}}