{"id":31894,"date":"2022-07-12T06:48:06","date_gmt":"2022-07-12T06:48:06","guid":{"rendered":"https:\/\/dev.trescaires.com\/?page_id=31894"},"modified":"2023-02-01T11:14:34","modified_gmt":"2023-02-01T11:14:34","slug":"condiciones-de-envio-y-entrega","status":"publish","type":"page","link":"https:\/\/bodega.canfeliu.es\/tienda\/en\/shipping-and-delivery-conditions\/","title":{"rendered":"Conditions of shipping and delivery"},"content":{"rendered":"<div data-elementor-type=\"wp-page\" data-elementor-id=\"31894\" class=\"elementor elementor-31894\">\n\t\t\t\t\t\t\t\t\t<section class=\"wd-negative-gap elementor-section elementor-top-section elementor-element elementor-element-bd0356b elementor-section-boxed elementor-section-height-default elementor-section-height-default wd-section-disabled\" data-id=\"bd0356b\" data-element_type=\"section\">\n\t\t\t\t\t\t<div class=\"elementor-container elementor-column-gap-default\">\n\t\t\t\t\t<div class=\"elementor-column elementor-col-100 elementor-top-column elementor-element elementor-element-13eed65\" data-id=\"13eed65\" data-element_type=\"column\">\n\t\t\t<div class=\"elementor-widget-wrap elementor-element-populated\">\n\t\t\t\t\t\t\t\t<div class=\"elementor-element elementor-element-27d7791 elementor-widget elementor-widget-wd_text_block\" data-id=\"27d7791\" data-element_type=\"widget\" data-widget_type=\"wd_text_block.default\">\n\t\t\t\t<div class=\"elementor-widget-container\">\n\t\t\t\t\t<div class=\"wd-text-block reset-last-child text-left\">\n\t\t\t\n\t\t\t<p>These General Conditions of Sale, hereinafter, General Conditions that regulate the process of buying and selling the products of SON DAGUETA SL, hereinafter Bodega CAN FELIU, on the website www.canfeliu.es, from now on the website.<\/p><p>The General Conditions bind BODEGA CAN FELIU, and the buyer, hereinafter, the Client, granting them a series of rights and obligations, from the moment the latter places and accepts an order through the Website. They are mandatory and known by both parties, so their express acceptance by the Client is essential to be able to formalize an order. The Customer must carefully read these conditions.<\/p><p>BODEGA CAN FELIU with fiscal name Son Dagueta SL, provided with CIF B-57171118 and registered office at C\/ Cam\u00ed de Sa Serra KM. 1,2 (07260) Balearic Islands \u2013 Spain. Registered in the Mercantile Registry of Palma Volume 1946, Folio 72 and Page PM-42332 is the owner of the page www.canfeliu.es which can be accessed from countries and other territories where alcohol consumption is legal and by people who can legally consume alcoholic beverages.\u00a0<\/p><p>\u00a0<\/p><p>The Customer is any user of the Website who places an order and accepts it. In order to buy, the Customer must provide all the information requested. The Client declares that all the information provided in the purchase process is complete, truthful and up-to-date. Your personal data will be processed in accordance with the provisions of the Privacy Policy and in accordance with the Terms and Conditions of Use of the Website.<\/p><p>The purchase of the products implies full and unreserved acceptance of the General Conditions, as well as the provisions of the Privacy Policy and the Terms and Conditions of Use of the Website.<\/p><p>The Client declares to be of legal age and to be in any case fully qualified and authorized to contract in accordance with the legislation that is applicable to him, and to assume the commitments of these General Conditions, either for himself or on behalf of the company or entity that, if applicable, indicates, represents or in whose interest it acts.<\/p><p>Through the Website, purchases are allowed anywhere in the world, without prejudice to the particular customs and transport conditions of each country.<\/p><p><strong>PRODUCTS<\/strong><\/p><p>Each product has a file with its description and its sale price with VAT.<\/p><p>The final price of the products is the one that appears on the Website at the time the order is placed, once a method of payment and place of delivery have been established.<\/p><p><strong>I PAY <\/strong><\/p><p>The User may make the purchase of products. The purchase process is managed through a cart in which the User can add the products they wish to purchase.<\/p><p>To add products to the shopping cart, once the User is on the product page, they must select the number of products and the \u201cAdd to cart\u201d option. At any time the User can access and modify the content of the basket.<\/p><p>Once all the products you wish to purchase are in the shopping basket, the User may start processing the order by selecting the &quot;Confirm the purchase&quot; option.<\/p><p>Next, the User must select one of the shipping methods that best suits their needs, within the possibilities that the Website provides based on the shipping address and the specified country. The User will also have the option to include comments, requirements or additional information about their order through a text field.<\/p><p>Next, the User after selecting the payment method and accepting the terms and conditions of the purchase set forth herein, the User must ensure that the products indicated on the screen are the ones they wish to purchase.<\/p><p>Finally, to finish processing the order, the User must choose the delivery method and click on the &quot;Make the purchase&quot; button, select the payment method and will automatically be redirected to the corresponding payment gateway. Once the payment has been processed correctly, the order will be processed automatically, confirming the order information on the screen and sending an email to the User confirming the operation and specifying the characteristics of the product, price, selected shipping method, contract date, and order number.<\/p><p>The user assumes responsibility for the correct and truthful introduction of the product delivery data, and BODEGA CAN FELIU does not assume any responsibility in the event that the delivery cannot be made due to inaccuracy or incorrect data.<\/p><p><strong>\u00a0<\/strong><\/p><p><strong>DELIVERY TIMES FOR ORDERS AND SHIPPING COSTS<\/strong><\/p><p>All our products are processed once payment has been verified, within a maximum period of 72 hours, excluding weekends and holidays according to the work calendar that corresponds to the address of Bodega Can FELIU.<\/p><p><strong>RETURNS<\/strong><\/p><p>No changes or refunds are allowed.<\/p><p><strong>MODIFICATIONS<\/strong><\/p><p>Bodega CAN FELIU reserves the right to make, at any time, changes and updates to the Website, its contents, availability and presentation, as well as these conditions of sale, prices and expenses.<\/p><p><strong>APPLICABLE LAW AND JURISDICTION<\/strong><\/p><p>These General Conditions will be governed and interpreted in accordance with Spanish law.\u00a0<\/p><p>The Client submits to the jurisdiction and competence of the Courts and Tribunals of Manacor - Spain, for the resolution of any question that may arise in relation to it.\u00a0<\/p><p>\u00a0<\/p>\n\t\t\t\t\t<\/div>\n\t\t\t\t<\/div>\n\t\t\t\t<\/div>\n\t\t\t\t\t<\/div>\n\t\t<\/div>\n\t\t\t\t\t\t\t<\/div>\n\t\t<\/section>\n\t\t\t\t\t\t\t<\/div>","protected":false},"excerpt":{"rendered":"<p>Las presentes Condiciones Generales de Compraventa, en adelante, Condiciones Generales que regulan el proceso de compraventa de los productos de<\/p>","protected":false},"author":1,"featured_media":0,"parent":0,"menu_order":0,"comment_status":"closed","ping_status":"closed","template":"","meta":{"footnotes":""},"class_list":["post-31894","page","type-page","status-publish","hentry"],"yoast_head":"<!-- This site is optimized with the Yoast SEO plugin v23.5 - https:\/\/yoast.com\/wordpress\/plugins\/seo\/ -->\n<title>Bodega Can Feliu -<\/title>\n<meta name=\"description\" content=\"La bodega Can Feliu es el coraz\u00f3n de nuestro Agroturismo. Un alojamiento para amantes de la naturaleza. Una bodega en Mallorca donde encontrar\u00e1s la mejor selecci\u00f3n de vinos.\" \/>\n<meta name=\"robots\" content=\"index, follow, max-snippet:-1, max-image-preview:large, max-video-preview:-1\" \/>\n<link rel=\"canonical\" href=\"https:\/\/bodega.canfeliu.es\/tienda\/en\/shipping-and-delivery-conditions\/\" \/>\n<meta property=\"og:locale\" content=\"en_GB\" \/>\n<meta property=\"og:type\" content=\"article\" \/>\n<meta property=\"og:title\" content=\"Bodega Can Feliu -\" \/>\n<meta property=\"og:description\" content=\"La bodega Can Feliu es el coraz\u00f3n de nuestro Agroturismo. Un alojamiento para amantes de la naturaleza. Una bodega en Mallorca donde encontrar\u00e1s la mejor selecci\u00f3n de vinos.\" \/>\n<meta property=\"og:url\" content=\"https:\/\/bodega.canfeliu.es\/tienda\/en\/shipping-and-delivery-conditions\/\" \/>\n<meta property=\"og:site_name\" content=\"Bodega Can Feliu\" \/>\n<meta property=\"article:publisher\" content=\"https:\/\/www.facebook.com\/destileriasjordiperello\" \/>\n<meta property=\"article:modified_time\" content=\"2023-02-01T11:14:34+00:00\" \/>\n<meta name=\"twitter:card\" content=\"summary_large_image\" \/>\n<meta name=\"twitter:site\" content=\"@trescaires\" \/>\n<meta name=\"twitter:label1\" content=\"Estimated reading time\" \/>\n\t<meta name=\"twitter:data1\" content=\"6 minutes\" \/>\n<script type=\"application\/ld+json\" class=\"yoast-schema-graph\">{\"@context\":\"https:\/\/schema.org\",\"@graph\":[{\"@type\":\"WebPage\",\"@id\":\"https:\/\/bodega.canfeliu.es\/tienda\/condiciones-de-envio-y-entrega\/\",\"url\":\"https:\/\/bodega.canfeliu.es\/tienda\/condiciones-de-envio-y-entrega\/\",\"name\":\"Bodega Can Feliu -\",\"isPartOf\":{\"@id\":\"https:\/\/bodega.canfeliu.es\/tienda\/#website\"},\"datePublished\":\"2022-07-12T06:48:06+00:00\",\"dateModified\":\"2023-02-01T11:14:34+00:00\",\"description\":\"La bodega Can Feliu es el coraz\u00f3n de nuestro Agroturismo. Un alojamiento para amantes de la naturaleza. Una bodega en Mallorca donde encontrar\u00e1s la mejor selecci\u00f3n de vinos.\",\"breadcrumb\":{\"@id\":\"https:\/\/bodega.canfeliu.es\/tienda\/condiciones-de-envio-y-entrega\/#breadcrumb\"},\"inLanguage\":\"en-GB\",\"potentialAction\":[{\"@type\":\"ReadAction\",\"target\":[\"https:\/\/bodega.canfeliu.es\/tienda\/condiciones-de-envio-y-entrega\/\"]}]},{\"@type\":\"BreadcrumbList\",\"@id\":\"https:\/\/bodega.canfeliu.es\/tienda\/condiciones-de-envio-y-entrega\/#breadcrumb\",\"itemListElement\":[{\"@type\":\"ListItem\",\"position\":1,\"name\":\"Home\",\"item\":\"https:\/\/bodega.canfeliu.es\/tienda\/\"},{\"@type\":\"ListItem\",\"position\":2,\"name\":\"Condiciones de env\u00edo y entrega\"}]},{\"@type\":\"WebSite\",\"@id\":\"https:\/\/bodega.canfeliu.es\/tienda\/#website\",\"url\":\"https:\/\/bodega.canfeliu.es\/tienda\/\",\"name\":\"Tienda Online - Bodega Can Feliu\",\"description\":\"Tienda de vinos de Can Feliu\",\"publisher\":{\"@id\":\"https:\/\/bodega.canfeliu.es\/tienda\/#organization\"},\"potentialAction\":[{\"@type\":\"SearchAction\",\"target\":{\"@type\":\"EntryPoint\",\"urlTemplate\":\"https:\/\/bodega.canfeliu.es\/tienda\/?s={search_term_string}\"},\"query-input\":{\"@type\":\"PropertyValueSpecification\",\"valueRequired\":true,\"valueName\":\"search_term_string\"}}],\"inLanguage\":\"en-GB\"},{\"@type\":\"Organization\",\"@id\":\"https:\/\/bodega.canfeliu.es\/tienda\/#organization\",\"name\":\"Bodega Can Feliu\",\"url\":\"https:\/\/bodega.canfeliu.es\/tienda\/\",\"logo\":{\"@type\":\"ImageObject\",\"inLanguage\":\"en-GB\",\"@id\":\"https:\/\/bodega.canfeliu.es\/tienda\/#\/schema\/logo\/image\/\",\"url\":\"https:\/\/bodega.canfeliu.es\/wp-content\/uploads\/CANFELIU.png\",\"contentUrl\":\"https:\/\/bodega.canfeliu.es\/wp-content\/uploads\/CANFELIU.png\",\"width\":971,\"height\":679,\"caption\":\"Bodega Can Feliu\"},\"image\":{\"@id\":\"https:\/\/bodega.canfeliu.es\/tienda\/#\/schema\/logo\/image\/\"},\"sameAs\":[\"https:\/\/www.facebook.com\/destileriasjordiperello\",\"https:\/\/x.com\/trescaires\",\"https:\/\/www.instagram.com\/3caires\/\",\"https:\/\/www.youtube.com\/channel\/UC6ap8Z44twW0MjR2lQ6WeEw\"]}]}<\/script>\n<!-- \/ Yoast SEO plugin. -->","yoast_head_json":{"title":"Bodega Can Feliu -","description":"La bodega Can Feliu es el coraz\u00f3n de nuestro Agroturismo. Un alojamiento para amantes de la naturaleza. Una bodega en Mallorca donde encontrar\u00e1s la mejor selecci\u00f3n de vinos.","robots":{"index":"index","follow":"follow","max-snippet":"max-snippet:-1","max-image-preview":"max-image-preview:large","max-video-preview":"max-video-preview:-1"},"canonical":"https:\/\/bodega.canfeliu.es\/tienda\/en\/shipping-and-delivery-conditions\/","og_locale":"en_GB","og_type":"article","og_title":"Bodega Can Feliu -","og_description":"La bodega Can Feliu es el coraz\u00f3n de nuestro Agroturismo. Un alojamiento para amantes de la naturaleza. Una bodega en Mallorca donde encontrar\u00e1s la mejor selecci\u00f3n de vinos.","og_url":"https:\/\/bodega.canfeliu.es\/tienda\/en\/shipping-and-delivery-conditions\/","og_site_name":"Bodega Can Feliu","article_publisher":"https:\/\/www.facebook.com\/destileriasjordiperello","article_modified_time":"2023-02-01T11:14:34+00:00","twitter_card":"summary_large_image","twitter_site":"@trescaires","twitter_misc":{"Estimated reading time":"6 minutes"},"schema":{"@context":"https:\/\/schema.org","@graph":[{"@type":"WebPage","@id":"https:\/\/bodega.canfeliu.es\/tienda\/condiciones-de-envio-y-entrega\/","url":"https:\/\/bodega.canfeliu.es\/tienda\/condiciones-de-envio-y-entrega\/","name":"Bodega Can Feliu -","isPartOf":{"@id":"https:\/\/bodega.canfeliu.es\/tienda\/#website"},"datePublished":"2022-07-12T06:48:06+00:00","dateModified":"2023-02-01T11:14:34+00:00","description":"La bodega Can Feliu es el coraz\u00f3n de nuestro Agroturismo. Un alojamiento para amantes de la naturaleza. Una bodega en Mallorca donde encontrar\u00e1s la mejor selecci\u00f3n de vinos.","breadcrumb":{"@id":"https:\/\/bodega.canfeliu.es\/tienda\/condiciones-de-envio-y-entrega\/#breadcrumb"},"inLanguage":"en-GB","potentialAction":[{"@type":"ReadAction","target":["https:\/\/bodega.canfeliu.es\/tienda\/condiciones-de-envio-y-entrega\/"]}]},{"@type":"BreadcrumbList","@id":"https:\/\/bodega.canfeliu.es\/tienda\/condiciones-de-envio-y-entrega\/#breadcrumb","itemListElement":[{"@type":"ListItem","position":1,"name":"Home","item":"https:\/\/bodega.canfeliu.es\/tienda\/"},{"@type":"ListItem","position":2,"name":"Condiciones de env\u00edo y entrega"}]},{"@type":"WebSite","@id":"https:\/\/bodega.canfeliu.es\/tienda\/#website","url":"https:\/\/bodega.canfeliu.es\/tienda\/","name":"Tienda Online - Bodega Can Feliu","description":"Tienda de vinos de Can Feliu","publisher":{"@id":"https:\/\/bodega.canfeliu.es\/tienda\/#organization"},"potentialAction":[{"@type":"SearchAction","target":{"@type":"EntryPoint","urlTemplate":"https:\/\/bodega.canfeliu.es\/tienda\/?s={search_term_string}"},"query-input":{"@type":"PropertyValueSpecification","valueRequired":true,"valueName":"search_term_string"}}],"inLanguage":"en-GB"},{"@type":"Organization","@id":"https:\/\/bodega.canfeliu.es\/tienda\/#organization","name":"Bodega Can Feliu","url":"https:\/\/bodega.canfeliu.es\/tienda\/","logo":{"@type":"ImageObject","inLanguage":"en-GB","@id":"https:\/\/bodega.canfeliu.es\/tienda\/#\/schema\/logo\/image\/","url":"https:\/\/bodega.canfeliu.es\/wp-content\/uploads\/CANFELIU.png","contentUrl":"https:\/\/bodega.canfeliu.es\/wp-content\/uploads\/CANFELIU.png","width":971,"height":679,"caption":"Bodega Can Feliu"},"image":{"@id":"https:\/\/bodega.canfeliu.es\/tienda\/#\/schema\/logo\/image\/"},"sameAs":["https:\/\/www.facebook.com\/destileriasjordiperello","https:\/\/x.com\/trescaires","https:\/\/www.instagram.com\/3caires\/","https:\/\/www.youtube.com\/channel\/UC6ap8Z44twW0MjR2lQ6WeEw"]}]}},"_links":{"self":[{"href":"https:\/\/bodega.canfeliu.es\/tienda\/en\/wp-json\/wp\/v2\/pages\/31894","targetHints":{"allow":["GET"]}}],"collection":[{"href":"https:\/\/bodega.canfeliu.es\/tienda\/en\/wp-json\/wp\/v2\/pages"}],"about":[{"href":"https:\/\/bodega.canfeliu.es\/tienda\/en\/wp-json\/wp\/v2\/types\/page"}],"author":[{"embeddable":true,"href":"https:\/\/bodega.canfeliu.es\/tienda\/en\/wp-json\/wp\/v2\/users\/1"}],"replies":[{"embeddable":true,"href":"https:\/\/bodega.canfeliu.es\/tienda\/en\/wp-json\/wp\/v2\/comments?post=31894"}],"version-history":[{"count":3,"href":"https:\/\/bodega.canfeliu.es\/tienda\/en\/wp-json\/wp\/v2\/pages\/31894\/revisions"}],"predecessor-version":[{"id":35192,"href":"https:\/\/bodega.canfeliu.es\/tienda\/en\/wp-json\/wp\/v2\/pages\/31894\/revisions\/35192"}],"wp:attachment":[{"href":"https:\/\/bodega.canfeliu.es\/tienda\/en\/wp-json\/wp\/v2\/media?parent=31894"}],"curies":[{"name":"wp","href":"https:\/\/api.w.org\/{rel}","templated":true}]}}