{"id":32019,"date":"2022-07-12T10:58:59","date_gmt":"2022-07-12T10:58:59","guid":{"rendered":"https:\/\/dev.trescaires.com\/?page_id=32019"},"modified":"2022-07-12T11:00:45","modified_gmt":"2022-07-12T11:00:45","slug":"derecho-de-retirada","status":"publish","type":"page","link":"https:\/\/bodega.canfeliu.es\/tienda\/en\/right-of-withdrawal\/","title":{"rendered":"Right of withdrawal"},"content":{"rendered":"<div data-elementor-type=\"wp-page\" data-elementor-id=\"32019\" class=\"elementor elementor-32019\">\n\t\t\t\t\t\t\t\t\t<section class=\"wd-negative-gap elementor-section elementor-top-section elementor-element elementor-element-c48d507 elementor-section-boxed elementor-section-height-default elementor-section-height-default wd-section-disabled\" data-id=\"c48d507\" data-element_type=\"section\">\n\t\t\t\t\t\t<div class=\"elementor-container elementor-column-gap-default\">\n\t\t\t\t\t<div class=\"elementor-column elementor-col-100 elementor-top-column elementor-element elementor-element-b2d5115\" data-id=\"b2d5115\" data-element_type=\"column\">\n\t\t\t<div class=\"elementor-widget-wrap elementor-element-populated\">\n\t\t\t\t\t\t\t\t<div class=\"elementor-element elementor-element-cb357d7 elementor-widget elementor-widget-wd_text_block\" data-id=\"cb357d7\" data-element_type=\"widget\" data-widget_type=\"wd_text_block.default\">\n\t\t\t\t<div class=\"elementor-widget-container\">\n\t\t\t\t\t<div class=\"wd-text-block reset-last-child text-left\">\n\t\t\t\n\t\t\t<p>RETURNS<\/p><p>The User has the right to cancel the order placed at no cost until the time the shipment or collection becomes effective. Once the order is made available to the transport company or the User has collected their order at one of the established collection points, the claim by the User will be considered a return.<\/p><p>1. RETURN TIME<\/p><p>\u00a0The User can make the return up to 14 calendar days from receipt of the product.<\/p><p>2. RETURN CHANNELS<\/p><p>If the User wishes to make a return, he will have to do so through these channels indicating the order number and the products to be returned:<\/p><p>- By sending an email to\u00a0<a href=\"https:\/\/trescairesonline.es\/l\/ventasonline@trescaires.com\">salesonline@trescaires.com<\/a><\/p><p>-In person at our warehouses in Mallorca from Monday to Friday from 8:30 a.m. to 3:00 p.m.\u00a0<\/p><p>C\/ Mar Mediterranea, 48 07180 Pol Son Bugadelles-Calvia<\/p><p>Once we have the return request with the necessary data for it, we will send a guide to your email within the next 48 hours so that you can use it and return the products. You must print the completed guide and take it with the product<\/p><p>In case the product does not meet the conditions to accept the return. We will inform the User with an email message of the reason why the change and\/or guarantee is not applicable.<\/p><p>3. FORMS AND TIMES OF REIMBURSEMENT<\/p><p>- Using the same means of payment that the User used for the initial purchase.<\/p><p>- Exchange of the product for a new one or another (prior payment of shipping costs, if any).<\/p><p>-Coupon to make a new purchase, valid for a limited time of 6 months.<\/p><p>After checking the good condition of the products, the amount corresponding to the returned units will be reimbursed within a maximum period of 10 calendar days.\u00a0<\/p><p>4.<strong>\u00a0conditions of the product to apply the return.<\/strong><\/p><p>-The right of return cannot be exercised when there are indications that the products have been opened, manipulated or exposed to inappropriate conditions.<\/p><p>-It is mandatory to return the correctly protected products, in their original packaging, in perfect condition for subsequent sale.<\/p><p>-No package can be accepted that lacks any of the sender&#039;s identification elements (name, surname, address, order number).<\/p><p>-The return of the requested products will give rise to the reimbursement of all the amounts paid by the User.<\/p><p>In the event that the return conditions are not met, the User will decide the final destination of the product, at the expense of the expenses, if any.<\/p><p>5. The shipping costs are borne by the customer, as well as the return costs. Excluded from this case are those returns that derive from our error or from a product defect. In such a case, Destil leries i Cellers Jordi Perell\u00f3 SL undertakes to exchange the defective product for another of the same or the amount will be refunded. You will also be responsible for the costs of return and subsequent shipping.<\/p><p>There is no withdrawal in the cases contemplated in article 103 of Royal Legislative Decree 1\/2007 of November 16, which approves the Consolidated Text of the General Law for the Defense of Consumers and Users. In an enumerative but not limiting manner, there is no return in the case of personalized or perishable products without prejudice to the foregoing, in case of doubt, the Client may contact Destil leries i Cellers Jordi Perell\u00f3 SL in advance.<\/p>\n\t\t\t\t\t<\/div>\n\t\t\t\t<\/div>\n\t\t\t\t<\/div>\n\t\t\t\t\t<\/div>\n\t\t<\/div>\n\t\t\t\t\t\t\t<\/div>\n\t\t<\/section>\n\t\t\t\t\t\t\t<\/div>","protected":false},"excerpt":{"rendered":"<p>DEVOLUCIONES El Usuario tiene derecho a la cancelaci\u00f3n del pedido realizado sin coste alguno hasta el momento en que el<\/p>","protected":false},"author":1,"featured_media":0,"parent":0,"menu_order":0,"comment_status":"closed","ping_status":"closed","template":"","meta":{"footnotes":""},"class_list":["post-32019","page","type-page","status-publish","hentry"],"yoast_head":"<!-- This site is optimized with the Yoast SEO plugin v23.5 - https:\/\/yoast.com\/wordpress\/plugins\/seo\/ -->\n<title>Bodega Can Feliu -<\/title>\n<meta name=\"description\" content=\"La bodega Can Feliu es el coraz\u00f3n de nuestro Agroturismo. Un alojamiento para amantes de la naturaleza. Una bodega en Mallorca donde encontrar\u00e1s la mejor selecci\u00f3n de vinos.\" \/>\n<meta name=\"robots\" content=\"index, follow, max-snippet:-1, max-image-preview:large, max-video-preview:-1\" \/>\n<link rel=\"canonical\" href=\"https:\/\/bodega.canfeliu.es\/tienda\/en\/right-of-withdrawal\/\" \/>\n<meta property=\"og:locale\" content=\"en_GB\" \/>\n<meta property=\"og:type\" content=\"article\" \/>\n<meta property=\"og:title\" content=\"Bodega Can Feliu -\" \/>\n<meta property=\"og:description\" content=\"La bodega Can Feliu es el coraz\u00f3n de nuestro Agroturismo. Un alojamiento para amantes de la naturaleza. Una bodega en Mallorca donde encontrar\u00e1s la mejor selecci\u00f3n de vinos.\" \/>\n<meta property=\"og:url\" content=\"https:\/\/bodega.canfeliu.es\/tienda\/en\/right-of-withdrawal\/\" \/>\n<meta property=\"og:site_name\" content=\"Bodega Can Feliu\" \/>\n<meta property=\"article:publisher\" content=\"https:\/\/www.facebook.com\/destileriasjordiperello\" \/>\n<meta property=\"article:modified_time\" content=\"2022-07-12T11:00:45+00:00\" \/>\n<meta name=\"twitter:card\" content=\"summary_large_image\" \/>\n<meta name=\"twitter:site\" content=\"@trescaires\" \/>\n<meta name=\"twitter:label1\" content=\"Estimated reading time\" \/>\n\t<meta name=\"twitter:data1\" content=\"31 minutes\" \/>\n<script type=\"application\/ld+json\" class=\"yoast-schema-graph\">{\"@context\":\"https:\/\/schema.org\",\"@graph\":[{\"@type\":\"WebPage\",\"@id\":\"https:\/\/bodega.canfeliu.es\/tienda\/derecho-de-retirada\/\",\"url\":\"https:\/\/bodega.canfeliu.es\/tienda\/derecho-de-retirada\/\",\"name\":\"Bodega Can Feliu -\",\"isPartOf\":{\"@id\":\"https:\/\/bodega.canfeliu.es\/tienda\/#website\"},\"datePublished\":\"2022-07-12T10:58:59+00:00\",\"dateModified\":\"2022-07-12T11:00:45+00:00\",\"description\":\"La bodega Can Feliu es el coraz\u00f3n de nuestro Agroturismo. Un alojamiento para amantes de la naturaleza. Una bodega en Mallorca donde encontrar\u00e1s la mejor selecci\u00f3n de vinos.\",\"breadcrumb\":{\"@id\":\"https:\/\/bodega.canfeliu.es\/tienda\/derecho-de-retirada\/#breadcrumb\"},\"inLanguage\":\"en-GB\",\"potentialAction\":[{\"@type\":\"ReadAction\",\"target\":[\"https:\/\/bodega.canfeliu.es\/tienda\/derecho-de-retirada\/\"]}]},{\"@type\":\"BreadcrumbList\",\"@id\":\"https:\/\/bodega.canfeliu.es\/tienda\/derecho-de-retirada\/#breadcrumb\",\"itemListElement\":[{\"@type\":\"ListItem\",\"position\":1,\"name\":\"Home\",\"item\":\"https:\/\/bodega.canfeliu.es\/tienda\/\"},{\"@type\":\"ListItem\",\"position\":2,\"name\":\"Derecho de retirada\"}]},{\"@type\":\"WebSite\",\"@id\":\"https:\/\/bodega.canfeliu.es\/tienda\/#website\",\"url\":\"https:\/\/bodega.canfeliu.es\/tienda\/\",\"name\":\"Tienda Online - Bodega Can Feliu\",\"description\":\"Tienda de vinos de Can Feliu\",\"publisher\":{\"@id\":\"https:\/\/bodega.canfeliu.es\/tienda\/#organization\"},\"potentialAction\":[{\"@type\":\"SearchAction\",\"target\":{\"@type\":\"EntryPoint\",\"urlTemplate\":\"https:\/\/bodega.canfeliu.es\/tienda\/?s={search_term_string}\"},\"query-input\":{\"@type\":\"PropertyValueSpecification\",\"valueRequired\":true,\"valueName\":\"search_term_string\"}}],\"inLanguage\":\"en-GB\"},{\"@type\":\"Organization\",\"@id\":\"https:\/\/bodega.canfeliu.es\/tienda\/#organization\",\"name\":\"Bodega Can Feliu\",\"url\":\"https:\/\/bodega.canfeliu.es\/tienda\/\",\"logo\":{\"@type\":\"ImageObject\",\"inLanguage\":\"en-GB\",\"@id\":\"https:\/\/bodega.canfeliu.es\/tienda\/#\/schema\/logo\/image\/\",\"url\":\"https:\/\/bodega.canfeliu.es\/wp-content\/uploads\/CANFELIU.png\",\"contentUrl\":\"https:\/\/bodega.canfeliu.es\/wp-content\/uploads\/CANFELIU.png\",\"width\":971,\"height\":679,\"caption\":\"Bodega Can Feliu\"},\"image\":{\"@id\":\"https:\/\/bodega.canfeliu.es\/tienda\/#\/schema\/logo\/image\/\"},\"sameAs\":[\"https:\/\/www.facebook.com\/destileriasjordiperello\",\"https:\/\/x.com\/trescaires\",\"https:\/\/www.instagram.com\/3caires\/\",\"https:\/\/www.youtube.com\/channel\/UC6ap8Z44twW0MjR2lQ6WeEw\"]}]}<\/script>\n<!-- \/ Yoast SEO plugin. -->","yoast_head_json":{"title":"Bodega Can Feliu -","description":"La bodega Can Feliu es el coraz\u00f3n de nuestro Agroturismo. Un alojamiento para amantes de la naturaleza. Una bodega en Mallorca donde encontrar\u00e1s la mejor selecci\u00f3n de vinos.","robots":{"index":"index","follow":"follow","max-snippet":"max-snippet:-1","max-image-preview":"max-image-preview:large","max-video-preview":"max-video-preview:-1"},"canonical":"https:\/\/bodega.canfeliu.es\/tienda\/en\/right-of-withdrawal\/","og_locale":"en_GB","og_type":"article","og_title":"Bodega Can Feliu -","og_description":"La bodega Can Feliu es el coraz\u00f3n de nuestro Agroturismo. Un alojamiento para amantes de la naturaleza. Una bodega en Mallorca donde encontrar\u00e1s la mejor selecci\u00f3n de vinos.","og_url":"https:\/\/bodega.canfeliu.es\/tienda\/en\/right-of-withdrawal\/","og_site_name":"Bodega Can Feliu","article_publisher":"https:\/\/www.facebook.com\/destileriasjordiperello","article_modified_time":"2022-07-12T11:00:45+00:00","twitter_card":"summary_large_image","twitter_site":"@trescaires","twitter_misc":{"Estimated reading time":"31 minutes"},"schema":{"@context":"https:\/\/schema.org","@graph":[{"@type":"WebPage","@id":"https:\/\/bodega.canfeliu.es\/tienda\/derecho-de-retirada\/","url":"https:\/\/bodega.canfeliu.es\/tienda\/derecho-de-retirada\/","name":"Bodega Can Feliu -","isPartOf":{"@id":"https:\/\/bodega.canfeliu.es\/tienda\/#website"},"datePublished":"2022-07-12T10:58:59+00:00","dateModified":"2022-07-12T11:00:45+00:00","description":"La bodega Can Feliu es el coraz\u00f3n de nuestro Agroturismo. Un alojamiento para amantes de la naturaleza. Una bodega en Mallorca donde encontrar\u00e1s la mejor selecci\u00f3n de vinos.","breadcrumb":{"@id":"https:\/\/bodega.canfeliu.es\/tienda\/derecho-de-retirada\/#breadcrumb"},"inLanguage":"en-GB","potentialAction":[{"@type":"ReadAction","target":["https:\/\/bodega.canfeliu.es\/tienda\/derecho-de-retirada\/"]}]},{"@type":"BreadcrumbList","@id":"https:\/\/bodega.canfeliu.es\/tienda\/derecho-de-retirada\/#breadcrumb","itemListElement":[{"@type":"ListItem","position":1,"name":"Home","item":"https:\/\/bodega.canfeliu.es\/tienda\/"},{"@type":"ListItem","position":2,"name":"Derecho de retirada"}]},{"@type":"WebSite","@id":"https:\/\/bodega.canfeliu.es\/tienda\/#website","url":"https:\/\/bodega.canfeliu.es\/tienda\/","name":"Tienda Online - Bodega Can Feliu","description":"Tienda de vinos de Can Feliu","publisher":{"@id":"https:\/\/bodega.canfeliu.es\/tienda\/#organization"},"potentialAction":[{"@type":"SearchAction","target":{"@type":"EntryPoint","urlTemplate":"https:\/\/bodega.canfeliu.es\/tienda\/?s={search_term_string}"},"query-input":{"@type":"PropertyValueSpecification","valueRequired":true,"valueName":"search_term_string"}}],"inLanguage":"en-GB"},{"@type":"Organization","@id":"https:\/\/bodega.canfeliu.es\/tienda\/#organization","name":"Bodega Can Feliu","url":"https:\/\/bodega.canfeliu.es\/tienda\/","logo":{"@type":"ImageObject","inLanguage":"en-GB","@id":"https:\/\/bodega.canfeliu.es\/tienda\/#\/schema\/logo\/image\/","url":"https:\/\/bodega.canfeliu.es\/wp-content\/uploads\/CANFELIU.png","contentUrl":"https:\/\/bodega.canfeliu.es\/wp-content\/uploads\/CANFELIU.png","width":971,"height":679,"caption":"Bodega Can Feliu"},"image":{"@id":"https:\/\/bodega.canfeliu.es\/tienda\/#\/schema\/logo\/image\/"},"sameAs":["https:\/\/www.facebook.com\/destileriasjordiperello","https:\/\/x.com\/trescaires","https:\/\/www.instagram.com\/3caires\/","https:\/\/www.youtube.com\/channel\/UC6ap8Z44twW0MjR2lQ6WeEw"]}]}},"_links":{"self":[{"href":"https:\/\/bodega.canfeliu.es\/tienda\/en\/wp-json\/wp\/v2\/pages\/32019","targetHints":{"allow":["GET"]}}],"collection":[{"href":"https:\/\/bodega.canfeliu.es\/tienda\/en\/wp-json\/wp\/v2\/pages"}],"about":[{"href":"https:\/\/bodega.canfeliu.es\/tienda\/en\/wp-json\/wp\/v2\/types\/page"}],"author":[{"embeddable":true,"href":"https:\/\/bodega.canfeliu.es\/tienda\/en\/wp-json\/wp\/v2\/users\/1"}],"replies":[{"embeddable":true,"href":"https:\/\/bodega.canfeliu.es\/tienda\/en\/wp-json\/wp\/v2\/comments?post=32019"}],"version-history":[{"count":0,"href":"https:\/\/bodega.canfeliu.es\/tienda\/en\/wp-json\/wp\/v2\/pages\/32019\/revisions"}],"wp:attachment":[{"href":"https:\/\/bodega.canfeliu.es\/tienda\/en\/wp-json\/wp\/v2\/media?parent=32019"}],"curies":[{"name":"wp","href":"https:\/\/api.w.org\/{rel}","templated":true}]}}