{"id":28950,"date":"2022-07-08T09:37:03","date_gmt":"2022-07-08T09:37:03","guid":{"rendered":"https:\/\/dev.trescaires.com\/producto\/campo-nuevo-rosado-rosca\/"},"modified":"2025-05-13T22:04:42","modified_gmt":"2025-05-13T22:04:42","slug":"capxerigany-2018","status":"publish","type":"product","link":"https:\/\/bodega.canfeliu.es\/tienda\/en\/product\/field-new-pink-thread\/","title":{"rendered":"Capxerigany 2018"},"content":{"rendered":"","protected":false},"excerpt":{"rendered":"<p><span style=\"font-weight: 400;\"><strong>NAME:<\/strong> Capxerigany 2018<\/span><\/p>\n<p><span style=\"font-weight: 400;\"><strong>SOURCE<\/strong>: IGP Vi de la Terra de Mallorca.<\/span><\/p>\n<p><span style=\"font-weight: 400;\"><strong>TYPE OF WINE<\/strong>: Red.<\/span><\/p>\n<p><span style=\"font-weight: 400;\"><strong>VARIETIES<\/strong>: Syrah, Merlot and Cabernet Sauvignon<\/span><\/p>\n<p><span style=\"font-weight: 400;\"><strong>GRADUATION<\/strong>:\u00a0<\/span><\/p>\n<p><span style=\"font-weight: 400;\"><strong>TO NOTHING<\/strong>: 2018<\/span><\/p>\n<p><span style=\"font-weight: 400;\"><strong>ELABORATION PROCESS<\/strong>: Grape selected and picked by hand in vineyards located in Porreres (Mallorca \u2013 Balearic Islands). Traditional production methods, without the addition of yeasts or bacteria (according to conditions defined by DEMETER INTERNATIONAL). Fermentation and aging at controlled temperature.<\/span><\/p>\n<p><span style=\"font-weight: 400;\"><strong>AGING AND AGING<\/strong>: 14 months in second-year French oak barrels. At least 12 months in the bottle.<\/span><\/p>\n<p><strong>SENSORY ANALYSIS<\/strong><\/p>\n<p><span style=\"font-weight: 400;\">\u201cVisual: Tile red. Medium intensity.\u00a0 \u00a0 \u00a0 \u00a0 \u00a0 \u00a0 \u00a0 \u00a0 \u00a0 \u00a0 \u00a0 \u00a0 \u00a0 \u00a0 \u00a0 \u00a0 \u00a0 \u00a0 \u00a0 \u00a0 \u00a0 \u00a0 \u00a0 \u00a0 \u00a0 \u00a0 \u00a0 \u00a0 \u00a0 \u00a0 \u00a0 \u00a0 \u00a0 \u00a0 \u00a0 <\/span><\/p>\n<p><span style=\"font-weight: 400;\">Nose: On the nose aromas of jam and red fruits are perceived, as well as some earthy touch.<\/span><\/p>\n<p><span style=\"font-weight: 400;\">Also touches of wood provided by its time in the barrel.<\/span><\/p>\n<p><span style=\"font-weight: 400;\">Mouth: The palate has a good balance, a wine with body and structure, but fresh at the same time. It is silky, round, with a good mid palate and a pleasant finish.\u00a0 \u00a0 \u00a0 \u00a0 \u00a0 \u00a0 \u00a0 \u00a0 \u00a0 \u00a0 \u00a0 \u00a0 \u00a0 \u00a0 \u00a0 \u00a0 \u00a0 \u00a0 \u00a0 \u00a0 \u00a0 \u00a0 \u00a0 \u00a0 \u00a0 \u00a0 \u00a0 \u00a0 \u00a0 \u00a0 \u00a0 \u00a0 \u00a0 \u00a0 \u00a0 \u00a0 \u00a0 \u00a0 \u00a0 \u00a0 \u00a0 \u00a0 \u00a0 \u00a0 \u00a0 \u00a0 \u00a0 \u00a0 <\/span><\/p>\n<p><span style=\"font-weight: 400;\">Serving temperature: 15 \u2013 17 \u1d52 approximately.\u00a0 \u00a0 \u00a0 \u00a0 \u00a0 \u00a0 \u00a0 \u00a0 \u00a0 \u00a0 \u00a0 \u00a0 \u00a0 <\/span><\/p>\n<p><span style=\"font-weight: 400;\">Pairing and harmony: Game meat and poultry, including fish. Also pasta and rice.\u201d<\/span><\/p>\n<p><span data-sheets-value=\"{&quot;1&quot;:2,&quot;2&quot;:&quot;IMPORTANTE: Pedido m\u00ednimo 1 caja (6 botellas). Aseg\u00farate de pedir siempre cajas completas.&quot;}\" data-sheets-userformat=\"{&quot;2&quot;:14785,&quot;3&quot;:{&quot;1&quot;:0,&quot;3&quot;:1},&quot;9&quot;:0,&quot;10&quot;:1,&quot;11&quot;:4,&quot;14&quot;:{&quot;1&quot;:3,&quot;3&quot;:1},&quot;15&quot;:&quot;Arial&quot;,&quot;16&quot;:10}\"><strong>IMPORTANT<\/strong>: Minimum order 1 box (6 bottles). Make sure to always order full boxes.<\/span><\/p>","protected":false},"featured_media":34999,"comment_status":"open","ping_status":"closed","template":"","meta":[],"product_cat":[271],"product_tag":[],"class_list":{"0":"post-28950","1":"product","2":"type-product","3":"status-publish","4":"has-post-thumbnail","6":"product_cat-vinos-tinto","8":"first","9":"instock","10":"shipping-taxable","11":"purchasable","12":"product-type-simple"},"yoast_head":"<!-- This site is optimized with the Yoast SEO plugin v23.5 - https:\/\/yoast.com\/wordpress\/plugins\/seo\/ -->\n<title>Capxerigany 2018 - Bodega Can Feliu<\/title>\n<meta name=\"robots\" content=\"index, follow, max-snippet:-1, max-image-preview:large, max-video-preview:-1\" \/>\n<link rel=\"canonical\" href=\"https:\/\/bodega.canfeliu.es\/tienda\/en\/product\/field-new-pink-thread\/\" \/>\n<meta property=\"og:locale\" content=\"en_GB\" \/>\n<meta property=\"og:type\" content=\"article\" \/>\n<meta property=\"og:title\" content=\"Capxerigany 2018 - Bodega Can Feliu\" \/>\n<meta property=\"og:description\" content=\"NOMBRE: Capxerigany 2018  ORIGEN: IGP Vi de la Terra de Mallorca.  TIPO DE VINO: Tinto.  VARIEDADES: Syrah, Merlot y Cabernet Sauvignon  GRADUACI\u00d3N:\u00a0  A\u00d1ADA: 2018  PROCESO DE ELABORACI\u00d3N: Uva seleccionada y recogida a mano en vi\u00f1edos situados en Porreres (Mallorca \u2013 Islas Baleares). M\u00e9todos de elaboraci\u00f3n tradicional, sin adici\u00f3n de levaduras ni bacterias (seg\u00fan condiciones definidas por DEMETER INTERNACIONAL). Fermentaci\u00f3n y crianza a temperatura controlada.  ENVEJECIMIENTO Y CRIANZA: 14 meses en barrica de segundo a\u00f1o de roble franc\u00e9s. Al menos 12 meses en botella.  AN\u00c1LISIS SENSORIAL  &quot;Visual: Rojo teja. Intensidad media.\u00a0 \u00a0 \u00a0 \u00a0 \u00a0 \u00a0 \u00a0 \u00a0 \u00a0 \u00a0 \u00a0 \u00a0 \u00a0 \u00a0 \u00a0 \u00a0 \u00a0 \u00a0 \u00a0 \u00a0 \u00a0 \u00a0 \u00a0 \u00a0 \u00a0 \u00a0 \u00a0 \u00a0 \u00a0 \u00a0 \u00a0 \u00a0 \u00a0 \u00a0 \u00a0   Nariz: En nariz se perciben aromas de confitura y frutos rojos, as\u00ed como alg\u00fan toque terroso.  Tambi\u00e9n toques de madera aportados por su paso por barrica.  Boca: En boca tiene un buen equilibrio, un vino con cuerpo y estructurado, pero fresco a la vez. Es sedoso, redondo, con buen paso y final agradable.\u00a0 \u00a0 \u00a0 \u00a0 \u00a0 \u00a0 \u00a0 \u00a0 \u00a0 \u00a0 \u00a0 \u00a0 \u00a0 \u00a0 \u00a0 \u00a0 \u00a0 \u00a0 \u00a0 \u00a0 \u00a0 \u00a0 \u00a0 \u00a0 \u00a0 \u00a0 \u00a0 \u00a0 \u00a0 \u00a0 \u00a0 \u00a0 \u00a0 \u00a0 \u00a0 \u00a0 \u00a0 \u00a0 \u00a0 \u00a0 \u00a0 \u00a0 \u00a0 \u00a0 \u00a0 \u00a0 \u00a0 \u00a0   Temperatura de servicio: 15 \u2013 17 \u1d52 aproximadamente.\u00a0 \u00a0 \u00a0 \u00a0 \u00a0 \u00a0 \u00a0 \u00a0 \u00a0 \u00a0 \u00a0 \u00a0 \u00a0   Maridaje y armon\u00eda: Carnes de caza y aves, incluso pescado. Tambi\u00e9n pastas y arroces.&quot;  IMPORTANTE: Pedido m\u00ednimo 1 caja (6 botellas). Aseg\u00farate de pedir siempre cajas completas.\" \/>\n<meta property=\"og:url\" content=\"https:\/\/bodega.canfeliu.es\/tienda\/en\/product\/field-new-pink-thread\/\" \/>\n<meta property=\"og:site_name\" content=\"Bodega Can Feliu\" \/>\n<meta property=\"article:publisher\" content=\"https:\/\/www.facebook.com\/destileriasjordiperello\" \/>\n<meta property=\"article:modified_time\" content=\"2025-05-13T22:04:42+00:00\" \/>\n<meta property=\"og:image\" content=\"https:\/\/bodega.canfeliu.es\/wp-content\/uploads\/capxerigany-scaled-e1683801515384.jpg\" \/>\n\t<meta property=\"og:image:width\" content=\"309\" \/>\n\t<meta property=\"og:image:height\" content=\"600\" \/>\n\t<meta property=\"og:image:type\" content=\"image\/jpeg\" \/>\n<meta name=\"twitter:card\" content=\"summary_large_image\" \/>\n<meta name=\"twitter:site\" content=\"@trescaires\" \/>\n<script type=\"application\/ld+json\" class=\"yoast-schema-graph\">{\"@context\":\"https:\/\/schema.org\",\"@graph\":[{\"@type\":\"WebPage\",\"@id\":\"https:\/\/bodega.canfeliu.es\/tienda\/producto\/capxerigany-2018\/\",\"url\":\"https:\/\/bodega.canfeliu.es\/tienda\/producto\/capxerigany-2018\/\",\"name\":\"Capxerigany 2018 - Bodega Can Feliu\",\"isPartOf\":{\"@id\":\"https:\/\/bodega.canfeliu.es\/tienda\/#website\"},\"primaryImageOfPage\":{\"@id\":\"https:\/\/bodega.canfeliu.es\/tienda\/producto\/capxerigany-2018\/#primaryimage\"},\"image\":{\"@id\":\"https:\/\/bodega.canfeliu.es\/tienda\/producto\/capxerigany-2018\/#primaryimage\"},\"thumbnailUrl\":\"https:\/\/bodega.canfeliu.es\/wp-content\/uploads\/capxerigany-scaled-e1683801515384.jpg\",\"datePublished\":\"2022-07-08T09:37:03+00:00\",\"dateModified\":\"2025-05-13T22:04:42+00:00\",\"breadcrumb\":{\"@id\":\"https:\/\/bodega.canfeliu.es\/tienda\/producto\/capxerigany-2018\/#breadcrumb\"},\"inLanguage\":\"en-GB\",\"potentialAction\":[{\"@type\":\"ReadAction\",\"target\":[\"https:\/\/bodega.canfeliu.es\/tienda\/producto\/capxerigany-2018\/\"]}]},{\"@type\":\"ImageObject\",\"inLanguage\":\"en-GB\",\"@id\":\"https:\/\/bodega.canfeliu.es\/tienda\/producto\/capxerigany-2018\/#primaryimage\",\"url\":\"https:\/\/bodega.canfeliu.es\/wp-content\/uploads\/capxerigany-scaled-e1683801515384.jpg\",\"contentUrl\":\"https:\/\/bodega.canfeliu.es\/wp-content\/uploads\/capxerigany-scaled-e1683801515384.jpg\",\"width\":309,\"height\":600},{\"@type\":\"BreadcrumbList\",\"@id\":\"https:\/\/bodega.canfeliu.es\/tienda\/producto\/capxerigany-2018\/#breadcrumb\",\"itemListElement\":[{\"@type\":\"ListItem\",\"position\":1,\"name\":\"Home\",\"item\":\"https:\/\/bodega.canfeliu.es\/tienda\/\"},{\"@type\":\"ListItem\",\"position\":2,\"name\":\"Tienda\",\"item\":\"https:\/\/bodega.canfeliu.es\/tienda\/\"},{\"@type\":\"ListItem\",\"position\":3,\"name\":\"Capxerigany 2018\"}]},{\"@type\":\"WebSite\",\"@id\":\"https:\/\/bodega.canfeliu.es\/tienda\/#website\",\"url\":\"https:\/\/bodega.canfeliu.es\/tienda\/\",\"name\":\"Tienda Online - Bodega Can Feliu\",\"description\":\"Tienda de vinos de Can Feliu\",\"publisher\":{\"@id\":\"https:\/\/bodega.canfeliu.es\/tienda\/#organization\"},\"potentialAction\":[{\"@type\":\"SearchAction\",\"target\":{\"@type\":\"EntryPoint\",\"urlTemplate\":\"https:\/\/bodega.canfeliu.es\/tienda\/?s={search_term_string}\"},\"query-input\":{\"@type\":\"PropertyValueSpecification\",\"valueRequired\":true,\"valueName\":\"search_term_string\"}}],\"inLanguage\":\"en-GB\"},{\"@type\":\"Organization\",\"@id\":\"https:\/\/bodega.canfeliu.es\/tienda\/#organization\",\"name\":\"Bodega Can Feliu\",\"url\":\"https:\/\/bodega.canfeliu.es\/tienda\/\",\"logo\":{\"@type\":\"ImageObject\",\"inLanguage\":\"en-GB\",\"@id\":\"https:\/\/bodega.canfeliu.es\/tienda\/#\/schema\/logo\/image\/\",\"url\":\"https:\/\/bodega.canfeliu.es\/wp-content\/uploads\/CANFELIU.png\",\"contentUrl\":\"https:\/\/bodega.canfeliu.es\/wp-content\/uploads\/CANFELIU.png\",\"width\":971,\"height\":679,\"caption\":\"Bodega Can Feliu\"},\"image\":{\"@id\":\"https:\/\/bodega.canfeliu.es\/tienda\/#\/schema\/logo\/image\/\"},\"sameAs\":[\"https:\/\/www.facebook.com\/destileriasjordiperello\",\"https:\/\/x.com\/trescaires\",\"https:\/\/www.instagram.com\/3caires\/\",\"https:\/\/www.youtube.com\/channel\/UC6ap8Z44twW0MjR2lQ6WeEw\"]}]}<\/script>\n<!-- \/ Yoast SEO plugin. -->","yoast_head_json":{"title":"Capxerigany 2018 - Bodega Can Feliu","robots":{"index":"index","follow":"follow","max-snippet":"max-snippet:-1","max-image-preview":"max-image-preview:large","max-video-preview":"max-video-preview:-1"},"canonical":"https:\/\/bodega.canfeliu.es\/tienda\/en\/product\/field-new-pink-thread\/","og_locale":"en_GB","og_type":"article","og_title":"Capxerigany 2018 - Bodega Can Feliu","og_description":"NOMBRE: Capxerigany 2018  ORIGEN: IGP Vi de la Terra de Mallorca.  TIPO DE VINO: Tinto.  VARIEDADES: Syrah, Merlot y Cabernet Sauvignon  GRADUACI\u00d3N:\u00a0  A\u00d1ADA: 2018  PROCESO DE ELABORACI\u00d3N: Uva seleccionada y recogida a mano en vi\u00f1edos situados en Porreres (Mallorca \u2013 Islas Baleares). M\u00e9todos de elaboraci\u00f3n tradicional, sin adici\u00f3n de levaduras ni bacterias (seg\u00fan condiciones definidas por DEMETER INTERNACIONAL). Fermentaci\u00f3n y crianza a temperatura controlada.  ENVEJECIMIENTO Y CRIANZA: 14 meses en barrica de segundo a\u00f1o de roble franc\u00e9s. Al menos 12 meses en botella.  AN\u00c1LISIS SENSORIAL  \"Visual: Rojo teja. Intensidad media.\u00a0 \u00a0 \u00a0 \u00a0 \u00a0 \u00a0 \u00a0 \u00a0 \u00a0 \u00a0 \u00a0 \u00a0 \u00a0 \u00a0 \u00a0 \u00a0 \u00a0 \u00a0 \u00a0 \u00a0 \u00a0 \u00a0 \u00a0 \u00a0 \u00a0 \u00a0 \u00a0 \u00a0 \u00a0 \u00a0 \u00a0 \u00a0 \u00a0 \u00a0 \u00a0   Nariz: En nariz se perciben aromas de confitura y frutos rojos, as\u00ed como alg\u00fan toque terroso.  Tambi\u00e9n toques de madera aportados por su paso por barrica.  Boca: En boca tiene un buen equilibrio, un vino con cuerpo y estructurado, pero fresco a la vez. Es sedoso, redondo, con buen paso y final agradable.\u00a0 \u00a0 \u00a0 \u00a0 \u00a0 \u00a0 \u00a0 \u00a0 \u00a0 \u00a0 \u00a0 \u00a0 \u00a0 \u00a0 \u00a0 \u00a0 \u00a0 \u00a0 \u00a0 \u00a0 \u00a0 \u00a0 \u00a0 \u00a0 \u00a0 \u00a0 \u00a0 \u00a0 \u00a0 \u00a0 \u00a0 \u00a0 \u00a0 \u00a0 \u00a0 \u00a0 \u00a0 \u00a0 \u00a0 \u00a0 \u00a0 \u00a0 \u00a0 \u00a0 \u00a0 \u00a0 \u00a0 \u00a0   Temperatura de servicio: 15 \u2013 17 \u1d52 aproximadamente.\u00a0 \u00a0 \u00a0 \u00a0 \u00a0 \u00a0 \u00a0 \u00a0 \u00a0 \u00a0 \u00a0 \u00a0 \u00a0   Maridaje y armon\u00eda: Carnes de caza y aves, incluso pescado. Tambi\u00e9n pastas y arroces.\"  IMPORTANTE: Pedido m\u00ednimo 1 caja (6 botellas). Aseg\u00farate de pedir siempre cajas completas.","og_url":"https:\/\/bodega.canfeliu.es\/tienda\/en\/product\/field-new-pink-thread\/","og_site_name":"Bodega Can Feliu","article_publisher":"https:\/\/www.facebook.com\/destileriasjordiperello","article_modified_time":"2025-05-13T22:04:42+00:00","og_image":[{"width":309,"height":600,"url":"https:\/\/bodega.canfeliu.es\/wp-content\/uploads\/capxerigany-scaled-e1683801515384.jpg","type":"image\/jpeg"}],"twitter_card":"summary_large_image","twitter_site":"@trescaires","schema":{"@context":"https:\/\/schema.org","@graph":[{"@type":"WebPage","@id":"https:\/\/bodega.canfeliu.es\/tienda\/producto\/capxerigany-2018\/","url":"https:\/\/bodega.canfeliu.es\/tienda\/producto\/capxerigany-2018\/","name":"Capxerigany 2018 - Bodega Can Feliu","isPartOf":{"@id":"https:\/\/bodega.canfeliu.es\/tienda\/#website"},"primaryImageOfPage":{"@id":"https:\/\/bodega.canfeliu.es\/tienda\/producto\/capxerigany-2018\/#primaryimage"},"image":{"@id":"https:\/\/bodega.canfeliu.es\/tienda\/producto\/capxerigany-2018\/#primaryimage"},"thumbnailUrl":"https:\/\/bodega.canfeliu.es\/wp-content\/uploads\/capxerigany-scaled-e1683801515384.jpg","datePublished":"2022-07-08T09:37:03+00:00","dateModified":"2025-05-13T22:04:42+00:00","breadcrumb":{"@id":"https:\/\/bodega.canfeliu.es\/tienda\/producto\/capxerigany-2018\/#breadcrumb"},"inLanguage":"en-GB","potentialAction":[{"@type":"ReadAction","target":["https:\/\/bodega.canfeliu.es\/tienda\/producto\/capxerigany-2018\/"]}]},{"@type":"ImageObject","inLanguage":"en-GB","@id":"https:\/\/bodega.canfeliu.es\/tienda\/producto\/capxerigany-2018\/#primaryimage","url":"https:\/\/bodega.canfeliu.es\/wp-content\/uploads\/capxerigany-scaled-e1683801515384.jpg","contentUrl":"https:\/\/bodega.canfeliu.es\/wp-content\/uploads\/capxerigany-scaled-e1683801515384.jpg","width":309,"height":600},{"@type":"BreadcrumbList","@id":"https:\/\/bodega.canfeliu.es\/tienda\/producto\/capxerigany-2018\/#breadcrumb","itemListElement":[{"@type":"ListItem","position":1,"name":"Home","item":"https:\/\/bodega.canfeliu.es\/tienda\/"},{"@type":"ListItem","position":2,"name":"Tienda","item":"https:\/\/bodega.canfeliu.es\/tienda\/"},{"@type":"ListItem","position":3,"name":"Capxerigany 2018"}]},{"@type":"WebSite","@id":"https:\/\/bodega.canfeliu.es\/tienda\/#website","url":"https:\/\/bodega.canfeliu.es\/tienda\/","name":"Tienda Online - Bodega Can Feliu","description":"Tienda de vinos de Can Feliu","publisher":{"@id":"https:\/\/bodega.canfeliu.es\/tienda\/#organization"},"potentialAction":[{"@type":"SearchAction","target":{"@type":"EntryPoint","urlTemplate":"https:\/\/bodega.canfeliu.es\/tienda\/?s={search_term_string}"},"query-input":{"@type":"PropertyValueSpecification","valueRequired":true,"valueName":"search_term_string"}}],"inLanguage":"en-GB"},{"@type":"Organization","@id":"https:\/\/bodega.canfeliu.es\/tienda\/#organization","name":"Bodega Can Feliu","url":"https:\/\/bodega.canfeliu.es\/tienda\/","logo":{"@type":"ImageObject","inLanguage":"en-GB","@id":"https:\/\/bodega.canfeliu.es\/tienda\/#\/schema\/logo\/image\/","url":"https:\/\/bodega.canfeliu.es\/wp-content\/uploads\/CANFELIU.png","contentUrl":"https:\/\/bodega.canfeliu.es\/wp-content\/uploads\/CANFELIU.png","width":971,"height":679,"caption":"Bodega Can Feliu"},"image":{"@id":"https:\/\/bodega.canfeliu.es\/tienda\/#\/schema\/logo\/image\/"},"sameAs":["https:\/\/www.facebook.com\/destileriasjordiperello","https:\/\/x.com\/trescaires","https:\/\/www.instagram.com\/3caires\/","https:\/\/www.youtube.com\/channel\/UC6ap8Z44twW0MjR2lQ6WeEw"]}]}},"_links":{"self":[{"href":"https:\/\/bodega.canfeliu.es\/tienda\/en\/wp-json\/wp\/v2\/product\/28950","targetHints":{"allow":["GET"]}}],"collection":[{"href":"https:\/\/bodega.canfeliu.es\/tienda\/en\/wp-json\/wp\/v2\/product"}],"about":[{"href":"https:\/\/bodega.canfeliu.es\/tienda\/en\/wp-json\/wp\/v2\/types\/product"}],"replies":[{"embeddable":true,"href":"https:\/\/bodega.canfeliu.es\/tienda\/en\/wp-json\/wp\/v2\/comments?post=28950"}],"version-history":[{"count":1,"href":"https:\/\/bodega.canfeliu.es\/tienda\/en\/wp-json\/wp\/v2\/product\/28950\/revisions"}],"predecessor-version":[{"id":35141,"href":"https:\/\/bodega.canfeliu.es\/tienda\/en\/wp-json\/wp\/v2\/product\/28950\/revisions\/35141"}],"wp:featuredmedia":[{"embeddable":true,"href":"https:\/\/bodega.canfeliu.es\/tienda\/en\/wp-json\/wp\/v2\/media\/34999"}],"wp:attachment":[{"href":"https:\/\/bodega.canfeliu.es\/tienda\/en\/wp-json\/wp\/v2\/media?parent=28950"}],"wp:term":[{"taxonomy":"product_cat","embeddable":true,"href":"https:\/\/bodega.canfeliu.es\/tienda\/en\/wp-json\/wp\/v2\/product_cat?post=28950"},{"taxonomy":"product_tag","embeddable":true,"href":"https:\/\/bodega.canfeliu.es\/tienda\/en\/wp-json\/wp\/v2\/product_tag?post=28950"}],"curies":[{"name":"wp","href":"https:\/\/api.w.org\/{rel}","templated":true}]}}