{"id":28953,"date":"2022-07-08T09:37:07","date_gmt":"2022-07-08T09:37:07","guid":{"rendered":"https:\/\/dev.trescaires.com\/producto\/can-rubi-blanc\/"},"modified":"2024-08-09T20:20:05","modified_gmt":"2024-08-09T20:20:05","slug":"bullfish-blanco-barrica-2021","status":"publish","type":"product","link":"https:\/\/bodega.canfeliu.es\/tienda\/en\/product\/can-rubi-blanc\/","title":{"rendered":"Bullfish White Barrel 2021"},"content":{"rendered":"","protected":false},"excerpt":{"rendered":"<p><span style=\"font-weight: 400;\">Bullfish White Barrel 2021<\/span><\/p>\n<p><span style=\"font-weight: 400;\"><strong>SOURCE<\/strong>: IGP Vi de la Terra de Mallorca.<\/span><\/p>\n<p><span style=\"font-weight: 400;\"><strong>TYPE OF WINE<\/strong>: Young white wine.<\/span><\/p>\n<p><span style=\"font-weight: 400;\"><strong>VARIETIES<\/strong>: Sauvignon Blanc and Viognier.<\/span><\/p>\n<p><span style=\"font-weight: 400;\"><strong>HARVEST<\/strong>: 2021. The Sauvignon Blanc was harvested on August 12 and the Viognier on the 21st when it did not rain all month and was also mild, events that favored the perfect health of the grapes and ripening.<\/span><\/p>\n<p><span style=\"font-weight: 400;\"><strong>ALCOHOLIC GRADE<\/strong>: 14.5% vol.<\/span><\/p>\n<p><span style=\"font-weight: 400;\"><strong>ELABORATION PROCESS<\/strong>: Grapes selected and harvested by hand in vineyards located in Porreres (Mallorca \u2013 Balearic Islands).<\/span><\/p>\n<p><span style=\"font-weight: 400;\">Traditional production methods, without the addition of yeasts or bacteria (according to conditions defined by DEMETER INTERNATIONAL). Spontaneous fermentation took place in a stainless steel tank, and then, halfway through fermentation, it was transferred to French oak barrels where the fermentation would end and it would remain for a total time of about 4 months.<\/span><\/p>\n<p><strong>SENSORY ANALYSIS:<\/strong><\/p>\n<p><span style=\"font-weight: 400;\">Visual phase: Frank, bright, straw yellow. The<\/span><span style=\"font-weight: 400;\">tearing in the glass<\/span><\/p>\n<p><span style=\"font-weight: 400;\">Olfactory Phase: Very high intensity with balsamic aromas <\/span><span style=\"font-weight: 400;\">and berries, characteristic of the Sauvignon Blanc variety.<\/span><\/p>\n<p><span style=\"font-weight: 400;\">Tropical Lychee type and spicy characteristic of the <\/span><span style=\"font-weight: 400;\">French oak like cinnamon and cloves.<\/span><\/p>\n<p><span style=\"font-weight: 400;\">Gustatory phase: It is a fresh, velvety wine, with a lot of <\/span><span style=\"font-weight: 400;\">volume and balance. Very long aftertaste.<\/span><\/p>\n<p><span style=\"font-weight: 400;\">Serving temperature: 8-10 \u1d52 approximately<\/span><\/p>\n<p>&nbsp;<\/p>","protected":false},"featured_media":35023,"comment_status":"open","ping_status":"closed","template":"","meta":[],"product_cat":[157],"product_tag":[],"class_list":{"0":"post-28953","1":"product","2":"type-product","3":"status-publish","4":"has-post-thumbnail","6":"product_cat-vino-blanco","8":"first","9":"instock","10":"shipping-taxable","11":"purchasable","12":"product-type-simple"},"yoast_head":"<!-- This site is optimized with the Yoast SEO plugin v23.5 - https:\/\/yoast.com\/wordpress\/plugins\/seo\/ -->\n<title>Bullfish Blanco Barrica 2021 - Bodega Can Feliu<\/title>\n<meta name=\"robots\" content=\"index, follow, max-snippet:-1, max-image-preview:large, max-video-preview:-1\" \/>\n<link rel=\"canonical\" href=\"https:\/\/bodega.canfeliu.es\/tienda\/en\/product\/can-rubi-blanc\/\" \/>\n<meta property=\"og:locale\" content=\"en_GB\" \/>\n<meta property=\"og:type\" content=\"article\" \/>\n<meta property=\"og:title\" content=\"Bullfish Blanco Barrica 2021 - Bodega Can Feliu\" \/>\n<meta property=\"og:description\" content=\"Bullfish Blanco Barrica 2021  ORIGEN: IGP Vi de la Terra de Mallorca.  TIPO DE VINO: Vino blanco joven.  VARIEDADES: Sauvignon Blanc y Viognier.  COSECHA: 2021. El Sauvignon Blanc se vendimi\u00f3 el 12 de agosto y el Viognier el 21 cuando no llovi\u00f3 en todo el mes y adem\u00e1s fue suave, hechos que favorecieron el perfecto estado sanitario de la uva y la maduraci\u00f3n.  GRADO ALCOHOLICO: 14,5% vol.  PROCESO DE ELABORACI\u00d3N: Uvas seleccionadas y vendimiadas a mano\u00a0 en vi\u00f1edos situados en Porreres (Mallorca - Islas Baleares).  M\u00e9todos de elaboraci\u00f3n tradicionales, sin adici\u00f3n de levaduras ni bacterias (seg\u00fan condiciones definidas por DEMETER INTERNATIONAL). La fermentaci\u00f3n espont\u00e1nea tuvo lugar en dep\u00f3sito de acero inoxidable, para luego a media fermentaci\u00f3n trasvasarlo a barrica de roble franc\u00e9s donde terminar\u00eda la fermentaci\u00f3n y estar\u00eda por un tiempo total de unos 4 meses.  AN\u00c1LISIS SENSORIAL:  Fase visual: Franco, brillante, amarillo pajizo. Se aprecia ellagrimeo en la copa.  Fase Olfativa: Intensidad muy alta con aromas bals\u00e1micos y de bayas, caracter\u00edsticos de la variedad Sauvignon Blanc.  Tropicales tipo Lychee y especiados caracter\u00edsticos del roble franc\u00e9s como canela y clavo.  Fase gustativa: Es un vino fresco, aterciopelado, con mucho volumen y equilibrio. Retrogusto muy largo.  Temperatura de servicio: 8-10 \u1d52 aproximadamente  &nbsp;\" \/>\n<meta property=\"og:url\" content=\"https:\/\/bodega.canfeliu.es\/tienda\/en\/product\/can-rubi-blanc\/\" \/>\n<meta property=\"og:site_name\" content=\"Bodega Can Feliu\" \/>\n<meta property=\"article:publisher\" content=\"https:\/\/www.facebook.com\/destileriasjordiperello\" \/>\n<meta property=\"article:modified_time\" content=\"2024-08-09T20:20:05+00:00\" \/>\n<meta property=\"og:image\" content=\"https:\/\/bodega.canfeliu.es\/wp-content\/uploads\/bullfish_blancbotella-scaled.jpg\" \/>\n\t<meta property=\"og:image:width\" content=\"2560\" \/>\n\t<meta property=\"og:image:height\" content=\"2560\" \/>\n\t<meta property=\"og:image:type\" content=\"image\/jpeg\" \/>\n<meta name=\"twitter:card\" content=\"summary_large_image\" \/>\n<meta name=\"twitter:site\" content=\"@trescaires\" \/>\n<script type=\"application\/ld+json\" class=\"yoast-schema-graph\">{\"@context\":\"https:\/\/schema.org\",\"@graph\":[{\"@type\":\"WebPage\",\"@id\":\"https:\/\/bodega.canfeliu.es\/tienda\/producto\/bullfish-blanco-barrica-2021\/\",\"url\":\"https:\/\/bodega.canfeliu.es\/tienda\/producto\/bullfish-blanco-barrica-2021\/\",\"name\":\"Bullfish Blanco Barrica 2021 - Bodega Can Feliu\",\"isPartOf\":{\"@id\":\"https:\/\/bodega.canfeliu.es\/tienda\/#website\"},\"primaryImageOfPage\":{\"@id\":\"https:\/\/bodega.canfeliu.es\/tienda\/producto\/bullfish-blanco-barrica-2021\/#primaryimage\"},\"image\":{\"@id\":\"https:\/\/bodega.canfeliu.es\/tienda\/producto\/bullfish-blanco-barrica-2021\/#primaryimage\"},\"thumbnailUrl\":\"https:\/\/bodega.canfeliu.es\/wp-content\/uploads\/bullfish_blancbotella-scaled.jpg\",\"datePublished\":\"2022-07-08T09:37:07+00:00\",\"dateModified\":\"2024-08-09T20:20:05+00:00\",\"breadcrumb\":{\"@id\":\"https:\/\/bodega.canfeliu.es\/tienda\/producto\/bullfish-blanco-barrica-2021\/#breadcrumb\"},\"inLanguage\":\"en-GB\",\"potentialAction\":[{\"@type\":\"ReadAction\",\"target\":[\"https:\/\/bodega.canfeliu.es\/tienda\/producto\/bullfish-blanco-barrica-2021\/\"]}]},{\"@type\":\"ImageObject\",\"inLanguage\":\"en-GB\",\"@id\":\"https:\/\/bodega.canfeliu.es\/tienda\/producto\/bullfish-blanco-barrica-2021\/#primaryimage\",\"url\":\"https:\/\/bodega.canfeliu.es\/wp-content\/uploads\/bullfish_blancbotella-scaled.jpg\",\"contentUrl\":\"https:\/\/bodega.canfeliu.es\/wp-content\/uploads\/bullfish_blancbotella-scaled.jpg\",\"width\":2560,\"height\":2560},{\"@type\":\"BreadcrumbList\",\"@id\":\"https:\/\/bodega.canfeliu.es\/tienda\/producto\/bullfish-blanco-barrica-2021\/#breadcrumb\",\"itemListElement\":[{\"@type\":\"ListItem\",\"position\":1,\"name\":\"Home\",\"item\":\"https:\/\/bodega.canfeliu.es\/tienda\/\"},{\"@type\":\"ListItem\",\"position\":2,\"name\":\"Tienda\",\"item\":\"https:\/\/bodega.canfeliu.es\/tienda\/\"},{\"@type\":\"ListItem\",\"position\":3,\"name\":\"Bullfish Blanco Barrica 2021\"}]},{\"@type\":\"WebSite\",\"@id\":\"https:\/\/bodega.canfeliu.es\/tienda\/#website\",\"url\":\"https:\/\/bodega.canfeliu.es\/tienda\/\",\"name\":\"Tienda Online - Bodega Can Feliu\",\"description\":\"Tienda de vinos de Can Feliu\",\"publisher\":{\"@id\":\"https:\/\/bodega.canfeliu.es\/tienda\/#organization\"},\"potentialAction\":[{\"@type\":\"SearchAction\",\"target\":{\"@type\":\"EntryPoint\",\"urlTemplate\":\"https:\/\/bodega.canfeliu.es\/tienda\/?s={search_term_string}\"},\"query-input\":{\"@type\":\"PropertyValueSpecification\",\"valueRequired\":true,\"valueName\":\"search_term_string\"}}],\"inLanguage\":\"en-GB\"},{\"@type\":\"Organization\",\"@id\":\"https:\/\/bodega.canfeliu.es\/tienda\/#organization\",\"name\":\"Bodega Can Feliu\",\"url\":\"https:\/\/bodega.canfeliu.es\/tienda\/\",\"logo\":{\"@type\":\"ImageObject\",\"inLanguage\":\"en-GB\",\"@id\":\"https:\/\/bodega.canfeliu.es\/tienda\/#\/schema\/logo\/image\/\",\"url\":\"https:\/\/bodega.canfeliu.es\/wp-content\/uploads\/CANFELIU.png\",\"contentUrl\":\"https:\/\/bodega.canfeliu.es\/wp-content\/uploads\/CANFELIU.png\",\"width\":971,\"height\":679,\"caption\":\"Bodega Can Feliu\"},\"image\":{\"@id\":\"https:\/\/bodega.canfeliu.es\/tienda\/#\/schema\/logo\/image\/\"},\"sameAs\":[\"https:\/\/www.facebook.com\/destileriasjordiperello\",\"https:\/\/x.com\/trescaires\",\"https:\/\/www.instagram.com\/3caires\/\",\"https:\/\/www.youtube.com\/channel\/UC6ap8Z44twW0MjR2lQ6WeEw\"]}]}<\/script>\n<!-- \/ Yoast SEO plugin. -->","yoast_head_json":{"title":"Bullfish Blanco Barrica 2021 - Bodega Can Feliu","robots":{"index":"index","follow":"follow","max-snippet":"max-snippet:-1","max-image-preview":"max-image-preview:large","max-video-preview":"max-video-preview:-1"},"canonical":"https:\/\/bodega.canfeliu.es\/tienda\/en\/product\/can-rubi-blanc\/","og_locale":"en_GB","og_type":"article","og_title":"Bullfish Blanco Barrica 2021 - Bodega Can Feliu","og_description":"Bullfish Blanco Barrica 2021  ORIGEN: IGP Vi de la Terra de Mallorca.  TIPO DE VINO: Vino blanco joven.  VARIEDADES: Sauvignon Blanc y Viognier.  COSECHA: 2021. El Sauvignon Blanc se vendimi\u00f3 el 12 de agosto y el Viognier el 21 cuando no llovi\u00f3 en todo el mes y adem\u00e1s fue suave, hechos que favorecieron el perfecto estado sanitario de la uva y la maduraci\u00f3n.  GRADO ALCOHOLICO: 14,5% vol.  PROCESO DE ELABORACI\u00d3N: Uvas seleccionadas y vendimiadas a mano\u00a0 en vi\u00f1edos situados en Porreres (Mallorca - Islas Baleares).  M\u00e9todos de elaboraci\u00f3n tradicionales, sin adici\u00f3n de levaduras ni bacterias (seg\u00fan condiciones definidas por DEMETER INTERNATIONAL). La fermentaci\u00f3n espont\u00e1nea tuvo lugar en dep\u00f3sito de acero inoxidable, para luego a media fermentaci\u00f3n trasvasarlo a barrica de roble franc\u00e9s donde terminar\u00eda la fermentaci\u00f3n y estar\u00eda por un tiempo total de unos 4 meses.  AN\u00c1LISIS SENSORIAL:  Fase visual: Franco, brillante, amarillo pajizo. Se aprecia ellagrimeo en la copa.  Fase Olfativa: Intensidad muy alta con aromas bals\u00e1micos y de bayas, caracter\u00edsticos de la variedad Sauvignon Blanc.  Tropicales tipo Lychee y especiados caracter\u00edsticos del roble franc\u00e9s como canela y clavo.  Fase gustativa: Es un vino fresco, aterciopelado, con mucho volumen y equilibrio. Retrogusto muy largo.  Temperatura de servicio: 8-10 \u1d52 aproximadamente  &nbsp;","og_url":"https:\/\/bodega.canfeliu.es\/tienda\/en\/product\/can-rubi-blanc\/","og_site_name":"Bodega Can Feliu","article_publisher":"https:\/\/www.facebook.com\/destileriasjordiperello","article_modified_time":"2024-08-09T20:20:05+00:00","og_image":[{"width":2560,"height":2560,"url":"https:\/\/bodega.canfeliu.es\/wp-content\/uploads\/bullfish_blancbotella-scaled.jpg","type":"image\/jpeg"}],"twitter_card":"summary_large_image","twitter_site":"@trescaires","schema":{"@context":"https:\/\/schema.org","@graph":[{"@type":"WebPage","@id":"https:\/\/bodega.canfeliu.es\/tienda\/producto\/bullfish-blanco-barrica-2021\/","url":"https:\/\/bodega.canfeliu.es\/tienda\/producto\/bullfish-blanco-barrica-2021\/","name":"Bullfish Blanco Barrica 2021 - Bodega Can Feliu","isPartOf":{"@id":"https:\/\/bodega.canfeliu.es\/tienda\/#website"},"primaryImageOfPage":{"@id":"https:\/\/bodega.canfeliu.es\/tienda\/producto\/bullfish-blanco-barrica-2021\/#primaryimage"},"image":{"@id":"https:\/\/bodega.canfeliu.es\/tienda\/producto\/bullfish-blanco-barrica-2021\/#primaryimage"},"thumbnailUrl":"https:\/\/bodega.canfeliu.es\/wp-content\/uploads\/bullfish_blancbotella-scaled.jpg","datePublished":"2022-07-08T09:37:07+00:00","dateModified":"2024-08-09T20:20:05+00:00","breadcrumb":{"@id":"https:\/\/bodega.canfeliu.es\/tienda\/producto\/bullfish-blanco-barrica-2021\/#breadcrumb"},"inLanguage":"en-GB","potentialAction":[{"@type":"ReadAction","target":["https:\/\/bodega.canfeliu.es\/tienda\/producto\/bullfish-blanco-barrica-2021\/"]}]},{"@type":"ImageObject","inLanguage":"en-GB","@id":"https:\/\/bodega.canfeliu.es\/tienda\/producto\/bullfish-blanco-barrica-2021\/#primaryimage","url":"https:\/\/bodega.canfeliu.es\/wp-content\/uploads\/bullfish_blancbotella-scaled.jpg","contentUrl":"https:\/\/bodega.canfeliu.es\/wp-content\/uploads\/bullfish_blancbotella-scaled.jpg","width":2560,"height":2560},{"@type":"BreadcrumbList","@id":"https:\/\/bodega.canfeliu.es\/tienda\/producto\/bullfish-blanco-barrica-2021\/#breadcrumb","itemListElement":[{"@type":"ListItem","position":1,"name":"Home","item":"https:\/\/bodega.canfeliu.es\/tienda\/"},{"@type":"ListItem","position":2,"name":"Tienda","item":"https:\/\/bodega.canfeliu.es\/tienda\/"},{"@type":"ListItem","position":3,"name":"Bullfish Blanco Barrica 2021"}]},{"@type":"WebSite","@id":"https:\/\/bodega.canfeliu.es\/tienda\/#website","url":"https:\/\/bodega.canfeliu.es\/tienda\/","name":"Tienda Online - Bodega Can Feliu","description":"Tienda de vinos de Can Feliu","publisher":{"@id":"https:\/\/bodega.canfeliu.es\/tienda\/#organization"},"potentialAction":[{"@type":"SearchAction","target":{"@type":"EntryPoint","urlTemplate":"https:\/\/bodega.canfeliu.es\/tienda\/?s={search_term_string}"},"query-input":{"@type":"PropertyValueSpecification","valueRequired":true,"valueName":"search_term_string"}}],"inLanguage":"en-GB"},{"@type":"Organization","@id":"https:\/\/bodega.canfeliu.es\/tienda\/#organization","name":"Bodega Can Feliu","url":"https:\/\/bodega.canfeliu.es\/tienda\/","logo":{"@type":"ImageObject","inLanguage":"en-GB","@id":"https:\/\/bodega.canfeliu.es\/tienda\/#\/schema\/logo\/image\/","url":"https:\/\/bodega.canfeliu.es\/wp-content\/uploads\/CANFELIU.png","contentUrl":"https:\/\/bodega.canfeliu.es\/wp-content\/uploads\/CANFELIU.png","width":971,"height":679,"caption":"Bodega Can Feliu"},"image":{"@id":"https:\/\/bodega.canfeliu.es\/tienda\/#\/schema\/logo\/image\/"},"sameAs":["https:\/\/www.facebook.com\/destileriasjordiperello","https:\/\/x.com\/trescaires","https:\/\/www.instagram.com\/3caires\/","https:\/\/www.youtube.com\/channel\/UC6ap8Z44twW0MjR2lQ6WeEw"]}]}},"_links":{"self":[{"href":"https:\/\/bodega.canfeliu.es\/tienda\/en\/wp-json\/wp\/v2\/product\/28953","targetHints":{"allow":["GET"]}}],"collection":[{"href":"https:\/\/bodega.canfeliu.es\/tienda\/en\/wp-json\/wp\/v2\/product"}],"about":[{"href":"https:\/\/bodega.canfeliu.es\/tienda\/en\/wp-json\/wp\/v2\/types\/product"}],"replies":[{"embeddable":true,"href":"https:\/\/bodega.canfeliu.es\/tienda\/en\/wp-json\/wp\/v2\/comments?post=28953"}],"version-history":[{"count":1,"href":"https:\/\/bodega.canfeliu.es\/tienda\/en\/wp-json\/wp\/v2\/product\/28953\/revisions"}],"predecessor-version":[{"id":35139,"href":"https:\/\/bodega.canfeliu.es\/tienda\/en\/wp-json\/wp\/v2\/product\/28953\/revisions\/35139"}],"wp:featuredmedia":[{"embeddable":true,"href":"https:\/\/bodega.canfeliu.es\/tienda\/en\/wp-json\/wp\/v2\/media\/35023"}],"wp:attachment":[{"href":"https:\/\/bodega.canfeliu.es\/tienda\/en\/wp-json\/wp\/v2\/media?parent=28953"}],"wp:term":[{"taxonomy":"product_cat","embeddable":true,"href":"https:\/\/bodega.canfeliu.es\/tienda\/en\/wp-json\/wp\/v2\/product_cat?post=28953"},{"taxonomy":"product_tag","embeddable":true,"href":"https:\/\/bodega.canfeliu.es\/tienda\/en\/wp-json\/wp\/v2\/product_tag?post=28953"}],"curies":[{"name":"wp","href":"https:\/\/api.w.org\/{rel}","templated":true}]}}