{"id":29215,"date":"2022-07-11T06:32:56","date_gmt":"2022-07-11T06:32:56","guid":{"rendered":"https:\/\/dev.trescaires.com\/?page_id=29215"},"modified":"2023-02-01T10:33:33","modified_gmt":"2023-02-01T10:33:33","slug":"aviso-legal","status":"publish","type":"page","link":"https:\/\/bodega.canfeliu.es\/tienda\/aviso-legal\/","title":{"rendered":"Aviso Legal"},"content":{"rendered":"\t\t<div data-elementor-type=\"wp-page\" data-elementor-id=\"29215\" class=\"elementor elementor-29215\">\n\t\t\t\t\t\t\t\t\t<section class=\"wd-negative-gap elementor-section elementor-top-section elementor-element elementor-element-a98366d elementor-section-boxed elementor-section-height-default elementor-section-height-default wd-section-disabled\" data-id=\"a98366d\" data-element_type=\"section\">\n\t\t\t\t\t\t<div class=\"elementor-container elementor-column-gap-default\">\n\t\t\t\t\t<div class=\"elementor-column elementor-col-100 elementor-top-column elementor-element elementor-element-9c8ccb8\" data-id=\"9c8ccb8\" data-element_type=\"column\">\n\t\t\t<div class=\"elementor-widget-wrap elementor-element-populated\">\n\t\t\t\t\t\t\t\t<div class=\"elementor-element elementor-element-a8ae213 elementor-widget elementor-widget-wd_text_block\" data-id=\"a8ae213\" data-element_type=\"widget\" data-widget_type=\"wd_text_block.default\">\n\t\t\t\t<div class=\"elementor-widget-container\">\n\t\t\t\t\t<div class=\"wd-text-block reset-last-child text-left\">\n\t\t\t\n\t\t\t<p><strong>AVISO LEGAL<\/strong><\/p><p><strong>INTRODUCCI\u00d3N<\/strong><\/p><p>El presente documento tiene como finalidad el establecer y regular las normas de uso as\u00ed como la salvaguardia de los datos del sitio\u00a0<a href=\"https:\/\/pleskvps.open-room.com\/canfeliu\/es\/\">www.canfeliu.es<\/a>\u00a0(en adelante el \"sitio\"), entendiendo por Sitio todas las p\u00e1ginas y sus contenidos propiedad de Son Dagueta S.L. a las cuales se accede a trav\u00e9s del dominio\u00a0<a href=\"https:\/\/pleskvps.open-room.com\/canfeliu\/es\">www.canfeliu.es<\/a>\u00a0y sus subdominios de conformidad con lo previsto en la Ley 34\/2002m de 11 de julio, de Servicios de la Sociedad de la Informaci\u00f3n y de Comercio Electr\u00f3nico, y otras normas de legal aplicaci\u00f3n.<\/p><p>Mediante el Sitio, Son Dagueta S.L. pretende acercar a sus clientes los servicios de informaci\u00f3n, reserva de habitaciones, b\u00fasqueda de empleo, as\u00ed como de cualquier otro servicio que en su momento se estime oportuno para la correcta consecuci\u00f3n de su objeto social.<\/p><p>La utilizaci\u00f3n de esta p\u00e1gina, as\u00ed como de los servicios que en ella se pone a disposici\u00f3n del usuario, supondr\u00e1 la aceptaci\u00f3n plena y sin reservas de todas y cada una de las condiciones generales recogidas en el presente Aviso Legal (en adelante las \"Condiciones Generales\"), por lo que el usuario deber\u00e1 de ser consciente de la importancia de leerlas cada vez que visite el Sitio. El hecho de acceder a este Sitio implica el conocimiento y aceptaci\u00f3n de las siguientes Condiciones Generales por lo que Son Dagueta S.L. recomienda al usuario su impresi\u00f3n o su descarga y lectura detallada cada vez que acceda al Sitio.<\/p><p>Son Dagueta S.L. se reserva el derecho a introducir modificaciones u omitir parcial o totalmente los actuales contenidos de la web cuando lo considere oportuno, as\u00ed como impedir o restringir el acceso de forma temporal o permanente.<\/p><p><strong>INFORMACI\u00d3N GENERAL<\/strong><\/p><p>El titular del presente Sitio es Son Dagueta S.L. con Domicilio Social en C\/Parents, 4, 07260 Porreres, Baleares y provista de CIF: B-57171118<\/p><p><strong>USO DEL SITIO<\/strong><\/p><p>Mediante la aceptaci\u00f3n de las presentes Condiciones Generales el usuario se compromete a usar el presente sitio y los servicios puestos a su disposici\u00f3n en el mismo, de la manera y en la forma que en \u00e9l mismo se establece. Quedando obligado a no utilizar el presente sitio y sus servicios con fines il\u00edcitos y\/o contrarios a los fines establecidos en estas Condiciones Generales, que pudieran ser lesivos de derechos y\/o intereses de terceros o que de cualquier forma puedan da\u00f1ar el presente sitio o impedir su correcto funcionamiento o de los servicios que en \u00e9l se ofrecen u ofrecieran en el futuro.<\/p><p><strong>\u00c1MBITO DEL SITIO. RESPONSABILIDAD DEL USUARIO<\/strong><\/p><p>Se encuentra comprendida en este sitio la p\u00e1gina\u00a0<a href=\"https:\/\/pleskvps.open-room.com\/canfeliu\/es\/\">www.canfeliu.es<\/a><\/p><p>El acceso a este sitio es responsabilidad exclusiva de los usuarios. Los riesgos derivados de la utilizaci\u00f3n del sitio por el usuario ser\u00e1n a su \u00fanico y exclusivo cargo. Son Dagueta S.L. no asume responsabilidad alguna con relaci\u00f3n a la informaci\u00f3n, contenidos de todo tipo, productos y servicios ofertados o prestados a trav\u00e9s del portal por terceras sociedades, personas, colaboradores, usuarios o entidades, aunque pertenezcan a su mismo grupo econ\u00f3mico, y en especial por los da\u00f1os y perjuicios de cualquier tipo que, vinculados a lo anterior, puedan producirse.<\/p><p>Tampoco asume responsabilidad alguna por da\u00f1os, perjuicios, p\u00e9rdidas, reclamaciones o gastos, producidos por: (i) interferencias, interrupciones, fallos, omisiones, aver\u00edas telef\u00f3nicas, retrasos, bloqueos o desconexiones en el funcionamiento del sistema electr\u00f3nico, motivadas por deficiencias, sobrecargas y errores en las l\u00edneas y redes de telecomunicaciones, o por cualquier otra causa ajena a su control; (ii) intromisiones ileg\u00edtimas mediante el uso de programas malignos de cualquier tipo y a trav\u00e9s de cualquier medio de comunicaci\u00f3n, tales como virus inform\u00e1ticos o cualesquiera otros; (iii) uso indebido o inadecuado de sus p\u00e1ginas web; (iv) errores de seguridad o navegaci\u00f3n producidos por un mal funcionamiento del navegador o por el uso de versiones no actualizadas del mismo.<\/p><p>El mero acceso a este sitio no supone entablar ning\u00fan tipo de relaci\u00f3n de car\u00e1cter comercial entre Son Dagueta S.L. y el usuario.<\/p><p><strong>VIGENCIA Y MODIFICACI\u00d3N DE LA INFORMACI\u00d3N<\/strong><\/p><p>La informaci\u00f3n que aparece en este sitio es la vigente en la fecha de su \u00faltima actualizaci\u00f3n. Son Dagueta S.L. se reserva el derecho a actualizar, modificar o eliminar la informaci\u00f3n de este sitio, pudiendo limitar o no permitir el acceso al mismo.<\/p><p>Son Dagueta S.L. se reserva la facultad de efectuar, en cualquier momento, cuantos cambios y modificaciones estime convenientes, pudiendo hacer uso de tal facultad en cualquier momento y sin previo aviso.<\/p><p><strong>CONTENIDOS<\/strong><\/p><p>Son Dagueta S.L. realiza los m\u00e1ximos esfuerzos para evitar cualquier error en los contenidos que pudieran aparecer en este Sitio. Son Dagueta S.L. no garantiza, ni se responsabiliza de las consecuencias que pudieran derivarse de los errores en los contenidos que pudieran aparecer en este sitio proporcionados por terceros.<\/p><p>Son Dagueta S.L. no se responsabiliza en modo alguno de aquellos contenidos, actividades comerciales, productos y servicios incluidos que pudiesen visualizarse mediante enlaces electr\u00f3nicos (links) si los hubiera y cuando los hubiere, de forma directa o indirectamente, a trav\u00e9s de este sitio. La presencia de links en el sitio, salvo manifestaci\u00f3n expresa en contrario, tiene una finalidad meramente informativa y en ning\u00fan caso supone sugerencia, invitaci\u00f3n o recomendaci\u00f3n sobre los mismos. Estos enlaces no representan ning\u00fan tipo de relaci\u00f3n entre Son Dagueta S.L. y las empresas o particulares titulares de los sitios webs a los que puede accederse mediante estos enlaces. Son Dagueta S.L. se reserva el derecho de retirar de modo unilateral y en cualquier momento y sin previo aviso los enlaces que pudieran aparecer en su sitio.<\/p><p>Son Dagueta S.L. se reserva el derecho a impedir o prohibir el acceso al sitio a cualquier usuario de Internet que introduzca en este sitio cualquier contenido contrario a las normas legales o sea inmoral, reserv\u00e1ndose el derecho de ejercer las medidas legales que estime oportunas para evitar este tipo de conductas.<\/p><p><strong>NAVEGACI\u00d3N, ACCESO Y SEGURIDAD<\/strong><\/p><p>Son Dagueta S.L. realiza los m\u00e1ximos esfuerzos para que la navegaci\u00f3n se realice en las mejores condiciones y evitar los perjuicios de cualquier tipo que pudiesen ocasionarse durante la misma.<\/p><p>Son Dagueta S.L. no se hace responsable de los perjuicios, de cualquier \u00edndole, que pudieran ocasionarse a los usuarios por la utilizaci\u00f3n de otros navegadores o versiones distintas de los navegadores para los que ha sido dise\u00f1ado el sitio.<\/p><p>Son Dagueta S.L. no se responsabiliza ni garantiza que el acceso a este sitio sea ininterrumpido o que est\u00e9 libre de error. Tampoco se responsabiliza o garantiza que el contenido o software al que pueda accederse a trav\u00e9s de este sitio, est\u00e9 libre de error o cause un da\u00f1o. En ning\u00fan caso Son Dagueta S.L. ser\u00e1 responsable por las p\u00e9rdidas, da\u00f1os o perjuicios de cualquier tipo que surjan por el acceso y el uso del sitio, incluy\u00e9ndose pero no limit\u00e1ndose, a los ocasionados a los sistemas inform\u00e1ticos o los provocados por la introducci\u00f3n de virus, Son Dagueta S.L. no se hace responsable de los da\u00f1os que pudiesen ocasionarse a los usuarios por un uso inadecuado de este sitio. En particular, no se hace responsable en modo alguno de las ca\u00eddas, interrupciones, falta o defecto de las telecomunicaciones que pudieran ocurrir.<\/p><p>Los servicios ofertados en este sitio s\u00f3lo pueden ser utilizados correctamente si se cumplen las especificaciones t\u00e9cnicas para las que ha sido dise\u00f1ado.<\/p><p><strong>PROTECCI\u00d3N DE DATOS<\/strong><\/p><p>Son Dagueta S.L. informa a los usuarios del sitio respeta la legislaci\u00f3n vigente en materia de protecci\u00f3n de datos y en concreto el Reglamento (UE) 2016\/679 del Parlamento Europeo y Del Consejo de 27 de Abril de 2016 (en adelante, R.G.P.D), adoptando para ello las medidas t\u00e9cnicas y organizativas necesarias para evitar la p\u00e9rdida, mal uso, alteraci\u00f3n, acceso no autorizado y robo de los datos personales facilitados, en su caso, a trav\u00e9s del sitio, habida cuenta del estado de la tecnolog\u00eda, la naturaleza de los datos y los riesgos a los que est\u00e1n expuestos.<\/p><p>En el supuesto de que al hacer uso de los servicios de este sitio los usuarios debieran rellenar datos de car\u00e1cter personal, Son Dagueta S.L. -en cumplimiento de la normativa vigente- informar\u00e1 cumplidamente al usuario de sus derechos y recabar\u00e1 su consentimiento expreso e inequ\u00edvoco para el tratamiento de sus datos de car\u00e1cter personal.<\/p><p>Para que la informaci\u00f3n que contienen nuestros ficheros est\u00e9 siempre actualizada y no contenga errores pedimos a nuestros clientes y usuarios que nos comuniquen, a la mayor brevedad, las modificaciones y rectificaciones de sus datos de car\u00e1cter personal.<\/p><p><strong>PROPIEDAD INTELECTUAL Y DERECHOS DE AUTOR<\/strong><\/p><p>Son Dagueta S.L. declara que salvo que se indique lo contrario en el sitio, los textos, im\u00e1genes, ilustraciones, dise\u00f1os, iconos, fotograf\u00edas, segmentos de v\u00eddeo, segmentos de sonido y dem\u00e1s materiales que se encuentren en el sitio y cualesquiera otras creaciones intelectuales y\/o invenciones o descubrimientos cient\u00edficos y t\u00e9cnicos, cualquiera que sea su aplicaci\u00f3n empresarial o industrial (en adelante colectivamente denominados el \"Contenido\") han sido creados o inventados por Son Dagueta S.L. o cedidos, licenciados, transmitidos o autorizados a \u00e9sta por sus titulares y\/o cesionarios.<\/p><p>El Usuario se compromete a no suprimir o alterar cualesquiera signo distintivo utilizado en el sitio, tales como, con car\u00e1cter no exhaustivo, marcas, nombres comerciales (gr\u00e1ficos, logotipos, etc.), el \"copyright\" y dem\u00e1s datos identificativos de los derechos de Son Dagueta S.L. o de terceros titulares incorporados en el Sitio.<\/p><p>El Usuario no podr\u00e1 utilizar el nombre ni las marcas, s\u00edmbolos, logos o signos distintivos de titularidad de Son Dagueta S.L. sin el consentimiento expreso y escrito de \u00e9sta.<\/p><p>En caso de que cualquier usuario o tercero considere que cualquiera de los contenidos existentes en la sitio suponga una violaci\u00f3n de los derechos de autor u otros derechos de protecci\u00f3n de la propiedad intelectual, rogamos que lo comunique a la siguiente direcci\u00f3n: C\/Parents, 4, 07260 Porreres, Baleares.<\/p><p>Asimismo Son Dagueta S.L. es titular de una licencia de explotaci\u00f3n exclusiva del nombre de dominio\u00a0<a href=\"https:\/\/pleskvps.open-room.com\/canfeliu\/es\/\">www.canfeliu.es<\/a>\u00a0y todos aquellos que sirvan para acceder de forma directa o indirecta al presente sitio. La indebida utilizaci\u00f3n de los mismos en el tr\u00e1fico econ\u00f3mico supondr\u00eda una infracci\u00f3n de los derechos conferidos por su registro y ser\u00e1 perseguido por los medios previstos en la Ley.<\/p><p><strong>JURISDICCI\u00d3N Y LEGISLACI\u00d3N APLICABLE<\/strong><\/p><p>Las Normas de Uso que se encuentran en el presente Acuerdo Legal, se rigen por la ley Espa\u00f1ola. Tanto Son Dagueta S.L. como los usuarios del sitio est\u00e1n de acuerdo en que para cualquier discrepancia que pueda surgir en cuanto a la interpretaci\u00f3n, cumplimiento y\/o ejecuci\u00f3n, de las presentes normas se someter\u00e1n expresamente a la jurisdicci\u00f3n de los Jueces y Tribunales competentes de Sevilla, con renuncia expresa, a cualquier otro fuero que pudiera corresponderles.<\/p><p>\u00a0<\/p>\n\t\t\t\t\t<\/div>\n\t\t\t\t<\/div>\n\t\t\t\t<\/div>\n\t\t\t\t\t<\/div>\n\t\t<\/div>\n\t\t\t\t\t\t\t<\/div>\n\t\t<\/section>\n\t\t\t\t\t\t\t<\/div>\n\t\t","protected":false},"excerpt":{"rendered":"<p>AVISO LEGAL INTRODUCCI\u00d3N El presente documento tiene como finalidad el establecer y regular las normas de uso as\u00ed como la<\/p>\n","protected":false},"author":1,"featured_media":0,"parent":0,"menu_order":0,"comment_status":"closed","ping_status":"closed","template":"","meta":{"footnotes":""},"class_list":["post-29215","page","type-page","status-publish","hentry"],"yoast_head":"<!-- This site is optimized with the Yoast SEO plugin v23.5 - https:\/\/yoast.com\/wordpress\/plugins\/seo\/ -->\n<title>Bodega Can Feliu -<\/title>\n<meta name=\"description\" content=\"La bodega Can Feliu es el coraz\u00f3n de nuestro Agroturismo. Un alojamiento para amantes de la naturaleza. Una bodega en Mallorca donde encontrar\u00e1s la mejor selecci\u00f3n de vinos.\" \/>\n<meta name=\"robots\" content=\"index, follow, max-snippet:-1, max-image-preview:large, max-video-preview:-1\" \/>\n<link rel=\"canonical\" href=\"https:\/\/bodega.canfeliu.es\/tienda\/aviso-legal\/\" \/>\n<meta property=\"og:locale\" content=\"es_ES\" \/>\n<meta property=\"og:type\" content=\"article\" \/>\n<meta property=\"og:title\" content=\"Bodega Can Feliu -\" \/>\n<meta property=\"og:description\" content=\"La bodega Can Feliu es el coraz\u00f3n de nuestro Agroturismo. Un alojamiento para amantes de la naturaleza. Una bodega en Mallorca donde encontrar\u00e1s la mejor selecci\u00f3n de vinos.\" \/>\n<meta property=\"og:url\" content=\"https:\/\/bodega.canfeliu.es\/tienda\/aviso-legal\/\" \/>\n<meta property=\"og:site_name\" content=\"Bodega Can Feliu\" \/>\n<meta property=\"article:publisher\" content=\"https:\/\/www.facebook.com\/destileriasjordiperello\" \/>\n<meta property=\"article:modified_time\" content=\"2023-02-01T10:33:33+00:00\" \/>\n<meta name=\"twitter:card\" content=\"summary_large_image\" \/>\n<meta name=\"twitter:site\" content=\"@trescaires\" \/>\n<meta name=\"twitter:label1\" content=\"Tiempo de lectura\" \/>\n\t<meta name=\"twitter:data1\" content=\"8 minutos\" \/>\n<script type=\"application\/ld+json\" class=\"yoast-schema-graph\">{\"@context\":\"https:\/\/schema.org\",\"@graph\":[{\"@type\":\"WebPage\",\"@id\":\"https:\/\/bodega.canfeliu.es\/tienda\/aviso-legal\/\",\"url\":\"https:\/\/bodega.canfeliu.es\/tienda\/aviso-legal\/\",\"name\":\"Bodega Can Feliu -\",\"isPartOf\":{\"@id\":\"https:\/\/bodega.canfeliu.es\/tienda\/#website\"},\"datePublished\":\"2022-07-11T06:32:56+00:00\",\"dateModified\":\"2023-02-01T10:33:33+00:00\",\"description\":\"La bodega Can Feliu es el coraz\u00f3n de nuestro Agroturismo. Un alojamiento para amantes de la naturaleza. Una bodega en Mallorca donde encontrar\u00e1s la mejor selecci\u00f3n de vinos.\",\"breadcrumb\":{\"@id\":\"https:\/\/bodega.canfeliu.es\/tienda\/aviso-legal\/#breadcrumb\"},\"inLanguage\":\"es\",\"potentialAction\":[{\"@type\":\"ReadAction\",\"target\":[\"https:\/\/bodega.canfeliu.es\/tienda\/aviso-legal\/\"]}]},{\"@type\":\"BreadcrumbList\",\"@id\":\"https:\/\/bodega.canfeliu.es\/tienda\/aviso-legal\/#breadcrumb\",\"itemListElement\":[{\"@type\":\"ListItem\",\"position\":1,\"name\":\"Home\",\"item\":\"https:\/\/bodega.canfeliu.es\/tienda\/\"},{\"@type\":\"ListItem\",\"position\":2,\"name\":\"Aviso Legal\"}]},{\"@type\":\"WebSite\",\"@id\":\"https:\/\/bodega.canfeliu.es\/tienda\/#website\",\"url\":\"https:\/\/bodega.canfeliu.es\/tienda\/\",\"name\":\"Tienda Online - Bodega Can Feliu\",\"description\":\"Tienda de vinos de Can Feliu\",\"publisher\":{\"@id\":\"https:\/\/bodega.canfeliu.es\/tienda\/#organization\"},\"potentialAction\":[{\"@type\":\"SearchAction\",\"target\":{\"@type\":\"EntryPoint\",\"urlTemplate\":\"https:\/\/bodega.canfeliu.es\/tienda\/?s={search_term_string}\"},\"query-input\":{\"@type\":\"PropertyValueSpecification\",\"valueRequired\":true,\"valueName\":\"search_term_string\"}}],\"inLanguage\":\"es\"},{\"@type\":\"Organization\",\"@id\":\"https:\/\/bodega.canfeliu.es\/tienda\/#organization\",\"name\":\"Bodega Can Feliu\",\"url\":\"https:\/\/bodega.canfeliu.es\/tienda\/\",\"logo\":{\"@type\":\"ImageObject\",\"inLanguage\":\"es\",\"@id\":\"https:\/\/bodega.canfeliu.es\/tienda\/#\/schema\/logo\/image\/\",\"url\":\"https:\/\/bodega.canfeliu.es\/wp-content\/uploads\/CANFELIU.png\",\"contentUrl\":\"https:\/\/bodega.canfeliu.es\/wp-content\/uploads\/CANFELIU.png\",\"width\":971,\"height\":679,\"caption\":\"Bodega Can Feliu\"},\"image\":{\"@id\":\"https:\/\/bodega.canfeliu.es\/tienda\/#\/schema\/logo\/image\/\"},\"sameAs\":[\"https:\/\/www.facebook.com\/destileriasjordiperello\",\"https:\/\/x.com\/trescaires\",\"https:\/\/www.instagram.com\/3caires\/\",\"https:\/\/www.youtube.com\/channel\/UC6ap8Z44twW0MjR2lQ6WeEw\"]}]}<\/script>\n<!-- \/ Yoast SEO plugin. -->","yoast_head_json":{"title":"Bodega Can Feliu -","description":"La bodega Can Feliu es el coraz\u00f3n de nuestro Agroturismo. Un alojamiento para amantes de la naturaleza. Una bodega en Mallorca donde encontrar\u00e1s la mejor selecci\u00f3n de vinos.","robots":{"index":"index","follow":"follow","max-snippet":"max-snippet:-1","max-image-preview":"max-image-preview:large","max-video-preview":"max-video-preview:-1"},"canonical":"https:\/\/bodega.canfeliu.es\/tienda\/aviso-legal\/","og_locale":"es_ES","og_type":"article","og_title":"Bodega Can Feliu -","og_description":"La bodega Can Feliu es el coraz\u00f3n de nuestro Agroturismo. Un alojamiento para amantes de la naturaleza. Una bodega en Mallorca donde encontrar\u00e1s la mejor selecci\u00f3n de vinos.","og_url":"https:\/\/bodega.canfeliu.es\/tienda\/aviso-legal\/","og_site_name":"Bodega Can Feliu","article_publisher":"https:\/\/www.facebook.com\/destileriasjordiperello","article_modified_time":"2023-02-01T10:33:33+00:00","twitter_card":"summary_large_image","twitter_site":"@trescaires","twitter_misc":{"Tiempo de lectura":"8 minutos"},"schema":{"@context":"https:\/\/schema.org","@graph":[{"@type":"WebPage","@id":"https:\/\/bodega.canfeliu.es\/tienda\/aviso-legal\/","url":"https:\/\/bodega.canfeliu.es\/tienda\/aviso-legal\/","name":"Bodega Can Feliu -","isPartOf":{"@id":"https:\/\/bodega.canfeliu.es\/tienda\/#website"},"datePublished":"2022-07-11T06:32:56+00:00","dateModified":"2023-02-01T10:33:33+00:00","description":"La bodega Can Feliu es el coraz\u00f3n de nuestro Agroturismo. Un alojamiento para amantes de la naturaleza. Una bodega en Mallorca donde encontrar\u00e1s la mejor selecci\u00f3n de vinos.","breadcrumb":{"@id":"https:\/\/bodega.canfeliu.es\/tienda\/aviso-legal\/#breadcrumb"},"inLanguage":"es","potentialAction":[{"@type":"ReadAction","target":["https:\/\/bodega.canfeliu.es\/tienda\/aviso-legal\/"]}]},{"@type":"BreadcrumbList","@id":"https:\/\/bodega.canfeliu.es\/tienda\/aviso-legal\/#breadcrumb","itemListElement":[{"@type":"ListItem","position":1,"name":"Home","item":"https:\/\/bodega.canfeliu.es\/tienda\/"},{"@type":"ListItem","position":2,"name":"Aviso Legal"}]},{"@type":"WebSite","@id":"https:\/\/bodega.canfeliu.es\/tienda\/#website","url":"https:\/\/bodega.canfeliu.es\/tienda\/","name":"Tienda Online - Bodega Can Feliu","description":"Tienda de vinos de Can Feliu","publisher":{"@id":"https:\/\/bodega.canfeliu.es\/tienda\/#organization"},"potentialAction":[{"@type":"SearchAction","target":{"@type":"EntryPoint","urlTemplate":"https:\/\/bodega.canfeliu.es\/tienda\/?s={search_term_string}"},"query-input":{"@type":"PropertyValueSpecification","valueRequired":true,"valueName":"search_term_string"}}],"inLanguage":"es"},{"@type":"Organization","@id":"https:\/\/bodega.canfeliu.es\/tienda\/#organization","name":"Bodega Can Feliu","url":"https:\/\/bodega.canfeliu.es\/tienda\/","logo":{"@type":"ImageObject","inLanguage":"es","@id":"https:\/\/bodega.canfeliu.es\/tienda\/#\/schema\/logo\/image\/","url":"https:\/\/bodega.canfeliu.es\/wp-content\/uploads\/CANFELIU.png","contentUrl":"https:\/\/bodega.canfeliu.es\/wp-content\/uploads\/CANFELIU.png","width":971,"height":679,"caption":"Bodega Can Feliu"},"image":{"@id":"https:\/\/bodega.canfeliu.es\/tienda\/#\/schema\/logo\/image\/"},"sameAs":["https:\/\/www.facebook.com\/destileriasjordiperello","https:\/\/x.com\/trescaires","https:\/\/www.instagram.com\/3caires\/","https:\/\/www.youtube.com\/channel\/UC6ap8Z44twW0MjR2lQ6WeEw"]}]}},"_links":{"self":[{"href":"https:\/\/bodega.canfeliu.es\/tienda\/wp-json\/wp\/v2\/pages\/29215","targetHints":{"allow":["GET"]}}],"collection":[{"href":"https:\/\/bodega.canfeliu.es\/tienda\/wp-json\/wp\/v2\/pages"}],"about":[{"href":"https:\/\/bodega.canfeliu.es\/tienda\/wp-json\/wp\/v2\/types\/page"}],"author":[{"embeddable":true,"href":"https:\/\/bodega.canfeliu.es\/tienda\/wp-json\/wp\/v2\/users\/1"}],"replies":[{"embeddable":true,"href":"https:\/\/bodega.canfeliu.es\/tienda\/wp-json\/wp\/v2\/comments?post=29215"}],"version-history":[{"count":3,"href":"https:\/\/bodega.canfeliu.es\/tienda\/wp-json\/wp\/v2\/pages\/29215\/revisions"}],"predecessor-version":[{"id":35166,"href":"https:\/\/bodega.canfeliu.es\/tienda\/wp-json\/wp\/v2\/pages\/29215\/revisions\/35166"}],"wp:attachment":[{"href":"https:\/\/bodega.canfeliu.es\/tienda\/wp-json\/wp\/v2\/media?parent=29215"}],"curies":[{"name":"wp","href":"https:\/\/api.w.org\/{rel}","templated":true}]}}