{"id":29226,"date":"2022-07-11T06:48:55","date_gmt":"2022-07-11T06:48:55","guid":{"rendered":"https:\/\/dev.trescaires.com\/?page_id=29226"},"modified":"2023-02-01T11:07:30","modified_gmt":"2023-02-01T11:07:30","slug":"politica-de-privacidad","status":"publish","type":"page","link":"https:\/\/bodega.canfeliu.es\/tienda\/politica-de-privacidad\/","title":{"rendered":"Pol\u00edtica de Privacidad"},"content":{"rendered":"\t\t<div data-elementor-type=\"wp-page\" data-elementor-id=\"29226\" class=\"elementor elementor-29226\">\n\t\t\t\t\t\t\t\t\t<section class=\"wd-negative-gap elementor-section elementor-top-section elementor-element elementor-element-956002a elementor-section-boxed elementor-section-height-default elementor-section-height-default wd-section-disabled\" data-id=\"956002a\" data-element_type=\"section\">\n\t\t\t\t\t\t<div class=\"elementor-container elementor-column-gap-default\">\n\t\t\t\t\t<div class=\"elementor-column elementor-col-100 elementor-top-column elementor-element elementor-element-36b2813\" data-id=\"36b2813\" data-element_type=\"column\">\n\t\t\t<div class=\"elementor-widget-wrap elementor-element-populated\">\n\t\t\t\t\t\t\t\t<div class=\"elementor-element elementor-element-621aeb8 elementor-widget elementor-widget-wd_text_block\" data-id=\"621aeb8\" data-element_type=\"widget\" data-widget_type=\"wd_text_block.default\">\n\t\t\t\t<div class=\"elementor-widget-container\">\n\t\t\t\t\t<div class=\"wd-text-block reset-last-child text-left\">\n\t\t\t\n\t\t\t<p>POL\u00cdTICA DE PRIVACIDAD<\/p><p>\u00a0<\/p><p>En cumplimiento de lo dispuesto en el Reglamento (UE) 2016\/679 del Parlamento Europeo y Del Consejo de 27 de Abril de 2016 (en adelante, R.G.P.D), relativo a la protecci\u00f3n de las personas f\u00edsicas en lo que respecta al tratamiento de datos personales y libre circulaci\u00f3n de esos datos, le informamos que los datos personales que nos facilite a trav\u00e9s de este formulario se incorporar\u00e1n a los ficheros de datos de car\u00e1cter personal de los que son responsables: Son Dagueta S.L., con direcci\u00f3n C\/Parents, 4, 07260 Porreres, Baleares y CIF B-57171118.<\/p><p>El tiempo en el que mantenemos la informaci\u00f3n que recogemos sobre ti depender\u00e1 de la finalidad para la que se trate.<\/p><p>Le informamos que mediante la aceptaci\u00f3n del presente documento Vd. consiente y autoriza de forma expresa que sus datos puedan ser cedidos a empresas asociadas a Son Dagueta S.L., con la finalidad de hacerle llegar informaci\u00f3n de productos y servicios, elaboraci\u00f3n de encuestas, estudios de mercado, etc.<\/p><p>En cualquier caso, Vd. podr\u00e1 ejercitar los derechos acceso, rectificaci\u00f3n, cancelaci\u00f3n y oposici\u00f3n mediante petici\u00f3n a la direcci\u00f3n postal anteriormente indicada, acompa\u00f1ada de copia de un documento oficialmente identificativo; o bien mediante mensaje de correo electr\u00f3nico, acompa\u00f1ado de copia escaneada de un documento oficialmente identificativo, remitido a la direcci\u00f3n de correo electr\u00f3nico\u00a0<a href=\"mailto:info@canfeliu.es\">info@canfeliu.es<\/a><\/p><p>Todas las consultas y dudas sobre los tratamientos de datos personales pueden realizarse en la\/s direccion\/es de correo electr\u00f3nico anteriormente mencionada\/s.<\/p><p>Todos los afectados por nuestros tratamientos de datos podr\u00e1n, en caso de no estar de acuerdo, plantear una reclamaci\u00f3n ante la A.E.P.D.<\/p><p>\u00a0<\/p>\n\t\t\t\t\t<\/div>\n\t\t\t\t<\/div>\n\t\t\t\t<\/div>\n\t\t\t\t\t<\/div>\n\t\t<\/div>\n\t\t\t\t\t\t\t<\/div>\n\t\t<\/section>\n\t\t\t\t\t\t\t<\/div>\n\t\t","protected":false},"excerpt":{"rendered":"<p>POL\u00cdTICA DE PRIVACIDAD \u00a0 En cumplimiento de lo dispuesto en el Reglamento (UE) 2016\/679 del Parlamento Europeo y Del Consejo<\/p>\n","protected":false},"author":1,"featured_media":0,"parent":0,"menu_order":0,"comment_status":"closed","ping_status":"closed","template":"","meta":{"footnotes":""},"class_list":["post-29226","page","type-page","status-publish","hentry"],"yoast_head":"<!-- This site is optimized with the Yoast SEO plugin v23.5 - https:\/\/yoast.com\/wordpress\/plugins\/seo\/ -->\n<title>Bodega Can Feliu -<\/title>\n<meta name=\"description\" content=\"La bodega Can Feliu es el coraz\u00f3n de nuestro Agroturismo. Un alojamiento para amantes de la naturaleza. Una bodega en Mallorca donde encontrar\u00e1s la mejor selecci\u00f3n de vinos.\" \/>\n<meta name=\"robots\" content=\"index, follow, max-snippet:-1, max-image-preview:large, max-video-preview:-1\" \/>\n<link rel=\"canonical\" href=\"https:\/\/bodega.canfeliu.es\/tienda\/politica-de-privacidad\/\" \/>\n<meta property=\"og:locale\" content=\"es_ES\" \/>\n<meta property=\"og:type\" content=\"article\" \/>\n<meta property=\"og:title\" content=\"Bodega Can Feliu -\" \/>\n<meta property=\"og:description\" content=\"La bodega Can Feliu es el coraz\u00f3n de nuestro Agroturismo. Un alojamiento para amantes de la naturaleza. Una bodega en Mallorca donde encontrar\u00e1s la mejor selecci\u00f3n de vinos.\" \/>\n<meta property=\"og:url\" content=\"https:\/\/bodega.canfeliu.es\/tienda\/politica-de-privacidad\/\" \/>\n<meta property=\"og:site_name\" content=\"Bodega Can Feliu\" \/>\n<meta property=\"article:publisher\" content=\"https:\/\/www.facebook.com\/destileriasjordiperello\" \/>\n<meta property=\"article:modified_time\" content=\"2023-02-01T11:07:30+00:00\" \/>\n<meta name=\"twitter:card\" content=\"summary_large_image\" \/>\n<meta name=\"twitter:site\" content=\"@trescaires\" \/>\n<meta name=\"twitter:label1\" content=\"Tiempo de lectura\" \/>\n\t<meta name=\"twitter:data1\" content=\"2 minutos\" \/>\n<script type=\"application\/ld+json\" class=\"yoast-schema-graph\">{\"@context\":\"https:\/\/schema.org\",\"@graph\":[{\"@type\":\"WebPage\",\"@id\":\"https:\/\/bodega.canfeliu.es\/tienda\/politica-de-privacidad\/\",\"url\":\"https:\/\/bodega.canfeliu.es\/tienda\/politica-de-privacidad\/\",\"name\":\"Bodega Can Feliu -\",\"isPartOf\":{\"@id\":\"https:\/\/bodega.canfeliu.es\/tienda\/#website\"},\"datePublished\":\"2022-07-11T06:48:55+00:00\",\"dateModified\":\"2023-02-01T11:07:30+00:00\",\"description\":\"La bodega Can Feliu es el coraz\u00f3n de nuestro Agroturismo. Un alojamiento para amantes de la naturaleza. Una bodega en Mallorca donde encontrar\u00e1s la mejor selecci\u00f3n de vinos.\",\"breadcrumb\":{\"@id\":\"https:\/\/bodega.canfeliu.es\/tienda\/politica-de-privacidad\/#breadcrumb\"},\"inLanguage\":\"es\",\"potentialAction\":[{\"@type\":\"ReadAction\",\"target\":[\"https:\/\/bodega.canfeliu.es\/tienda\/politica-de-privacidad\/\"]}]},{\"@type\":\"BreadcrumbList\",\"@id\":\"https:\/\/bodega.canfeliu.es\/tienda\/politica-de-privacidad\/#breadcrumb\",\"itemListElement\":[{\"@type\":\"ListItem\",\"position\":1,\"name\":\"Home\",\"item\":\"https:\/\/bodega.canfeliu.es\/tienda\/\"},{\"@type\":\"ListItem\",\"position\":2,\"name\":\"Pol\u00edtica de Privacidad\"}]},{\"@type\":\"WebSite\",\"@id\":\"https:\/\/bodega.canfeliu.es\/tienda\/#website\",\"url\":\"https:\/\/bodega.canfeliu.es\/tienda\/\",\"name\":\"Tienda Online - Bodega Can Feliu\",\"description\":\"Tienda de vinos de Can Feliu\",\"publisher\":{\"@id\":\"https:\/\/bodega.canfeliu.es\/tienda\/#organization\"},\"potentialAction\":[{\"@type\":\"SearchAction\",\"target\":{\"@type\":\"EntryPoint\",\"urlTemplate\":\"https:\/\/bodega.canfeliu.es\/tienda\/?s={search_term_string}\"},\"query-input\":{\"@type\":\"PropertyValueSpecification\",\"valueRequired\":true,\"valueName\":\"search_term_string\"}}],\"inLanguage\":\"es\"},{\"@type\":\"Organization\",\"@id\":\"https:\/\/bodega.canfeliu.es\/tienda\/#organization\",\"name\":\"Bodega Can Feliu\",\"url\":\"https:\/\/bodega.canfeliu.es\/tienda\/\",\"logo\":{\"@type\":\"ImageObject\",\"inLanguage\":\"es\",\"@id\":\"https:\/\/bodega.canfeliu.es\/tienda\/#\/schema\/logo\/image\/\",\"url\":\"https:\/\/bodega.canfeliu.es\/wp-content\/uploads\/CANFELIU.png\",\"contentUrl\":\"https:\/\/bodega.canfeliu.es\/wp-content\/uploads\/CANFELIU.png\",\"width\":971,\"height\":679,\"caption\":\"Bodega Can Feliu\"},\"image\":{\"@id\":\"https:\/\/bodega.canfeliu.es\/tienda\/#\/schema\/logo\/image\/\"},\"sameAs\":[\"https:\/\/www.facebook.com\/destileriasjordiperello\",\"https:\/\/x.com\/trescaires\",\"https:\/\/www.instagram.com\/3caires\/\",\"https:\/\/www.youtube.com\/channel\/UC6ap8Z44twW0MjR2lQ6WeEw\"]}]}<\/script>\n<!-- \/ Yoast SEO plugin. -->","yoast_head_json":{"title":"Bodega Can Feliu -","description":"La bodega Can Feliu es el coraz\u00f3n de nuestro Agroturismo. Un alojamiento para amantes de la naturaleza. Una bodega en Mallorca donde encontrar\u00e1s la mejor selecci\u00f3n de vinos.","robots":{"index":"index","follow":"follow","max-snippet":"max-snippet:-1","max-image-preview":"max-image-preview:large","max-video-preview":"max-video-preview:-1"},"canonical":"https:\/\/bodega.canfeliu.es\/tienda\/politica-de-privacidad\/","og_locale":"es_ES","og_type":"article","og_title":"Bodega Can Feliu -","og_description":"La bodega Can Feliu es el coraz\u00f3n de nuestro Agroturismo. Un alojamiento para amantes de la naturaleza. Una bodega en Mallorca donde encontrar\u00e1s la mejor selecci\u00f3n de vinos.","og_url":"https:\/\/bodega.canfeliu.es\/tienda\/politica-de-privacidad\/","og_site_name":"Bodega Can Feliu","article_publisher":"https:\/\/www.facebook.com\/destileriasjordiperello","article_modified_time":"2023-02-01T11:07:30+00:00","twitter_card":"summary_large_image","twitter_site":"@trescaires","twitter_misc":{"Tiempo de lectura":"2 minutos"},"schema":{"@context":"https:\/\/schema.org","@graph":[{"@type":"WebPage","@id":"https:\/\/bodega.canfeliu.es\/tienda\/politica-de-privacidad\/","url":"https:\/\/bodega.canfeliu.es\/tienda\/politica-de-privacidad\/","name":"Bodega Can Feliu -","isPartOf":{"@id":"https:\/\/bodega.canfeliu.es\/tienda\/#website"},"datePublished":"2022-07-11T06:48:55+00:00","dateModified":"2023-02-01T11:07:30+00:00","description":"La bodega Can Feliu es el coraz\u00f3n de nuestro Agroturismo. Un alojamiento para amantes de la naturaleza. Una bodega en Mallorca donde encontrar\u00e1s la mejor selecci\u00f3n de vinos.","breadcrumb":{"@id":"https:\/\/bodega.canfeliu.es\/tienda\/politica-de-privacidad\/#breadcrumb"},"inLanguage":"es","potentialAction":[{"@type":"ReadAction","target":["https:\/\/bodega.canfeliu.es\/tienda\/politica-de-privacidad\/"]}]},{"@type":"BreadcrumbList","@id":"https:\/\/bodega.canfeliu.es\/tienda\/politica-de-privacidad\/#breadcrumb","itemListElement":[{"@type":"ListItem","position":1,"name":"Home","item":"https:\/\/bodega.canfeliu.es\/tienda\/"},{"@type":"ListItem","position":2,"name":"Pol\u00edtica de Privacidad"}]},{"@type":"WebSite","@id":"https:\/\/bodega.canfeliu.es\/tienda\/#website","url":"https:\/\/bodega.canfeliu.es\/tienda\/","name":"Tienda Online - Bodega Can Feliu","description":"Tienda de vinos de Can Feliu","publisher":{"@id":"https:\/\/bodega.canfeliu.es\/tienda\/#organization"},"potentialAction":[{"@type":"SearchAction","target":{"@type":"EntryPoint","urlTemplate":"https:\/\/bodega.canfeliu.es\/tienda\/?s={search_term_string}"},"query-input":{"@type":"PropertyValueSpecification","valueRequired":true,"valueName":"search_term_string"}}],"inLanguage":"es"},{"@type":"Organization","@id":"https:\/\/bodega.canfeliu.es\/tienda\/#organization","name":"Bodega Can Feliu","url":"https:\/\/bodega.canfeliu.es\/tienda\/","logo":{"@type":"ImageObject","inLanguage":"es","@id":"https:\/\/bodega.canfeliu.es\/tienda\/#\/schema\/logo\/image\/","url":"https:\/\/bodega.canfeliu.es\/wp-content\/uploads\/CANFELIU.png","contentUrl":"https:\/\/bodega.canfeliu.es\/wp-content\/uploads\/CANFELIU.png","width":971,"height":679,"caption":"Bodega Can Feliu"},"image":{"@id":"https:\/\/bodega.canfeliu.es\/tienda\/#\/schema\/logo\/image\/"},"sameAs":["https:\/\/www.facebook.com\/destileriasjordiperello","https:\/\/x.com\/trescaires","https:\/\/www.instagram.com\/3caires\/","https:\/\/www.youtube.com\/channel\/UC6ap8Z44twW0MjR2lQ6WeEw"]}]}},"_links":{"self":[{"href":"https:\/\/bodega.canfeliu.es\/tienda\/wp-json\/wp\/v2\/pages\/29226","targetHints":{"allow":["GET"]}}],"collection":[{"href":"https:\/\/bodega.canfeliu.es\/tienda\/wp-json\/wp\/v2\/pages"}],"about":[{"href":"https:\/\/bodega.canfeliu.es\/tienda\/wp-json\/wp\/v2\/types\/page"}],"author":[{"embeddable":true,"href":"https:\/\/bodega.canfeliu.es\/tienda\/wp-json\/wp\/v2\/users\/1"}],"replies":[{"embeddable":true,"href":"https:\/\/bodega.canfeliu.es\/tienda\/wp-json\/wp\/v2\/comments?post=29226"}],"version-history":[{"count":6,"href":"https:\/\/bodega.canfeliu.es\/tienda\/wp-json\/wp\/v2\/pages\/29226\/revisions"}],"predecessor-version":[{"id":35180,"href":"https:\/\/bodega.canfeliu.es\/tienda\/wp-json\/wp\/v2\/pages\/29226\/revisions\/35180"}],"wp:attachment":[{"href":"https:\/\/bodega.canfeliu.es\/tienda\/wp-json\/wp\/v2\/media?parent=29226"}],"curies":[{"name":"wp","href":"https:\/\/api.w.org\/{rel}","templated":true}]}}