{"id":31894,"date":"2022-07-12T06:48:06","date_gmt":"2022-07-12T06:48:06","guid":{"rendered":"https:\/\/dev.trescaires.com\/?page_id=31894"},"modified":"2023-02-01T11:14:34","modified_gmt":"2023-02-01T11:14:34","slug":"condiciones-de-envio-y-entrega","status":"publish","type":"page","link":"https:\/\/bodega.canfeliu.es\/tienda\/condiciones-de-envio-y-entrega\/","title":{"rendered":"Condiciones de env\u00edo y entrega"},"content":{"rendered":"\t\t<div data-elementor-type=\"wp-page\" data-elementor-id=\"31894\" class=\"elementor elementor-31894\">\n\t\t\t\t\t\t\t\t\t<section class=\"wd-negative-gap elementor-section elementor-top-section elementor-element elementor-element-bd0356b elementor-section-boxed elementor-section-height-default elementor-section-height-default wd-section-disabled\" data-id=\"bd0356b\" data-element_type=\"section\">\n\t\t\t\t\t\t<div class=\"elementor-container elementor-column-gap-default\">\n\t\t\t\t\t<div class=\"elementor-column elementor-col-100 elementor-top-column elementor-element elementor-element-13eed65\" data-id=\"13eed65\" data-element_type=\"column\">\n\t\t\t<div class=\"elementor-widget-wrap elementor-element-populated\">\n\t\t\t\t\t\t\t\t<div class=\"elementor-element elementor-element-27d7791 elementor-widget elementor-widget-wd_text_block\" data-id=\"27d7791\" data-element_type=\"widget\" data-widget_type=\"wd_text_block.default\">\n\t\t\t\t<div class=\"elementor-widget-container\">\n\t\t\t\t\t<div class=\"wd-text-block reset-last-child text-left\">\n\t\t\t\n\t\t\t<p>Las presentes Condiciones Generales de Compraventa, en adelante, Condiciones Generales que regulan el proceso de compraventa de los productos de SON DAGUETA S.L en adelante Bodega CAN FELIU, en la p\u00e1gina web www.canfeliu.es , de ahora en adelante la p\u00e1gina web.<\/p><p>Las Condiciones Generales vinculan a BODEGA CAN FELIU, y al comprador, en adelante, el Cliente, otorg\u00e1ndoles una serie de derechos y obligaciones, desde el momento en que \u00e9ste realiza y acepta un pedido a trav\u00e9s de la P\u00e1gina Web. Son de obligado cumplimiento y conocimiento por ambas partes, por lo que su aceptaci\u00f3n expresa por parte del Cliente, es imprescindible para poder formalizar un pedido. El Cliente debe leer atentamente estas condiciones.<\/p><p>BODEGA CAN FELIU con nombre fiscal Son Dagueta S.L., provisto de CIF B-57171118 y domicilio social en C\/ Cam\u00ed de Sa Serra KM. 1,2 (07260) Baleares \u2013 Espa\u00f1a. Inscrita en el Registro Mercantil de Palma Tomo 1946, Folio 72 y Hoja PM-42332\u00a0 es la titular de la p\u00e1gina www.canfeliu.es a la que se podr\u00e1 acceder desde pa\u00edses y otros territorios donde el consumo de alcohol sea legal y por personas que legalmente puedan consumir bebidas alcoh\u00f3licas.\u00a0<\/p><p>\u00a0<\/p><p>El Cliente, es todo aquel usuario de la P\u00e1gina Web que realice un pedido y haga su aceptaci\u00f3n. Para poder comprar, el Cliente deber\u00e1 facilitar todos los datos solicitados. El Cliente declara que toda la informaci\u00f3n facilitada en el proceso de compra es completa, veraz y se encuentra actualizada. Sus datos personales se tratar\u00e1n conforme a lo estipulado en la Pol\u00edtica de Privacidad y conforme a los T\u00e9rminos y Condiciones de Uso de la P\u00e1gina Web.<\/p><p>La compra de los productos implica la aceptaci\u00f3n plena y sin reservas de las Condiciones Generales, as\u00ed como lo dispuesto en la Pol\u00edtica de Privacidad y en los T\u00e9rminos y Condiciones de Uso de la P\u00e1gina Web.<\/p><p>El Cliente declara ser mayor de edad y estar en todo caso plenamente capacitado y facultado para contratar de acuerdo con la legislaci\u00f3n que le resulte de aplicaci\u00f3n, y para asumir los compromisos de estas Condiciones Generales, ya sea para s\u00ed o en nombre de la sociedad o entidad que en su caso indique, represente o en cuyo inter\u00e9s act\u00fae.<\/p><p>A trav\u00e9s de la P\u00e1gina Web se permite la compra a cualquier parte del mundo, sin perjuicio de las condiciones particulares de aduanas y de transporte de cada pa\u00eds.<\/p><p><strong>PRODUCTOS<\/strong><\/p><p>Cada producto tiene una ficha con su descripci\u00f3n y su precio de venta con IVA.<\/p><p>El precio final de los productos es el que aparece en la P\u00e1gina Web en el momento de realizaci\u00f3n del pedido, una vez se ha establecido una forma de pago y lugar de entrega.<\/p><p><strong>PAGO <\/strong><\/p><p>El Usuario podr\u00e1 realizar la compra de productos. El proceso de compra se gestiona mediante un carrito en la que el Usuario puede a\u00f1adir los productos que desee adquirir.<\/p><p>Para a\u00f1adir productos a la cesta de la compra, una vez el Usuario se encuentra en la p\u00e1gina del producto ,debe seleccionar la cantidad de productos y la opci\u00f3n \u201cA\u00f1adir a la cesta\u201d. En todo momento el Usuario puede acceder y modificar el contenido de la cesta.<\/p><p>Una vez se encuentren en la cesta de la compra todos los productos que desee adquirir, el Usuario podr\u00e1 iniciar la tramitaci\u00f3n del pedido, seleccionando la opci\u00f3n \u201cConfirmar la compra\u201d.<\/p><p>Seguidamente, el Usuario deber\u00e1 seleccionar uno de los m\u00e9todos de env\u00edo que m\u00e1s se ajuste con sus necesidades, dentro de las posibilidades que el Sitio Web proporciona en funci\u00f3n la direcci\u00f3n de env\u00edo y el pa\u00eds especificado. El Usuario, tambi\u00e9n tendr\u00e1 la opci\u00f3n de incluir comentarios, requisitos o informaci\u00f3n adicional sobre su pedido mediante un campo de texto.<\/p><p>A continuaci\u00f3n, el Usuario tras seleccionar el m\u00e9todo de pago y aceptar los t\u00e9rminos y condiciones de la compra aqu\u00ed expuestos, el Usuario debe asegurarse que los productos indicados en pantalla son los que desea adquirir.<\/p><p>Finalmente, para finalizar la tramitaci\u00f3n del pedido, el Usuario deber\u00e1 elegir la forma de entrega y hacer clic en el bot\u00f3n \u201cRealizar la compra\u201d, seleccionar la forma de pago y autom\u00e1ticamente ser\u00e1 redirigido a la pasarela de pago correspondiente. Una vez tramitado el pago correctamente, se tramitar\u00e1 el pedido de forma autom\u00e1tica, confirmando en pantalla la informaci\u00f3n del pedido y enviando un correo electr\u00f3nico al Usuario confirmando la operaci\u00f3n y especificando las caracter\u00edsticas del producto, precio, forma de env\u00edo seleccionada, fecha de contrataci\u00f3n, y n\u00famero de pedido.<\/p><p>El usuario asume la responsabilidad de la introducci\u00f3n correcta y veraz de los datos de entrega del producto, no asumiendo la BODEGA CAN FELIU ninguna responsabilidad en caso de que la entrega no se pueda realizar por raz\u00f3n de la inexactitud o incorrecci\u00f3n de los datos.<\/p><p><strong>\u00a0<\/strong><\/p><p><strong>PLAZOS DE ENTREGA DE LOS PEDIDOS Y GASTOS DE ENV\u00cdO<\/strong><\/p><p>Todos nuestros productos se tramitan una vez se haya verificado el pago, en un plazo m\u00e1ximo de 72 horas, excluyendo fines de semana y festivos seg\u00fan el calendario laboral que corresponda al domicilio de Bodega Can FELIU.<\/p><p><strong>DEVOLUCIONES<\/strong><\/p><p>No se admiten cambios ni devoluciones.<\/p><p><strong>MODIFICACIONES<\/strong><\/p><p>Bodega CAN FELIU se reserva la facultad de efectuar, en cualquier momento, modificaciones y actualizaciones en la P\u00e1gina Web, sus contenidos, disponibilidad y presentaci\u00f3n, as\u00ed como de las presentes condiciones de venta, precios y gastos.<\/p><p><strong>LEY APLICABLE Y JURISDICCI\u00d3N<\/strong><\/p><p>Las presentes Condiciones Generales se regir\u00e1n e interpretar\u00e1n conforme a la legislaci\u00f3n espa\u00f1ola.\u00a0<\/p><p>El Cliente se somete a la jurisdicci\u00f3n y competencia de los Juzgados y Tribunales de Manacor -\u00a0 Espa\u00f1a, para la resoluci\u00f3n de cualquier cuesti\u00f3n que pudiera suscitarse en relaci\u00f3n con el mismo.\u00a0<\/p><p>\u00a0<\/p>\n\t\t\t\t\t<\/div>\n\t\t\t\t<\/div>\n\t\t\t\t<\/div>\n\t\t\t\t\t<\/div>\n\t\t<\/div>\n\t\t\t\t\t\t\t<\/div>\n\t\t<\/section>\n\t\t\t\t\t\t\t<\/div>\n\t\t","protected":false},"excerpt":{"rendered":"<p>Las presentes Condiciones Generales de Compraventa, en adelante, Condiciones Generales que regulan el proceso de compraventa de los productos de<\/p>\n","protected":false},"author":1,"featured_media":0,"parent":0,"menu_order":0,"comment_status":"closed","ping_status":"closed","template":"","meta":{"footnotes":""},"class_list":["post-31894","page","type-page","status-publish","hentry"],"yoast_head":"<!-- This site is optimized with the Yoast SEO plugin v23.5 - https:\/\/yoast.com\/wordpress\/plugins\/seo\/ -->\n<title>Bodega Can Feliu -<\/title>\n<meta name=\"description\" content=\"La bodega Can Feliu es el coraz\u00f3n de nuestro Agroturismo. Un alojamiento para amantes de la naturaleza. Una bodega en Mallorca donde encontrar\u00e1s la mejor selecci\u00f3n de vinos.\" \/>\n<meta name=\"robots\" content=\"index, follow, max-snippet:-1, max-image-preview:large, max-video-preview:-1\" \/>\n<link rel=\"canonical\" href=\"https:\/\/bodega.canfeliu.es\/tienda\/condiciones-de-envio-y-entrega\/\" \/>\n<meta property=\"og:locale\" content=\"es_ES\" \/>\n<meta property=\"og:type\" content=\"article\" \/>\n<meta property=\"og:title\" content=\"Bodega Can Feliu -\" \/>\n<meta property=\"og:description\" content=\"La bodega Can Feliu es el coraz\u00f3n de nuestro Agroturismo. Un alojamiento para amantes de la naturaleza. Una bodega en Mallorca donde encontrar\u00e1s la mejor selecci\u00f3n de vinos.\" \/>\n<meta property=\"og:url\" content=\"https:\/\/bodega.canfeliu.es\/tienda\/condiciones-de-envio-y-entrega\/\" \/>\n<meta property=\"og:site_name\" content=\"Bodega Can Feliu\" \/>\n<meta property=\"article:publisher\" content=\"https:\/\/www.facebook.com\/destileriasjordiperello\" \/>\n<meta property=\"article:modified_time\" content=\"2023-02-01T11:14:34+00:00\" \/>\n<meta name=\"twitter:card\" content=\"summary_large_image\" \/>\n<meta name=\"twitter:site\" content=\"@trescaires\" \/>\n<meta name=\"twitter:label1\" content=\"Tiempo de lectura\" \/>\n\t<meta name=\"twitter:data1\" content=\"6 minutos\" \/>\n<script type=\"application\/ld+json\" class=\"yoast-schema-graph\">{\"@context\":\"https:\/\/schema.org\",\"@graph\":[{\"@type\":\"WebPage\",\"@id\":\"https:\/\/bodega.canfeliu.es\/tienda\/condiciones-de-envio-y-entrega\/\",\"url\":\"https:\/\/bodega.canfeliu.es\/tienda\/condiciones-de-envio-y-entrega\/\",\"name\":\"Bodega Can Feliu -\",\"isPartOf\":{\"@id\":\"https:\/\/bodega.canfeliu.es\/tienda\/#website\"},\"datePublished\":\"2022-07-12T06:48:06+00:00\",\"dateModified\":\"2023-02-01T11:14:34+00:00\",\"description\":\"La bodega Can Feliu es el coraz\u00f3n de nuestro Agroturismo. Un alojamiento para amantes de la naturaleza. Una bodega en Mallorca donde encontrar\u00e1s la mejor selecci\u00f3n de vinos.\",\"breadcrumb\":{\"@id\":\"https:\/\/bodega.canfeliu.es\/tienda\/condiciones-de-envio-y-entrega\/#breadcrumb\"},\"inLanguage\":\"es\",\"potentialAction\":[{\"@type\":\"ReadAction\",\"target\":[\"https:\/\/bodega.canfeliu.es\/tienda\/condiciones-de-envio-y-entrega\/\"]}]},{\"@type\":\"BreadcrumbList\",\"@id\":\"https:\/\/bodega.canfeliu.es\/tienda\/condiciones-de-envio-y-entrega\/#breadcrumb\",\"itemListElement\":[{\"@type\":\"ListItem\",\"position\":1,\"name\":\"Home\",\"item\":\"https:\/\/bodega.canfeliu.es\/tienda\/\"},{\"@type\":\"ListItem\",\"position\":2,\"name\":\"Condiciones de env\u00edo y entrega\"}]},{\"@type\":\"WebSite\",\"@id\":\"https:\/\/bodega.canfeliu.es\/tienda\/#website\",\"url\":\"https:\/\/bodega.canfeliu.es\/tienda\/\",\"name\":\"Tienda Online - Bodega Can Feliu\",\"description\":\"Tienda de vinos de Can Feliu\",\"publisher\":{\"@id\":\"https:\/\/bodega.canfeliu.es\/tienda\/#organization\"},\"potentialAction\":[{\"@type\":\"SearchAction\",\"target\":{\"@type\":\"EntryPoint\",\"urlTemplate\":\"https:\/\/bodega.canfeliu.es\/tienda\/?s={search_term_string}\"},\"query-input\":{\"@type\":\"PropertyValueSpecification\",\"valueRequired\":true,\"valueName\":\"search_term_string\"}}],\"inLanguage\":\"es\"},{\"@type\":\"Organization\",\"@id\":\"https:\/\/bodega.canfeliu.es\/tienda\/#organization\",\"name\":\"Bodega Can Feliu\",\"url\":\"https:\/\/bodega.canfeliu.es\/tienda\/\",\"logo\":{\"@type\":\"ImageObject\",\"inLanguage\":\"es\",\"@id\":\"https:\/\/bodega.canfeliu.es\/tienda\/#\/schema\/logo\/image\/\",\"url\":\"https:\/\/bodega.canfeliu.es\/wp-content\/uploads\/CANFELIU.png\",\"contentUrl\":\"https:\/\/bodega.canfeliu.es\/wp-content\/uploads\/CANFELIU.png\",\"width\":971,\"height\":679,\"caption\":\"Bodega Can Feliu\"},\"image\":{\"@id\":\"https:\/\/bodega.canfeliu.es\/tienda\/#\/schema\/logo\/image\/\"},\"sameAs\":[\"https:\/\/www.facebook.com\/destileriasjordiperello\",\"https:\/\/x.com\/trescaires\",\"https:\/\/www.instagram.com\/3caires\/\",\"https:\/\/www.youtube.com\/channel\/UC6ap8Z44twW0MjR2lQ6WeEw\"]}]}<\/script>\n<!-- \/ Yoast SEO plugin. -->","yoast_head_json":{"title":"Bodega Can Feliu -","description":"La bodega Can Feliu es el coraz\u00f3n de nuestro Agroturismo. Un alojamiento para amantes de la naturaleza. Una bodega en Mallorca donde encontrar\u00e1s la mejor selecci\u00f3n de vinos.","robots":{"index":"index","follow":"follow","max-snippet":"max-snippet:-1","max-image-preview":"max-image-preview:large","max-video-preview":"max-video-preview:-1"},"canonical":"https:\/\/bodega.canfeliu.es\/tienda\/condiciones-de-envio-y-entrega\/","og_locale":"es_ES","og_type":"article","og_title":"Bodega Can Feliu -","og_description":"La bodega Can Feliu es el coraz\u00f3n de nuestro Agroturismo. Un alojamiento para amantes de la naturaleza. Una bodega en Mallorca donde encontrar\u00e1s la mejor selecci\u00f3n de vinos.","og_url":"https:\/\/bodega.canfeliu.es\/tienda\/condiciones-de-envio-y-entrega\/","og_site_name":"Bodega Can Feliu","article_publisher":"https:\/\/www.facebook.com\/destileriasjordiperello","article_modified_time":"2023-02-01T11:14:34+00:00","twitter_card":"summary_large_image","twitter_site":"@trescaires","twitter_misc":{"Tiempo de lectura":"6 minutos"},"schema":{"@context":"https:\/\/schema.org","@graph":[{"@type":"WebPage","@id":"https:\/\/bodega.canfeliu.es\/tienda\/condiciones-de-envio-y-entrega\/","url":"https:\/\/bodega.canfeliu.es\/tienda\/condiciones-de-envio-y-entrega\/","name":"Bodega Can Feliu -","isPartOf":{"@id":"https:\/\/bodega.canfeliu.es\/tienda\/#website"},"datePublished":"2022-07-12T06:48:06+00:00","dateModified":"2023-02-01T11:14:34+00:00","description":"La bodega Can Feliu es el coraz\u00f3n de nuestro Agroturismo. Un alojamiento para amantes de la naturaleza. Una bodega en Mallorca donde encontrar\u00e1s la mejor selecci\u00f3n de vinos.","breadcrumb":{"@id":"https:\/\/bodega.canfeliu.es\/tienda\/condiciones-de-envio-y-entrega\/#breadcrumb"},"inLanguage":"es","potentialAction":[{"@type":"ReadAction","target":["https:\/\/bodega.canfeliu.es\/tienda\/condiciones-de-envio-y-entrega\/"]}]},{"@type":"BreadcrumbList","@id":"https:\/\/bodega.canfeliu.es\/tienda\/condiciones-de-envio-y-entrega\/#breadcrumb","itemListElement":[{"@type":"ListItem","position":1,"name":"Home","item":"https:\/\/bodega.canfeliu.es\/tienda\/"},{"@type":"ListItem","position":2,"name":"Condiciones de env\u00edo y entrega"}]},{"@type":"WebSite","@id":"https:\/\/bodega.canfeliu.es\/tienda\/#website","url":"https:\/\/bodega.canfeliu.es\/tienda\/","name":"Tienda Online - Bodega Can Feliu","description":"Tienda de vinos de Can Feliu","publisher":{"@id":"https:\/\/bodega.canfeliu.es\/tienda\/#organization"},"potentialAction":[{"@type":"SearchAction","target":{"@type":"EntryPoint","urlTemplate":"https:\/\/bodega.canfeliu.es\/tienda\/?s={search_term_string}"},"query-input":{"@type":"PropertyValueSpecification","valueRequired":true,"valueName":"search_term_string"}}],"inLanguage":"es"},{"@type":"Organization","@id":"https:\/\/bodega.canfeliu.es\/tienda\/#organization","name":"Bodega Can Feliu","url":"https:\/\/bodega.canfeliu.es\/tienda\/","logo":{"@type":"ImageObject","inLanguage":"es","@id":"https:\/\/bodega.canfeliu.es\/tienda\/#\/schema\/logo\/image\/","url":"https:\/\/bodega.canfeliu.es\/wp-content\/uploads\/CANFELIU.png","contentUrl":"https:\/\/bodega.canfeliu.es\/wp-content\/uploads\/CANFELIU.png","width":971,"height":679,"caption":"Bodega Can Feliu"},"image":{"@id":"https:\/\/bodega.canfeliu.es\/tienda\/#\/schema\/logo\/image\/"},"sameAs":["https:\/\/www.facebook.com\/destileriasjordiperello","https:\/\/x.com\/trescaires","https:\/\/www.instagram.com\/3caires\/","https:\/\/www.youtube.com\/channel\/UC6ap8Z44twW0MjR2lQ6WeEw"]}]}},"_links":{"self":[{"href":"https:\/\/bodega.canfeliu.es\/tienda\/wp-json\/wp\/v2\/pages\/31894","targetHints":{"allow":["GET"]}}],"collection":[{"href":"https:\/\/bodega.canfeliu.es\/tienda\/wp-json\/wp\/v2\/pages"}],"about":[{"href":"https:\/\/bodega.canfeliu.es\/tienda\/wp-json\/wp\/v2\/types\/page"}],"author":[{"embeddable":true,"href":"https:\/\/bodega.canfeliu.es\/tienda\/wp-json\/wp\/v2\/users\/1"}],"replies":[{"embeddable":true,"href":"https:\/\/bodega.canfeliu.es\/tienda\/wp-json\/wp\/v2\/comments?post=31894"}],"version-history":[{"count":3,"href":"https:\/\/bodega.canfeliu.es\/tienda\/wp-json\/wp\/v2\/pages\/31894\/revisions"}],"predecessor-version":[{"id":35192,"href":"https:\/\/bodega.canfeliu.es\/tienda\/wp-json\/wp\/v2\/pages\/31894\/revisions\/35192"}],"wp:attachment":[{"href":"https:\/\/bodega.canfeliu.es\/tienda\/wp-json\/wp\/v2\/media?parent=31894"}],"curies":[{"name":"wp","href":"https:\/\/api.w.org\/{rel}","templated":true}]}}