{"id":35151,"date":"2023-02-01T10:06:03","date_gmt":"2023-02-01T10:06:03","guid":{"rendered":"https:\/\/bodega.canfeliu.es\/tienda\/?post_type=product&#038;p=35151"},"modified":"2024-04-18T11:53:54","modified_gmt":"2024-04-18T11:53:54","slug":"rosat-dalens-2021-copia","status":"publish","type":"product","link":"https:\/\/bodega.canfeliu.es\/tienda\/producto\/rosat-dalens-2021-copia\/","title":{"rendered":"Rosat d\u2019Alens Magnum"},"content":{"rendered":"","protected":false},"excerpt":{"rendered":"<p><span style=\"font-weight: 400;\">Rosat d\u2019Alens 2021<\/span><\/p>\n<p><span style=\"font-weight: 400;\"><strong>ORIGEN<\/strong>: IGP Vi de la Terra de Mallorca.<\/span><\/p>\n<p><span style=\"font-weight: 400;\"><strong>TIPO DE VINO<\/strong>: Rosado.<\/span><\/p>\n<p><span style=\"font-weight: 400;\"><strong>VARIEDADES<\/strong>: Cabernet Sauvignon, Merlot, Sauvignon Blanc.<\/span><\/p>\n<p><span style=\"font-weight: 400;\"><strong>A\u00d1ADA<\/strong>: 2021.<\/span><\/p>\n<p><span style=\"font-weight: 400;\"><strong>GRADUACI\u00d3N<\/strong>: 14% vol.<\/span><\/p>\n<p><span style=\"font-weight: 400;\"><strong>PROCESO DE ELABORACI\u00d3N<\/strong>: Uva seleccionada y recogida a mano en vi\u00f1edos situados en Porreres (Mallorca \u2013 Islas Baleares).<\/span><\/p>\n<p><span style=\"font-weight: 400;\">M\u00e9todos de elaboraci\u00f3n tradicional, sin adici\u00f3n de levaduras ni bacterias (seg\u00fan condiciones definidas por DEMETER INTERNACIONAL). Fermentaci\u00f3n a temperatura controlada en dep\u00f3sitos de acero inoxidable.<\/span><\/p>\n","protected":false},"featured_media":35004,"comment_status":"open","ping_status":"closed","template":"","meta":[],"product_cat":[273],"product_tag":[],"class_list":{"0":"post-35151","1":"product","2":"type-product","3":"status-publish","4":"has-post-thumbnail","6":"product_cat-rosado","8":"first","9":"outofstock","10":"shipping-taxable","11":"purchasable","12":"product-type-simple"},"yoast_head":"<!-- This site is optimized with the Yoast SEO plugin v23.5 - https:\/\/yoast.com\/wordpress\/plugins\/seo\/ -->\n<title>Rosat d\u2019Alens Magnum - Bodega Can Feliu<\/title>\n<meta name=\"robots\" content=\"index, follow, max-snippet:-1, max-image-preview:large, max-video-preview:-1\" \/>\n<link rel=\"canonical\" href=\"https:\/\/bodega.canfeliu.es\/tienda\/producto\/rosat-dalens-2021-copia\/\" \/>\n<meta property=\"og:locale\" content=\"es_ES\" \/>\n<meta property=\"og:type\" content=\"article\" \/>\n<meta property=\"og:title\" content=\"Rosat d\u2019Alens Magnum - Bodega Can Feliu\" \/>\n<meta property=\"og:description\" content=\"Rosat d\u2019Alens 2021  ORIGEN: IGP Vi de la Terra de Mallorca.  TIPO DE VINO: Rosado.  VARIEDADES: Cabernet Sauvignon, Merlot, Sauvignon Blanc.  A\u00d1ADA: 2021.  GRADUACI\u00d3N: 14% vol.  PROCESO DE ELABORACI\u00d3N: Uva seleccionada y recogida a mano en vi\u00f1edos situados en Porreres (Mallorca \u2013 Islas Baleares).  M\u00e9todos de elaboraci\u00f3n tradicional, sin adici\u00f3n de levaduras ni bacterias (seg\u00fan condiciones definidas por DEMETER INTERNACIONAL). Fermentaci\u00f3n a temperatura controlada en dep\u00f3sitos de acero inoxidable.\" \/>\n<meta property=\"og:url\" content=\"https:\/\/bodega.canfeliu.es\/tienda\/producto\/rosat-dalens-2021-copia\/\" \/>\n<meta property=\"og:site_name\" content=\"Bodega Can Feliu\" \/>\n<meta property=\"article:publisher\" content=\"https:\/\/www.facebook.com\/destileriasjordiperello\" \/>\n<meta property=\"article:modified_time\" content=\"2024-04-18T11:53:54+00:00\" \/>\n<meta property=\"og:image\" content=\"https:\/\/bodega.canfeliu.es\/wp-content\/uploads\/bodega-can-feliu-vino-rosad-e1683802179863.jpg\" \/>\n\t<meta property=\"og:image:width\" content=\"300\" \/>\n\t<meta property=\"og:image:height\" content=\"600\" \/>\n\t<meta property=\"og:image:type\" content=\"image\/jpeg\" \/>\n<meta name=\"twitter:card\" content=\"summary_large_image\" \/>\n<meta name=\"twitter:site\" content=\"@trescaires\" \/>\n<script type=\"application\/ld+json\" class=\"yoast-schema-graph\">{\"@context\":\"https:\/\/schema.org\",\"@graph\":[{\"@type\":\"WebPage\",\"@id\":\"https:\/\/bodega.canfeliu.es\/tienda\/producto\/rosat-dalens-2021-copia\/\",\"url\":\"https:\/\/bodega.canfeliu.es\/tienda\/producto\/rosat-dalens-2021-copia\/\",\"name\":\"Rosat d\u2019Alens Magnum - Bodega Can Feliu\",\"isPartOf\":{\"@id\":\"https:\/\/bodega.canfeliu.es\/tienda\/#website\"},\"primaryImageOfPage\":{\"@id\":\"https:\/\/bodega.canfeliu.es\/tienda\/producto\/rosat-dalens-2021-copia\/#primaryimage\"},\"image\":{\"@id\":\"https:\/\/bodega.canfeliu.es\/tienda\/producto\/rosat-dalens-2021-copia\/#primaryimage\"},\"thumbnailUrl\":\"https:\/\/bodega.canfeliu.es\/wp-content\/uploads\/bodega-can-feliu-vino-rosad-e1683802179863.jpg\",\"datePublished\":\"2023-02-01T10:06:03+00:00\",\"dateModified\":\"2024-04-18T11:53:54+00:00\",\"breadcrumb\":{\"@id\":\"https:\/\/bodega.canfeliu.es\/tienda\/producto\/rosat-dalens-2021-copia\/#breadcrumb\"},\"inLanguage\":\"es\",\"potentialAction\":[{\"@type\":\"ReadAction\",\"target\":[\"https:\/\/bodega.canfeliu.es\/tienda\/producto\/rosat-dalens-2021-copia\/\"]}]},{\"@type\":\"ImageObject\",\"inLanguage\":\"es\",\"@id\":\"https:\/\/bodega.canfeliu.es\/tienda\/producto\/rosat-dalens-2021-copia\/#primaryimage\",\"url\":\"https:\/\/bodega.canfeliu.es\/wp-content\/uploads\/bodega-can-feliu-vino-rosad-e1683802179863.jpg\",\"contentUrl\":\"https:\/\/bodega.canfeliu.es\/wp-content\/uploads\/bodega-can-feliu-vino-rosad-e1683802179863.jpg\",\"width\":300,\"height\":600},{\"@type\":\"BreadcrumbList\",\"@id\":\"https:\/\/bodega.canfeliu.es\/tienda\/producto\/rosat-dalens-2021-copia\/#breadcrumb\",\"itemListElement\":[{\"@type\":\"ListItem\",\"position\":1,\"name\":\"Home\",\"item\":\"https:\/\/bodega.canfeliu.es\/tienda\/\"},{\"@type\":\"ListItem\",\"position\":2,\"name\":\"Tienda\",\"item\":\"https:\/\/bodega.canfeliu.es\/tienda\/\"},{\"@type\":\"ListItem\",\"position\":3,\"name\":\"Rosat d\u2019Alens Magnum\"}]},{\"@type\":\"WebSite\",\"@id\":\"https:\/\/bodega.canfeliu.es\/tienda\/#website\",\"url\":\"https:\/\/bodega.canfeliu.es\/tienda\/\",\"name\":\"Tienda Online - Bodega Can Feliu\",\"description\":\"Tienda de vinos de Can Feliu\",\"publisher\":{\"@id\":\"https:\/\/bodega.canfeliu.es\/tienda\/#organization\"},\"potentialAction\":[{\"@type\":\"SearchAction\",\"target\":{\"@type\":\"EntryPoint\",\"urlTemplate\":\"https:\/\/bodega.canfeliu.es\/tienda\/?s={search_term_string}\"},\"query-input\":{\"@type\":\"PropertyValueSpecification\",\"valueRequired\":true,\"valueName\":\"search_term_string\"}}],\"inLanguage\":\"es\"},{\"@type\":\"Organization\",\"@id\":\"https:\/\/bodega.canfeliu.es\/tienda\/#organization\",\"name\":\"Bodega Can Feliu\",\"url\":\"https:\/\/bodega.canfeliu.es\/tienda\/\",\"logo\":{\"@type\":\"ImageObject\",\"inLanguage\":\"es\",\"@id\":\"https:\/\/bodega.canfeliu.es\/tienda\/#\/schema\/logo\/image\/\",\"url\":\"https:\/\/bodega.canfeliu.es\/wp-content\/uploads\/CANFELIU.png\",\"contentUrl\":\"https:\/\/bodega.canfeliu.es\/wp-content\/uploads\/CANFELIU.png\",\"width\":971,\"height\":679,\"caption\":\"Bodega Can Feliu\"},\"image\":{\"@id\":\"https:\/\/bodega.canfeliu.es\/tienda\/#\/schema\/logo\/image\/\"},\"sameAs\":[\"https:\/\/www.facebook.com\/destileriasjordiperello\",\"https:\/\/x.com\/trescaires\",\"https:\/\/www.instagram.com\/3caires\/\",\"https:\/\/www.youtube.com\/channel\/UC6ap8Z44twW0MjR2lQ6WeEw\"]}]}<\/script>\n<!-- \/ Yoast SEO plugin. -->","yoast_head_json":{"title":"Rosat d\u2019Alens Magnum - Bodega Can Feliu","robots":{"index":"index","follow":"follow","max-snippet":"max-snippet:-1","max-image-preview":"max-image-preview:large","max-video-preview":"max-video-preview:-1"},"canonical":"https:\/\/bodega.canfeliu.es\/tienda\/producto\/rosat-dalens-2021-copia\/","og_locale":"es_ES","og_type":"article","og_title":"Rosat d\u2019Alens Magnum - Bodega Can Feliu","og_description":"Rosat d\u2019Alens 2021  ORIGEN: IGP Vi de la Terra de Mallorca.  TIPO DE VINO: Rosado.  VARIEDADES: Cabernet Sauvignon, Merlot, Sauvignon Blanc.  A\u00d1ADA: 2021.  GRADUACI\u00d3N: 14% vol.  PROCESO DE ELABORACI\u00d3N: Uva seleccionada y recogida a mano en vi\u00f1edos situados en Porreres (Mallorca \u2013 Islas Baleares).  M\u00e9todos de elaboraci\u00f3n tradicional, sin adici\u00f3n de levaduras ni bacterias (seg\u00fan condiciones definidas por DEMETER INTERNACIONAL). Fermentaci\u00f3n a temperatura controlada en dep\u00f3sitos de acero inoxidable.","og_url":"https:\/\/bodega.canfeliu.es\/tienda\/producto\/rosat-dalens-2021-copia\/","og_site_name":"Bodega Can Feliu","article_publisher":"https:\/\/www.facebook.com\/destileriasjordiperello","article_modified_time":"2024-04-18T11:53:54+00:00","og_image":[{"width":300,"height":600,"url":"https:\/\/bodega.canfeliu.es\/wp-content\/uploads\/bodega-can-feliu-vino-rosad-e1683802179863.jpg","type":"image\/jpeg"}],"twitter_card":"summary_large_image","twitter_site":"@trescaires","schema":{"@context":"https:\/\/schema.org","@graph":[{"@type":"WebPage","@id":"https:\/\/bodega.canfeliu.es\/tienda\/producto\/rosat-dalens-2021-copia\/","url":"https:\/\/bodega.canfeliu.es\/tienda\/producto\/rosat-dalens-2021-copia\/","name":"Rosat d\u2019Alens Magnum - Bodega Can Feliu","isPartOf":{"@id":"https:\/\/bodega.canfeliu.es\/tienda\/#website"},"primaryImageOfPage":{"@id":"https:\/\/bodega.canfeliu.es\/tienda\/producto\/rosat-dalens-2021-copia\/#primaryimage"},"image":{"@id":"https:\/\/bodega.canfeliu.es\/tienda\/producto\/rosat-dalens-2021-copia\/#primaryimage"},"thumbnailUrl":"https:\/\/bodega.canfeliu.es\/wp-content\/uploads\/bodega-can-feliu-vino-rosad-e1683802179863.jpg","datePublished":"2023-02-01T10:06:03+00:00","dateModified":"2024-04-18T11:53:54+00:00","breadcrumb":{"@id":"https:\/\/bodega.canfeliu.es\/tienda\/producto\/rosat-dalens-2021-copia\/#breadcrumb"},"inLanguage":"es","potentialAction":[{"@type":"ReadAction","target":["https:\/\/bodega.canfeliu.es\/tienda\/producto\/rosat-dalens-2021-copia\/"]}]},{"@type":"ImageObject","inLanguage":"es","@id":"https:\/\/bodega.canfeliu.es\/tienda\/producto\/rosat-dalens-2021-copia\/#primaryimage","url":"https:\/\/bodega.canfeliu.es\/wp-content\/uploads\/bodega-can-feliu-vino-rosad-e1683802179863.jpg","contentUrl":"https:\/\/bodega.canfeliu.es\/wp-content\/uploads\/bodega-can-feliu-vino-rosad-e1683802179863.jpg","width":300,"height":600},{"@type":"BreadcrumbList","@id":"https:\/\/bodega.canfeliu.es\/tienda\/producto\/rosat-dalens-2021-copia\/#breadcrumb","itemListElement":[{"@type":"ListItem","position":1,"name":"Home","item":"https:\/\/bodega.canfeliu.es\/tienda\/"},{"@type":"ListItem","position":2,"name":"Tienda","item":"https:\/\/bodega.canfeliu.es\/tienda\/"},{"@type":"ListItem","position":3,"name":"Rosat d\u2019Alens Magnum"}]},{"@type":"WebSite","@id":"https:\/\/bodega.canfeliu.es\/tienda\/#website","url":"https:\/\/bodega.canfeliu.es\/tienda\/","name":"Tienda Online - Bodega Can Feliu","description":"Tienda de vinos de Can Feliu","publisher":{"@id":"https:\/\/bodega.canfeliu.es\/tienda\/#organization"},"potentialAction":[{"@type":"SearchAction","target":{"@type":"EntryPoint","urlTemplate":"https:\/\/bodega.canfeliu.es\/tienda\/?s={search_term_string}"},"query-input":{"@type":"PropertyValueSpecification","valueRequired":true,"valueName":"search_term_string"}}],"inLanguage":"es"},{"@type":"Organization","@id":"https:\/\/bodega.canfeliu.es\/tienda\/#organization","name":"Bodega Can Feliu","url":"https:\/\/bodega.canfeliu.es\/tienda\/","logo":{"@type":"ImageObject","inLanguage":"es","@id":"https:\/\/bodega.canfeliu.es\/tienda\/#\/schema\/logo\/image\/","url":"https:\/\/bodega.canfeliu.es\/wp-content\/uploads\/CANFELIU.png","contentUrl":"https:\/\/bodega.canfeliu.es\/wp-content\/uploads\/CANFELIU.png","width":971,"height":679,"caption":"Bodega Can Feliu"},"image":{"@id":"https:\/\/bodega.canfeliu.es\/tienda\/#\/schema\/logo\/image\/"},"sameAs":["https:\/\/www.facebook.com\/destileriasjordiperello","https:\/\/x.com\/trescaires","https:\/\/www.instagram.com\/3caires\/","https:\/\/www.youtube.com\/channel\/UC6ap8Z44twW0MjR2lQ6WeEw"]}]}},"_links":{"self":[{"href":"https:\/\/bodega.canfeliu.es\/tienda\/wp-json\/wp\/v2\/product\/35151","targetHints":{"allow":["GET"]}}],"collection":[{"href":"https:\/\/bodega.canfeliu.es\/tienda\/wp-json\/wp\/v2\/product"}],"about":[{"href":"https:\/\/bodega.canfeliu.es\/tienda\/wp-json\/wp\/v2\/types\/product"}],"replies":[{"embeddable":true,"href":"https:\/\/bodega.canfeliu.es\/tienda\/wp-json\/wp\/v2\/comments?post=35151"}],"version-history":[{"count":3,"href":"https:\/\/bodega.canfeliu.es\/tienda\/wp-json\/wp\/v2\/product\/35151\/revisions"}],"predecessor-version":[{"id":35154,"href":"https:\/\/bodega.canfeliu.es\/tienda\/wp-json\/wp\/v2\/product\/35151\/revisions\/35154"}],"wp:featuredmedia":[{"embeddable":true,"href":"https:\/\/bodega.canfeliu.es\/tienda\/wp-json\/wp\/v2\/media\/35004"}],"wp:attachment":[{"href":"https:\/\/bodega.canfeliu.es\/tienda\/wp-json\/wp\/v2\/media?parent=35151"}],"wp:term":[{"taxonomy":"product_cat","embeddable":true,"href":"https:\/\/bodega.canfeliu.es\/tienda\/wp-json\/wp\/v2\/product_cat?post=35151"},{"taxonomy":"product_tag","embeddable":true,"href":"https:\/\/bodega.canfeliu.es\/tienda\/wp-json\/wp\/v2\/product_tag?post=35151"}],"curies":[{"name":"wp","href":"https:\/\/api.w.org\/{rel}","templated":true}]}}