{"id":35157,"date":"2023-02-01T10:12:17","date_gmt":"2023-02-01T10:12:17","guid":{"rendered":"https:\/\/bodega.canfeliu.es\/tienda\/?post_type=product&#038;p=35157"},"modified":"2024-09-24T10:35:11","modified_gmt":"2024-09-24T10:35:11","slug":"bulfish-tinto-magnum","status":"publish","type":"product","link":"https:\/\/bodega.canfeliu.es\/tienda\/producto\/bulfish-tinto-magnum\/","title":{"rendered":"Bulfish tinto magnum"},"content":{"rendered":"","protected":false},"excerpt":{"rendered":"<p><span style=\"font-weight: 400;\"><strong>NOMBRE<\/strong>: Bullfish Tinto 2012<\/span><\/p>\n<p><span style=\"font-weight: 400;\"><strong>ORIGEN<\/strong>: IGP Vi de la Terra de Mallorca.<\/span><\/p>\n<p><span style=\"font-weight: 400;\"><strong>TIPO DE VINO<\/strong>: Vino tinto envejecido en barrica.<\/span><\/p>\n<p><span style=\"font-weight: 400;\"><strong>VARIEDADES<\/strong>: Cabernet Sauvignon y Merlot.<\/span><\/p>\n<p><span style=\"font-weight: 400;\"><strong>COSECHA<\/strong>: El Verano del 2012 fue seco y caluroso, perfecto para la maduraci\u00f3n y perfecto estado sanitaria de las bayas.<\/span><\/p>\n<p><span style=\"font-weight: 400;\"><strong>GRADUACI\u00d3N ALCOH\u00d3LICA<\/strong>: 15% vol.<\/span><\/p>\n<p><span style=\"font-weight: 400;\"><strong>PROCESO DE ELABORACI\u00d3N<\/strong>: Los racimos fueron seleccionados y cosechados a mano en las vi\u00f1as cerca de la bodega en Porreres (Mallorca \u2013 Islas Baleares). Se utilizaron m\u00e9todos tradicionales sin levadura ni bacterias a\u00f1adidas respetando las reglas definidas de Demeter Internacional. La fermentaci\u00f3n espont\u00e1nea a temperatura controlada se hizo en dep\u00f3sito de acero inoxidable y el envejecimiento en barricas de roble franc\u00e9s de 225 litros cada una por un plazo de tiempo de 12 a 15 meses.<\/span><\/p>\n<p><strong>AN\u00c1LISIS SENSORIAL:<\/strong><\/p>\n<p><span style=\"font-weight: 400;\">&#8211;\u00a0 \u00a0 \u00a0 <\/span> <span style=\"font-weight: 400;\">Fase Visual: Rojo teja con toques viol\u00e1ceos de capa media. Intensidad media-alta.<\/span><\/p>\n<p><span style=\"font-weight: 400;\">&#8211;\u00a0 \u00a0 \u00a0 <\/span> <span style=\"font-weight: 400;\">Fase Olfativa: En nariz afloran aromas de fruta madura, adem\u00e1s de un troque ligeramente especiado (propio de la barrica de roble franc\u00e9s) y ligeramente tostado.<\/span><\/p>\n<p><span style=\"font-weight: 400;\">&#8211;\u00a0 \u00a0 \u00a0 <\/span> <span style=\"font-weight: 400;\">Fase gustativa: En el paladar se confirma el perfecto equilibrio del vino, con aromas concentrados de frutas negras maduras, apoyados por una estructura integrada de taninos y una acidez bien equilibrada. Se confirma la perfecta integraci\u00f3n de la barrica en la crianza.<\/span><\/p>\n<p>&nbsp;<\/p>\n<p><span style=\"font-weight: 400;\">Temperatura de servicio: 15-17\u1d52 aproximadamente.<\/span><\/p>\n<p><span style=\"font-weight: 400;\">Maridaje y armon\u00eda: Carnes blancas y rojas, guisos y quesos. Postres con chocolate.<\/span><\/p>\n","protected":false},"featured_media":35015,"comment_status":"open","ping_status":"closed","template":"","meta":[],"product_cat":[271],"product_tag":[],"class_list":{"0":"post-35157","1":"product","2":"type-product","3":"status-publish","4":"has-post-thumbnail","6":"product_cat-vinos-tinto","8":"first","9":"instock","10":"shipping-taxable","11":"purchasable","12":"product-type-simple"},"yoast_head":"<!-- This site is optimized with the Yoast SEO plugin v23.5 - https:\/\/yoast.com\/wordpress\/plugins\/seo\/ -->\n<title>Bulfish tinto magnum - Bodega Can Feliu<\/title>\n<meta name=\"robots\" content=\"index, follow, max-snippet:-1, max-image-preview:large, max-video-preview:-1\" \/>\n<link rel=\"canonical\" href=\"https:\/\/bodega.canfeliu.es\/tienda\/producto\/bulfish-tinto-magnum\/\" \/>\n<meta property=\"og:locale\" content=\"es_ES\" \/>\n<meta property=\"og:type\" content=\"article\" \/>\n<meta property=\"og:title\" content=\"Bulfish tinto magnum - Bodega Can Feliu\" \/>\n<meta property=\"og:description\" content=\"NOMBRE: Bullfish Tinto 2012  ORIGEN: IGP Vi de la Terra de Mallorca.  TIPO DE VINO: Vino tinto envejecido en barrica.  VARIEDADES: Cabernet Sauvignon y Merlot.  COSECHA: El Verano del 2012 fue seco y caluroso, perfecto para la maduraci\u00f3n y perfecto estado sanitaria de las bayas.  GRADUACI\u00d3N ALCOH\u00d3LICA: 15% vol.  PROCESO DE ELABORACI\u00d3N: Los racimos fueron seleccionados y cosechados a mano en las vi\u00f1as cerca de la bodega en Porreres (Mallorca \u2013 Islas Baleares). Se utilizaron m\u00e9todos tradicionales sin levadura ni bacterias a\u00f1adidas respetando las reglas definidas de Demeter Internacional. La fermentaci\u00f3n espont\u00e1nea a temperatura controlada se hizo en dep\u00f3sito de acero inoxidable y el envejecimiento en barricas de roble franc\u00e9s de 225 litros cada una por un plazo de tiempo de 12 a 15 meses.  AN\u00c1LISIS SENSORIAL:  -\u00a0 \u00a0 \u00a0 Fase Visual: Rojo teja con toques viol\u00e1ceos de capa media. Intensidad media-alta.  -\u00a0 \u00a0 \u00a0 Fase Olfativa: En nariz afloran aromas de fruta madura, adem\u00e1s de un troque ligeramente especiado (propio de la barrica de roble franc\u00e9s) y ligeramente tostado.  -\u00a0 \u00a0 \u00a0 Fase gustativa: En el paladar se confirma el perfecto equilibrio del vino, con aromas concentrados de frutas negras maduras, apoyados por una estructura integrada de taninos y una acidez bien equilibrada. Se confirma la perfecta integraci\u00f3n de la barrica en la crianza.  &nbsp;  Temperatura de servicio: 15-17\u1d52 aproximadamente.  Maridaje y armon\u00eda: Carnes blancas y rojas, guisos y quesos. Postres con chocolate.\" \/>\n<meta property=\"og:url\" content=\"https:\/\/bodega.canfeliu.es\/tienda\/producto\/bulfish-tinto-magnum\/\" \/>\n<meta property=\"og:site_name\" content=\"Bodega Can Feliu\" \/>\n<meta property=\"article:publisher\" content=\"https:\/\/www.facebook.com\/destileriasjordiperello\" \/>\n<meta property=\"article:modified_time\" content=\"2024-09-24T10:35:11+00:00\" \/>\n<meta property=\"og:image\" content=\"https:\/\/bodega.canfeliu.es\/wp-content\/uploads\/bullfish_tinto-scaled-e1683801754331.jpg\" \/>\n\t<meta property=\"og:image:width\" content=\"249\" \/>\n\t<meta property=\"og:image:height\" content=\"484\" \/>\n\t<meta property=\"og:image:type\" content=\"image\/jpeg\" \/>\n<meta name=\"twitter:card\" content=\"summary_large_image\" \/>\n<meta name=\"twitter:site\" content=\"@trescaires\" \/>\n<meta name=\"twitter:label1\" content=\"Tiempo de lectura\" \/>\n\t<meta name=\"twitter:data1\" content=\"1 minuto\" \/>\n<script type=\"application\/ld+json\" class=\"yoast-schema-graph\">{\"@context\":\"https:\/\/schema.org\",\"@graph\":[{\"@type\":\"WebPage\",\"@id\":\"https:\/\/bodega.canfeliu.es\/tienda\/producto\/bulfish-tinto-magnum\/\",\"url\":\"https:\/\/bodega.canfeliu.es\/tienda\/producto\/bulfish-tinto-magnum\/\",\"name\":\"Bulfish tinto magnum - Bodega Can Feliu\",\"isPartOf\":{\"@id\":\"https:\/\/bodega.canfeliu.es\/tienda\/#website\"},\"primaryImageOfPage\":{\"@id\":\"https:\/\/bodega.canfeliu.es\/tienda\/producto\/bulfish-tinto-magnum\/#primaryimage\"},\"image\":{\"@id\":\"https:\/\/bodega.canfeliu.es\/tienda\/producto\/bulfish-tinto-magnum\/#primaryimage\"},\"thumbnailUrl\":\"https:\/\/bodega.canfeliu.es\/wp-content\/uploads\/bullfish_tinto-scaled-e1683801754331.jpg\",\"datePublished\":\"2023-02-01T10:12:17+00:00\",\"dateModified\":\"2024-09-24T10:35:11+00:00\",\"breadcrumb\":{\"@id\":\"https:\/\/bodega.canfeliu.es\/tienda\/producto\/bulfish-tinto-magnum\/#breadcrumb\"},\"inLanguage\":\"es\",\"potentialAction\":[{\"@type\":\"ReadAction\",\"target\":[\"https:\/\/bodega.canfeliu.es\/tienda\/producto\/bulfish-tinto-magnum\/\"]}]},{\"@type\":\"ImageObject\",\"inLanguage\":\"es\",\"@id\":\"https:\/\/bodega.canfeliu.es\/tienda\/producto\/bulfish-tinto-magnum\/#primaryimage\",\"url\":\"https:\/\/bodega.canfeliu.es\/wp-content\/uploads\/bullfish_tinto-scaled-e1683801754331.jpg\",\"contentUrl\":\"https:\/\/bodega.canfeliu.es\/wp-content\/uploads\/bullfish_tinto-scaled-e1683801754331.jpg\",\"width\":249,\"height\":484},{\"@type\":\"BreadcrumbList\",\"@id\":\"https:\/\/bodega.canfeliu.es\/tienda\/producto\/bulfish-tinto-magnum\/#breadcrumb\",\"itemListElement\":[{\"@type\":\"ListItem\",\"position\":1,\"name\":\"Home\",\"item\":\"https:\/\/bodega.canfeliu.es\/tienda\/\"},{\"@type\":\"ListItem\",\"position\":2,\"name\":\"Tienda\",\"item\":\"https:\/\/bodega.canfeliu.es\/tienda\/\"},{\"@type\":\"ListItem\",\"position\":3,\"name\":\"Bulfish tinto magnum\"}]},{\"@type\":\"WebSite\",\"@id\":\"https:\/\/bodega.canfeliu.es\/tienda\/#website\",\"url\":\"https:\/\/bodega.canfeliu.es\/tienda\/\",\"name\":\"Tienda Online - Bodega Can Feliu\",\"description\":\"Tienda de vinos de Can Feliu\",\"publisher\":{\"@id\":\"https:\/\/bodega.canfeliu.es\/tienda\/#organization\"},\"potentialAction\":[{\"@type\":\"SearchAction\",\"target\":{\"@type\":\"EntryPoint\",\"urlTemplate\":\"https:\/\/bodega.canfeliu.es\/tienda\/?s={search_term_string}\"},\"query-input\":{\"@type\":\"PropertyValueSpecification\",\"valueRequired\":true,\"valueName\":\"search_term_string\"}}],\"inLanguage\":\"es\"},{\"@type\":\"Organization\",\"@id\":\"https:\/\/bodega.canfeliu.es\/tienda\/#organization\",\"name\":\"Bodega Can Feliu\",\"url\":\"https:\/\/bodega.canfeliu.es\/tienda\/\",\"logo\":{\"@type\":\"ImageObject\",\"inLanguage\":\"es\",\"@id\":\"https:\/\/bodega.canfeliu.es\/tienda\/#\/schema\/logo\/image\/\",\"url\":\"https:\/\/bodega.canfeliu.es\/wp-content\/uploads\/CANFELIU.png\",\"contentUrl\":\"https:\/\/bodega.canfeliu.es\/wp-content\/uploads\/CANFELIU.png\",\"width\":971,\"height\":679,\"caption\":\"Bodega Can Feliu\"},\"image\":{\"@id\":\"https:\/\/bodega.canfeliu.es\/tienda\/#\/schema\/logo\/image\/\"},\"sameAs\":[\"https:\/\/www.facebook.com\/destileriasjordiperello\",\"https:\/\/x.com\/trescaires\",\"https:\/\/www.instagram.com\/3caires\/\",\"https:\/\/www.youtube.com\/channel\/UC6ap8Z44twW0MjR2lQ6WeEw\"]}]}<\/script>\n<!-- \/ Yoast SEO plugin. -->","yoast_head_json":{"title":"Bulfish tinto magnum - Bodega Can Feliu","robots":{"index":"index","follow":"follow","max-snippet":"max-snippet:-1","max-image-preview":"max-image-preview:large","max-video-preview":"max-video-preview:-1"},"canonical":"https:\/\/bodega.canfeliu.es\/tienda\/producto\/bulfish-tinto-magnum\/","og_locale":"es_ES","og_type":"article","og_title":"Bulfish tinto magnum - Bodega Can Feliu","og_description":"NOMBRE: Bullfish Tinto 2012  ORIGEN: IGP Vi de la Terra de Mallorca.  TIPO DE VINO: Vino tinto envejecido en barrica.  VARIEDADES: Cabernet Sauvignon y Merlot.  COSECHA: El Verano del 2012 fue seco y caluroso, perfecto para la maduraci\u00f3n y perfecto estado sanitaria de las bayas.  GRADUACI\u00d3N ALCOH\u00d3LICA: 15% vol.  PROCESO DE ELABORACI\u00d3N: Los racimos fueron seleccionados y cosechados a mano en las vi\u00f1as cerca de la bodega en Porreres (Mallorca \u2013 Islas Baleares). Se utilizaron m\u00e9todos tradicionales sin levadura ni bacterias a\u00f1adidas respetando las reglas definidas de Demeter Internacional. La fermentaci\u00f3n espont\u00e1nea a temperatura controlada se hizo en dep\u00f3sito de acero inoxidable y el envejecimiento en barricas de roble franc\u00e9s de 225 litros cada una por un plazo de tiempo de 12 a 15 meses.  AN\u00c1LISIS SENSORIAL:  -\u00a0 \u00a0 \u00a0 Fase Visual: Rojo teja con toques viol\u00e1ceos de capa media. Intensidad media-alta.  -\u00a0 \u00a0 \u00a0 Fase Olfativa: En nariz afloran aromas de fruta madura, adem\u00e1s de un troque ligeramente especiado (propio de la barrica de roble franc\u00e9s) y ligeramente tostado.  -\u00a0 \u00a0 \u00a0 Fase gustativa: En el paladar se confirma el perfecto equilibrio del vino, con aromas concentrados de frutas negras maduras, apoyados por una estructura integrada de taninos y una acidez bien equilibrada. Se confirma la perfecta integraci\u00f3n de la barrica en la crianza.  &nbsp;  Temperatura de servicio: 15-17\u1d52 aproximadamente.  Maridaje y armon\u00eda: Carnes blancas y rojas, guisos y quesos. Postres con chocolate.","og_url":"https:\/\/bodega.canfeliu.es\/tienda\/producto\/bulfish-tinto-magnum\/","og_site_name":"Bodega Can Feliu","article_publisher":"https:\/\/www.facebook.com\/destileriasjordiperello","article_modified_time":"2024-09-24T10:35:11+00:00","og_image":[{"width":249,"height":484,"url":"https:\/\/bodega.canfeliu.es\/wp-content\/uploads\/bullfish_tinto-scaled-e1683801754331.jpg","type":"image\/jpeg"}],"twitter_card":"summary_large_image","twitter_site":"@trescaires","twitter_misc":{"Tiempo de lectura":"1 minuto"},"schema":{"@context":"https:\/\/schema.org","@graph":[{"@type":"WebPage","@id":"https:\/\/bodega.canfeliu.es\/tienda\/producto\/bulfish-tinto-magnum\/","url":"https:\/\/bodega.canfeliu.es\/tienda\/producto\/bulfish-tinto-magnum\/","name":"Bulfish tinto magnum - Bodega Can Feliu","isPartOf":{"@id":"https:\/\/bodega.canfeliu.es\/tienda\/#website"},"primaryImageOfPage":{"@id":"https:\/\/bodega.canfeliu.es\/tienda\/producto\/bulfish-tinto-magnum\/#primaryimage"},"image":{"@id":"https:\/\/bodega.canfeliu.es\/tienda\/producto\/bulfish-tinto-magnum\/#primaryimage"},"thumbnailUrl":"https:\/\/bodega.canfeliu.es\/wp-content\/uploads\/bullfish_tinto-scaled-e1683801754331.jpg","datePublished":"2023-02-01T10:12:17+00:00","dateModified":"2024-09-24T10:35:11+00:00","breadcrumb":{"@id":"https:\/\/bodega.canfeliu.es\/tienda\/producto\/bulfish-tinto-magnum\/#breadcrumb"},"inLanguage":"es","potentialAction":[{"@type":"ReadAction","target":["https:\/\/bodega.canfeliu.es\/tienda\/producto\/bulfish-tinto-magnum\/"]}]},{"@type":"ImageObject","inLanguage":"es","@id":"https:\/\/bodega.canfeliu.es\/tienda\/producto\/bulfish-tinto-magnum\/#primaryimage","url":"https:\/\/bodega.canfeliu.es\/wp-content\/uploads\/bullfish_tinto-scaled-e1683801754331.jpg","contentUrl":"https:\/\/bodega.canfeliu.es\/wp-content\/uploads\/bullfish_tinto-scaled-e1683801754331.jpg","width":249,"height":484},{"@type":"BreadcrumbList","@id":"https:\/\/bodega.canfeliu.es\/tienda\/producto\/bulfish-tinto-magnum\/#breadcrumb","itemListElement":[{"@type":"ListItem","position":1,"name":"Home","item":"https:\/\/bodega.canfeliu.es\/tienda\/"},{"@type":"ListItem","position":2,"name":"Tienda","item":"https:\/\/bodega.canfeliu.es\/tienda\/"},{"@type":"ListItem","position":3,"name":"Bulfish tinto magnum"}]},{"@type":"WebSite","@id":"https:\/\/bodega.canfeliu.es\/tienda\/#website","url":"https:\/\/bodega.canfeliu.es\/tienda\/","name":"Tienda Online - Bodega Can Feliu","description":"Tienda de vinos de Can Feliu","publisher":{"@id":"https:\/\/bodega.canfeliu.es\/tienda\/#organization"},"potentialAction":[{"@type":"SearchAction","target":{"@type":"EntryPoint","urlTemplate":"https:\/\/bodega.canfeliu.es\/tienda\/?s={search_term_string}"},"query-input":{"@type":"PropertyValueSpecification","valueRequired":true,"valueName":"search_term_string"}}],"inLanguage":"es"},{"@type":"Organization","@id":"https:\/\/bodega.canfeliu.es\/tienda\/#organization","name":"Bodega Can Feliu","url":"https:\/\/bodega.canfeliu.es\/tienda\/","logo":{"@type":"ImageObject","inLanguage":"es","@id":"https:\/\/bodega.canfeliu.es\/tienda\/#\/schema\/logo\/image\/","url":"https:\/\/bodega.canfeliu.es\/wp-content\/uploads\/CANFELIU.png","contentUrl":"https:\/\/bodega.canfeliu.es\/wp-content\/uploads\/CANFELIU.png","width":971,"height":679,"caption":"Bodega Can Feliu"},"image":{"@id":"https:\/\/bodega.canfeliu.es\/tienda\/#\/schema\/logo\/image\/"},"sameAs":["https:\/\/www.facebook.com\/destileriasjordiperello","https:\/\/x.com\/trescaires","https:\/\/www.instagram.com\/3caires\/","https:\/\/www.youtube.com\/channel\/UC6ap8Z44twW0MjR2lQ6WeEw"]}]}},"_links":{"self":[{"href":"https:\/\/bodega.canfeliu.es\/tienda\/wp-json\/wp\/v2\/product\/35157","targetHints":{"allow":["GET"]}}],"collection":[{"href":"https:\/\/bodega.canfeliu.es\/tienda\/wp-json\/wp\/v2\/product"}],"about":[{"href":"https:\/\/bodega.canfeliu.es\/tienda\/wp-json\/wp\/v2\/types\/product"}],"replies":[{"embeddable":true,"href":"https:\/\/bodega.canfeliu.es\/tienda\/wp-json\/wp\/v2\/comments?post=35157"}],"version-history":[{"count":2,"href":"https:\/\/bodega.canfeliu.es\/tienda\/wp-json\/wp\/v2\/product\/35157\/revisions"}],"predecessor-version":[{"id":35341,"href":"https:\/\/bodega.canfeliu.es\/tienda\/wp-json\/wp\/v2\/product\/35157\/revisions\/35341"}],"wp:featuredmedia":[{"embeddable":true,"href":"https:\/\/bodega.canfeliu.es\/tienda\/wp-json\/wp\/v2\/media\/35015"}],"wp:attachment":[{"href":"https:\/\/bodega.canfeliu.es\/tienda\/wp-json\/wp\/v2\/media?parent=35157"}],"wp:term":[{"taxonomy":"product_cat","embeddable":true,"href":"https:\/\/bodega.canfeliu.es\/tienda\/wp-json\/wp\/v2\/product_cat?post=35157"},{"taxonomy":"product_tag","embeddable":true,"href":"https:\/\/bodega.canfeliu.es\/tienda\/wp-json\/wp\/v2\/product_tag?post=35157"}],"curies":[{"name":"wp","href":"https:\/\/api.w.org\/{rel}","templated":true}]}}