{"id":35169,"date":"2023-02-01T10:48:59","date_gmt":"2023-02-01T10:48:59","guid":{"rendered":"https:\/\/bodega.canfeliu.es\/tienda\/?post_type=product&#038;p=35169"},"modified":"2024-10-31T13:41:35","modified_gmt":"2024-10-31T13:41:35","slug":"binerbo-amphorae-2019","status":"publish","type":"product","link":"https:\/\/bodega.canfeliu.es\/tienda\/producto\/binerbo-amphorae-2019\/","title":{"rendered":"Binerbo Amphorae 2019"},"content":{"rendered":"","protected":false},"excerpt":{"rendered":"<p><span style=\"font-weight: 400;\"><strong>NOMBRE<\/strong>: <span data-sheets-value=\"{&quot;1&quot;:2,&quot;2&quot;:&quot;Binerbo Amphorae 2019&quot;}\" data-sheets-userformat=\"{&quot;2&quot;:14465,&quot;3&quot;:{&quot;1&quot;:0,&quot;3&quot;:1},&quot;10&quot;:1,&quot;14&quot;:{&quot;1&quot;:2,&quot;2&quot;:9778740},&quot;15&quot;:&quot;cidfont+f1&quot;,&quot;16&quot;:18}\">Binerbo Amphorae 2019<\/span><\/span><\/p>\n<p><span style=\"font-weight: 400;\"><strong>ORIGEN<\/strong>: IGP Vi de la Terra de Mallorca.<\/span><\/p>\n<p><span style=\"font-weight: 400;\"><strong>TIPO DE VINO<\/strong>: Vino tinto tranquilo envejecido en tinajas de gres italiano.<\/span><\/p>\n<p><span style=\"font-weight: 400;\"><strong>VARIEDADES<\/strong>: Cabernet Sauvignon y Monastrell.<\/span><\/p>\n<p><span style=\"font-weight: 400;\"><strong>COSECHA<\/strong>: El 2019 fue un a\u00f1o seco y suave, perfecto para la maduraci\u00f3n y condiciones fitosanitarias de las bayas. El \u00a0\u00a0Monastrell y Cabernet Sauvignon se vendimiaron al final del mes de septiembre. <\/span><\/p>\n<p><span style=\"font-weight: 400;\"><strong>GRADUACI\u00d3N ALCOH\u00d3LICA<\/strong>: 14% vol.<\/span><\/p>\n<p><span style=\"font-weight: 400;\"><strong>PROCESO DE ELABORACI\u00d3N<\/strong>: Uvas seleccionadas y vendimiadas a mano en vi\u00f1edos situados en Porreres. \u00a0Se usaron m\u00e9todos tradicionales y biodin\u00e1micos bajo reglamentaci\u00f3n Demeter, con fermentaci\u00f3n espont\u00e1nea si adici\u00f3n de levadura. Se ha fermentado en dep\u00f3sito de acero inoxidable y se ha envejecido en tinajas de gres italiano durante 12 meses. <\/span><\/p>\n<p><strong>AN\u00c1LISIS SENSORIAL:<\/strong><\/p>\n<p><span data-sheets-formula-bar-text-style=\"font-size:15px;color:#953634;font-weight:normal;text-decoration:none;font-family:'docs-Calibri';font-style:normal;text-decoration-skip-ink:none;\">&#8211;<strong>Fase visual<\/strong><\/span><span data-sheets-formula-bar-text-style=\"font-size:15px;color:#000000;font-weight:normal;text-decoration:none;font-family:'docs-Calibri';font-style:normal;text-decoration-skip-ink:none;\">: Rojo teja con tonos viol\u00e1ceos. Intensidad muy alta. Capa ancha<\/span><\/p>\n<p><span data-sheets-formula-bar-text-style=\"font-size:15px;color:#953634;font-weight:normal;text-decoration:none;font-family:'docs-Calibri';font-style:normal;text-decoration-skip-ink:none;\">&#8211;<strong>Fase olfativa<\/strong><\/span><span data-sheets-formula-bar-text-style=\"font-size:15px;color:#000000;font-weight:normal;text-decoration:none;font-family:'docs-Calibri';font-style:normal;text-decoration-skip-ink:none;\">: <\/span>Boca fresca y golosa, ligero, de acidez y volumen muy bien integrado con un final largo y sorprendente.<\/p>\n<p><span data-sheets-formula-bar-text-style=\"font-size:15px;color:#953634;font-weight:normal;text-decoration:none;font-family:'docs-Calibri';font-style:normal;text-decoration-skip-ink:none;\">&#8211; <strong>Fase gustativa<\/strong><\/span><span data-sheets-formula-bar-text-style=\"font-size:15px;color:#000000;font-weight:normal;text-decoration:none;font-family:'docs-Calibri';font-style:normal;text-decoration-skip-ink:none;\">: <\/span>Boca fresca y golosa, ligero, de acidez y volumen muy bien integrado con un final largo y sorprendente.<\/p>\n<p><strong>TEMPERATURA DE SERVICIO<\/strong><span data-sheets-formula-bar-text-style=\"font-size:15px;color:#000000;font-weight:normal;text-decoration:none;font-family:'docs-Calibri';font-style:normal;text-decoration-skip-ink:none;\">: 15 \u2013 17 \u1d52 aproximadamente.<\/span><\/p>\n<p><span data-sheets-formula-bar-text-style=\"font-size:15px;color:#953634;font-weight:normal;text-decoration:none;font-family:'docs-Calibri';font-style:normal;text-decoration-skip-ink:none;\">&#8211;<strong>MARIDAJE Y ARMON\u00cdA<\/strong><\/span><span data-sheets-formula-bar-text-style=\"font-size:15px;color:#000000;font-weight:normal;text-decoration:none;font-family:'docs-Calibri';font-style:normal;text-decoration-skip-ink:none;\">: Carnes de caza y aves, incluso pescado. Tambi\u00e9n pastas y arroces.<\/span><\/p>\n","protected":false},"featured_media":35172,"comment_status":"open","ping_status":"closed","template":"","meta":[],"product_cat":[271],"product_tag":[],"class_list":{"0":"post-35169","1":"product","2":"type-product","3":"status-publish","4":"has-post-thumbnail","6":"product_cat-vinos-tinto","8":"first","9":"instock","10":"shipping-taxable","11":"purchasable","12":"product-type-simple"},"yoast_head":"<!-- This site is optimized with the Yoast SEO plugin v23.5 - https:\/\/yoast.com\/wordpress\/plugins\/seo\/ -->\n<title>Binerbo Amphorae 2019 - Bodega Can Feliu<\/title>\n<meta name=\"robots\" content=\"index, follow, max-snippet:-1, max-image-preview:large, max-video-preview:-1\" \/>\n<link rel=\"canonical\" href=\"https:\/\/bodega.canfeliu.es\/tienda\/producto\/binerbo-amphorae-2019\/\" \/>\n<meta property=\"og:locale\" content=\"es_ES\" \/>\n<meta property=\"og:type\" content=\"article\" \/>\n<meta property=\"og:title\" content=\"Binerbo Amphorae 2019 - Bodega Can Feliu\" \/>\n<meta property=\"og:description\" content=\"NOMBRE: Binerbo Amphorae 2019  ORIGEN: IGP Vi de la Terra de Mallorca.  TIPO DE VINO: Vino tinto tranquilo envejecido en tinajas de gres italiano.  VARIEDADES: Cabernet Sauvignon y Monastrell.  COSECHA: El 2019 fue un a\u00f1o seco y suave, perfecto para la maduraci\u00f3n y condiciones fitosanitarias de las bayas. El \u00a0\u00a0Monastrell y Cabernet Sauvignon se vendimiaron al final del mes de septiembre.   GRADUACI\u00d3N ALCOH\u00d3LICA: 14% vol.  PROCESO DE ELABORACI\u00d3N: Uvas seleccionadas y vendimiadas a mano en vi\u00f1edos situados en Porreres. \u00a0Se usaron m\u00e9todos tradicionales y biodin\u00e1micos bajo reglamentaci\u00f3n Demeter, con fermentaci\u00f3n espont\u00e1nea si adici\u00f3n de levadura. Se ha fermentado en dep\u00f3sito de acero inoxidable y se ha envejecido en tinajas de gres italiano durante 12 meses.   AN\u00c1LISIS SENSORIAL:  -Fase visual: Rojo teja con tonos viol\u00e1ceos. Intensidad muy alta. Capa ancha  -Fase olfativa: Boca fresca y golosa, ligero, de acidez y volumen muy bien integrado con un final largo y sorprendente.  - Fase gustativa: Boca fresca y golosa, ligero, de acidez y volumen muy bien integrado con un final largo y sorprendente.  TEMPERATURA DE SERVICIO: 15 \u2013 17 \u1d52 aproximadamente.  -MARIDAJE Y ARMON\u00cdA: Carnes de caza y aves, incluso pescado. Tambi\u00e9n pastas y arroces.\" \/>\n<meta property=\"og:url\" content=\"https:\/\/bodega.canfeliu.es\/tienda\/producto\/binerbo-amphorae-2019\/\" \/>\n<meta property=\"og:site_name\" content=\"Bodega Can Feliu\" \/>\n<meta property=\"article:publisher\" content=\"https:\/\/www.facebook.com\/destileriasjordiperello\" \/>\n<meta property=\"article:modified_time\" content=\"2024-10-31T13:41:35+00:00\" \/>\n<meta property=\"og:image\" content=\"https:\/\/bodega.canfeliu.es\/wp-content\/uploads\/bodega-can-feliu-binerbo-1-1-e1683800343274.jpg\" \/>\n\t<meta property=\"og:image:width\" content=\"300\" \/>\n\t<meta property=\"og:image:height\" content=\"600\" \/>\n\t<meta property=\"og:image:type\" content=\"image\/jpeg\" \/>\n<meta name=\"twitter:card\" content=\"summary_large_image\" \/>\n<meta name=\"twitter:site\" content=\"@trescaires\" \/>\n<meta name=\"twitter:label1\" content=\"Tiempo de lectura\" \/>\n\t<meta name=\"twitter:data1\" content=\"1 minuto\" \/>\n<script type=\"application\/ld+json\" class=\"yoast-schema-graph\">{\"@context\":\"https:\/\/schema.org\",\"@graph\":[{\"@type\":\"WebPage\",\"@id\":\"https:\/\/bodega.canfeliu.es\/tienda\/producto\/binerbo-amphorae-2019\/\",\"url\":\"https:\/\/bodega.canfeliu.es\/tienda\/producto\/binerbo-amphorae-2019\/\",\"name\":\"Binerbo Amphorae 2019 - Bodega Can Feliu\",\"isPartOf\":{\"@id\":\"https:\/\/bodega.canfeliu.es\/tienda\/#website\"},\"primaryImageOfPage\":{\"@id\":\"https:\/\/bodega.canfeliu.es\/tienda\/producto\/binerbo-amphorae-2019\/#primaryimage\"},\"image\":{\"@id\":\"https:\/\/bodega.canfeliu.es\/tienda\/producto\/binerbo-amphorae-2019\/#primaryimage\"},\"thumbnailUrl\":\"https:\/\/bodega.canfeliu.es\/wp-content\/uploads\/bodega-can-feliu-binerbo-1-1-e1683800343274.jpg\",\"datePublished\":\"2023-02-01T10:48:59+00:00\",\"dateModified\":\"2024-10-31T13:41:35+00:00\",\"breadcrumb\":{\"@id\":\"https:\/\/bodega.canfeliu.es\/tienda\/producto\/binerbo-amphorae-2019\/#breadcrumb\"},\"inLanguage\":\"es\",\"potentialAction\":[{\"@type\":\"ReadAction\",\"target\":[\"https:\/\/bodega.canfeliu.es\/tienda\/producto\/binerbo-amphorae-2019\/\"]}]},{\"@type\":\"ImageObject\",\"inLanguage\":\"es\",\"@id\":\"https:\/\/bodega.canfeliu.es\/tienda\/producto\/binerbo-amphorae-2019\/#primaryimage\",\"url\":\"https:\/\/bodega.canfeliu.es\/wp-content\/uploads\/bodega-can-feliu-binerbo-1-1-e1683800343274.jpg\",\"contentUrl\":\"https:\/\/bodega.canfeliu.es\/wp-content\/uploads\/bodega-can-feliu-binerbo-1-1-e1683800343274.jpg\",\"width\":300,\"height\":600},{\"@type\":\"BreadcrumbList\",\"@id\":\"https:\/\/bodega.canfeliu.es\/tienda\/producto\/binerbo-amphorae-2019\/#breadcrumb\",\"itemListElement\":[{\"@type\":\"ListItem\",\"position\":1,\"name\":\"Home\",\"item\":\"https:\/\/bodega.canfeliu.es\/tienda\/\"},{\"@type\":\"ListItem\",\"position\":2,\"name\":\"Tienda\",\"item\":\"https:\/\/bodega.canfeliu.es\/tienda\/\"},{\"@type\":\"ListItem\",\"position\":3,\"name\":\"Binerbo Amphorae 2019\"}]},{\"@type\":\"WebSite\",\"@id\":\"https:\/\/bodega.canfeliu.es\/tienda\/#website\",\"url\":\"https:\/\/bodega.canfeliu.es\/tienda\/\",\"name\":\"Tienda Online - Bodega Can Feliu\",\"description\":\"Tienda de vinos de Can Feliu\",\"publisher\":{\"@id\":\"https:\/\/bodega.canfeliu.es\/tienda\/#organization\"},\"potentialAction\":[{\"@type\":\"SearchAction\",\"target\":{\"@type\":\"EntryPoint\",\"urlTemplate\":\"https:\/\/bodega.canfeliu.es\/tienda\/?s={search_term_string}\"},\"query-input\":{\"@type\":\"PropertyValueSpecification\",\"valueRequired\":true,\"valueName\":\"search_term_string\"}}],\"inLanguage\":\"es\"},{\"@type\":\"Organization\",\"@id\":\"https:\/\/bodega.canfeliu.es\/tienda\/#organization\",\"name\":\"Bodega Can Feliu\",\"url\":\"https:\/\/bodega.canfeliu.es\/tienda\/\",\"logo\":{\"@type\":\"ImageObject\",\"inLanguage\":\"es\",\"@id\":\"https:\/\/bodega.canfeliu.es\/tienda\/#\/schema\/logo\/image\/\",\"url\":\"https:\/\/bodega.canfeliu.es\/wp-content\/uploads\/CANFELIU.png\",\"contentUrl\":\"https:\/\/bodega.canfeliu.es\/wp-content\/uploads\/CANFELIU.png\",\"width\":971,\"height\":679,\"caption\":\"Bodega Can Feliu\"},\"image\":{\"@id\":\"https:\/\/bodega.canfeliu.es\/tienda\/#\/schema\/logo\/image\/\"},\"sameAs\":[\"https:\/\/www.facebook.com\/destileriasjordiperello\",\"https:\/\/x.com\/trescaires\",\"https:\/\/www.instagram.com\/3caires\/\",\"https:\/\/www.youtube.com\/channel\/UC6ap8Z44twW0MjR2lQ6WeEw\"]}]}<\/script>\n<!-- \/ Yoast SEO plugin. -->","yoast_head_json":{"title":"Binerbo Amphorae 2019 - Bodega Can Feliu","robots":{"index":"index","follow":"follow","max-snippet":"max-snippet:-1","max-image-preview":"max-image-preview:large","max-video-preview":"max-video-preview:-1"},"canonical":"https:\/\/bodega.canfeliu.es\/tienda\/producto\/binerbo-amphorae-2019\/","og_locale":"es_ES","og_type":"article","og_title":"Binerbo Amphorae 2019 - Bodega Can Feliu","og_description":"NOMBRE: Binerbo Amphorae 2019  ORIGEN: IGP Vi de la Terra de Mallorca.  TIPO DE VINO: Vino tinto tranquilo envejecido en tinajas de gres italiano.  VARIEDADES: Cabernet Sauvignon y Monastrell.  COSECHA: El 2019 fue un a\u00f1o seco y suave, perfecto para la maduraci\u00f3n y condiciones fitosanitarias de las bayas. El \u00a0\u00a0Monastrell y Cabernet Sauvignon se vendimiaron al final del mes de septiembre.   GRADUACI\u00d3N ALCOH\u00d3LICA: 14% vol.  PROCESO DE ELABORACI\u00d3N: Uvas seleccionadas y vendimiadas a mano en vi\u00f1edos situados en Porreres. \u00a0Se usaron m\u00e9todos tradicionales y biodin\u00e1micos bajo reglamentaci\u00f3n Demeter, con fermentaci\u00f3n espont\u00e1nea si adici\u00f3n de levadura. Se ha fermentado en dep\u00f3sito de acero inoxidable y se ha envejecido en tinajas de gres italiano durante 12 meses.   AN\u00c1LISIS SENSORIAL:  -Fase visual: Rojo teja con tonos viol\u00e1ceos. Intensidad muy alta. Capa ancha  -Fase olfativa: Boca fresca y golosa, ligero, de acidez y volumen muy bien integrado con un final largo y sorprendente.  - Fase gustativa: Boca fresca y golosa, ligero, de acidez y volumen muy bien integrado con un final largo y sorprendente.  TEMPERATURA DE SERVICIO: 15 \u2013 17 \u1d52 aproximadamente.  -MARIDAJE Y ARMON\u00cdA: Carnes de caza y aves, incluso pescado. Tambi\u00e9n pastas y arroces.","og_url":"https:\/\/bodega.canfeliu.es\/tienda\/producto\/binerbo-amphorae-2019\/","og_site_name":"Bodega Can Feliu","article_publisher":"https:\/\/www.facebook.com\/destileriasjordiperello","article_modified_time":"2024-10-31T13:41:35+00:00","og_image":[{"width":300,"height":600,"url":"https:\/\/bodega.canfeliu.es\/wp-content\/uploads\/bodega-can-feliu-binerbo-1-1-e1683800343274.jpg","type":"image\/jpeg"}],"twitter_card":"summary_large_image","twitter_site":"@trescaires","twitter_misc":{"Tiempo de lectura":"1 minuto"},"schema":{"@context":"https:\/\/schema.org","@graph":[{"@type":"WebPage","@id":"https:\/\/bodega.canfeliu.es\/tienda\/producto\/binerbo-amphorae-2019\/","url":"https:\/\/bodega.canfeliu.es\/tienda\/producto\/binerbo-amphorae-2019\/","name":"Binerbo Amphorae 2019 - Bodega Can Feliu","isPartOf":{"@id":"https:\/\/bodega.canfeliu.es\/tienda\/#website"},"primaryImageOfPage":{"@id":"https:\/\/bodega.canfeliu.es\/tienda\/producto\/binerbo-amphorae-2019\/#primaryimage"},"image":{"@id":"https:\/\/bodega.canfeliu.es\/tienda\/producto\/binerbo-amphorae-2019\/#primaryimage"},"thumbnailUrl":"https:\/\/bodega.canfeliu.es\/wp-content\/uploads\/bodega-can-feliu-binerbo-1-1-e1683800343274.jpg","datePublished":"2023-02-01T10:48:59+00:00","dateModified":"2024-10-31T13:41:35+00:00","breadcrumb":{"@id":"https:\/\/bodega.canfeliu.es\/tienda\/producto\/binerbo-amphorae-2019\/#breadcrumb"},"inLanguage":"es","potentialAction":[{"@type":"ReadAction","target":["https:\/\/bodega.canfeliu.es\/tienda\/producto\/binerbo-amphorae-2019\/"]}]},{"@type":"ImageObject","inLanguage":"es","@id":"https:\/\/bodega.canfeliu.es\/tienda\/producto\/binerbo-amphorae-2019\/#primaryimage","url":"https:\/\/bodega.canfeliu.es\/wp-content\/uploads\/bodega-can-feliu-binerbo-1-1-e1683800343274.jpg","contentUrl":"https:\/\/bodega.canfeliu.es\/wp-content\/uploads\/bodega-can-feliu-binerbo-1-1-e1683800343274.jpg","width":300,"height":600},{"@type":"BreadcrumbList","@id":"https:\/\/bodega.canfeliu.es\/tienda\/producto\/binerbo-amphorae-2019\/#breadcrumb","itemListElement":[{"@type":"ListItem","position":1,"name":"Home","item":"https:\/\/bodega.canfeliu.es\/tienda\/"},{"@type":"ListItem","position":2,"name":"Tienda","item":"https:\/\/bodega.canfeliu.es\/tienda\/"},{"@type":"ListItem","position":3,"name":"Binerbo Amphorae 2019"}]},{"@type":"WebSite","@id":"https:\/\/bodega.canfeliu.es\/tienda\/#website","url":"https:\/\/bodega.canfeliu.es\/tienda\/","name":"Tienda Online - Bodega Can Feliu","description":"Tienda de vinos de Can Feliu","publisher":{"@id":"https:\/\/bodega.canfeliu.es\/tienda\/#organization"},"potentialAction":[{"@type":"SearchAction","target":{"@type":"EntryPoint","urlTemplate":"https:\/\/bodega.canfeliu.es\/tienda\/?s={search_term_string}"},"query-input":{"@type":"PropertyValueSpecification","valueRequired":true,"valueName":"search_term_string"}}],"inLanguage":"es"},{"@type":"Organization","@id":"https:\/\/bodega.canfeliu.es\/tienda\/#organization","name":"Bodega Can Feliu","url":"https:\/\/bodega.canfeliu.es\/tienda\/","logo":{"@type":"ImageObject","inLanguage":"es","@id":"https:\/\/bodega.canfeliu.es\/tienda\/#\/schema\/logo\/image\/","url":"https:\/\/bodega.canfeliu.es\/wp-content\/uploads\/CANFELIU.png","contentUrl":"https:\/\/bodega.canfeliu.es\/wp-content\/uploads\/CANFELIU.png","width":971,"height":679,"caption":"Bodega Can Feliu"},"image":{"@id":"https:\/\/bodega.canfeliu.es\/tienda\/#\/schema\/logo\/image\/"},"sameAs":["https:\/\/www.facebook.com\/destileriasjordiperello","https:\/\/x.com\/trescaires","https:\/\/www.instagram.com\/3caires\/","https:\/\/www.youtube.com\/channel\/UC6ap8Z44twW0MjR2lQ6WeEw"]}]}},"_links":{"self":[{"href":"https:\/\/bodega.canfeliu.es\/tienda\/wp-json\/wp\/v2\/product\/35169","targetHints":{"allow":["GET"]}}],"collection":[{"href":"https:\/\/bodega.canfeliu.es\/tienda\/wp-json\/wp\/v2\/product"}],"about":[{"href":"https:\/\/bodega.canfeliu.es\/tienda\/wp-json\/wp\/v2\/types\/product"}],"replies":[{"embeddable":true,"href":"https:\/\/bodega.canfeliu.es\/tienda\/wp-json\/wp\/v2\/comments?post=35169"}],"version-history":[{"count":3,"href":"https:\/\/bodega.canfeliu.es\/tienda\/wp-json\/wp\/v2\/product\/35169\/revisions"}],"predecessor-version":[{"id":35332,"href":"https:\/\/bodega.canfeliu.es\/tienda\/wp-json\/wp\/v2\/product\/35169\/revisions\/35332"}],"wp:featuredmedia":[{"embeddable":true,"href":"https:\/\/bodega.canfeliu.es\/tienda\/wp-json\/wp\/v2\/media\/35172"}],"wp:attachment":[{"href":"https:\/\/bodega.canfeliu.es\/tienda\/wp-json\/wp\/v2\/media?parent=35169"}],"wp:term":[{"taxonomy":"product_cat","embeddable":true,"href":"https:\/\/bodega.canfeliu.es\/tienda\/wp-json\/wp\/v2\/product_cat?post=35169"},{"taxonomy":"product_tag","embeddable":true,"href":"https:\/\/bodega.canfeliu.es\/tienda\/wp-json\/wp\/v2\/product_tag?post=35169"}],"curies":[{"name":"wp","href":"https:\/\/api.w.org\/{rel}","templated":true}]}}